{"id":84710,"date":"2025-03-01T14:10:15","date_gmt":"2025-03-01T12:10:15","guid":{"rendered":"https:\/\/hannaorganic.md\/?post_type=product&#038;p=84710"},"modified":"2026-04-18T12:37:56","modified_gmt":"2026-04-18T10:37:56","slug":"handmade-soap-peony-in-love-mr-scrubber","status":"publish","type":"product","link":"https:\/\/hannaorganic.md\/ru\/produs\/handmade-soap-peony-in-love-mr-scrubber\/","title":{"rendered":"Handmade Soap Peony in Love Mr.SCRUBBER"},"content":{"rendered":"<p>Cum func\u021bioneaz\u0103 :<\/p>\n<p>\u2022 glicerina hidrateaza pielea, curata porii si accelereaza procesele de metabolism local, netezeste, aliniaza si catifeleaza organismul, confera elasticitate;<br \/>\n\u2022 baza de sapun natural fara SLS curata delicat si temeinic organismul, previne uscarea si etansarea, nu perturba echilibrul hidrolipidic al pielii;<br \/>\n\u2022 vitamina E \u00eentinere\u0219te \u0219i reface pielea, elimin\u0103 umflarea, ro\u0219ea\u021ba, erup\u021biile cutanate, vindec\u0103 irita\u021biile minore.<\/p>\n<p>Efect:<br \/>\n\u2022 piele bine \u00eengrijit\u0103, f\u0103r\u0103 usc\u0103ciune \u0219i str\u00e2ngere;<br \/>\n\u2022 hidratarea si mentinerea echilibrului hidric;<br \/>\n\u2022 eliminarea \u00eenro\u0219irii, erup\u021biilor cutanate.<\/p>\n<p>Compozi\u0163ie : Aqua, propilenglicol, stearat de sodiu, sorbitol, glicerina, coco-sulfat de sodiu, coco-glucozid, parfum, gliceril oleat, cocamidopropil betain\u0103, acid stearic, acid citric, tocoferol, gliceride de palmier hidrogenate, citrat de citronetil citronetil, alfa-izolil de sodiu, nnamal, Limonene, Linalool, CI 77891.<br \/>\nMod de utilizare : spuma si distribuie pe corp cu miscari de masaj. Se spal\u0103 cu ap\u0103.<br \/>\nContraindica\u021bii : sensibilitate individual\u0103 la componentele produsului.\u2029Evita\u021bi contactul cu ochii.\u2029\u00cen caz de contact cu ochii, sp\u0103la\u021bi imediat cu ap\u0103, dac\u0103 este necesar consulta\u021bi un medic.<br \/>\nGrame : 160<\/p>\n","protected":false},"excerpt":{"rendered":"<p>Sapunul natural Bujor indragostit are parfumul tau delicat preferat de bujori. Datorit\u0103 glicerinei \u0219i vitaminei E, s\u0103punul cur\u0103\u021b\u0103 delicat, hidrateaz\u0103 \u0219i catifeleaz\u0103 pielea. Creeaz\u0103 protec\u021bie suplimentar\u0103, amelioreaz\u0103 irita\u021bia, micile erup\u021bii cutanate.<\/p>\n","protected":false},"featured_media":84711,"template":"","meta":[],"product_brand":[],"product_cat":[241,96,242,92],"product_tag":[1893,243,575,620,959],"class_list":{"0":"post-84710","1":"product","2":"type-product","3":"status-publish","4":"has-post-thumbnail","6":"product_cat-hands","7":"product_cat-mrscrubber-md","8":"product_cat-soap","9":"product_cat-toate-produsele","10":"product_tag-handmade","11":"product_tag-hands","12":"product_tag-mr-scrubber","13":"product_tag-peony","14":"product_tag-soap","16":"first","17":"instock","18":"shipping-taxable","19":"purchasable","20":"product-type-simple"},"yoast_head":"<!-- This site is optimized with the Yoast SEO plugin v27.5 - https:\/\/yoast.com\/product\/yoast-seo-wordpress\/ -->\n<title>Handmade Soap Peony in Love Mr.SCRUBBER - HANNA ORGANIC<\/title>\n<meta name=\"robots\" content=\"index, follow, max-snippet:-1, max-image-preview:large, max-video-preview:-1\" \/>\n<link rel=\"canonical\" href=\"https:\/\/hannaorganic.md\/ru\/produs\/handmade-soap-peony-in-love-mr-scrubber\/\" \/>\n<meta property=\"og:locale\" content=\"ru_RU\" \/>\n<meta property=\"og:type\" content=\"article\" \/>\n<meta property=\"og:title\" content=\"Handmade Soap Peony in Love Mr.SCRUBBER - HANNA ORGANIC\" \/>\n<meta property=\"og:description\" content=\"Sapunul natural Bujor indragostit are parfumul tau delicat preferat de bujori. Datorit\u0103 glicerinei \u0219i vitaminei E, s\u0103punul cur\u0103\u021b\u0103 delicat, hidrateaz\u0103 \u0219i catifeleaz\u0103 pielea. Creeaz\u0103 protec\u021bie suplimentar\u0103, amelioreaz\u0103 irita\u021bia, micile erup\u021bii cutanate.\" \/>\n<meta property=\"og:url\" content=\"https:\/\/hannaorganic.md\/ru\/produs\/handmade-soap-peony-in-love-mr-scrubber\/\" \/>\n<meta property=\"og:site_name\" content=\"HANNA ORGANIC\" \/>\n<meta property=\"article:publisher\" content=\"https:\/\/www.facebook.com\/bluemagic.md\/\" \/>\n<meta property=\"article:modified_time\" content=\"2026-04-18T10:37:56+00:00\" \/>\n<meta property=\"og:image\" content=\"https:\/\/hannaorganic.md\/wp-content\/uploads\/2025\/03\/IMG_6851.jpeg\" \/>\n\t<meta property=\"og:image:width\" content=\"1179\" \/>\n\t<meta property=\"og:image:height\" content=\"1398\" \/>\n\t<meta property=\"og:image:type\" content=\"image\/jpeg\" \/>\n<meta name=\"twitter:card\" content=\"summary_large_image\" \/>\n<meta name=\"twitter:label1\" content=\"\u041f\u0440\u0438\u043c\u0435\u0440\u043d\u043e\u0435 \u0432\u0440\u0435\u043c\u044f \u0434\u043b\u044f \u0447\u0442\u0435\u043d\u0438\u044f\" \/>\n\t<meta name=\"twitter:data1\" content=\"2 \u043c\u0438\u043d\u0443\u0442\u044b\" \/>\n<script type=\"application\/ld+json\" class=\"yoast-schema-graph\">{\"@context\":\"https:\\\/\\\/schema.org\",\"@graph\":[{\"@type\":\"WebPage\",\"@id\":\"https:\\\/\\\/hannaorganic.md\\\/ru\\\/produs\\\/handmade-soap-peony-in-love-mr-scrubber\\\/\",\"url\":\"https:\\\/\\\/hannaorganic.md\\\/ru\\\/produs\\\/handmade-soap-peony-in-love-mr-scrubber\\\/\",\"name\":\"Handmade Soap Peony in Love Mr.SCRUBBER - HANNA ORGANIC\",\"isPartOf\":{\"@id\":\"https:\\\/\\\/hannaorganic.md\\\/ru\\\/#website\"},\"primaryImageOfPage\":{\"@id\":\"https:\\\/\\\/hannaorganic.md\\\/ru\\\/produs\\\/handmade-soap-peony-in-love-mr-scrubber\\\/#primaryimage\"},\"image\":{\"@id\":\"https:\\\/\\\/hannaorganic.md\\\/ru\\\/produs\\\/handmade-soap-peony-in-love-mr-scrubber\\\/#primaryimage\"},\"thumbnailUrl\":\"https:\\\/\\\/hannaorganic.md\\\/wp-content\\\/uploads\\\/2025\\\/03\\\/IMG_6851.jpeg\",\"datePublished\":\"2025-03-01T12:10:15+00:00\",\"dateModified\":\"2026-04-18T10:37:56+00:00\",\"breadcrumb\":{\"@id\":\"https:\\\/\\\/hannaorganic.md\\\/ru\\\/produs\\\/handmade-soap-peony-in-love-mr-scrubber\\\/#breadcrumb\"},\"inLanguage\":\"ru-RU\",\"potentialAction\":[{\"@type\":\"ReadAction\",\"target\":[\"https:\\\/\\\/hannaorganic.md\\\/ru\\\/produs\\\/handmade-soap-peony-in-love-mr-scrubber\\\/\"]}]},{\"@type\":\"ImageObject\",\"inLanguage\":\"ru-RU\",\"@id\":\"https:\\\/\\\/hannaorganic.md\\\/ru\\\/produs\\\/handmade-soap-peony-in-love-mr-scrubber\\\/#primaryimage\",\"url\":\"https:\\\/\\\/hannaorganic.md\\\/wp-content\\\/uploads\\\/2025\\\/03\\\/IMG_6851.jpeg\",\"contentUrl\":\"https:\\\/\\\/hannaorganic.md\\\/wp-content\\\/uploads\\\/2025\\\/03\\\/IMG_6851.jpeg\",\"width\":1179,\"height\":1398},{\"@type\":\"BreadcrumbList\",\"@id\":\"https:\\\/\\\/hannaorganic.md\\\/ru\\\/produs\\\/handmade-soap-peony-in-love-mr-scrubber\\\/#breadcrumb\",\"itemListElement\":[{\"@type\":\"ListItem\",\"position\":1,\"name\":\"Prima pagin\u0103\",\"item\":\"https:\\\/\\\/hannaorganic.md\\\/ru\\\/hanna-organic\\\/\"},{\"@type\":\"ListItem\",\"position\":2,\"name\":\"\u041c\u0430\u0433\u0430\u0437\u0438\u043d\",\"item\":\"https:\\\/\\\/hannaorganic.md\\\/ru\\\/shop\\\/\"},{\"@type\":\"ListItem\",\"position\":3,\"name\":\"Handmade Soap Peony in Love Mr.SCRUBBER\"}]},{\"@type\":\"WebSite\",\"@id\":\"https:\\\/\\\/hannaorganic.md\\\/ru\\\/#website\",\"url\":\"https:\\\/\\\/hannaorganic.md\\\/ru\\\/\",\"name\":\"HANNA ORGANIC\",\"description\":\"Multi-Brand Cosmetic Store\",\"potentialAction\":[{\"@type\":\"SearchAction\",\"target\":{\"@type\":\"EntryPoint\",\"urlTemplate\":\"https:\\\/\\\/hannaorganic.md\\\/ru\\\/?s={search_term_string}\"},\"query-input\":{\"@type\":\"PropertyValueSpecification\",\"valueRequired\":true,\"valueName\":\"search_term_string\"}}],\"inLanguage\":\"ru-RU\"}]}<\/script>\n<!-- \/ Yoast SEO plugin. -->","yoast_head_json":{"title":"Handmade Soap Peony in Love Mr.SCRUBBER - HANNA ORGANIC","robots":{"index":"index","follow":"follow","max-snippet":"max-snippet:-1","max-image-preview":"max-image-preview:large","max-video-preview":"max-video-preview:-1"},"canonical":"https:\/\/hannaorganic.md\/ru\/produs\/handmade-soap-peony-in-love-mr-scrubber\/","og_locale":"ru_RU","og_type":"article","og_title":"Handmade Soap Peony in Love Mr.SCRUBBER - HANNA ORGANIC","og_description":"Sapunul natural Bujor indragostit are parfumul tau delicat preferat de bujori. Datorit\u0103 glicerinei \u0219i vitaminei E, s\u0103punul cur\u0103\u021b\u0103 delicat, hidrateaz\u0103 \u0219i catifeleaz\u0103 pielea. Creeaz\u0103 protec\u021bie suplimentar\u0103, amelioreaz\u0103 irita\u021bia, micile erup\u021bii cutanate.","og_url":"https:\/\/hannaorganic.md\/ru\/produs\/handmade-soap-peony-in-love-mr-scrubber\/","og_site_name":"HANNA ORGANIC","article_publisher":"https:\/\/www.facebook.com\/bluemagic.md\/","article_modified_time":"2026-04-18T10:37:56+00:00","og_image":[{"width":1179,"height":1398,"url":"https:\/\/hannaorganic.md\/wp-content\/uploads\/2025\/03\/IMG_6851.jpeg","type":"image\/jpeg"}],"twitter_card":"summary_large_image","twitter_misc":{"\u041f\u0440\u0438\u043c\u0435\u0440\u043d\u043e\u0435 \u0432\u0440\u0435\u043c\u044f \u0434\u043b\u044f \u0447\u0442\u0435\u043d\u0438\u044f":"2 \u043c\u0438\u043d\u0443\u0442\u044b"},"schema":{"@context":"https:\/\/schema.org","@graph":[{"@type":"WebPage","@id":"https:\/\/hannaorganic.md\/ru\/produs\/handmade-soap-peony-in-love-mr-scrubber\/","url":"https:\/\/hannaorganic.md\/ru\/produs\/handmade-soap-peony-in-love-mr-scrubber\/","name":"Handmade Soap Peony in Love Mr.SCRUBBER - HANNA ORGANIC","isPartOf":{"@id":"https:\/\/hannaorganic.md\/ru\/#website"},"primaryImageOfPage":{"@id":"https:\/\/hannaorganic.md\/ru\/produs\/handmade-soap-peony-in-love-mr-scrubber\/#primaryimage"},"image":{"@id":"https:\/\/hannaorganic.md\/ru\/produs\/handmade-soap-peony-in-love-mr-scrubber\/#primaryimage"},"thumbnailUrl":"https:\/\/hannaorganic.md\/wp-content\/uploads\/2025\/03\/IMG_6851.jpeg","datePublished":"2025-03-01T12:10:15+00:00","dateModified":"2026-04-18T10:37:56+00:00","breadcrumb":{"@id":"https:\/\/hannaorganic.md\/ru\/produs\/handmade-soap-peony-in-love-mr-scrubber\/#breadcrumb"},"inLanguage":"ru-RU","potentialAction":[{"@type":"ReadAction","target":["https:\/\/hannaorganic.md\/ru\/produs\/handmade-soap-peony-in-love-mr-scrubber\/"]}]},{"@type":"ImageObject","inLanguage":"ru-RU","@id":"https:\/\/hannaorganic.md\/ru\/produs\/handmade-soap-peony-in-love-mr-scrubber\/#primaryimage","url":"https:\/\/hannaorganic.md\/wp-content\/uploads\/2025\/03\/IMG_6851.jpeg","contentUrl":"https:\/\/hannaorganic.md\/wp-content\/uploads\/2025\/03\/IMG_6851.jpeg","width":1179,"height":1398},{"@type":"BreadcrumbList","@id":"https:\/\/hannaorganic.md\/ru\/produs\/handmade-soap-peony-in-love-mr-scrubber\/#breadcrumb","itemListElement":[{"@type":"ListItem","position":1,"name":"Prima pagin\u0103","item":"https:\/\/hannaorganic.md\/ru\/hanna-organic\/"},{"@type":"ListItem","position":2,"name":"\u041c\u0430\u0433\u0430\u0437\u0438\u043d","item":"https:\/\/hannaorganic.md\/ru\/shop\/"},{"@type":"ListItem","position":3,"name":"Handmade Soap Peony in Love Mr.SCRUBBER"}]},{"@type":"WebSite","@id":"https:\/\/hannaorganic.md\/ru\/#website","url":"https:\/\/hannaorganic.md\/ru\/","name":"HANNA ORGANIC","description":"Multi-Brand Cosmetic Store","potentialAction":[{"@type":"SearchAction","target":{"@type":"EntryPoint","urlTemplate":"https:\/\/hannaorganic.md\/ru\/?s={search_term_string}"},"query-input":{"@type":"PropertyValueSpecification","valueRequired":true,"valueName":"search_term_string"}}],"inLanguage":"ru-RU"}]}},"_links":{"self":[{"href":"https:\/\/hannaorganic.md\/ru\/wp-json\/wp\/v2\/product\/84710","targetHints":{"allow":["GET"]}}],"collection":[{"href":"https:\/\/hannaorganic.md\/ru\/wp-json\/wp\/v2\/product"}],"about":[{"href":"https:\/\/hannaorganic.md\/ru\/wp-json\/wp\/v2\/types\/product"}],"wp:featuredmedia":[{"embeddable":true,"href":"https:\/\/hannaorganic.md\/ru\/wp-json\/wp\/v2\/media\/84711"}],"wp:attachment":[{"href":"https:\/\/hannaorganic.md\/ru\/wp-json\/wp\/v2\/media?parent=84710"}],"wp:term":[{"taxonomy":"product_brand","embeddable":true,"href":"https:\/\/hannaorganic.md\/ru\/wp-json\/wp\/v2\/product_brand?post=84710"},{"taxonomy":"product_cat","embeddable":true,"href":"https:\/\/hannaorganic.md\/ru\/wp-json\/wp\/v2\/product_cat?post=84710"},{"taxonomy":"product_tag","embeddable":true,"href":"https:\/\/hannaorganic.md\/ru\/wp-json\/wp\/v2\/product_tag?post=84710"}],"curies":[{"name":"wp","href":"https:\/\/api.w.org\/{rel}","templated":true}]}}