{"id":84780,"date":"2025-03-02T18:29:24","date_gmt":"2025-03-02T16:29:24","guid":{"rendered":"https:\/\/hannaorganic.md\/?post_type=product&#038;p=84780"},"modified":"2026-04-30T11:15:40","modified_gmt":"2026-04-30T09:15:40","slug":"magic-bath-powder-mango-jam-mr-scrubber","status":"publish","type":"product","link":"https:\/\/hannaorganic.md\/ru\/produs\/magic-bath-powder-mango-jam-mr-scrubber\/","title":{"rendered":"Magic Bath Powder Mango Jam Mr.SCRUBBER"},"content":{"rendered":"<p>Cum func\u021bioneaz\u0103 :<\/p>\n<p>\u2022 amidon de porumb \u2013 hipoalergenic, sigur pentru pielea copiilor, are efect catifelant \u0219i protector;<\/p>\n<p>\u2022 sarea dezinfecteaz\u0103 delicat \u0219i temeinic pielea, iar datorit\u0103 con\u021binutului ridicat de sodiu \u0219i calciu vindec\u0103 r\u0103nile minore;<\/p>\n<p>\u2022 acidul citric exfoliaza pielea, indeparteaza celulele moarte si favorizeaza regenerarea lor accelerata;<\/p>\n<p>\u2022 sifonul scade pH-ul apei.<\/p>\n<p>Efect :<\/p>\n<p>\u2022 efect wow de la utilizare;<\/p>\n<p>\u2022 \u00eenmuierea pielii;<\/p>\n<p>\u2022 previne uscarea pielii \u00een timpul sc\u0103ldatului.<\/p>\n<p>Compozi\u0163ie :\u00a0 Bicarbonat de sodiu, clorur\u0103 de sodiu, acid citric, amidon Zea Mays, silice, parfum, limonen.<\/p>\n<p>Mod de utilizare :\u00a0 Se dizolv\u0103 o cantitate mic\u0103 de pulbere \u00eentr-o baie cu ap\u0103 cald\u0103. AVERTIZARE! Con\u021bine pigmen\u021bi. Poate p\u0103ta suprafe\u021bele. Numai pentru uz extern. Potrivit pentru copii de la 3 ani \u00een sus.<\/p>\n<p>Contraindica\u021bii : sensibilitate individual\u0103 la componentele produsului. Evita\u021bi contactul cu ochii. Dac\u0103 intr\u0103 \u00een ochi, cl\u0103ti\u021bi imediat cu ap\u0103 \u0219i consulta\u021bi un medic dac\u0103 este necesar.<\/p>\n<p>Grame : 250<\/p>\n","protected":false},"excerpt":{"rendered":"<p>Pudra de baie cu maimu\u021b\u0103 are o compozi\u021bie delicat\u0103 \u0219i sigur\u0103, a\u0219a c\u0103 este potrivit\u0103 copiilor de la 3 ani. Are o arom\u0103 delicat\u0103, catifeleaz\u0103 pielea \u0219i coloreaz\u0103 u\u0219or apa. Pudra va transforma sc\u0103ldarea copilului \u00eentr-o mic\u0103 s\u0103rb\u0103toare sau \u00eentr-un ritual pl\u0103cut de sear\u0103 \u00eenainte de culcare.<\/p>\n","protected":false},"featured_media":84783,"template":"","meta":[],"product_brand":[],"product_cat":[209,244,2155,96,92],"product_tag":[1905,628,1625,633,1209,575,1363,1908],"class_list":{"0":"post-84780","1":"product","2":"type-product","3":"status-publish","4":"has-post-thumbnail","6":"product_cat-bath","7":"product_cat-bath-powder","8":"product_cat-kids","9":"product_cat-mrscrubber-md","10":"product_cat-toate-produsele","11":"product_tag-baie","12":"product_tag-bath","13":"product_tag-cada","14":"product_tag-kids","15":"product_tag-mango","16":"product_tag-mr-scrubber","17":"product_tag-powder","18":"product_tag-pudra","20":"first","21":"instock","22":"shipping-taxable","23":"purchasable","24":"product-type-simple"},"yoast_head":"<!-- This site is optimized with the Yoast SEO plugin v27.5 - https:\/\/yoast.com\/product\/yoast-seo-wordpress\/ -->\n<title>Magic Bath Powder Mango Jam Mr.SCRUBBER - HANNA ORGANIC<\/title>\n<meta name=\"robots\" content=\"index, follow, max-snippet:-1, max-image-preview:large, max-video-preview:-1\" \/>\n<link rel=\"canonical\" href=\"https:\/\/hannaorganic.md\/ru\/produs\/magic-bath-powder-mango-jam-mr-scrubber\/\" \/>\n<meta property=\"og:locale\" content=\"ru_RU\" \/>\n<meta property=\"og:type\" content=\"article\" \/>\n<meta property=\"og:title\" content=\"Magic Bath Powder Mango Jam Mr.SCRUBBER - HANNA ORGANIC\" \/>\n<meta property=\"og:description\" content=\"Pudra de baie cu maimu\u021b\u0103 are o compozi\u021bie delicat\u0103 \u0219i sigur\u0103, a\u0219a c\u0103 este potrivit\u0103 copiilor de la 3 ani. Are o arom\u0103 delicat\u0103, catifeleaz\u0103 pielea \u0219i coloreaz\u0103 u\u0219or apa. Pudra va transforma sc\u0103ldarea copilului \u00eentr-o mic\u0103 s\u0103rb\u0103toare sau \u00eentr-un ritual pl\u0103cut de sear\u0103 \u00eenainte de culcare.\" \/>\n<meta property=\"og:url\" content=\"https:\/\/hannaorganic.md\/ru\/produs\/magic-bath-powder-mango-jam-mr-scrubber\/\" \/>\n<meta property=\"og:site_name\" content=\"HANNA ORGANIC\" \/>\n<meta property=\"article:publisher\" content=\"https:\/\/www.facebook.com\/bluemagic.md\/\" \/>\n<meta property=\"article:modified_time\" content=\"2026-04-30T09:15:40+00:00\" \/>\n<meta property=\"og:image\" content=\"https:\/\/hannaorganic.md\/wp-content\/uploads\/2025\/03\/IMG_6970.jpeg\" \/>\n\t<meta property=\"og:image:width\" content=\"1179\" \/>\n\t<meta property=\"og:image:height\" content=\"1476\" \/>\n\t<meta property=\"og:image:type\" content=\"image\/jpeg\" \/>\n<meta name=\"twitter:card\" content=\"summary_large_image\" \/>\n<meta name=\"twitter:label1\" content=\"\u041f\u0440\u0438\u043c\u0435\u0440\u043d\u043e\u0435 \u0432\u0440\u0435\u043c\u044f \u0434\u043b\u044f \u0447\u0442\u0435\u043d\u0438\u044f\" \/>\n\t<meta name=\"twitter:data1\" content=\"1 \u043c\u0438\u043d\u0443\u0442\u0430\" \/>\n<script type=\"application\/ld+json\" class=\"yoast-schema-graph\">{\"@context\":\"https:\\\/\\\/schema.org\",\"@graph\":[{\"@type\":\"WebPage\",\"@id\":\"https:\\\/\\\/hannaorganic.md\\\/ru\\\/produs\\\/magic-bath-powder-mango-jam-mr-scrubber\\\/\",\"url\":\"https:\\\/\\\/hannaorganic.md\\\/ru\\\/produs\\\/magic-bath-powder-mango-jam-mr-scrubber\\\/\",\"name\":\"Magic Bath Powder Mango Jam Mr.SCRUBBER - HANNA ORGANIC\",\"isPartOf\":{\"@id\":\"https:\\\/\\\/hannaorganic.md\\\/ru\\\/#website\"},\"primaryImageOfPage\":{\"@id\":\"https:\\\/\\\/hannaorganic.md\\\/ru\\\/produs\\\/magic-bath-powder-mango-jam-mr-scrubber\\\/#primaryimage\"},\"image\":{\"@id\":\"https:\\\/\\\/hannaorganic.md\\\/ru\\\/produs\\\/magic-bath-powder-mango-jam-mr-scrubber\\\/#primaryimage\"},\"thumbnailUrl\":\"https:\\\/\\\/hannaorganic.md\\\/wp-content\\\/uploads\\\/2025\\\/03\\\/IMG_6970.jpeg\",\"datePublished\":\"2025-03-02T16:29:24+00:00\",\"dateModified\":\"2026-04-30T09:15:40+00:00\",\"breadcrumb\":{\"@id\":\"https:\\\/\\\/hannaorganic.md\\\/ru\\\/produs\\\/magic-bath-powder-mango-jam-mr-scrubber\\\/#breadcrumb\"},\"inLanguage\":\"ru-RU\",\"potentialAction\":[{\"@type\":\"ReadAction\",\"target\":[\"https:\\\/\\\/hannaorganic.md\\\/ru\\\/produs\\\/magic-bath-powder-mango-jam-mr-scrubber\\\/\"]}]},{\"@type\":\"ImageObject\",\"inLanguage\":\"ru-RU\",\"@id\":\"https:\\\/\\\/hannaorganic.md\\\/ru\\\/produs\\\/magic-bath-powder-mango-jam-mr-scrubber\\\/#primaryimage\",\"url\":\"https:\\\/\\\/hannaorganic.md\\\/wp-content\\\/uploads\\\/2025\\\/03\\\/IMG_6970.jpeg\",\"contentUrl\":\"https:\\\/\\\/hannaorganic.md\\\/wp-content\\\/uploads\\\/2025\\\/03\\\/IMG_6970.jpeg\",\"width\":1179,\"height\":1476},{\"@type\":\"BreadcrumbList\",\"@id\":\"https:\\\/\\\/hannaorganic.md\\\/ru\\\/produs\\\/magic-bath-powder-mango-jam-mr-scrubber\\\/#breadcrumb\",\"itemListElement\":[{\"@type\":\"ListItem\",\"position\":1,\"name\":\"Prima pagin\u0103\",\"item\":\"https:\\\/\\\/hannaorganic.md\\\/ru\\\/hanna-organic\\\/\"},{\"@type\":\"ListItem\",\"position\":2,\"name\":\"\u041c\u0430\u0433\u0430\u0437\u0438\u043d\",\"item\":\"https:\\\/\\\/hannaorganic.md\\\/ru\\\/shop\\\/\"},{\"@type\":\"ListItem\",\"position\":3,\"name\":\"Magic Bath Powder Mango Jam Mr.SCRUBBER\"}]},{\"@type\":\"WebSite\",\"@id\":\"https:\\\/\\\/hannaorganic.md\\\/ru\\\/#website\",\"url\":\"https:\\\/\\\/hannaorganic.md\\\/ru\\\/\",\"name\":\"HANNA ORGANIC\",\"description\":\"Multi-Brand Cosmetic Store\",\"potentialAction\":[{\"@type\":\"SearchAction\",\"target\":{\"@type\":\"EntryPoint\",\"urlTemplate\":\"https:\\\/\\\/hannaorganic.md\\\/ru\\\/?s={search_term_string}\"},\"query-input\":{\"@type\":\"PropertyValueSpecification\",\"valueRequired\":true,\"valueName\":\"search_term_string\"}}],\"inLanguage\":\"ru-RU\"}]}<\/script>\n<!-- \/ Yoast SEO plugin. -->","yoast_head_json":{"title":"Magic Bath Powder Mango Jam Mr.SCRUBBER - HANNA ORGANIC","robots":{"index":"index","follow":"follow","max-snippet":"max-snippet:-1","max-image-preview":"max-image-preview:large","max-video-preview":"max-video-preview:-1"},"canonical":"https:\/\/hannaorganic.md\/ru\/produs\/magic-bath-powder-mango-jam-mr-scrubber\/","og_locale":"ru_RU","og_type":"article","og_title":"Magic Bath Powder Mango Jam Mr.SCRUBBER - HANNA ORGANIC","og_description":"Pudra de baie cu maimu\u021b\u0103 are o compozi\u021bie delicat\u0103 \u0219i sigur\u0103, a\u0219a c\u0103 este potrivit\u0103 copiilor de la 3 ani. Are o arom\u0103 delicat\u0103, catifeleaz\u0103 pielea \u0219i coloreaz\u0103 u\u0219or apa. Pudra va transforma sc\u0103ldarea copilului \u00eentr-o mic\u0103 s\u0103rb\u0103toare sau \u00eentr-un ritual pl\u0103cut de sear\u0103 \u00eenainte de culcare.","og_url":"https:\/\/hannaorganic.md\/ru\/produs\/magic-bath-powder-mango-jam-mr-scrubber\/","og_site_name":"HANNA ORGANIC","article_publisher":"https:\/\/www.facebook.com\/bluemagic.md\/","article_modified_time":"2026-04-30T09:15:40+00:00","og_image":[{"width":1179,"height":1476,"url":"https:\/\/hannaorganic.md\/wp-content\/uploads\/2025\/03\/IMG_6970.jpeg","type":"image\/jpeg"}],"twitter_card":"summary_large_image","twitter_misc":{"\u041f\u0440\u0438\u043c\u0435\u0440\u043d\u043e\u0435 \u0432\u0440\u0435\u043c\u044f \u0434\u043b\u044f \u0447\u0442\u0435\u043d\u0438\u044f":"1 \u043c\u0438\u043d\u0443\u0442\u0430"},"schema":{"@context":"https:\/\/schema.org","@graph":[{"@type":"WebPage","@id":"https:\/\/hannaorganic.md\/ru\/produs\/magic-bath-powder-mango-jam-mr-scrubber\/","url":"https:\/\/hannaorganic.md\/ru\/produs\/magic-bath-powder-mango-jam-mr-scrubber\/","name":"Magic Bath Powder Mango Jam Mr.SCRUBBER - HANNA ORGANIC","isPartOf":{"@id":"https:\/\/hannaorganic.md\/ru\/#website"},"primaryImageOfPage":{"@id":"https:\/\/hannaorganic.md\/ru\/produs\/magic-bath-powder-mango-jam-mr-scrubber\/#primaryimage"},"image":{"@id":"https:\/\/hannaorganic.md\/ru\/produs\/magic-bath-powder-mango-jam-mr-scrubber\/#primaryimage"},"thumbnailUrl":"https:\/\/hannaorganic.md\/wp-content\/uploads\/2025\/03\/IMG_6970.jpeg","datePublished":"2025-03-02T16:29:24+00:00","dateModified":"2026-04-30T09:15:40+00:00","breadcrumb":{"@id":"https:\/\/hannaorganic.md\/ru\/produs\/magic-bath-powder-mango-jam-mr-scrubber\/#breadcrumb"},"inLanguage":"ru-RU","potentialAction":[{"@type":"ReadAction","target":["https:\/\/hannaorganic.md\/ru\/produs\/magic-bath-powder-mango-jam-mr-scrubber\/"]}]},{"@type":"ImageObject","inLanguage":"ru-RU","@id":"https:\/\/hannaorganic.md\/ru\/produs\/magic-bath-powder-mango-jam-mr-scrubber\/#primaryimage","url":"https:\/\/hannaorganic.md\/wp-content\/uploads\/2025\/03\/IMG_6970.jpeg","contentUrl":"https:\/\/hannaorganic.md\/wp-content\/uploads\/2025\/03\/IMG_6970.jpeg","width":1179,"height":1476},{"@type":"BreadcrumbList","@id":"https:\/\/hannaorganic.md\/ru\/produs\/magic-bath-powder-mango-jam-mr-scrubber\/#breadcrumb","itemListElement":[{"@type":"ListItem","position":1,"name":"Prima pagin\u0103","item":"https:\/\/hannaorganic.md\/ru\/hanna-organic\/"},{"@type":"ListItem","position":2,"name":"\u041c\u0430\u0433\u0430\u0437\u0438\u043d","item":"https:\/\/hannaorganic.md\/ru\/shop\/"},{"@type":"ListItem","position":3,"name":"Magic Bath Powder Mango Jam Mr.SCRUBBER"}]},{"@type":"WebSite","@id":"https:\/\/hannaorganic.md\/ru\/#website","url":"https:\/\/hannaorganic.md\/ru\/","name":"HANNA ORGANIC","description":"Multi-Brand Cosmetic Store","potentialAction":[{"@type":"SearchAction","target":{"@type":"EntryPoint","urlTemplate":"https:\/\/hannaorganic.md\/ru\/?s={search_term_string}"},"query-input":{"@type":"PropertyValueSpecification","valueRequired":true,"valueName":"search_term_string"}}],"inLanguage":"ru-RU"}]}},"_links":{"self":[{"href":"https:\/\/hannaorganic.md\/ru\/wp-json\/wp\/v2\/product\/84780","targetHints":{"allow":["GET"]}}],"collection":[{"href":"https:\/\/hannaorganic.md\/ru\/wp-json\/wp\/v2\/product"}],"about":[{"href":"https:\/\/hannaorganic.md\/ru\/wp-json\/wp\/v2\/types\/product"}],"wp:featuredmedia":[{"embeddable":true,"href":"https:\/\/hannaorganic.md\/ru\/wp-json\/wp\/v2\/media\/84783"}],"wp:attachment":[{"href":"https:\/\/hannaorganic.md\/ru\/wp-json\/wp\/v2\/media?parent=84780"}],"wp:term":[{"taxonomy":"product_brand","embeddable":true,"href":"https:\/\/hannaorganic.md\/ru\/wp-json\/wp\/v2\/product_brand?post=84780"},{"taxonomy":"product_cat","embeddable":true,"href":"https:\/\/hannaorganic.md\/ru\/wp-json\/wp\/v2\/product_cat?post=84780"},{"taxonomy":"product_tag","embeddable":true,"href":"https:\/\/hannaorganic.md\/ru\/wp-json\/wp\/v2\/product_tag?post=84780"}],"curies":[{"name":"wp","href":"https:\/\/api.w.org\/{rel}","templated":true}]}}