{"id":84813,"date":"2025-03-07T11:15:22","date_gmt":"2025-03-07T09:15:22","guid":{"rendered":"https:\/\/hannaorganic.md\/?post_type=product&#038;p=84813"},"modified":"2026-04-18T12:34:37","modified_gmt":"2026-04-18T10:34:37","slug":"bio-marine-collagen-lifting-face-serum-mr-scrubber","status":"publish","type":"product","link":"https:\/\/hannaorganic.md\/ru\/produs\/bio-marine-collagen-lifting-face-serum-mr-scrubber\/","title":{"rendered":"Bio Marine Collagen Lifting Face Serum Mr.SCRUBBER"},"content":{"rendered":"<p>Cum func\u021bioneaz\u0103 :<br \/>\n\u2022 akvaxyl restabile\u0219te echilibrul hidric al pielii, elimin\u0103 irita\u021bia \u0219i exfolierea \u0219i cre\u0219te cantitatea de umiditate din straturile profunde ale epidermei;<br \/>\n\u2022 apa celulara intareste bariera pielii, ofera hidratare profunda, un aspect proaspat si culoare imbunatatita;<br \/>\n\u2022 colagenul marin compenseaz\u0103 lipsa de proteine \u200b\u200bdin epiderm\u0103, f\u0103c\u00e2nd pielea proasp\u0103t\u0103 \u0219i elastic\u0103;<br \/>\n\u2022 glicerina hidrateaz\u0103 pielea \u0219i spore\u0219te efectul altor ingrediente;<br \/>\n\u2022 hidrolizatul de proteine \u200b\u200bdin lapte accelereaz\u0103 re\u00eennoirea pielii, are un efect antioxidant puternic \u0219i stimuleaz\u0103 sinteza colagenului datorit\u0103 con\u021binutului de factori de cre\u0219tere care accelereaz\u0103 diviziunea celular\u0103;<br \/>\n\u2022 extract de pelin calmeaz\u0103, elimin\u0103 ro\u0219ea\u021ba \u0219i inflama\u021bia, \u00eengusteaz\u0103 porii, hidrateaz\u0103 \u0219i hr\u0103ne\u0219te;<br \/>\n\u2022 extract de soricel tonific\u0103, \u00eemprosp\u0103teaz\u0103 \u0219i reface epiderma;<br \/>\n\u2022 extractul de coada-calului uniformizeaz\u0103 pielea, elimin\u0103 umflarea \u0219i nu las\u0103 str\u0103lucire gras\u0103;<br \/>\n\u2022 Extractul de sunatoare are efecte antiseptice si antiinflamatorii, reduce vizibilitatea porilor si accelereaza vindecarea microleciilor;<br \/>\n\u2022 extractul de ceai verde calmeaza, reface, intareste proprietatile protectoare ale pielii, ii pastreaza prospetimea si tineretea;<br \/>\n\u2022 extractul de portocale elimin\u0103 umflarea, neutralizeaz\u0103 efectele radicalilor liberi;<br \/>\n\u2022 extractul de coada-calului reduce numarul si densitatea eruptiilor si are efect calmant.<\/p>\n<p>Efect :<br \/>\n\u2022 cresterea nivelului de hidratare a pielii;<br \/>\n\u2022 fermitate si elasticitate crescuta;<br \/>\n\u2022 efect de lifting vizibil.<\/p>\n<p>Compozi\u0163ie :\u00a0 Aqua (ap\u0103), capryl-caprilat\/caprat, coco-caprilat, zaharoz\u0103 stearat, xilitilglucozid\u0103, anhidroxilitol, xilitol, alcan C13-15, poligliceril-6 oleat, poliacriloildimetil taurat de sodiu, extract de spirulina platensis, hidroliz\u0103, difenoxilina, cloroliz\u0103, clorhidrat EDTA, protein\u0103 din lapte hidrolizat, extract de artemisia absinthium, extract de Achillea Millefolium, extract de Equisetum Arvense, extract de Hypericum Perforatum, extract de Camellia Sinensis, extract de fructe de Citrus Sinensis, extract tripartit Bidens, acetat de tocoferil, etilglicetglicerthanol.<\/p>\n<p>Mod de utilizare :\u00a0 Aplicati cateva picaturi de ser pe pielea curatata a fetei dimineata si seara, evitand zona ochilor. Serul nu necesit\u0103 aplicare suplimentar\u0103 de crem\u0103. Pentru a ob\u021bine un efect maxim, v\u0103 recomand\u0103m s\u0103 utiliza\u021bi complexul Bio Marine Collagen.<\/p>\n<p>Contraindica\u021bii : sensibilitate individual\u0103 la componentele produsului. Evita\u021bi contactul cu ochii. \u00cen caz de contact cu ochii, cl\u0103ti\u021bi imediat cu ap\u0103 \u0219i consulta\u021bi un medic dac\u0103 este necesar.<\/p>\n<p>mililitri : 30<\/p>\n","protected":false},"excerpt":{"rendered":"<p>Serul de lifting Bio Marine Collagen cu colagen \u0219i ap\u0103 celular\u0103 satureaz\u0103 pielea cu umiditate, elimin\u0103 tocitatea, letargia \u0219i reduce aspectul pigment\u0103rii \u0219i ridurilor. Apa celular\u0103 neutralizeaz\u0103 efectele radicalilor liberi, \u00eembun\u0103t\u0103\u021be\u0219te imunitatea celular\u0103 \u0219i \u00eent\u0103re\u0219te mecanismele de ap\u0103rare \u0219i sus\u021bine microbiomul pielii. Colagenul compenseaz\u0103 deficien\u021ba de proteine, f\u0103c\u00e2nd pielea proasp\u0103t\u0103 \u0219i delicat\u0103.<\/p>\n","protected":false},"featured_media":84814,"template":"","meta":[],"product_brand":[],"product_cat":[100,96,109,92],"product_tag":[1915,1293,955,575,990],"class_list":{"0":"post-84813","1":"product","2":"type-product","3":"status-publish","4":"has-post-thumbnail","6":"product_cat-fata","7":"product_cat-mrscrubber-md","8":"product_cat-serum","9":"product_cat-toate-produsele","10":"product_tag-bio-marine","11":"product_tag-face","12":"product_tag-lifting","13":"product_tag-mr-scrubber","14":"product_tag-serum","16":"first","17":"instock","18":"shipping-taxable","19":"purchasable","20":"product-type-simple"},"yoast_head":"<!-- This site is optimized with the Yoast SEO plugin v27.5 - https:\/\/yoast.com\/product\/yoast-seo-wordpress\/ -->\n<title>Bio Marine Collagen Lifting Face Serum Mr.SCRUBBER - HANNA ORGANIC<\/title>\n<meta name=\"robots\" content=\"index, follow, max-snippet:-1, max-image-preview:large, max-video-preview:-1\" \/>\n<link rel=\"canonical\" href=\"https:\/\/hannaorganic.md\/ru\/produs\/bio-marine-collagen-lifting-face-serum-mr-scrubber\/\" \/>\n<meta property=\"og:locale\" content=\"ru_RU\" \/>\n<meta property=\"og:type\" content=\"article\" \/>\n<meta property=\"og:title\" content=\"Bio Marine Collagen Lifting Face Serum Mr.SCRUBBER - HANNA ORGANIC\" \/>\n<meta property=\"og:description\" content=\"Serul de lifting Bio Marine Collagen cu colagen \u0219i ap\u0103 celular\u0103 satureaz\u0103 pielea cu umiditate, elimin\u0103 tocitatea, letargia \u0219i reduce aspectul pigment\u0103rii \u0219i ridurilor. Apa celular\u0103 neutralizeaz\u0103 efectele radicalilor liberi, \u00eembun\u0103t\u0103\u021be\u0219te imunitatea celular\u0103 \u0219i \u00eent\u0103re\u0219te mecanismele de ap\u0103rare \u0219i sus\u021bine microbiomul pielii. Colagenul compenseaz\u0103 deficien\u021ba de proteine, f\u0103c\u00e2nd pielea proasp\u0103t\u0103 \u0219i delicat\u0103.\" \/>\n<meta property=\"og:url\" content=\"https:\/\/hannaorganic.md\/ru\/produs\/bio-marine-collagen-lifting-face-serum-mr-scrubber\/\" \/>\n<meta property=\"og:site_name\" content=\"HANNA ORGANIC\" \/>\n<meta property=\"article:publisher\" content=\"https:\/\/www.facebook.com\/bluemagic.md\/\" \/>\n<meta property=\"article:modified_time\" content=\"2026-04-18T10:34:37+00:00\" \/>\n<meta property=\"og:image\" content=\"https:\/\/hannaorganic.md\/wp-content\/uploads\/2025\/03\/IMG_7130.jpeg\" \/>\n\t<meta property=\"og:image:width\" content=\"1178\" \/>\n\t<meta property=\"og:image:height\" content=\"1206\" \/>\n\t<meta property=\"og:image:type\" content=\"image\/jpeg\" \/>\n<meta name=\"twitter:card\" content=\"summary_large_image\" \/>\n<meta name=\"twitter:label1\" content=\"\u041f\u0440\u0438\u043c\u0435\u0440\u043d\u043e\u0435 \u0432\u0440\u0435\u043c\u044f \u0434\u043b\u044f \u0447\u0442\u0435\u043d\u0438\u044f\" \/>\n\t<meta name=\"twitter:data1\" content=\"3 \u043c\u0438\u043d\u0443\u0442\u044b\" \/>\n<script type=\"application\/ld+json\" class=\"yoast-schema-graph\">{\"@context\":\"https:\\\/\\\/schema.org\",\"@graph\":[{\"@type\":\"WebPage\",\"@id\":\"https:\\\/\\\/hannaorganic.md\\\/ru\\\/produs\\\/bio-marine-collagen-lifting-face-serum-mr-scrubber\\\/\",\"url\":\"https:\\\/\\\/hannaorganic.md\\\/ru\\\/produs\\\/bio-marine-collagen-lifting-face-serum-mr-scrubber\\\/\",\"name\":\"Bio Marine Collagen Lifting Face Serum Mr.SCRUBBER - HANNA ORGANIC\",\"isPartOf\":{\"@id\":\"https:\\\/\\\/hannaorganic.md\\\/ru\\\/#website\"},\"primaryImageOfPage\":{\"@id\":\"https:\\\/\\\/hannaorganic.md\\\/ru\\\/produs\\\/bio-marine-collagen-lifting-face-serum-mr-scrubber\\\/#primaryimage\"},\"image\":{\"@id\":\"https:\\\/\\\/hannaorganic.md\\\/ru\\\/produs\\\/bio-marine-collagen-lifting-face-serum-mr-scrubber\\\/#primaryimage\"},\"thumbnailUrl\":\"https:\\\/\\\/hannaorganic.md\\\/wp-content\\\/uploads\\\/2025\\\/03\\\/IMG_7130.jpeg\",\"datePublished\":\"2025-03-07T09:15:22+00:00\",\"dateModified\":\"2026-04-18T10:34:37+00:00\",\"breadcrumb\":{\"@id\":\"https:\\\/\\\/hannaorganic.md\\\/ru\\\/produs\\\/bio-marine-collagen-lifting-face-serum-mr-scrubber\\\/#breadcrumb\"},\"inLanguage\":\"ru-RU\",\"potentialAction\":[{\"@type\":\"ReadAction\",\"target\":[\"https:\\\/\\\/hannaorganic.md\\\/ru\\\/produs\\\/bio-marine-collagen-lifting-face-serum-mr-scrubber\\\/\"]}]},{\"@type\":\"ImageObject\",\"inLanguage\":\"ru-RU\",\"@id\":\"https:\\\/\\\/hannaorganic.md\\\/ru\\\/produs\\\/bio-marine-collagen-lifting-face-serum-mr-scrubber\\\/#primaryimage\",\"url\":\"https:\\\/\\\/hannaorganic.md\\\/wp-content\\\/uploads\\\/2025\\\/03\\\/IMG_7130.jpeg\",\"contentUrl\":\"https:\\\/\\\/hannaorganic.md\\\/wp-content\\\/uploads\\\/2025\\\/03\\\/IMG_7130.jpeg\",\"width\":1178,\"height\":1206},{\"@type\":\"BreadcrumbList\",\"@id\":\"https:\\\/\\\/hannaorganic.md\\\/ru\\\/produs\\\/bio-marine-collagen-lifting-face-serum-mr-scrubber\\\/#breadcrumb\",\"itemListElement\":[{\"@type\":\"ListItem\",\"position\":1,\"name\":\"Prima pagin\u0103\",\"item\":\"https:\\\/\\\/hannaorganic.md\\\/ru\\\/hanna-organic\\\/\"},{\"@type\":\"ListItem\",\"position\":2,\"name\":\"\u041c\u0430\u0433\u0430\u0437\u0438\u043d\",\"item\":\"https:\\\/\\\/hannaorganic.md\\\/ru\\\/shop\\\/\"},{\"@type\":\"ListItem\",\"position\":3,\"name\":\"Bio Marine Collagen Lifting Face Serum Mr.SCRUBBER\"}]},{\"@type\":\"WebSite\",\"@id\":\"https:\\\/\\\/hannaorganic.md\\\/ru\\\/#website\",\"url\":\"https:\\\/\\\/hannaorganic.md\\\/ru\\\/\",\"name\":\"HANNA ORGANIC\",\"description\":\"Multi-Brand Cosmetic Store\",\"potentialAction\":[{\"@type\":\"SearchAction\",\"target\":{\"@type\":\"EntryPoint\",\"urlTemplate\":\"https:\\\/\\\/hannaorganic.md\\\/ru\\\/?s={search_term_string}\"},\"query-input\":{\"@type\":\"PropertyValueSpecification\",\"valueRequired\":true,\"valueName\":\"search_term_string\"}}],\"inLanguage\":\"ru-RU\"}]}<\/script>\n<!-- \/ Yoast SEO plugin. -->","yoast_head_json":{"title":"Bio Marine Collagen Lifting Face Serum Mr.SCRUBBER - HANNA ORGANIC","robots":{"index":"index","follow":"follow","max-snippet":"max-snippet:-1","max-image-preview":"max-image-preview:large","max-video-preview":"max-video-preview:-1"},"canonical":"https:\/\/hannaorganic.md\/ru\/produs\/bio-marine-collagen-lifting-face-serum-mr-scrubber\/","og_locale":"ru_RU","og_type":"article","og_title":"Bio Marine Collagen Lifting Face Serum Mr.SCRUBBER - HANNA ORGANIC","og_description":"Serul de lifting Bio Marine Collagen cu colagen \u0219i ap\u0103 celular\u0103 satureaz\u0103 pielea cu umiditate, elimin\u0103 tocitatea, letargia \u0219i reduce aspectul pigment\u0103rii \u0219i ridurilor. Apa celular\u0103 neutralizeaz\u0103 efectele radicalilor liberi, \u00eembun\u0103t\u0103\u021be\u0219te imunitatea celular\u0103 \u0219i \u00eent\u0103re\u0219te mecanismele de ap\u0103rare \u0219i sus\u021bine microbiomul pielii. Colagenul compenseaz\u0103 deficien\u021ba de proteine, f\u0103c\u00e2nd pielea proasp\u0103t\u0103 \u0219i delicat\u0103.","og_url":"https:\/\/hannaorganic.md\/ru\/produs\/bio-marine-collagen-lifting-face-serum-mr-scrubber\/","og_site_name":"HANNA ORGANIC","article_publisher":"https:\/\/www.facebook.com\/bluemagic.md\/","article_modified_time":"2026-04-18T10:34:37+00:00","og_image":[{"width":1178,"height":1206,"url":"https:\/\/hannaorganic.md\/wp-content\/uploads\/2025\/03\/IMG_7130.jpeg","type":"image\/jpeg"}],"twitter_card":"summary_large_image","twitter_misc":{"\u041f\u0440\u0438\u043c\u0435\u0440\u043d\u043e\u0435 \u0432\u0440\u0435\u043c\u044f \u0434\u043b\u044f \u0447\u0442\u0435\u043d\u0438\u044f":"3 \u043c\u0438\u043d\u0443\u0442\u044b"},"schema":{"@context":"https:\/\/schema.org","@graph":[{"@type":"WebPage","@id":"https:\/\/hannaorganic.md\/ru\/produs\/bio-marine-collagen-lifting-face-serum-mr-scrubber\/","url":"https:\/\/hannaorganic.md\/ru\/produs\/bio-marine-collagen-lifting-face-serum-mr-scrubber\/","name":"Bio Marine Collagen Lifting Face Serum Mr.SCRUBBER - HANNA ORGANIC","isPartOf":{"@id":"https:\/\/hannaorganic.md\/ru\/#website"},"primaryImageOfPage":{"@id":"https:\/\/hannaorganic.md\/ru\/produs\/bio-marine-collagen-lifting-face-serum-mr-scrubber\/#primaryimage"},"image":{"@id":"https:\/\/hannaorganic.md\/ru\/produs\/bio-marine-collagen-lifting-face-serum-mr-scrubber\/#primaryimage"},"thumbnailUrl":"https:\/\/hannaorganic.md\/wp-content\/uploads\/2025\/03\/IMG_7130.jpeg","datePublished":"2025-03-07T09:15:22+00:00","dateModified":"2026-04-18T10:34:37+00:00","breadcrumb":{"@id":"https:\/\/hannaorganic.md\/ru\/produs\/bio-marine-collagen-lifting-face-serum-mr-scrubber\/#breadcrumb"},"inLanguage":"ru-RU","potentialAction":[{"@type":"ReadAction","target":["https:\/\/hannaorganic.md\/ru\/produs\/bio-marine-collagen-lifting-face-serum-mr-scrubber\/"]}]},{"@type":"ImageObject","inLanguage":"ru-RU","@id":"https:\/\/hannaorganic.md\/ru\/produs\/bio-marine-collagen-lifting-face-serum-mr-scrubber\/#primaryimage","url":"https:\/\/hannaorganic.md\/wp-content\/uploads\/2025\/03\/IMG_7130.jpeg","contentUrl":"https:\/\/hannaorganic.md\/wp-content\/uploads\/2025\/03\/IMG_7130.jpeg","width":1178,"height":1206},{"@type":"BreadcrumbList","@id":"https:\/\/hannaorganic.md\/ru\/produs\/bio-marine-collagen-lifting-face-serum-mr-scrubber\/#breadcrumb","itemListElement":[{"@type":"ListItem","position":1,"name":"Prima pagin\u0103","item":"https:\/\/hannaorganic.md\/ru\/hanna-organic\/"},{"@type":"ListItem","position":2,"name":"\u041c\u0430\u0433\u0430\u0437\u0438\u043d","item":"https:\/\/hannaorganic.md\/ru\/shop\/"},{"@type":"ListItem","position":3,"name":"Bio Marine Collagen Lifting Face Serum Mr.SCRUBBER"}]},{"@type":"WebSite","@id":"https:\/\/hannaorganic.md\/ru\/#website","url":"https:\/\/hannaorganic.md\/ru\/","name":"HANNA ORGANIC","description":"Multi-Brand Cosmetic Store","potentialAction":[{"@type":"SearchAction","target":{"@type":"EntryPoint","urlTemplate":"https:\/\/hannaorganic.md\/ru\/?s={search_term_string}"},"query-input":{"@type":"PropertyValueSpecification","valueRequired":true,"valueName":"search_term_string"}}],"inLanguage":"ru-RU"}]}},"_links":{"self":[{"href":"https:\/\/hannaorganic.md\/ru\/wp-json\/wp\/v2\/product\/84813","targetHints":{"allow":["GET"]}}],"collection":[{"href":"https:\/\/hannaorganic.md\/ru\/wp-json\/wp\/v2\/product"}],"about":[{"href":"https:\/\/hannaorganic.md\/ru\/wp-json\/wp\/v2\/types\/product"}],"wp:featuredmedia":[{"embeddable":true,"href":"https:\/\/hannaorganic.md\/ru\/wp-json\/wp\/v2\/media\/84814"}],"wp:attachment":[{"href":"https:\/\/hannaorganic.md\/ru\/wp-json\/wp\/v2\/media?parent=84813"}],"wp:term":[{"taxonomy":"product_brand","embeddable":true,"href":"https:\/\/hannaorganic.md\/ru\/wp-json\/wp\/v2\/product_brand?post=84813"},{"taxonomy":"product_cat","embeddable":true,"href":"https:\/\/hannaorganic.md\/ru\/wp-json\/wp\/v2\/product_cat?post=84813"},{"taxonomy":"product_tag","embeddable":true,"href":"https:\/\/hannaorganic.md\/ru\/wp-json\/wp\/v2\/product_tag?post=84813"}],"curies":[{"name":"wp","href":"https:\/\/api.w.org\/{rel}","templated":true}]}}