{"id":85035,"date":"2025-07-31T16:14:44","date_gmt":"2025-07-31T14:14:44","guid":{"rendered":"https:\/\/hannaorganic.md\/?post_type=product&#038;p=85035"},"modified":"2025-07-31T16:17:38","modified_gmt":"2025-07-31T14:17:38","slug":"after-sun-body-milk-shimmer-effect-d-panthenol-bronze-body-mr-scrubber","status":"publish","type":"product","link":"https:\/\/hannaorganic.md\/ru\/produs\/after-sun-body-milk-shimmer-effect-d-panthenol-bronze-body-mr-scrubber\/","title":{"rendered":"After Sun Body Milk &#038; Shimmer Effect D-Panthenol Bronze Body Mr.SCRUBBER"},"content":{"rendered":"<p>Cum func\u021bioneaz\u0103 :<\/p>\n<p>\u2022 uleiul de rapi\u021b\u0103 hr\u0103ne\u0219te \u0219i hidrateaz\u0103 pielea datorit\u0103 con\u021binutului ridicat de acizi gra\u0219i, \u00een special omega-3 \u0219i omega-6, calmeaz\u0103 irita\u021biile \u0219i ajut\u0103 la reducerea inflama\u021biei, ceea ce este important mai ales dup\u0103 expunerea la soare; \u00eent\u0103re\u0219te bariera natural\u0103 a pielii;<br \/>\n\u2022 untul de shea hidrateaz\u0103 intens, calmeaz\u0103, neteze\u0219te \u0219i catifeleaz\u0103 pielea, reduce irita\u021biile, elimin\u0103 usc\u0103ciunea \u0219i senza\u021bia de usc\u0103ciune \u0219i red\u0103 senza\u021bia de confort,<br \/>\n\u2022 pantenolul (provitamina B5) hidrateaz\u0103 pielea, calmeaz\u0103 irita\u021biile, promoveaz\u0103 vindecarea microleziunilor, \u00eent\u0103re\u0219te func\u021biile de barier\u0103 ale pielii \u0219i \u00eei red\u0103 moliciunea \u0219i elasticitatea.<\/p>\n<p>Efect :<\/p>\n<p>\u2022 catifelarea \u0219i calmarea pielii dup\u0103 bronzare;<br \/>\n\u2022 eliminarea usc\u0103ciunii \u0219i a senza\u021biei de senza\u021bie de str\u00e2ngere;<br \/>\n\u2022 vindecarea microleziunilor;<br \/>\n\u2022 \u00eent\u0103rirea func\u021biilor de barier\u0103 ale pielii.<\/p>\n<p>Compozi\u0163ie :\u00a0 Ap\u0103 (Water), Ulei de semin\u021be de Brassica Campestris, Ulei de semin\u021be de Brassica Napus, Unt de Butyrospermum Parkii, Stearat de gliceril, Stearat PEG-100, Alcool stearilic, Alcool cetilic, Glicerin\u0103, Poliacrilat-13, Poliizobuten\u0103, Polisorbat 20, Pantenol, Pantolacton\u0103, Acid pantoic, Fenoxietanol, Etilhexilglicerin\u0103, Parfum, Salicilat de benzil, Linalool, Benzoat de benzil, Citronelol, Limonene, Mic\u0103, CI 77891.<\/p>\n<p>Metod\u0103 de utilizare : Distribui\u021bi uniform o cantitate suficient\u0103 de produs cu mi\u0219c\u0103ri u\u0219oare de masaj, a\u0219tepta\u021bi absorb\u021bia complet\u0103, repeta\u021bi aplicarea dac\u0103 este necesar. A se utiliza dup\u0103 expunerea la soare.<\/p>\n<p>Contraindica\u021bii : sensibilitate individual\u0103 la componentele produsului. Evita\u021bi contactul cu ochii. Dac\u0103 intr\u0103 \u00een contact cu ochii, cl\u0103ti\u021bi imediat cu ap\u0103 \u0219i consulta\u021bi un medic dac\u0103 este necesar.<\/p>\n<p>Mililitri : 250<\/p>\n","protected":false},"excerpt":{"rendered":"<p>Laptisorul dup\u0103 soare Bronze Body cu d-pantenol \u0219i efect str\u0103lucitor se absoarbe instantaneu, hr\u0103ne\u0219te \u00een profunzime, calmeaz\u0103 \u0219i catifeleaz\u0103 pielea dup\u0103 expunerea la soare. Produsul elimin\u0103 ro\u0219ea\u021ba, previne usc\u0103ciunea \u0219i descuamarea \u0219i ofer\u0103 o senza\u021bie de confort. Efectul u\u0219or str\u0103lucitor uniformizeaz\u0103 vizual tonul, reduce vizibilitatea neregularit\u0103\u021bilor \u0219i accentueaz\u0103 bronzul natural. Pielea este neted\u0103, \u00eengrijit\u0103 \u0219i radiant\u0103 \u2013 ca dup\u0103 o vacan\u021b\u0103 la mare.<\/p>\n","protected":false},"featured_media":85040,"template":"","meta":[],"product_brand":[],"product_cat":[99,106,96,92],"product_tag":[1866,1939,1397,1476,1940,594,1470],"class_list":{"0":"post-85035","1":"product","2":"type-product","3":"status-publish","4":"has-post-thumbnail","6":"product_cat-corp","7":"product_cat-body-cream","8":"product_cat-mrscrubber-md","9":"product_cat-toate-produsele","10":"product_tag-after","11":"product_tag-b-ody","12":"product_tag-bronze","13":"product_tag-d-panthenol","14":"product_tag-milk","15":"product_tag-shimmer","16":"product_tag-sun","18":"first","19":"instock","20":"shipping-taxable","21":"purchasable","22":"product-type-simple"},"yoast_head":"<!-- This site is optimized with the Yoast SEO plugin v27.5 - https:\/\/yoast.com\/product\/yoast-seo-wordpress\/ -->\n<title>After Sun Body Milk &amp; Shimmer Effect D-Panthenol Bronze Body Mr.SCRUBBER - HANNA ORGANIC<\/title>\n<meta name=\"robots\" content=\"index, follow, max-snippet:-1, max-image-preview:large, max-video-preview:-1\" \/>\n<link rel=\"canonical\" href=\"https:\/\/hannaorganic.md\/ru\/produs\/after-sun-body-milk-shimmer-effect-d-panthenol-bronze-body-mr-scrubber\/\" \/>\n<meta property=\"og:locale\" content=\"ru_RU\" \/>\n<meta property=\"og:type\" content=\"article\" \/>\n<meta property=\"og:title\" content=\"After Sun Body Milk &amp; Shimmer Effect D-Panthenol Bronze Body Mr.SCRUBBER - HANNA ORGANIC\" \/>\n<meta property=\"og:description\" content=\"Laptisorul dup\u0103 soare Bronze Body cu d-pantenol \u0219i efect str\u0103lucitor se absoarbe instantaneu, hr\u0103ne\u0219te \u00een profunzime, calmeaz\u0103 \u0219i catifeleaz\u0103 pielea dup\u0103 expunerea la soare. Produsul elimin\u0103 ro\u0219ea\u021ba, previne usc\u0103ciunea \u0219i descuamarea \u0219i ofer\u0103 o senza\u021bie de confort. Efectul u\u0219or str\u0103lucitor uniformizeaz\u0103 vizual tonul, reduce vizibilitatea neregularit\u0103\u021bilor \u0219i accentueaz\u0103 bronzul natural. Pielea este neted\u0103, \u00eengrijit\u0103 \u0219i radiant\u0103 \u2013 ca dup\u0103 o vacan\u021b\u0103 la mare.\" \/>\n<meta property=\"og:url\" content=\"https:\/\/hannaorganic.md\/ru\/produs\/after-sun-body-milk-shimmer-effect-d-panthenol-bronze-body-mr-scrubber\/\" \/>\n<meta property=\"og:site_name\" content=\"HANNA ORGANIC\" \/>\n<meta property=\"article:publisher\" content=\"https:\/\/www.facebook.com\/bluemagic.md\/\" \/>\n<meta property=\"article:modified_time\" content=\"2025-07-31T14:17:38+00:00\" \/>\n<meta property=\"og:image\" content=\"https:\/\/hannaorganic.md\/wp-content\/uploads\/2025\/07\/IMG_2700-1.jpeg\" \/>\n\t<meta property=\"og:image:width\" content=\"932\" \/>\n\t<meta property=\"og:image:height\" content=\"1188\" \/>\n\t<meta property=\"og:image:type\" content=\"image\/jpeg\" \/>\n<meta name=\"twitter:card\" content=\"summary_large_image\" \/>\n<meta name=\"twitter:label1\" content=\"\u041f\u0440\u0438\u043c\u0435\u0440\u043d\u043e\u0435 \u0432\u0440\u0435\u043c\u044f \u0434\u043b\u044f \u0447\u0442\u0435\u043d\u0438\u044f\" \/>\n\t<meta name=\"twitter:data1\" content=\"2 \u043c\u0438\u043d\u0443\u0442\u044b\" \/>\n<script type=\"application\/ld+json\" class=\"yoast-schema-graph\">{\"@context\":\"https:\\\/\\\/schema.org\",\"@graph\":[{\"@type\":\"WebPage\",\"@id\":\"https:\\\/\\\/hannaorganic.md\\\/ru\\\/produs\\\/after-sun-body-milk-shimmer-effect-d-panthenol-bronze-body-mr-scrubber\\\/\",\"url\":\"https:\\\/\\\/hannaorganic.md\\\/ru\\\/produs\\\/after-sun-body-milk-shimmer-effect-d-panthenol-bronze-body-mr-scrubber\\\/\",\"name\":\"After Sun Body Milk & Shimmer Effect D-Panthenol Bronze Body Mr.SCRUBBER - HANNA ORGANIC\",\"isPartOf\":{\"@id\":\"https:\\\/\\\/hannaorganic.md\\\/ru\\\/#website\"},\"primaryImageOfPage\":{\"@id\":\"https:\\\/\\\/hannaorganic.md\\\/ru\\\/produs\\\/after-sun-body-milk-shimmer-effect-d-panthenol-bronze-body-mr-scrubber\\\/#primaryimage\"},\"image\":{\"@id\":\"https:\\\/\\\/hannaorganic.md\\\/ru\\\/produs\\\/after-sun-body-milk-shimmer-effect-d-panthenol-bronze-body-mr-scrubber\\\/#primaryimage\"},\"thumbnailUrl\":\"https:\\\/\\\/hannaorganic.md\\\/wp-content\\\/uploads\\\/2025\\\/07\\\/IMG_2700-1.jpeg\",\"datePublished\":\"2025-07-31T14:14:44+00:00\",\"dateModified\":\"2025-07-31T14:17:38+00:00\",\"breadcrumb\":{\"@id\":\"https:\\\/\\\/hannaorganic.md\\\/ru\\\/produs\\\/after-sun-body-milk-shimmer-effect-d-panthenol-bronze-body-mr-scrubber\\\/#breadcrumb\"},\"inLanguage\":\"ru-RU\",\"potentialAction\":[{\"@type\":\"ReadAction\",\"target\":[\"https:\\\/\\\/hannaorganic.md\\\/ru\\\/produs\\\/after-sun-body-milk-shimmer-effect-d-panthenol-bronze-body-mr-scrubber\\\/\"]}]},{\"@type\":\"ImageObject\",\"inLanguage\":\"ru-RU\",\"@id\":\"https:\\\/\\\/hannaorganic.md\\\/ru\\\/produs\\\/after-sun-body-milk-shimmer-effect-d-panthenol-bronze-body-mr-scrubber\\\/#primaryimage\",\"url\":\"https:\\\/\\\/hannaorganic.md\\\/wp-content\\\/uploads\\\/2025\\\/07\\\/IMG_2700-1.jpeg\",\"contentUrl\":\"https:\\\/\\\/hannaorganic.md\\\/wp-content\\\/uploads\\\/2025\\\/07\\\/IMG_2700-1.jpeg\",\"width\":932,\"height\":1188},{\"@type\":\"BreadcrumbList\",\"@id\":\"https:\\\/\\\/hannaorganic.md\\\/ru\\\/produs\\\/after-sun-body-milk-shimmer-effect-d-panthenol-bronze-body-mr-scrubber\\\/#breadcrumb\",\"itemListElement\":[{\"@type\":\"ListItem\",\"position\":1,\"name\":\"Prima pagin\u0103\",\"item\":\"https:\\\/\\\/hannaorganic.md\\\/ru\\\/hanna-organic\\\/\"},{\"@type\":\"ListItem\",\"position\":2,\"name\":\"\u041c\u0430\u0433\u0430\u0437\u0438\u043d\",\"item\":\"https:\\\/\\\/hannaorganic.md\\\/ru\\\/shop\\\/\"},{\"@type\":\"ListItem\",\"position\":3,\"name\":\"After Sun Body Milk &#038; Shimmer Effect D-Panthenol Bronze Body Mr.SCRUBBER\"}]},{\"@type\":\"WebSite\",\"@id\":\"https:\\\/\\\/hannaorganic.md\\\/ru\\\/#website\",\"url\":\"https:\\\/\\\/hannaorganic.md\\\/ru\\\/\",\"name\":\"HANNA ORGANIC\",\"description\":\"Multi-Brand Cosmetic Store\",\"potentialAction\":[{\"@type\":\"SearchAction\",\"target\":{\"@type\":\"EntryPoint\",\"urlTemplate\":\"https:\\\/\\\/hannaorganic.md\\\/ru\\\/?s={search_term_string}\"},\"query-input\":{\"@type\":\"PropertyValueSpecification\",\"valueRequired\":true,\"valueName\":\"search_term_string\"}}],\"inLanguage\":\"ru-RU\"}]}<\/script>\n<!-- \/ Yoast SEO plugin. -->","yoast_head_json":{"title":"After Sun Body Milk & Shimmer Effect D-Panthenol Bronze Body Mr.SCRUBBER - HANNA ORGANIC","robots":{"index":"index","follow":"follow","max-snippet":"max-snippet:-1","max-image-preview":"max-image-preview:large","max-video-preview":"max-video-preview:-1"},"canonical":"https:\/\/hannaorganic.md\/ru\/produs\/after-sun-body-milk-shimmer-effect-d-panthenol-bronze-body-mr-scrubber\/","og_locale":"ru_RU","og_type":"article","og_title":"After Sun Body Milk & Shimmer Effect D-Panthenol Bronze Body Mr.SCRUBBER - HANNA ORGANIC","og_description":"Laptisorul dup\u0103 soare Bronze Body cu d-pantenol \u0219i efect str\u0103lucitor se absoarbe instantaneu, hr\u0103ne\u0219te \u00een profunzime, calmeaz\u0103 \u0219i catifeleaz\u0103 pielea dup\u0103 expunerea la soare. Produsul elimin\u0103 ro\u0219ea\u021ba, previne usc\u0103ciunea \u0219i descuamarea \u0219i ofer\u0103 o senza\u021bie de confort. Efectul u\u0219or str\u0103lucitor uniformizeaz\u0103 vizual tonul, reduce vizibilitatea neregularit\u0103\u021bilor \u0219i accentueaz\u0103 bronzul natural. Pielea este neted\u0103, \u00eengrijit\u0103 \u0219i radiant\u0103 \u2013 ca dup\u0103 o vacan\u021b\u0103 la mare.","og_url":"https:\/\/hannaorganic.md\/ru\/produs\/after-sun-body-milk-shimmer-effect-d-panthenol-bronze-body-mr-scrubber\/","og_site_name":"HANNA ORGANIC","article_publisher":"https:\/\/www.facebook.com\/bluemagic.md\/","article_modified_time":"2025-07-31T14:17:38+00:00","og_image":[{"width":932,"height":1188,"url":"https:\/\/hannaorganic.md\/wp-content\/uploads\/2025\/07\/IMG_2700-1.jpeg","type":"image\/jpeg"}],"twitter_card":"summary_large_image","twitter_misc":{"\u041f\u0440\u0438\u043c\u0435\u0440\u043d\u043e\u0435 \u0432\u0440\u0435\u043c\u044f \u0434\u043b\u044f \u0447\u0442\u0435\u043d\u0438\u044f":"2 \u043c\u0438\u043d\u0443\u0442\u044b"},"schema":{"@context":"https:\/\/schema.org","@graph":[{"@type":"WebPage","@id":"https:\/\/hannaorganic.md\/ru\/produs\/after-sun-body-milk-shimmer-effect-d-panthenol-bronze-body-mr-scrubber\/","url":"https:\/\/hannaorganic.md\/ru\/produs\/after-sun-body-milk-shimmer-effect-d-panthenol-bronze-body-mr-scrubber\/","name":"After Sun Body Milk & Shimmer Effect D-Panthenol Bronze Body Mr.SCRUBBER - HANNA ORGANIC","isPartOf":{"@id":"https:\/\/hannaorganic.md\/ru\/#website"},"primaryImageOfPage":{"@id":"https:\/\/hannaorganic.md\/ru\/produs\/after-sun-body-milk-shimmer-effect-d-panthenol-bronze-body-mr-scrubber\/#primaryimage"},"image":{"@id":"https:\/\/hannaorganic.md\/ru\/produs\/after-sun-body-milk-shimmer-effect-d-panthenol-bronze-body-mr-scrubber\/#primaryimage"},"thumbnailUrl":"https:\/\/hannaorganic.md\/wp-content\/uploads\/2025\/07\/IMG_2700-1.jpeg","datePublished":"2025-07-31T14:14:44+00:00","dateModified":"2025-07-31T14:17:38+00:00","breadcrumb":{"@id":"https:\/\/hannaorganic.md\/ru\/produs\/after-sun-body-milk-shimmer-effect-d-panthenol-bronze-body-mr-scrubber\/#breadcrumb"},"inLanguage":"ru-RU","potentialAction":[{"@type":"ReadAction","target":["https:\/\/hannaorganic.md\/ru\/produs\/after-sun-body-milk-shimmer-effect-d-panthenol-bronze-body-mr-scrubber\/"]}]},{"@type":"ImageObject","inLanguage":"ru-RU","@id":"https:\/\/hannaorganic.md\/ru\/produs\/after-sun-body-milk-shimmer-effect-d-panthenol-bronze-body-mr-scrubber\/#primaryimage","url":"https:\/\/hannaorganic.md\/wp-content\/uploads\/2025\/07\/IMG_2700-1.jpeg","contentUrl":"https:\/\/hannaorganic.md\/wp-content\/uploads\/2025\/07\/IMG_2700-1.jpeg","width":932,"height":1188},{"@type":"BreadcrumbList","@id":"https:\/\/hannaorganic.md\/ru\/produs\/after-sun-body-milk-shimmer-effect-d-panthenol-bronze-body-mr-scrubber\/#breadcrumb","itemListElement":[{"@type":"ListItem","position":1,"name":"Prima pagin\u0103","item":"https:\/\/hannaorganic.md\/ru\/hanna-organic\/"},{"@type":"ListItem","position":2,"name":"\u041c\u0430\u0433\u0430\u0437\u0438\u043d","item":"https:\/\/hannaorganic.md\/ru\/shop\/"},{"@type":"ListItem","position":3,"name":"After Sun Body Milk &#038; Shimmer Effect D-Panthenol Bronze Body Mr.SCRUBBER"}]},{"@type":"WebSite","@id":"https:\/\/hannaorganic.md\/ru\/#website","url":"https:\/\/hannaorganic.md\/ru\/","name":"HANNA ORGANIC","description":"Multi-Brand Cosmetic Store","potentialAction":[{"@type":"SearchAction","target":{"@type":"EntryPoint","urlTemplate":"https:\/\/hannaorganic.md\/ru\/?s={search_term_string}"},"query-input":{"@type":"PropertyValueSpecification","valueRequired":true,"valueName":"search_term_string"}}],"inLanguage":"ru-RU"}]}},"_links":{"self":[{"href":"https:\/\/hannaorganic.md\/ru\/wp-json\/wp\/v2\/product\/85035","targetHints":{"allow":["GET"]}}],"collection":[{"href":"https:\/\/hannaorganic.md\/ru\/wp-json\/wp\/v2\/product"}],"about":[{"href":"https:\/\/hannaorganic.md\/ru\/wp-json\/wp\/v2\/types\/product"}],"wp:featuredmedia":[{"embeddable":true,"href":"https:\/\/hannaorganic.md\/ru\/wp-json\/wp\/v2\/media\/85040"}],"wp:attachment":[{"href":"https:\/\/hannaorganic.md\/ru\/wp-json\/wp\/v2\/media?parent=85035"}],"wp:term":[{"taxonomy":"product_brand","embeddable":true,"href":"https:\/\/hannaorganic.md\/ru\/wp-json\/wp\/v2\/product_brand?post=85035"},{"taxonomy":"product_cat","embeddable":true,"href":"https:\/\/hannaorganic.md\/ru\/wp-json\/wp\/v2\/product_cat?post=85035"},{"taxonomy":"product_tag","embeddable":true,"href":"https:\/\/hannaorganic.md\/ru\/wp-json\/wp\/v2\/product_tag?post=85035"}],"curies":[{"name":"wp","href":"https:\/\/api.w.org\/{rel}","templated":true}]}}