{"id":85059,"date":"2025-08-01T15:54:50","date_gmt":"2025-08-01T13:54:50","guid":{"rendered":"https:\/\/hannaorganic.md\/?post_type=product&#038;p=85059"},"modified":"2025-08-01T16:01:59","modified_gmt":"2025-08-01T14:01:59","slug":"tanning-oil-complex-spf-15-bronze-body-mr-scrubber","status":"publish","type":"product","link":"https:\/\/hannaorganic.md\/ru\/produs\/tanning-oil-complex-spf-15-bronze-body-mr-scrubber\/","title":{"rendered":"Tanning Oil Complex SPF 15 Bronze Body Mr.SCRUBBER"},"content":{"rendered":"<p>Cum func\u021bioneaz\u0103 :<br \/>\n\u2022 uleiul de rapi\u021b\u0103 hr\u0103ne\u0219te \u0219i hidrateaz\u0103 pielea datorit\u0103 con\u021binutului ridicat de acizi gra\u0219i, \u00een special omega-3 \u0219i omega-6, calmeaz\u0103 irita\u021biile \u0219i ajut\u0103 la reducerea inflama\u021biei, ceea ce este deosebit de important dup\u0103 expunerea la soare; \u00eent\u0103re\u0219te bariera natural\u0103 a pielii, prevenind pierderea umidit\u0103\u021bii \u00een timpul bronz\u0103rii;<br \/>\n\u2022 uleiul de floarea-soarelui hidrateaz\u0103 \u0219i hr\u0103ne\u0219te pielea, datorit\u0103 con\u021binutului de vitamina E. Reduce irita\u021biile \u0219i ro\u0219ea\u021ba, promoveaz\u0103 re\u00eennoirea pielii, o face neted\u0103, elastic\u0103 \u0219i m\u0103t\u0103soas\u0103 la atingere;<br \/>\n\u2022 uleiul de piersici elimin\u0103 usc\u0103ciunea \u0219i descuamarea, uniformizeaz\u0103 textura \u0219i cre\u0219te elasticitatea pielii;<br \/>\n\u2022 uleiul de soia hr\u0103ne\u0219te \u0219i hidrateaz\u0103 intens, con\u021bine acizi linoleic, oleic, palmitic \u0219i stearic, care sus\u021bin echilibrul hidrolipidic al pielii; calmeaz\u0103 pielea, reduce irita\u021biile \u0219i promoveaz\u0103 vindecarea microleziunilor;<br \/>\n\u2022 uleiul de argan elimin\u0103 irita\u021biile \u0219i ro\u0219ea\u021ba, restabile\u0219te echilibrul hidrolipidic al pielii;<br \/>\n\u2022 uleiul de avocado \u00eenmoaie, neteze\u0219te, hr\u0103ne\u0219te intens pielea uscat\u0103 \u0219i foarte uscat\u0103, \u00eei \u00eent\u0103re\u0219te bariera protectoare, previne pierderea transepidermal\u0103 a umidit\u0103\u021bii.<\/p>\n<p>Efect :<\/p>\n<p>\u2022 hidratarea \u0219i hr\u0103nirea pielii;<br \/>\n\u2022 protec\u021bie \u00eempotriva pierderii de umiditate \u00een timpul bronz\u0103rii;<br \/>\n\u2022 vindecarea microleziunilor;<br \/>\n\u2022 \u00eembun\u0103t\u0103\u021birea texturii pielii.<\/p>\n<div class=\"characteristic__about\"><\/div>\n<div class=\"characteristic__about\">\n<div>\n<p>Ingrediente :\u00a0 Ulei din semin\u021be de Brassica Campestris, ulei din semin\u021be de Brassica Napus, ulei din semin\u021be de Helianthus Annuus, triglicerid\u0103 caprilic\/capric\u0103, ulei din s\u00e2mburi de Prunus Persica, etilhexil metoxicinamat, dietilamino hidroxibenzoil hexil benzoat, ulei de Glycine Soja, ulei din s\u00e2mburi de Argania Spinosa, ulei vegetal, ulei de Persea Gratissima, acetat de tocoferil, parfum, citral, salicilat de benzil, linalool, benzoat de benzil, citronelol, limonene.<\/p>\n<p>Instruc\u021biuni : Aplica\u021bi cu 30 de minute \u00eenainte de expunerea la soare. Reaplica\u021bi dup\u0103 1,5-2 ore sau dup\u0103 ce a\u021bi stat \u00een ap\u0103. Evita\u021bi expunerea prelungit\u0103 la soare. Agita\u021bi produsul \u00eenainte de utilizare. Aten\u021bie! Expunerea prelungit\u0103 la soare este periculoas\u0103, chiar \u0219i atunci c\u00e2nd utiliza\u021bi crem\u0103 de protec\u021bie solar\u0103.<\/p>\n<p>Contraindica\u021bii : sensibilitate individual\u0103 la componentele produsului. Evita\u021bi contactul cu ochii. \u00cen caz de contact cu ochii, cl\u0103ti\u021bi imediat cu ap\u0103, dac\u0103 este necesar, consulta\u021bi un medic.<\/p>\n<p>Mililitri : 150<\/p>\n<\/div>\n<\/div>\n","protected":false},"excerpt":{"rendered":"<p>Complexul de uleiuri de bronzare SPF 15 Bronze Body hr\u0103ne\u0219te delicat, catifeleaz\u0103 \u0219i neteze\u0219te pielea, oferindu-i o moliciune m\u0103t\u0103soas\u0103 \u0219i un aspect \u00eengrijit. Formula ajut\u0103 la formarea unui bronz uniform \u0219i frumos, cu o nuan\u021b\u0103 aurie, \u0219i previne, de asemenea, deshidratarea \u0219i usc\u0103ciunea sub influen\u021ba soarelui.<\/p>\n<p>Datorit\u0103 filtrului UV, ofer\u0103 o protec\u021bie moderat\u0103 \u00eempotriva radia\u021biilor solare, p\u0103streaz\u0103 confortul \u0219i frumuse\u021bea pielii \u00een timpul bronz\u0103rii. Alegerea ideal\u0103 pentru cei care doresc s\u0103 accentueze u\u0219or \u0219i natural nuan\u021ba pielii de var\u0103.<\/p>\n","protected":false},"featured_media":85062,"template":"","meta":[],"product_brand":[],"product_cat":[99,570,96,92],"product_tag":[1343,1397,1945,1406,1946,1943,1944],"class_list":{"0":"post-85059","1":"product","2":"type-product","3":"status-publish","4":"has-post-thumbnail","6":"product_cat-corp","7":"product_cat-body-oil","8":"product_cat-mrscrubber-md","9":"product_cat-toate-produsele","10":"product_tag-body","11":"product_tag-bronze","12":"product_tag-complex","13":"product_tag-oil","14":"product_tag-spf15","15":"product_tag-summer","16":"product_tag-tanning","18":"first","19":"instock","20":"shipping-taxable","21":"purchasable","22":"product-type-simple"},"yoast_head":"<!-- This site is optimized with the Yoast SEO plugin v27.5 - https:\/\/yoast.com\/product\/yoast-seo-wordpress\/ -->\n<title>Tanning Oil Complex SPF 15 Bronze Body Mr.SCRUBBER - HANNA ORGANIC<\/title>\n<meta name=\"robots\" content=\"index, follow, max-snippet:-1, max-image-preview:large, max-video-preview:-1\" \/>\n<link rel=\"canonical\" href=\"https:\/\/hannaorganic.md\/ru\/produs\/tanning-oil-complex-spf-15-bronze-body-mr-scrubber\/\" \/>\n<meta property=\"og:locale\" content=\"ru_RU\" \/>\n<meta property=\"og:type\" content=\"article\" \/>\n<meta property=\"og:title\" content=\"Tanning Oil Complex SPF 15 Bronze Body Mr.SCRUBBER - HANNA ORGANIC\" \/>\n<meta property=\"og:description\" content=\"Complexul de uleiuri de bronzare SPF 15 Bronze Body hr\u0103ne\u0219te delicat, catifeleaz\u0103 \u0219i neteze\u0219te pielea, oferindu-i o moliciune m\u0103t\u0103soas\u0103 \u0219i un aspect \u00eengrijit. Formula ajut\u0103 la formarea unui bronz uniform \u0219i frumos, cu o nuan\u021b\u0103 aurie, \u0219i previne, de asemenea, deshidratarea \u0219i usc\u0103ciunea sub influen\u021ba soarelui.  Datorit\u0103 filtrului UV, ofer\u0103 o protec\u021bie moderat\u0103 \u00eempotriva radia\u021biilor solare, p\u0103streaz\u0103 confortul \u0219i frumuse\u021bea pielii \u00een timpul bronz\u0103rii. Alegerea ideal\u0103 pentru cei care doresc s\u0103 accentueze u\u0219or \u0219i natural nuan\u021ba pielii de var\u0103.\" \/>\n<meta property=\"og:url\" content=\"https:\/\/hannaorganic.md\/ru\/produs\/tanning-oil-complex-spf-15-bronze-body-mr-scrubber\/\" \/>\n<meta property=\"og:site_name\" content=\"HANNA ORGANIC\" \/>\n<meta property=\"article:publisher\" content=\"https:\/\/www.facebook.com\/bluemagic.md\/\" \/>\n<meta property=\"article:modified_time\" content=\"2025-08-01T14:01:59+00:00\" \/>\n<meta property=\"og:image\" content=\"https:\/\/hannaorganic.md\/wp-content\/uploads\/2025\/08\/IMG_2741-1.jpeg\" \/>\n\t<meta property=\"og:image:width\" content=\"906\" \/>\n\t<meta property=\"og:image:height\" content=\"1132\" \/>\n\t<meta property=\"og:image:type\" content=\"image\/jpeg\" \/>\n<meta name=\"twitter:card\" content=\"summary_large_image\" \/>\n<meta name=\"twitter:label1\" content=\"\u041f\u0440\u0438\u043c\u0435\u0440\u043d\u043e\u0435 \u0432\u0440\u0435\u043c\u044f \u0434\u043b\u044f \u0447\u0442\u0435\u043d\u0438\u044f\" \/>\n\t<meta name=\"twitter:data1\" content=\"2 \u043c\u0438\u043d\u0443\u0442\u044b\" \/>\n<script type=\"application\/ld+json\" class=\"yoast-schema-graph\">{\"@context\":\"https:\\\/\\\/schema.org\",\"@graph\":[{\"@type\":\"WebPage\",\"@id\":\"https:\\\/\\\/hannaorganic.md\\\/ru\\\/produs\\\/tanning-oil-complex-spf-15-bronze-body-mr-scrubber\\\/\",\"url\":\"https:\\\/\\\/hannaorganic.md\\\/ru\\\/produs\\\/tanning-oil-complex-spf-15-bronze-body-mr-scrubber\\\/\",\"name\":\"Tanning Oil Complex SPF 15 Bronze Body Mr.SCRUBBER - HANNA ORGANIC\",\"isPartOf\":{\"@id\":\"https:\\\/\\\/hannaorganic.md\\\/ru\\\/#website\"},\"primaryImageOfPage\":{\"@id\":\"https:\\\/\\\/hannaorganic.md\\\/ru\\\/produs\\\/tanning-oil-complex-spf-15-bronze-body-mr-scrubber\\\/#primaryimage\"},\"image\":{\"@id\":\"https:\\\/\\\/hannaorganic.md\\\/ru\\\/produs\\\/tanning-oil-complex-spf-15-bronze-body-mr-scrubber\\\/#primaryimage\"},\"thumbnailUrl\":\"https:\\\/\\\/hannaorganic.md\\\/wp-content\\\/uploads\\\/2025\\\/08\\\/IMG_2741-1.jpeg\",\"datePublished\":\"2025-08-01T13:54:50+00:00\",\"dateModified\":\"2025-08-01T14:01:59+00:00\",\"breadcrumb\":{\"@id\":\"https:\\\/\\\/hannaorganic.md\\\/ru\\\/produs\\\/tanning-oil-complex-spf-15-bronze-body-mr-scrubber\\\/#breadcrumb\"},\"inLanguage\":\"ru-RU\",\"potentialAction\":[{\"@type\":\"ReadAction\",\"target\":[\"https:\\\/\\\/hannaorganic.md\\\/ru\\\/produs\\\/tanning-oil-complex-spf-15-bronze-body-mr-scrubber\\\/\"]}]},{\"@type\":\"ImageObject\",\"inLanguage\":\"ru-RU\",\"@id\":\"https:\\\/\\\/hannaorganic.md\\\/ru\\\/produs\\\/tanning-oil-complex-spf-15-bronze-body-mr-scrubber\\\/#primaryimage\",\"url\":\"https:\\\/\\\/hannaorganic.md\\\/wp-content\\\/uploads\\\/2025\\\/08\\\/IMG_2741-1.jpeg\",\"contentUrl\":\"https:\\\/\\\/hannaorganic.md\\\/wp-content\\\/uploads\\\/2025\\\/08\\\/IMG_2741-1.jpeg\",\"width\":906,\"height\":1132},{\"@type\":\"BreadcrumbList\",\"@id\":\"https:\\\/\\\/hannaorganic.md\\\/ru\\\/produs\\\/tanning-oil-complex-spf-15-bronze-body-mr-scrubber\\\/#breadcrumb\",\"itemListElement\":[{\"@type\":\"ListItem\",\"position\":1,\"name\":\"Prima pagin\u0103\",\"item\":\"https:\\\/\\\/hannaorganic.md\\\/ru\\\/hanna-organic\\\/\"},{\"@type\":\"ListItem\",\"position\":2,\"name\":\"\u041c\u0430\u0433\u0430\u0437\u0438\u043d\",\"item\":\"https:\\\/\\\/hannaorganic.md\\\/ru\\\/shop\\\/\"},{\"@type\":\"ListItem\",\"position\":3,\"name\":\"Tanning Oil Complex SPF 15 Bronze Body Mr.SCRUBBER\"}]},{\"@type\":\"WebSite\",\"@id\":\"https:\\\/\\\/hannaorganic.md\\\/ru\\\/#website\",\"url\":\"https:\\\/\\\/hannaorganic.md\\\/ru\\\/\",\"name\":\"HANNA ORGANIC\",\"description\":\"Multi-Brand Cosmetic Store\",\"potentialAction\":[{\"@type\":\"SearchAction\",\"target\":{\"@type\":\"EntryPoint\",\"urlTemplate\":\"https:\\\/\\\/hannaorganic.md\\\/ru\\\/?s={search_term_string}\"},\"query-input\":{\"@type\":\"PropertyValueSpecification\",\"valueRequired\":true,\"valueName\":\"search_term_string\"}}],\"inLanguage\":\"ru-RU\"}]}<\/script>\n<!-- \/ Yoast SEO plugin. -->","yoast_head_json":{"title":"Tanning Oil Complex SPF 15 Bronze Body Mr.SCRUBBER - HANNA ORGANIC","robots":{"index":"index","follow":"follow","max-snippet":"max-snippet:-1","max-image-preview":"max-image-preview:large","max-video-preview":"max-video-preview:-1"},"canonical":"https:\/\/hannaorganic.md\/ru\/produs\/tanning-oil-complex-spf-15-bronze-body-mr-scrubber\/","og_locale":"ru_RU","og_type":"article","og_title":"Tanning Oil Complex SPF 15 Bronze Body Mr.SCRUBBER - HANNA ORGANIC","og_description":"Complexul de uleiuri de bronzare SPF 15 Bronze Body hr\u0103ne\u0219te delicat, catifeleaz\u0103 \u0219i neteze\u0219te pielea, oferindu-i o moliciune m\u0103t\u0103soas\u0103 \u0219i un aspect \u00eengrijit. Formula ajut\u0103 la formarea unui bronz uniform \u0219i frumos, cu o nuan\u021b\u0103 aurie, \u0219i previne, de asemenea, deshidratarea \u0219i usc\u0103ciunea sub influen\u021ba soarelui.  Datorit\u0103 filtrului UV, ofer\u0103 o protec\u021bie moderat\u0103 \u00eempotriva radia\u021biilor solare, p\u0103streaz\u0103 confortul \u0219i frumuse\u021bea pielii \u00een timpul bronz\u0103rii. Alegerea ideal\u0103 pentru cei care doresc s\u0103 accentueze u\u0219or \u0219i natural nuan\u021ba pielii de var\u0103.","og_url":"https:\/\/hannaorganic.md\/ru\/produs\/tanning-oil-complex-spf-15-bronze-body-mr-scrubber\/","og_site_name":"HANNA ORGANIC","article_publisher":"https:\/\/www.facebook.com\/bluemagic.md\/","article_modified_time":"2025-08-01T14:01:59+00:00","og_image":[{"width":906,"height":1132,"url":"https:\/\/hannaorganic.md\/wp-content\/uploads\/2025\/08\/IMG_2741-1.jpeg","type":"image\/jpeg"}],"twitter_card":"summary_large_image","twitter_misc":{"\u041f\u0440\u0438\u043c\u0435\u0440\u043d\u043e\u0435 \u0432\u0440\u0435\u043c\u044f \u0434\u043b\u044f \u0447\u0442\u0435\u043d\u0438\u044f":"2 \u043c\u0438\u043d\u0443\u0442\u044b"},"schema":{"@context":"https:\/\/schema.org","@graph":[{"@type":"WebPage","@id":"https:\/\/hannaorganic.md\/ru\/produs\/tanning-oil-complex-spf-15-bronze-body-mr-scrubber\/","url":"https:\/\/hannaorganic.md\/ru\/produs\/tanning-oil-complex-spf-15-bronze-body-mr-scrubber\/","name":"Tanning Oil Complex SPF 15 Bronze Body Mr.SCRUBBER - HANNA ORGANIC","isPartOf":{"@id":"https:\/\/hannaorganic.md\/ru\/#website"},"primaryImageOfPage":{"@id":"https:\/\/hannaorganic.md\/ru\/produs\/tanning-oil-complex-spf-15-bronze-body-mr-scrubber\/#primaryimage"},"image":{"@id":"https:\/\/hannaorganic.md\/ru\/produs\/tanning-oil-complex-spf-15-bronze-body-mr-scrubber\/#primaryimage"},"thumbnailUrl":"https:\/\/hannaorganic.md\/wp-content\/uploads\/2025\/08\/IMG_2741-1.jpeg","datePublished":"2025-08-01T13:54:50+00:00","dateModified":"2025-08-01T14:01:59+00:00","breadcrumb":{"@id":"https:\/\/hannaorganic.md\/ru\/produs\/tanning-oil-complex-spf-15-bronze-body-mr-scrubber\/#breadcrumb"},"inLanguage":"ru-RU","potentialAction":[{"@type":"ReadAction","target":["https:\/\/hannaorganic.md\/ru\/produs\/tanning-oil-complex-spf-15-bronze-body-mr-scrubber\/"]}]},{"@type":"ImageObject","inLanguage":"ru-RU","@id":"https:\/\/hannaorganic.md\/ru\/produs\/tanning-oil-complex-spf-15-bronze-body-mr-scrubber\/#primaryimage","url":"https:\/\/hannaorganic.md\/wp-content\/uploads\/2025\/08\/IMG_2741-1.jpeg","contentUrl":"https:\/\/hannaorganic.md\/wp-content\/uploads\/2025\/08\/IMG_2741-1.jpeg","width":906,"height":1132},{"@type":"BreadcrumbList","@id":"https:\/\/hannaorganic.md\/ru\/produs\/tanning-oil-complex-spf-15-bronze-body-mr-scrubber\/#breadcrumb","itemListElement":[{"@type":"ListItem","position":1,"name":"Prima pagin\u0103","item":"https:\/\/hannaorganic.md\/ru\/hanna-organic\/"},{"@type":"ListItem","position":2,"name":"\u041c\u0430\u0433\u0430\u0437\u0438\u043d","item":"https:\/\/hannaorganic.md\/ru\/shop\/"},{"@type":"ListItem","position":3,"name":"Tanning Oil Complex SPF 15 Bronze Body Mr.SCRUBBER"}]},{"@type":"WebSite","@id":"https:\/\/hannaorganic.md\/ru\/#website","url":"https:\/\/hannaorganic.md\/ru\/","name":"HANNA ORGANIC","description":"Multi-Brand Cosmetic Store","potentialAction":[{"@type":"SearchAction","target":{"@type":"EntryPoint","urlTemplate":"https:\/\/hannaorganic.md\/ru\/?s={search_term_string}"},"query-input":{"@type":"PropertyValueSpecification","valueRequired":true,"valueName":"search_term_string"}}],"inLanguage":"ru-RU"}]}},"_links":{"self":[{"href":"https:\/\/hannaorganic.md\/ru\/wp-json\/wp\/v2\/product\/85059","targetHints":{"allow":["GET"]}}],"collection":[{"href":"https:\/\/hannaorganic.md\/ru\/wp-json\/wp\/v2\/product"}],"about":[{"href":"https:\/\/hannaorganic.md\/ru\/wp-json\/wp\/v2\/types\/product"}],"wp:featuredmedia":[{"embeddable":true,"href":"https:\/\/hannaorganic.md\/ru\/wp-json\/wp\/v2\/media\/85062"}],"wp:attachment":[{"href":"https:\/\/hannaorganic.md\/ru\/wp-json\/wp\/v2\/media?parent=85059"}],"wp:term":[{"taxonomy":"product_brand","embeddable":true,"href":"https:\/\/hannaorganic.md\/ru\/wp-json\/wp\/v2\/product_brand?post=85059"},{"taxonomy":"product_cat","embeddable":true,"href":"https:\/\/hannaorganic.md\/ru\/wp-json\/wp\/v2\/product_cat?post=85059"},{"taxonomy":"product_tag","embeddable":true,"href":"https:\/\/hannaorganic.md\/ru\/wp-json\/wp\/v2\/product_tag?post=85059"}],"curies":[{"name":"wp","href":"https:\/\/api.w.org\/{rel}","templated":true}]}}