{"id":85100,"date":"2025-08-07T12:14:23","date_gmt":"2025-08-07T10:14:23","guid":{"rendered":"https:\/\/hannaorganic.md\/?post_type=product&#038;p=85100"},"modified":"2026-04-18T12:28:11","modified_gmt":"2026-04-18T10:28:11","slug":"%d0%bf%d0%be%d0%b4%d0%b0%d1%80%d0%be%d1%87%d0%bd%d1%8b%d0%b9-%d0%bd%d0%b0%d0%b1%d0%be%d1%80-%d0%b4%d0%bb%d1%8f-%d0%b4%d0%b5%d0%b2%d0%be%d1%87%d0%ba%d0%b8-%d0%bc%d0%b8%d1%81%d1%82%d0%b5%d1%80-%d1%81","status":"publish","type":"product","link":"https:\/\/hannaorganic.md\/ru\/produs\/%d0%bf%d0%be%d0%b4%d0%b0%d1%80%d0%be%d1%87%d0%bd%d1%8b%d0%b9-%d0%bd%d0%b0%d0%b1%d0%be%d1%80-%d0%b4%d0%bb%d1%8f-%d0%b4%d0%b5%d0%b2%d0%be%d1%87%d0%ba%d0%b8-%d0%bc%d0%b8%d1%81%d1%82%d0%b5%d1%80-%d1%81\/","title":{"rendered":"\u041f\u043e\u0434\u0430\u0440\u043e\u0447\u043d\u044b\u0439 \u043d\u0430\u0431\u043e\u0440 \u0434\u043b\u044f \u0434\u0435\u0432\u043e\u0447\u0435\u043a &#171;\u041c\u0438\u0441\u0442\u0435\u0440 \u0421\u043a\u0440\u0430\u0431\u0431\u0435\u0440&#187;"},"content":{"rendered":"<p>Setul include :<\/p>\n<p>\u2022 Tonic facial hidratant Acid Hialuronic 4D cu acid hialuronic 4D, 80 ml;<br \/>\n\u2022 Ser facial hidratant Acid Hialuronic 4D cu acid hialuronic 4D, 30 ml;<br \/>\n\u2022 Gel de du\u0219 Jelly Bubbles Breakfast in Soho, 100 ml;<br \/>\n\u2022 Gel-crem\u0103 hidratant pentru corp SKIN DELIGHTS Breakfast in Soho, 150 ml;<br \/>\n\u2022 Crem\u0103 hidratant\u0103 parfumat\u0103 pentru m\u00e2ini Peony in love, 30 g;<br \/>\n\u2022 Crem\u0103-scrub pentru m\u00e2ini \u0219i corp cu arom\u0103 de lapte de cocos Coconut Milk, 250 g.<\/p>\n","protected":false},"excerpt":{"rendered":"<p>Descriere :<\/p>\n<p>Un set cadou \u00eentr-o cutie luxoas\u0103 cu panglic\u0103 este conceput pentru a oferi o stare de spirit, emo\u021bii pl\u0103cute \u0219i cea mai delicat\u0103 \u00eengrijire Mr.SCRUBBER. Produsele special selectate ofer\u0103 o \u00eengrijire complet\u0103 pentru corp \u0219i fa\u021b\u0103, f\u0103c\u00e2nd cadoul dezirabil \u0219i pl\u0103cut pentru orice s\u0103rb\u0103toare.<\/p>\n","protected":false},"featured_media":85109,"template":"","meta":[],"product_brand":[],"product_cat":[245,96,363,92],"product_tag":[2144,2151,2149,2148,2147,2141],"class_list":{"0":"post-85100","1":"product","2":"type-product","3":"status-publish","4":"has-post-thumbnail","6":"product_cat-gift-box","7":"product_cat-mrscrubber-md","8":"product_cat-seturi-cadou","9":"product_cat-toate-produsele","10":"product_tag-8-","11":"product_tag-2151","12":"product_tag-2149","13":"product_tag-2148","14":"product_tag-2147","15":"product_tag-2141","17":"first","18":"instock","19":"shipping-taxable","20":"purchasable","21":"product-type-simple"},"yoast_head":"<!-- This site is optimized with the Yoast SEO plugin v27.5 - https:\/\/yoast.com\/product\/yoast-seo-wordpress\/ -->\n<title>\u041f\u043e\u0434\u0430\u0440\u043e\u0447\u043d\u044b\u0439 \u043d\u0430\u0431\u043e\u0440 \u0434\u043b\u044f \u0434\u0435\u0432\u043e\u0447\u0435\u043a &quot;\u041c\u0438\u0441\u0442\u0435\u0440 \u0421\u043a\u0440\u0430\u0431\u0431\u0435\u0440&quot; - HANNA ORGANIC<\/title>\n<meta name=\"robots\" content=\"index, follow, max-snippet:-1, max-image-preview:large, max-video-preview:-1\" \/>\n<link rel=\"canonical\" href=\"https:\/\/hannaorganic.md\/ru\/produs\/%d0%bf%d0%be%d0%b4%d0%b0%d1%80%d0%be%d1%87%d0%bd%d1%8b%d0%b9-%d0%bd%d0%b0%d0%b1%d0%be%d1%80-%d0%b4%d0%bb%d1%8f-%d0%b4%d0%b5%d0%b2%d0%be%d1%87%d0%ba%d0%b8-%d0%bc%d0%b8%d1%81%d1%82%d0%b5%d1%80-%d1%81\/\" \/>\n<meta property=\"og:locale\" content=\"ru_RU\" \/>\n<meta property=\"og:type\" content=\"article\" \/>\n<meta property=\"og:title\" content=\"\u041f\u043e\u0434\u0430\u0440\u043e\u0447\u043d\u044b\u0439 \u043d\u0430\u0431\u043e\u0440 \u0434\u043b\u044f \u0434\u0435\u0432\u043e\u0447\u0435\u043a &quot;\u041c\u0438\u0441\u0442\u0435\u0440 \u0421\u043a\u0440\u0430\u0431\u0431\u0435\u0440&quot; - HANNA ORGANIC\" \/>\n<meta property=\"og:description\" content=\"Descriere :  Un set cadou \u00eentr-o cutie luxoas\u0103 cu panglic\u0103 este conceput pentru a oferi o stare de spirit, emo\u021bii pl\u0103cute \u0219i cea mai delicat\u0103 \u00eengrijire Mr.SCRUBBER. Produsele special selectate ofer\u0103 o \u00eengrijire complet\u0103 pentru corp \u0219i fa\u021b\u0103, f\u0103c\u00e2nd cadoul dezirabil \u0219i pl\u0103cut pentru orice s\u0103rb\u0103toare.\" \/>\n<meta property=\"og:url\" content=\"https:\/\/hannaorganic.md\/ru\/produs\/%d0%bf%d0%be%d0%b4%d0%b0%d1%80%d0%be%d1%87%d0%bd%d1%8b%d0%b9-%d0%bd%d0%b0%d0%b1%d0%be%d1%80-%d0%b4%d0%bb%d1%8f-%d0%b4%d0%b5%d0%b2%d0%be%d1%87%d0%ba%d0%b8-%d0%bc%d0%b8%d1%81%d1%82%d0%b5%d1%80-%d1%81\/\" \/>\n<meta property=\"og:site_name\" content=\"HANNA ORGANIC\" \/>\n<meta property=\"article:publisher\" content=\"https:\/\/www.facebook.com\/bluemagic.md\/\" \/>\n<meta property=\"article:modified_time\" content=\"2026-04-18T10:28:11+00:00\" \/>\n<meta property=\"og:image\" content=\"https:\/\/hannaorganic.md\/wp-content\/uploads\/2025\/08\/366DBF28-566A-475B-9193-4572083EE8DE.jpeg\" \/>\n\t<meta property=\"og:image:width\" content=\"1179\" \/>\n\t<meta property=\"og:image:height\" content=\"2096\" \/>\n\t<meta property=\"og:image:type\" content=\"image\/jpeg\" \/>\n<meta name=\"twitter:card\" content=\"summary_large_image\" \/>\n<meta name=\"twitter:label1\" content=\"\u041f\u0440\u0438\u043c\u0435\u0440\u043d\u043e\u0435 \u0432\u0440\u0435\u043c\u044f \u0434\u043b\u044f \u0447\u0442\u0435\u043d\u0438\u044f\" \/>\n\t<meta name=\"twitter:data1\" content=\"1 \u043c\u0438\u043d\u0443\u0442\u0430\" \/>\n<script type=\"application\/ld+json\" class=\"yoast-schema-graph\">{\"@context\":\"https:\\\/\\\/schema.org\",\"@graph\":[{\"@type\":\"WebPage\",\"@id\":\"https:\\\/\\\/hannaorganic.md\\\/ru\\\/produs\\\/%d0%bf%d0%be%d0%b4%d0%b0%d1%80%d0%be%d1%87%d0%bd%d1%8b%d0%b9-%d0%bd%d0%b0%d0%b1%d0%be%d1%80-%d0%b4%d0%bb%d1%8f-%d0%b4%d0%b5%d0%b2%d0%be%d1%87%d0%ba%d0%b8-%d0%bc%d0%b8%d1%81%d1%82%d0%b5%d1%80-%d1%81\\\/\",\"url\":\"https:\\\/\\\/hannaorganic.md\\\/ru\\\/produs\\\/%d0%bf%d0%be%d0%b4%d0%b0%d1%80%d0%be%d1%87%d0%bd%d1%8b%d0%b9-%d0%bd%d0%b0%d0%b1%d0%be%d1%80-%d0%b4%d0%bb%d1%8f-%d0%b4%d0%b5%d0%b2%d0%be%d1%87%d0%ba%d0%b8-%d0%bc%d0%b8%d1%81%d1%82%d0%b5%d1%80-%d1%81\\\/\",\"name\":\"\u041f\u043e\u0434\u0430\u0440\u043e\u0447\u043d\u044b\u0439 \u043d\u0430\u0431\u043e\u0440 \u0434\u043b\u044f \u0434\u0435\u0432\u043e\u0447\u0435\u043a \\\"\u041c\u0438\u0441\u0442\u0435\u0440 \u0421\u043a\u0440\u0430\u0431\u0431\u0435\u0440\\\" - HANNA ORGANIC\",\"isPartOf\":{\"@id\":\"https:\\\/\\\/hannaorganic.md\\\/ru\\\/#website\"},\"primaryImageOfPage\":{\"@id\":\"https:\\\/\\\/hannaorganic.md\\\/ru\\\/produs\\\/%d0%bf%d0%be%d0%b4%d0%b0%d1%80%d0%be%d1%87%d0%bd%d1%8b%d0%b9-%d0%bd%d0%b0%d0%b1%d0%be%d1%80-%d0%b4%d0%bb%d1%8f-%d0%b4%d0%b5%d0%b2%d0%be%d1%87%d0%ba%d0%b8-%d0%bc%d0%b8%d1%81%d1%82%d0%b5%d1%80-%d1%81\\\/#primaryimage\"},\"image\":{\"@id\":\"https:\\\/\\\/hannaorganic.md\\\/ru\\\/produs\\\/%d0%bf%d0%be%d0%b4%d0%b0%d1%80%d0%be%d1%87%d0%bd%d1%8b%d0%b9-%d0%bd%d0%b0%d0%b1%d0%be%d1%80-%d0%b4%d0%bb%d1%8f-%d0%b4%d0%b5%d0%b2%d0%be%d1%87%d0%ba%d0%b8-%d0%bc%d0%b8%d1%81%d1%82%d0%b5%d1%80-%d1%81\\\/#primaryimage\"},\"thumbnailUrl\":\"https:\\\/\\\/hannaorganic.md\\\/wp-content\\\/uploads\\\/2025\\\/08\\\/366DBF28-566A-475B-9193-4572083EE8DE.jpeg\",\"datePublished\":\"2025-08-07T10:14:23+00:00\",\"dateModified\":\"2026-04-18T10:28:11+00:00\",\"breadcrumb\":{\"@id\":\"https:\\\/\\\/hannaorganic.md\\\/ru\\\/produs\\\/%d0%bf%d0%be%d0%b4%d0%b0%d1%80%d0%be%d1%87%d0%bd%d1%8b%d0%b9-%d0%bd%d0%b0%d0%b1%d0%be%d1%80-%d0%b4%d0%bb%d1%8f-%d0%b4%d0%b5%d0%b2%d0%be%d1%87%d0%ba%d0%b8-%d0%bc%d0%b8%d1%81%d1%82%d0%b5%d1%80-%d1%81\\\/#breadcrumb\"},\"inLanguage\":\"ru-RU\",\"potentialAction\":[{\"@type\":\"ReadAction\",\"target\":[\"https:\\\/\\\/hannaorganic.md\\\/ru\\\/produs\\\/%d0%bf%d0%be%d0%b4%d0%b0%d1%80%d0%be%d1%87%d0%bd%d1%8b%d0%b9-%d0%bd%d0%b0%d0%b1%d0%be%d1%80-%d0%b4%d0%bb%d1%8f-%d0%b4%d0%b5%d0%b2%d0%be%d1%87%d0%ba%d0%b8-%d0%bc%d0%b8%d1%81%d1%82%d0%b5%d1%80-%d1%81\\\/\"]}]},{\"@type\":\"ImageObject\",\"inLanguage\":\"ru-RU\",\"@id\":\"https:\\\/\\\/hannaorganic.md\\\/ru\\\/produs\\\/%d0%bf%d0%be%d0%b4%d0%b0%d1%80%d0%be%d1%87%d0%bd%d1%8b%d0%b9-%d0%bd%d0%b0%d0%b1%d0%be%d1%80-%d0%b4%d0%bb%d1%8f-%d0%b4%d0%b5%d0%b2%d0%be%d1%87%d0%ba%d0%b8-%d0%bc%d0%b8%d1%81%d1%82%d0%b5%d1%80-%d1%81\\\/#primaryimage\",\"url\":\"https:\\\/\\\/hannaorganic.md\\\/wp-content\\\/uploads\\\/2025\\\/08\\\/366DBF28-566A-475B-9193-4572083EE8DE.jpeg\",\"contentUrl\":\"https:\\\/\\\/hannaorganic.md\\\/wp-content\\\/uploads\\\/2025\\\/08\\\/366DBF28-566A-475B-9193-4572083EE8DE.jpeg\",\"width\":1179,\"height\":2096},{\"@type\":\"BreadcrumbList\",\"@id\":\"https:\\\/\\\/hannaorganic.md\\\/ru\\\/produs\\\/%d0%bf%d0%be%d0%b4%d0%b0%d1%80%d0%be%d1%87%d0%bd%d1%8b%d0%b9-%d0%bd%d0%b0%d0%b1%d0%be%d1%80-%d0%b4%d0%bb%d1%8f-%d0%b4%d0%b5%d0%b2%d0%be%d1%87%d0%ba%d0%b8-%d0%bc%d0%b8%d1%81%d1%82%d0%b5%d1%80-%d1%81\\\/#breadcrumb\",\"itemListElement\":[{\"@type\":\"ListItem\",\"position\":1,\"name\":\"Prima pagin\u0103\",\"item\":\"https:\\\/\\\/hannaorganic.md\\\/ru\\\/hanna-organic\\\/\"},{\"@type\":\"ListItem\",\"position\":2,\"name\":\"\u041c\u0430\u0433\u0430\u0437\u0438\u043d\",\"item\":\"https:\\\/\\\/hannaorganic.md\\\/ru\\\/shop\\\/\"},{\"@type\":\"ListItem\",\"position\":3,\"name\":\"\u041f\u043e\u0434\u0430\u0440\u043e\u0447\u043d\u044b\u0439 \u043d\u0430\u0431\u043e\u0440 \u0434\u043b\u044f \u0434\u0435\u0432\u043e\u0447\u0435\u043a &#8222;\u041c\u0438\u0441\u0442\u0435\u0440 \u0421\u043a\u0440\u0430\u0431\u0431\u0435\u0440&#8221;\"}]},{\"@type\":\"WebSite\",\"@id\":\"https:\\\/\\\/hannaorganic.md\\\/ru\\\/#website\",\"url\":\"https:\\\/\\\/hannaorganic.md\\\/ru\\\/\",\"name\":\"HANNA ORGANIC\",\"description\":\"Multi-Brand Cosmetic Store\",\"potentialAction\":[{\"@type\":\"SearchAction\",\"target\":{\"@type\":\"EntryPoint\",\"urlTemplate\":\"https:\\\/\\\/hannaorganic.md\\\/ru\\\/?s={search_term_string}\"},\"query-input\":{\"@type\":\"PropertyValueSpecification\",\"valueRequired\":true,\"valueName\":\"search_term_string\"}}],\"inLanguage\":\"ru-RU\"}]}<\/script>\n<!-- \/ Yoast SEO plugin. -->","yoast_head_json":{"title":"\u041f\u043e\u0434\u0430\u0440\u043e\u0447\u043d\u044b\u0439 \u043d\u0430\u0431\u043e\u0440 \u0434\u043b\u044f \u0434\u0435\u0432\u043e\u0447\u0435\u043a \"\u041c\u0438\u0441\u0442\u0435\u0440 \u0421\u043a\u0440\u0430\u0431\u0431\u0435\u0440\" - HANNA ORGANIC","robots":{"index":"index","follow":"follow","max-snippet":"max-snippet:-1","max-image-preview":"max-image-preview:large","max-video-preview":"max-video-preview:-1"},"canonical":"https:\/\/hannaorganic.md\/ru\/produs\/%d0%bf%d0%be%d0%b4%d0%b0%d1%80%d0%be%d1%87%d0%bd%d1%8b%d0%b9-%d0%bd%d0%b0%d0%b1%d0%be%d1%80-%d0%b4%d0%bb%d1%8f-%d0%b4%d0%b5%d0%b2%d0%be%d1%87%d0%ba%d0%b8-%d0%bc%d0%b8%d1%81%d1%82%d0%b5%d1%80-%d1%81\/","og_locale":"ru_RU","og_type":"article","og_title":"\u041f\u043e\u0434\u0430\u0440\u043e\u0447\u043d\u044b\u0439 \u043d\u0430\u0431\u043e\u0440 \u0434\u043b\u044f \u0434\u0435\u0432\u043e\u0447\u0435\u043a \"\u041c\u0438\u0441\u0442\u0435\u0440 \u0421\u043a\u0440\u0430\u0431\u0431\u0435\u0440\" - HANNA ORGANIC","og_description":"Descriere :  Un set cadou \u00eentr-o cutie luxoas\u0103 cu panglic\u0103 este conceput pentru a oferi o stare de spirit, emo\u021bii pl\u0103cute \u0219i cea mai delicat\u0103 \u00eengrijire Mr.SCRUBBER. Produsele special selectate ofer\u0103 o \u00eengrijire complet\u0103 pentru corp \u0219i fa\u021b\u0103, f\u0103c\u00e2nd cadoul dezirabil \u0219i pl\u0103cut pentru orice s\u0103rb\u0103toare.","og_url":"https:\/\/hannaorganic.md\/ru\/produs\/%d0%bf%d0%be%d0%b4%d0%b0%d1%80%d0%be%d1%87%d0%bd%d1%8b%d0%b9-%d0%bd%d0%b0%d0%b1%d0%be%d1%80-%d0%b4%d0%bb%d1%8f-%d0%b4%d0%b5%d0%b2%d0%be%d1%87%d0%ba%d0%b8-%d0%bc%d0%b8%d1%81%d1%82%d0%b5%d1%80-%d1%81\/","og_site_name":"HANNA ORGANIC","article_publisher":"https:\/\/www.facebook.com\/bluemagic.md\/","article_modified_time":"2026-04-18T10:28:11+00:00","og_image":[{"width":1179,"height":2096,"url":"https:\/\/hannaorganic.md\/wp-content\/uploads\/2025\/08\/366DBF28-566A-475B-9193-4572083EE8DE.jpeg","type":"image\/jpeg"}],"twitter_card":"summary_large_image","twitter_misc":{"\u041f\u0440\u0438\u043c\u0435\u0440\u043d\u043e\u0435 \u0432\u0440\u0435\u043c\u044f \u0434\u043b\u044f \u0447\u0442\u0435\u043d\u0438\u044f":"1 \u043c\u0438\u043d\u0443\u0442\u0430"},"schema":{"@context":"https:\/\/schema.org","@graph":[{"@type":"WebPage","@id":"https:\/\/hannaorganic.md\/ru\/produs\/%d0%bf%d0%be%d0%b4%d0%b0%d1%80%d0%be%d1%87%d0%bd%d1%8b%d0%b9-%d0%bd%d0%b0%d0%b1%d0%be%d1%80-%d0%b4%d0%bb%d1%8f-%d0%b4%d0%b5%d0%b2%d0%be%d1%87%d0%ba%d0%b8-%d0%bc%d0%b8%d1%81%d1%82%d0%b5%d1%80-%d1%81\/","url":"https:\/\/hannaorganic.md\/ru\/produs\/%d0%bf%d0%be%d0%b4%d0%b0%d1%80%d0%be%d1%87%d0%bd%d1%8b%d0%b9-%d0%bd%d0%b0%d0%b1%d0%be%d1%80-%d0%b4%d0%bb%d1%8f-%d0%b4%d0%b5%d0%b2%d0%be%d1%87%d0%ba%d0%b8-%d0%bc%d0%b8%d1%81%d1%82%d0%b5%d1%80-%d1%81\/","name":"\u041f\u043e\u0434\u0430\u0440\u043e\u0447\u043d\u044b\u0439 \u043d\u0430\u0431\u043e\u0440 \u0434\u043b\u044f \u0434\u0435\u0432\u043e\u0447\u0435\u043a \"\u041c\u0438\u0441\u0442\u0435\u0440 \u0421\u043a\u0440\u0430\u0431\u0431\u0435\u0440\" - HANNA ORGANIC","isPartOf":{"@id":"https:\/\/hannaorganic.md\/ru\/#website"},"primaryImageOfPage":{"@id":"https:\/\/hannaorganic.md\/ru\/produs\/%d0%bf%d0%be%d0%b4%d0%b0%d1%80%d0%be%d1%87%d0%bd%d1%8b%d0%b9-%d0%bd%d0%b0%d0%b1%d0%be%d1%80-%d0%b4%d0%bb%d1%8f-%d0%b4%d0%b5%d0%b2%d0%be%d1%87%d0%ba%d0%b8-%d0%bc%d0%b8%d1%81%d1%82%d0%b5%d1%80-%d1%81\/#primaryimage"},"image":{"@id":"https:\/\/hannaorganic.md\/ru\/produs\/%d0%bf%d0%be%d0%b4%d0%b0%d1%80%d0%be%d1%87%d0%bd%d1%8b%d0%b9-%d0%bd%d0%b0%d0%b1%d0%be%d1%80-%d0%b4%d0%bb%d1%8f-%d0%b4%d0%b5%d0%b2%d0%be%d1%87%d0%ba%d0%b8-%d0%bc%d0%b8%d1%81%d1%82%d0%b5%d1%80-%d1%81\/#primaryimage"},"thumbnailUrl":"https:\/\/hannaorganic.md\/wp-content\/uploads\/2025\/08\/366DBF28-566A-475B-9193-4572083EE8DE.jpeg","datePublished":"2025-08-07T10:14:23+00:00","dateModified":"2026-04-18T10:28:11+00:00","breadcrumb":{"@id":"https:\/\/hannaorganic.md\/ru\/produs\/%d0%bf%d0%be%d0%b4%d0%b0%d1%80%d0%be%d1%87%d0%bd%d1%8b%d0%b9-%d0%bd%d0%b0%d0%b1%d0%be%d1%80-%d0%b4%d0%bb%d1%8f-%d0%b4%d0%b5%d0%b2%d0%be%d1%87%d0%ba%d0%b8-%d0%bc%d0%b8%d1%81%d1%82%d0%b5%d1%80-%d1%81\/#breadcrumb"},"inLanguage":"ru-RU","potentialAction":[{"@type":"ReadAction","target":["https:\/\/hannaorganic.md\/ru\/produs\/%d0%bf%d0%be%d0%b4%d0%b0%d1%80%d0%be%d1%87%d0%bd%d1%8b%d0%b9-%d0%bd%d0%b0%d0%b1%d0%be%d1%80-%d0%b4%d0%bb%d1%8f-%d0%b4%d0%b5%d0%b2%d0%be%d1%87%d0%ba%d0%b8-%d0%bc%d0%b8%d1%81%d1%82%d0%b5%d1%80-%d1%81\/"]}]},{"@type":"ImageObject","inLanguage":"ru-RU","@id":"https:\/\/hannaorganic.md\/ru\/produs\/%d0%bf%d0%be%d0%b4%d0%b0%d1%80%d0%be%d1%87%d0%bd%d1%8b%d0%b9-%d0%bd%d0%b0%d0%b1%d0%be%d1%80-%d0%b4%d0%bb%d1%8f-%d0%b4%d0%b5%d0%b2%d0%be%d1%87%d0%ba%d0%b8-%d0%bc%d0%b8%d1%81%d1%82%d0%b5%d1%80-%d1%81\/#primaryimage","url":"https:\/\/hannaorganic.md\/wp-content\/uploads\/2025\/08\/366DBF28-566A-475B-9193-4572083EE8DE.jpeg","contentUrl":"https:\/\/hannaorganic.md\/wp-content\/uploads\/2025\/08\/366DBF28-566A-475B-9193-4572083EE8DE.jpeg","width":1179,"height":2096},{"@type":"BreadcrumbList","@id":"https:\/\/hannaorganic.md\/ru\/produs\/%d0%bf%d0%be%d0%b4%d0%b0%d1%80%d0%be%d1%87%d0%bd%d1%8b%d0%b9-%d0%bd%d0%b0%d0%b1%d0%be%d1%80-%d0%b4%d0%bb%d1%8f-%d0%b4%d0%b5%d0%b2%d0%be%d1%87%d0%ba%d0%b8-%d0%bc%d0%b8%d1%81%d1%82%d0%b5%d1%80-%d1%81\/#breadcrumb","itemListElement":[{"@type":"ListItem","position":1,"name":"Prima pagin\u0103","item":"https:\/\/hannaorganic.md\/ru\/hanna-organic\/"},{"@type":"ListItem","position":2,"name":"\u041c\u0430\u0433\u0430\u0437\u0438\u043d","item":"https:\/\/hannaorganic.md\/ru\/shop\/"},{"@type":"ListItem","position":3,"name":"\u041f\u043e\u0434\u0430\u0440\u043e\u0447\u043d\u044b\u0439 \u043d\u0430\u0431\u043e\u0440 \u0434\u043b\u044f \u0434\u0435\u0432\u043e\u0447\u0435\u043a &#8222;\u041c\u0438\u0441\u0442\u0435\u0440 \u0421\u043a\u0440\u0430\u0431\u0431\u0435\u0440&#8221;"}]},{"@type":"WebSite","@id":"https:\/\/hannaorganic.md\/ru\/#website","url":"https:\/\/hannaorganic.md\/ru\/","name":"HANNA ORGANIC","description":"Multi-Brand Cosmetic Store","potentialAction":[{"@type":"SearchAction","target":{"@type":"EntryPoint","urlTemplate":"https:\/\/hannaorganic.md\/ru\/?s={search_term_string}"},"query-input":{"@type":"PropertyValueSpecification","valueRequired":true,"valueName":"search_term_string"}}],"inLanguage":"ru-RU"}]}},"_links":{"self":[{"href":"https:\/\/hannaorganic.md\/ru\/wp-json\/wp\/v2\/product\/85100","targetHints":{"allow":["GET"]}}],"collection":[{"href":"https:\/\/hannaorganic.md\/ru\/wp-json\/wp\/v2\/product"}],"about":[{"href":"https:\/\/hannaorganic.md\/ru\/wp-json\/wp\/v2\/types\/product"}],"wp:featuredmedia":[{"embeddable":true,"href":"https:\/\/hannaorganic.md\/ru\/wp-json\/wp\/v2\/media\/85109"}],"wp:attachment":[{"href":"https:\/\/hannaorganic.md\/ru\/wp-json\/wp\/v2\/media?parent=85100"}],"wp:term":[{"taxonomy":"product_brand","embeddable":true,"href":"https:\/\/hannaorganic.md\/ru\/wp-json\/wp\/v2\/product_brand?post=85100"},{"taxonomy":"product_cat","embeddable":true,"href":"https:\/\/hannaorganic.md\/ru\/wp-json\/wp\/v2\/product_cat?post=85100"},{"taxonomy":"product_tag","embeddable":true,"href":"https:\/\/hannaorganic.md\/ru\/wp-json\/wp\/v2\/product_tag?post=85100"}],"curies":[{"name":"wp","href":"https:\/\/api.w.org\/{rel}","templated":true}]}}