{"id":85153,"date":"2025-08-07T14:18:39","date_gmt":"2025-08-07T12:18:39","guid":{"rendered":"https:\/\/hannaorganic.md\/?post_type=product&#038;p=85153"},"modified":"2026-04-30T11:14:01","modified_gmt":"2026-04-30T09:14:01","slug":"magic-shower-gel-bath-foam-papaya-fruit-mr-scrubber","status":"publish","type":"product","link":"https:\/\/hannaorganic.md\/ru\/produs\/magic-shower-gel-bath-foam-papaya-fruit-mr-scrubber\/","title":{"rendered":"Magic Shower Gel &#038; Bath Foam Papaya Fruit Mr.SCRUBBER"},"content":{"rendered":"<p>Cum func\u021bioneaz\u0103 :<\/p>\n<p>\u2022 glicerina hidrateaz\u0103, \u00eent\u0103re\u0219te bariera protectoare a dermului, elimin\u0103 irita\u021biile \u0219i ro\u0219ea\u021ba;<\/p>\n<p>\u2022 PAR-urile de origine natural\u0103 pe baz\u0103 de ulei de cocos cur\u0103\u021b\u0103 delicat, au un efect de hidratare, fac pielea moale \u0219i m\u0103t\u0103soas\u0103;<\/p>\n<p>\u2022 sarea dezinfecteaz\u0103 pielea, datorit\u0103 con\u021binutului ridicat de sodiu \u0219i calciu, vindec\u0103 leziunile minore;<\/p>\n<p>\u2022 acidul citric exfoliaz\u0103 pielea, \u00eendep\u0103rteaz\u0103 celulele moarte \u0219i promoveaz\u0103 regenerarea lor accelerat\u0103.<\/p>\n<p>Efect :<\/p>\n<p>\u2022 cur\u0103\u021bare delicat\u0103;<\/p>\n<p>\u2022 hidratare;<\/p>\n<p>\u2022 catifelare a pielii.<\/p>\n<p>Ingrediente :\u00a0 Ap\u0103, CocoGlucoside, Cocamidopropyl Betaine, Disodium Lauryl Sulfosuccinate, Sodium C14-16 Olefin Sulfonate, Glicerin\u0103, Clorur\u0103 de sodiu, Glicol Distearate, Cocamide MEA, Laureth-10, Acid citric, Metilcloroizotiazolinon\u0103, Metilizotiazolinon\u0103, Parfum, CI 19140.<\/p>\n<p>Mod de utilizare :\u00a0 Aplica\u021bi gelul pe o lavet\u0103 umed\u0103 \u0219i spuma\u021bi. \u00centinde\u021bi spuma pe tot corpul \u0219i cl\u0103ti\u021bi bine cu ap\u0103.<\/p>\n<p>Contraindica\u021bii : sensibilitate individual\u0103 la componentele produsului. Evita\u021bi contactul cu ochii. \u00cen caz de contact cu ochii, cl\u0103ti\u021bi imediat cu ap\u0103, dac\u0103 este necesar, consulta\u021bi un medic.<\/p>\n<p>Mililitri : 250<\/p>\n","protected":false},"excerpt":{"rendered":"<p>Gelul de du\u0219 parfumat cu un unicorn vesel are o formul\u0103 bl\u00e2nd\u0103, f\u0103r\u0103 sulfa\u021bi, care nu irit\u0103 nici m\u0103car cea mai sensibil\u0103 piele. Las\u0103 o senza\u021bie de tandre\u021be \u0219i men\u021bine echilibrul hidrolipidic.<\/p>\n<p>Potrivit pentru copii de la 3 ani.<\/p>\n","protected":false},"featured_media":85154,"template":"","meta":[],"product_brand":[],"product_cat":[99,2155,96,105,92],"product_tag":[1960,1962,1967,1898,1888,633,1897,1101,1060],"class_list":{"0":"post-85153","1":"product","2":"type-product","3":"status-publish","4":"has-post-thumbnail","6":"product_cat-corp","7":"product_cat-kids","8":"product_cat-mrscrubber-md","9":"product_cat-shower-gel","10":"product_cat-toate-produsele","11":"product_tag-1960","12":"product_tag-copii","13":"product_tag-dust","14":"product_tag-fruit","15":"product_tag-gel-de-dus","16":"product_tag-kids","17":"product_tag-papaya","18":"product_tag-shower-gel","19":"product_tag-unicorn","21":"first","22":"instock","23":"shipping-taxable","24":"purchasable","25":"product-type-simple"},"yoast_head":"<!-- This site is optimized with the Yoast SEO plugin v27.5 - https:\/\/yoast.com\/product\/yoast-seo-wordpress\/ -->\n<title>Magic Shower Gel &amp; Bath Foam Papaya Fruit Mr.SCRUBBER - HANNA ORGANIC<\/title>\n<meta name=\"robots\" content=\"index, follow, max-snippet:-1, max-image-preview:large, max-video-preview:-1\" \/>\n<link rel=\"canonical\" href=\"https:\/\/hannaorganic.md\/ru\/produs\/magic-shower-gel-bath-foam-papaya-fruit-mr-scrubber\/\" \/>\n<meta property=\"og:locale\" content=\"ru_RU\" \/>\n<meta property=\"og:type\" content=\"article\" \/>\n<meta property=\"og:title\" content=\"Magic Shower Gel &amp; Bath Foam Papaya Fruit Mr.SCRUBBER - HANNA ORGANIC\" \/>\n<meta property=\"og:description\" content=\"Gelul de du\u0219 parfumat cu un unicorn vesel are o formul\u0103 bl\u00e2nd\u0103, f\u0103r\u0103 sulfa\u021bi, care nu irit\u0103 nici m\u0103car cea mai sensibil\u0103 piele. Las\u0103 o senza\u021bie de tandre\u021be \u0219i men\u021bine echilibrul hidrolipidic.  Potrivit pentru copii de la 3 ani.\" \/>\n<meta property=\"og:url\" content=\"https:\/\/hannaorganic.md\/ru\/produs\/magic-shower-gel-bath-foam-papaya-fruit-mr-scrubber\/\" \/>\n<meta property=\"og:site_name\" content=\"HANNA ORGANIC\" \/>\n<meta property=\"article:publisher\" content=\"https:\/\/www.facebook.com\/bluemagic.md\/\" \/>\n<meta property=\"article:modified_time\" content=\"2026-04-30T09:14:01+00:00\" \/>\n<meta property=\"og:image\" content=\"https:\/\/hannaorganic.md\/wp-content\/uploads\/2025\/08\/B5A7D2B5-5556-4D71-967D-B6CD3A7D9280.jpeg\" \/>\n\t<meta property=\"og:image:width\" content=\"1179\" \/>\n\t<meta property=\"og:image:height\" content=\"2096\" \/>\n\t<meta property=\"og:image:type\" content=\"image\/jpeg\" \/>\n<meta name=\"twitter:card\" content=\"summary_large_image\" \/>\n<meta name=\"twitter:label1\" content=\"\u041f\u0440\u0438\u043c\u0435\u0440\u043d\u043e\u0435 \u0432\u0440\u0435\u043c\u044f \u0434\u043b\u044f \u0447\u0442\u0435\u043d\u0438\u044f\" \/>\n\t<meta name=\"twitter:data1\" content=\"2 \u043c\u0438\u043d\u0443\u0442\u044b\" \/>\n<script type=\"application\/ld+json\" class=\"yoast-schema-graph\">{\"@context\":\"https:\\\/\\\/schema.org\",\"@graph\":[{\"@type\":\"WebPage\",\"@id\":\"https:\\\/\\\/hannaorganic.md\\\/ru\\\/produs\\\/magic-shower-gel-bath-foam-papaya-fruit-mr-scrubber\\\/\",\"url\":\"https:\\\/\\\/hannaorganic.md\\\/ru\\\/produs\\\/magic-shower-gel-bath-foam-papaya-fruit-mr-scrubber\\\/\",\"name\":\"Magic Shower Gel & Bath Foam Papaya Fruit Mr.SCRUBBER - HANNA ORGANIC\",\"isPartOf\":{\"@id\":\"https:\\\/\\\/hannaorganic.md\\\/ru\\\/#website\"},\"primaryImageOfPage\":{\"@id\":\"https:\\\/\\\/hannaorganic.md\\\/ru\\\/produs\\\/magic-shower-gel-bath-foam-papaya-fruit-mr-scrubber\\\/#primaryimage\"},\"image\":{\"@id\":\"https:\\\/\\\/hannaorganic.md\\\/ru\\\/produs\\\/magic-shower-gel-bath-foam-papaya-fruit-mr-scrubber\\\/#primaryimage\"},\"thumbnailUrl\":\"https:\\\/\\\/hannaorganic.md\\\/wp-content\\\/uploads\\\/2025\\\/08\\\/B5A7D2B5-5556-4D71-967D-B6CD3A7D9280.jpeg\",\"datePublished\":\"2025-08-07T12:18:39+00:00\",\"dateModified\":\"2026-04-30T09:14:01+00:00\",\"breadcrumb\":{\"@id\":\"https:\\\/\\\/hannaorganic.md\\\/ru\\\/produs\\\/magic-shower-gel-bath-foam-papaya-fruit-mr-scrubber\\\/#breadcrumb\"},\"inLanguage\":\"ru-RU\",\"potentialAction\":[{\"@type\":\"ReadAction\",\"target\":[\"https:\\\/\\\/hannaorganic.md\\\/ru\\\/produs\\\/magic-shower-gel-bath-foam-papaya-fruit-mr-scrubber\\\/\"]}]},{\"@type\":\"ImageObject\",\"inLanguage\":\"ru-RU\",\"@id\":\"https:\\\/\\\/hannaorganic.md\\\/ru\\\/produs\\\/magic-shower-gel-bath-foam-papaya-fruit-mr-scrubber\\\/#primaryimage\",\"url\":\"https:\\\/\\\/hannaorganic.md\\\/wp-content\\\/uploads\\\/2025\\\/08\\\/B5A7D2B5-5556-4D71-967D-B6CD3A7D9280.jpeg\",\"contentUrl\":\"https:\\\/\\\/hannaorganic.md\\\/wp-content\\\/uploads\\\/2025\\\/08\\\/B5A7D2B5-5556-4D71-967D-B6CD3A7D9280.jpeg\",\"width\":1179,\"height\":2096},{\"@type\":\"BreadcrumbList\",\"@id\":\"https:\\\/\\\/hannaorganic.md\\\/ru\\\/produs\\\/magic-shower-gel-bath-foam-papaya-fruit-mr-scrubber\\\/#breadcrumb\",\"itemListElement\":[{\"@type\":\"ListItem\",\"position\":1,\"name\":\"Prima pagin\u0103\",\"item\":\"https:\\\/\\\/hannaorganic.md\\\/ru\\\/hanna-organic\\\/\"},{\"@type\":\"ListItem\",\"position\":2,\"name\":\"\u041c\u0430\u0433\u0430\u0437\u0438\u043d\",\"item\":\"https:\\\/\\\/hannaorganic.md\\\/ru\\\/shop\\\/\"},{\"@type\":\"ListItem\",\"position\":3,\"name\":\"Magic Shower Gel &#038; Bath Foam Papaya Fruit Mr.SCRUBBER\"}]},{\"@type\":\"WebSite\",\"@id\":\"https:\\\/\\\/hannaorganic.md\\\/ru\\\/#website\",\"url\":\"https:\\\/\\\/hannaorganic.md\\\/ru\\\/\",\"name\":\"HANNA ORGANIC\",\"description\":\"Multi-Brand Cosmetic Store\",\"potentialAction\":[{\"@type\":\"SearchAction\",\"target\":{\"@type\":\"EntryPoint\",\"urlTemplate\":\"https:\\\/\\\/hannaorganic.md\\\/ru\\\/?s={search_term_string}\"},\"query-input\":{\"@type\":\"PropertyValueSpecification\",\"valueRequired\":true,\"valueName\":\"search_term_string\"}}],\"inLanguage\":\"ru-RU\"}]}<\/script>\n<!-- \/ Yoast SEO plugin. -->","yoast_head_json":{"title":"Magic Shower Gel & Bath Foam Papaya Fruit Mr.SCRUBBER - HANNA ORGANIC","robots":{"index":"index","follow":"follow","max-snippet":"max-snippet:-1","max-image-preview":"max-image-preview:large","max-video-preview":"max-video-preview:-1"},"canonical":"https:\/\/hannaorganic.md\/ru\/produs\/magic-shower-gel-bath-foam-papaya-fruit-mr-scrubber\/","og_locale":"ru_RU","og_type":"article","og_title":"Magic Shower Gel & Bath Foam Papaya Fruit Mr.SCRUBBER - HANNA ORGANIC","og_description":"Gelul de du\u0219 parfumat cu un unicorn vesel are o formul\u0103 bl\u00e2nd\u0103, f\u0103r\u0103 sulfa\u021bi, care nu irit\u0103 nici m\u0103car cea mai sensibil\u0103 piele. Las\u0103 o senza\u021bie de tandre\u021be \u0219i men\u021bine echilibrul hidrolipidic.  Potrivit pentru copii de la 3 ani.","og_url":"https:\/\/hannaorganic.md\/ru\/produs\/magic-shower-gel-bath-foam-papaya-fruit-mr-scrubber\/","og_site_name":"HANNA ORGANIC","article_publisher":"https:\/\/www.facebook.com\/bluemagic.md\/","article_modified_time":"2026-04-30T09:14:01+00:00","og_image":[{"width":1179,"height":2096,"url":"https:\/\/hannaorganic.md\/wp-content\/uploads\/2025\/08\/B5A7D2B5-5556-4D71-967D-B6CD3A7D9280.jpeg","type":"image\/jpeg"}],"twitter_card":"summary_large_image","twitter_misc":{"\u041f\u0440\u0438\u043c\u0435\u0440\u043d\u043e\u0435 \u0432\u0440\u0435\u043c\u044f \u0434\u043b\u044f \u0447\u0442\u0435\u043d\u0438\u044f":"2 \u043c\u0438\u043d\u0443\u0442\u044b"},"schema":{"@context":"https:\/\/schema.org","@graph":[{"@type":"WebPage","@id":"https:\/\/hannaorganic.md\/ru\/produs\/magic-shower-gel-bath-foam-papaya-fruit-mr-scrubber\/","url":"https:\/\/hannaorganic.md\/ru\/produs\/magic-shower-gel-bath-foam-papaya-fruit-mr-scrubber\/","name":"Magic Shower Gel & Bath Foam Papaya Fruit Mr.SCRUBBER - HANNA ORGANIC","isPartOf":{"@id":"https:\/\/hannaorganic.md\/ru\/#website"},"primaryImageOfPage":{"@id":"https:\/\/hannaorganic.md\/ru\/produs\/magic-shower-gel-bath-foam-papaya-fruit-mr-scrubber\/#primaryimage"},"image":{"@id":"https:\/\/hannaorganic.md\/ru\/produs\/magic-shower-gel-bath-foam-papaya-fruit-mr-scrubber\/#primaryimage"},"thumbnailUrl":"https:\/\/hannaorganic.md\/wp-content\/uploads\/2025\/08\/B5A7D2B5-5556-4D71-967D-B6CD3A7D9280.jpeg","datePublished":"2025-08-07T12:18:39+00:00","dateModified":"2026-04-30T09:14:01+00:00","breadcrumb":{"@id":"https:\/\/hannaorganic.md\/ru\/produs\/magic-shower-gel-bath-foam-papaya-fruit-mr-scrubber\/#breadcrumb"},"inLanguage":"ru-RU","potentialAction":[{"@type":"ReadAction","target":["https:\/\/hannaorganic.md\/ru\/produs\/magic-shower-gel-bath-foam-papaya-fruit-mr-scrubber\/"]}]},{"@type":"ImageObject","inLanguage":"ru-RU","@id":"https:\/\/hannaorganic.md\/ru\/produs\/magic-shower-gel-bath-foam-papaya-fruit-mr-scrubber\/#primaryimage","url":"https:\/\/hannaorganic.md\/wp-content\/uploads\/2025\/08\/B5A7D2B5-5556-4D71-967D-B6CD3A7D9280.jpeg","contentUrl":"https:\/\/hannaorganic.md\/wp-content\/uploads\/2025\/08\/B5A7D2B5-5556-4D71-967D-B6CD3A7D9280.jpeg","width":1179,"height":2096},{"@type":"BreadcrumbList","@id":"https:\/\/hannaorganic.md\/ru\/produs\/magic-shower-gel-bath-foam-papaya-fruit-mr-scrubber\/#breadcrumb","itemListElement":[{"@type":"ListItem","position":1,"name":"Prima pagin\u0103","item":"https:\/\/hannaorganic.md\/ru\/hanna-organic\/"},{"@type":"ListItem","position":2,"name":"\u041c\u0430\u0433\u0430\u0437\u0438\u043d","item":"https:\/\/hannaorganic.md\/ru\/shop\/"},{"@type":"ListItem","position":3,"name":"Magic Shower Gel &#038; Bath Foam Papaya Fruit Mr.SCRUBBER"}]},{"@type":"WebSite","@id":"https:\/\/hannaorganic.md\/ru\/#website","url":"https:\/\/hannaorganic.md\/ru\/","name":"HANNA ORGANIC","description":"Multi-Brand Cosmetic Store","potentialAction":[{"@type":"SearchAction","target":{"@type":"EntryPoint","urlTemplate":"https:\/\/hannaorganic.md\/ru\/?s={search_term_string}"},"query-input":{"@type":"PropertyValueSpecification","valueRequired":true,"valueName":"search_term_string"}}],"inLanguage":"ru-RU"}]}},"_links":{"self":[{"href":"https:\/\/hannaorganic.md\/ru\/wp-json\/wp\/v2\/product\/85153","targetHints":{"allow":["GET"]}}],"collection":[{"href":"https:\/\/hannaorganic.md\/ru\/wp-json\/wp\/v2\/product"}],"about":[{"href":"https:\/\/hannaorganic.md\/ru\/wp-json\/wp\/v2\/types\/product"}],"wp:featuredmedia":[{"embeddable":true,"href":"https:\/\/hannaorganic.md\/ru\/wp-json\/wp\/v2\/media\/85154"}],"wp:attachment":[{"href":"https:\/\/hannaorganic.md\/ru\/wp-json\/wp\/v2\/media?parent=85153"}],"wp:term":[{"taxonomy":"product_brand","embeddable":true,"href":"https:\/\/hannaorganic.md\/ru\/wp-json\/wp\/v2\/product_brand?post=85153"},{"taxonomy":"product_cat","embeddable":true,"href":"https:\/\/hannaorganic.md\/ru\/wp-json\/wp\/v2\/product_cat?post=85153"},{"taxonomy":"product_tag","embeddable":true,"href":"https:\/\/hannaorganic.md\/ru\/wp-json\/wp\/v2\/product_tag?post=85153"}],"curies":[{"name":"wp","href":"https:\/\/api.w.org\/{rel}","templated":true}]}}