{"id":85156,"date":"2025-08-07T15:21:37","date_gmt":"2025-08-07T13:21:37","guid":{"rendered":"https:\/\/hannaorganic.md\/?post_type=product&#038;p=85156"},"modified":"2026-04-30T11:12:11","modified_gmt":"2026-04-30T09:12:11","slug":"girls-natural-hair-balm-softsilky-mr-scrubber","status":"publish","type":"product","link":"https:\/\/hannaorganic.md\/ru\/produs\/girls-natural-hair-balm-softsilky-mr-scrubber\/","title":{"rendered":"Girls Natural Hair Balm Soft&#038;Silky Mr.SCRUBBER"},"content":{"rendered":"<p>Cum func\u021bioneaz\u0103 :<br \/>\n\u2022 acidul lactic hidrateaz\u0103 delicat p\u0103rul, adaug\u0103 str\u0103lucire;<br \/>\n\u2022 m\u0103tasea lichid\u0103 \u00eenmoaie \u0219i neteze\u0219te p\u0103rul, \u00eel face moale, str\u0103lucitor \u0219i u\u0219or de aranjat;<br \/>\n\u2022 filtratul de enzime lactobacili hidrateaz\u0103 intens p\u0103rul, \u00eel hr\u0103ne\u0219te din interior, previne fragilitatea \u0219i formarea v\u00e2rfurilor despicate;<br \/>\n\u2022 sucul de aloe vera hidrateaz\u0103 \u0219i \u00eent\u0103re\u0219te p\u0103rul pe \u00eentreaga lungime;<br \/>\n\u2022 pantenolul re\u021bine umiditatea \u00een interiorul p\u0103rului, \u00eembun\u0103t\u0103\u021be\u0219te elasticitatea;<br \/>\n\u2022 uleiul de macadamia hr\u0103ne\u0219te, restaureaz\u0103 p\u0103rul uscat \u0219i deteriorat, confer\u0103 firelor de p\u0103r str\u0103lucire \u0219i rezisten\u021b\u0103, elimin\u0103 usc\u0103ciunea \u0219i \u00eencre\u021birea;<br \/>\n\u2022 acidul citric confer\u0103 str\u0103lucire p\u0103rului, neteze\u0219te, \u201e\u00eenchide\u201d scuamele de p\u0103r, reduce \u201epufose\u021bea\u201d \u0219i previne r\u0103nirea \u00een timpul piept\u0103n\u0103rii;<br \/>\n\u2022 uleiul de avocado hr\u0103ne\u0219te \u0219i neteze\u0219te p\u0103rul.<\/p>\n<p>Efect :<br \/>\n\u2022 hidratare \u0219i hr\u0103nire;<br \/>\n\u2022 netezire, \u00eent\u0103rire pe toat\u0103 lungimea;<br \/>\n\u2022 reducerea \u201epufului\u201d.<\/p>\n<p>Ingrediente : Ap\u0103 (Water), Alcool cetilic, Alcool stearilic, PPG-3 Caprilil Ether, Dipalmitoiletil hidroxietilmoniu metosulfat, Behenamidopropil dimetilamin\u0103, Acid lactic, M\u0103tase hidrolizat\u0103, Ferment de r\u0103d\u0103cin\u0103 de Leuconostoc\/Ridiche, Filtrat de lizat, Pantenol, Pantolacton\u0103, Acid pantoic, Suc de frunze de Aloe Barbadensis, Acid citric, Ulei din semin\u021be de Macadamia Integrifolia, Ulei de Persea Gratissima, Benzoat de sodiu, Sorbat de potasiu, Parfum, Hexametilindanopiran.<\/p>\n<p>Instruc\u021biuni : Aplica\u021bi o cantitate mic\u0103 de produs pe p\u0103rul umed. Masa\u021bi u\u0219or de la mijlocul lungimilor p\u00e2n\u0103 la v\u00e2rfuri. L\u0103sa\u021bi s\u0103 ac\u021bioneze timp de 5-10 minute, apoi cl\u0103ti\u021bi bine cu ap\u0103.<\/p>\n<p>Contraindica\u021bii : sensibilitate individual\u0103 la componentele produsului. Evita\u021bi contactul cu ochii. \u00cen caz de contact cu ochii, cl\u0103ti\u021bi imediat cu ap\u0103, dac\u0103 este necesar, consulta\u021bi un medic.<\/p>\n<p>Mililitri : 200<\/p>\n","protected":false},"excerpt":{"rendered":"<p>Descriere :<\/p>\n<p>Balsamul de p\u0103r Soft &amp; Silky pentru bebelu\u0219i \u00eenmoaie \u0219i neteze\u0219te instantaneu p\u0103rul, previne \u00eencre\u021birea, electricitatea static\u0103 \u0219i \u00eencurcarea. Satureaz\u0103 firele de p\u0103r cu umiditate \u0219i previne pierderea acesteia pe parcursul zilei, \u00eent\u0103re\u0219te structura pe \u00eentreaga lungime, ofer\u0103 str\u0103lucire \u0219i m\u0103t\u0103sime.<\/p>\n","protected":false},"featured_media":85163,"template":"","meta":[],"product_brand":[],"product_cat":[185,101,2155,96,92],"product_tag":[1960,1968,1953,1726,660,633,1969],"class_list":{"0":"post-85156","1":"product","2":"type-product","3":"status-publish","4":"has-post-thumbnail","6":"product_cat-conditioner","7":"product_cat-par","8":"product_cat-kids","9":"product_cat-mrscrubber-md","10":"product_cat-toate-produsele","11":"product_tag-1960","12":"product_tag-balsam","13":"product_tag-fetite","14":"product_tag-girls","15":"product_tag-hair","16":"product_tag-kids","17":"product_tag-par","19":"first","20":"instock","21":"shipping-taxable","22":"purchasable","23":"product-type-simple"},"yoast_head":"<!-- This site is optimized with the Yoast SEO plugin v27.5 - https:\/\/yoast.com\/product\/yoast-seo-wordpress\/ -->\n<title>Girls Natural Hair Balm Soft&amp;Silky Mr.SCRUBBER - HANNA ORGANIC<\/title>\n<meta name=\"robots\" content=\"index, follow, max-snippet:-1, max-image-preview:large, max-video-preview:-1\" \/>\n<link rel=\"canonical\" href=\"https:\/\/hannaorganic.md\/ru\/produs\/girls-natural-hair-balm-softsilky-mr-scrubber\/\" \/>\n<meta property=\"og:locale\" content=\"ru_RU\" \/>\n<meta property=\"og:type\" content=\"article\" \/>\n<meta property=\"og:title\" content=\"Girls Natural Hair Balm Soft&amp;Silky Mr.SCRUBBER - HANNA ORGANIC\" \/>\n<meta property=\"og:description\" content=\"Descriere :  Balsamul de p\u0103r Soft &amp; Silky pentru bebelu\u0219i \u00eenmoaie \u0219i neteze\u0219te instantaneu p\u0103rul, previne \u00eencre\u021birea, electricitatea static\u0103 \u0219i \u00eencurcarea. Satureaz\u0103 firele de p\u0103r cu umiditate \u0219i previne pierderea acesteia pe parcursul zilei, \u00eent\u0103re\u0219te structura pe \u00eentreaga lungime, ofer\u0103 str\u0103lucire \u0219i m\u0103t\u0103sime.\" \/>\n<meta property=\"og:url\" content=\"https:\/\/hannaorganic.md\/ru\/produs\/girls-natural-hair-balm-softsilky-mr-scrubber\/\" \/>\n<meta property=\"og:site_name\" content=\"HANNA ORGANIC\" \/>\n<meta property=\"article:publisher\" content=\"https:\/\/www.facebook.com\/bluemagic.md\/\" \/>\n<meta property=\"article:modified_time\" content=\"2026-04-30T09:12:11+00:00\" \/>\n<meta property=\"og:image\" content=\"https:\/\/hannaorganic.md\/wp-content\/uploads\/2025\/08\/EB8487FA-C8F8-4438-A15A-ADA69581DD97.jpeg\" \/>\n\t<meta property=\"og:image:width\" content=\"1179\" \/>\n\t<meta property=\"og:image:height\" content=\"2096\" \/>\n\t<meta property=\"og:image:type\" content=\"image\/jpeg\" \/>\n<meta name=\"twitter:card\" content=\"summary_large_image\" \/>\n<meta name=\"twitter:label1\" content=\"\u041f\u0440\u0438\u043c\u0435\u0440\u043d\u043e\u0435 \u0432\u0440\u0435\u043c\u044f \u0434\u043b\u044f \u0447\u0442\u0435\u043d\u0438\u044f\" \/>\n\t<meta name=\"twitter:data1\" content=\"2 \u043c\u0438\u043d\u0443\u0442\u044b\" \/>\n<script type=\"application\/ld+json\" class=\"yoast-schema-graph\">{\"@context\":\"https:\\\/\\\/schema.org\",\"@graph\":[{\"@type\":\"WebPage\",\"@id\":\"https:\\\/\\\/hannaorganic.md\\\/ru\\\/produs\\\/girls-natural-hair-balm-softsilky-mr-scrubber\\\/\",\"url\":\"https:\\\/\\\/hannaorganic.md\\\/ru\\\/produs\\\/girls-natural-hair-balm-softsilky-mr-scrubber\\\/\",\"name\":\"Girls Natural Hair Balm Soft&Silky Mr.SCRUBBER - HANNA ORGANIC\",\"isPartOf\":{\"@id\":\"https:\\\/\\\/hannaorganic.md\\\/ru\\\/#website\"},\"primaryImageOfPage\":{\"@id\":\"https:\\\/\\\/hannaorganic.md\\\/ru\\\/produs\\\/girls-natural-hair-balm-softsilky-mr-scrubber\\\/#primaryimage\"},\"image\":{\"@id\":\"https:\\\/\\\/hannaorganic.md\\\/ru\\\/produs\\\/girls-natural-hair-balm-softsilky-mr-scrubber\\\/#primaryimage\"},\"thumbnailUrl\":\"https:\\\/\\\/hannaorganic.md\\\/wp-content\\\/uploads\\\/2025\\\/08\\\/EB8487FA-C8F8-4438-A15A-ADA69581DD97.jpeg\",\"datePublished\":\"2025-08-07T13:21:37+00:00\",\"dateModified\":\"2026-04-30T09:12:11+00:00\",\"breadcrumb\":{\"@id\":\"https:\\\/\\\/hannaorganic.md\\\/ru\\\/produs\\\/girls-natural-hair-balm-softsilky-mr-scrubber\\\/#breadcrumb\"},\"inLanguage\":\"ru-RU\",\"potentialAction\":[{\"@type\":\"ReadAction\",\"target\":[\"https:\\\/\\\/hannaorganic.md\\\/ru\\\/produs\\\/girls-natural-hair-balm-softsilky-mr-scrubber\\\/\"]}]},{\"@type\":\"ImageObject\",\"inLanguage\":\"ru-RU\",\"@id\":\"https:\\\/\\\/hannaorganic.md\\\/ru\\\/produs\\\/girls-natural-hair-balm-softsilky-mr-scrubber\\\/#primaryimage\",\"url\":\"https:\\\/\\\/hannaorganic.md\\\/wp-content\\\/uploads\\\/2025\\\/08\\\/EB8487FA-C8F8-4438-A15A-ADA69581DD97.jpeg\",\"contentUrl\":\"https:\\\/\\\/hannaorganic.md\\\/wp-content\\\/uploads\\\/2025\\\/08\\\/EB8487FA-C8F8-4438-A15A-ADA69581DD97.jpeg\",\"width\":1179,\"height\":2096},{\"@type\":\"BreadcrumbList\",\"@id\":\"https:\\\/\\\/hannaorganic.md\\\/ru\\\/produs\\\/girls-natural-hair-balm-softsilky-mr-scrubber\\\/#breadcrumb\",\"itemListElement\":[{\"@type\":\"ListItem\",\"position\":1,\"name\":\"Prima pagin\u0103\",\"item\":\"https:\\\/\\\/hannaorganic.md\\\/ru\\\/hanna-organic\\\/\"},{\"@type\":\"ListItem\",\"position\":2,\"name\":\"\u041c\u0430\u0433\u0430\u0437\u0438\u043d\",\"item\":\"https:\\\/\\\/hannaorganic.md\\\/ru\\\/shop\\\/\"},{\"@type\":\"ListItem\",\"position\":3,\"name\":\"Girls Natural Hair Balm Soft&#038;Silky Mr.SCRUBBER\"}]},{\"@type\":\"WebSite\",\"@id\":\"https:\\\/\\\/hannaorganic.md\\\/ru\\\/#website\",\"url\":\"https:\\\/\\\/hannaorganic.md\\\/ru\\\/\",\"name\":\"HANNA ORGANIC\",\"description\":\"Multi-Brand Cosmetic Store\",\"potentialAction\":[{\"@type\":\"SearchAction\",\"target\":{\"@type\":\"EntryPoint\",\"urlTemplate\":\"https:\\\/\\\/hannaorganic.md\\\/ru\\\/?s={search_term_string}\"},\"query-input\":{\"@type\":\"PropertyValueSpecification\",\"valueRequired\":true,\"valueName\":\"search_term_string\"}}],\"inLanguage\":\"ru-RU\"}]}<\/script>\n<!-- \/ Yoast SEO plugin. -->","yoast_head_json":{"title":"Girls Natural Hair Balm Soft&Silky Mr.SCRUBBER - HANNA ORGANIC","robots":{"index":"index","follow":"follow","max-snippet":"max-snippet:-1","max-image-preview":"max-image-preview:large","max-video-preview":"max-video-preview:-1"},"canonical":"https:\/\/hannaorganic.md\/ru\/produs\/girls-natural-hair-balm-softsilky-mr-scrubber\/","og_locale":"ru_RU","og_type":"article","og_title":"Girls Natural Hair Balm Soft&Silky Mr.SCRUBBER - HANNA ORGANIC","og_description":"Descriere :  Balsamul de p\u0103r Soft &amp; Silky pentru bebelu\u0219i \u00eenmoaie \u0219i neteze\u0219te instantaneu p\u0103rul, previne \u00eencre\u021birea, electricitatea static\u0103 \u0219i \u00eencurcarea. Satureaz\u0103 firele de p\u0103r cu umiditate \u0219i previne pierderea acesteia pe parcursul zilei, \u00eent\u0103re\u0219te structura pe \u00eentreaga lungime, ofer\u0103 str\u0103lucire \u0219i m\u0103t\u0103sime.","og_url":"https:\/\/hannaorganic.md\/ru\/produs\/girls-natural-hair-balm-softsilky-mr-scrubber\/","og_site_name":"HANNA ORGANIC","article_publisher":"https:\/\/www.facebook.com\/bluemagic.md\/","article_modified_time":"2026-04-30T09:12:11+00:00","og_image":[{"width":1179,"height":2096,"url":"https:\/\/hannaorganic.md\/wp-content\/uploads\/2025\/08\/EB8487FA-C8F8-4438-A15A-ADA69581DD97.jpeg","type":"image\/jpeg"}],"twitter_card":"summary_large_image","twitter_misc":{"\u041f\u0440\u0438\u043c\u0435\u0440\u043d\u043e\u0435 \u0432\u0440\u0435\u043c\u044f \u0434\u043b\u044f \u0447\u0442\u0435\u043d\u0438\u044f":"2 \u043c\u0438\u043d\u0443\u0442\u044b"},"schema":{"@context":"https:\/\/schema.org","@graph":[{"@type":"WebPage","@id":"https:\/\/hannaorganic.md\/ru\/produs\/girls-natural-hair-balm-softsilky-mr-scrubber\/","url":"https:\/\/hannaorganic.md\/ru\/produs\/girls-natural-hair-balm-softsilky-mr-scrubber\/","name":"Girls Natural Hair Balm Soft&Silky Mr.SCRUBBER - HANNA ORGANIC","isPartOf":{"@id":"https:\/\/hannaorganic.md\/ru\/#website"},"primaryImageOfPage":{"@id":"https:\/\/hannaorganic.md\/ru\/produs\/girls-natural-hair-balm-softsilky-mr-scrubber\/#primaryimage"},"image":{"@id":"https:\/\/hannaorganic.md\/ru\/produs\/girls-natural-hair-balm-softsilky-mr-scrubber\/#primaryimage"},"thumbnailUrl":"https:\/\/hannaorganic.md\/wp-content\/uploads\/2025\/08\/EB8487FA-C8F8-4438-A15A-ADA69581DD97.jpeg","datePublished":"2025-08-07T13:21:37+00:00","dateModified":"2026-04-30T09:12:11+00:00","breadcrumb":{"@id":"https:\/\/hannaorganic.md\/ru\/produs\/girls-natural-hair-balm-softsilky-mr-scrubber\/#breadcrumb"},"inLanguage":"ru-RU","potentialAction":[{"@type":"ReadAction","target":["https:\/\/hannaorganic.md\/ru\/produs\/girls-natural-hair-balm-softsilky-mr-scrubber\/"]}]},{"@type":"ImageObject","inLanguage":"ru-RU","@id":"https:\/\/hannaorganic.md\/ru\/produs\/girls-natural-hair-balm-softsilky-mr-scrubber\/#primaryimage","url":"https:\/\/hannaorganic.md\/wp-content\/uploads\/2025\/08\/EB8487FA-C8F8-4438-A15A-ADA69581DD97.jpeg","contentUrl":"https:\/\/hannaorganic.md\/wp-content\/uploads\/2025\/08\/EB8487FA-C8F8-4438-A15A-ADA69581DD97.jpeg","width":1179,"height":2096},{"@type":"BreadcrumbList","@id":"https:\/\/hannaorganic.md\/ru\/produs\/girls-natural-hair-balm-softsilky-mr-scrubber\/#breadcrumb","itemListElement":[{"@type":"ListItem","position":1,"name":"Prima pagin\u0103","item":"https:\/\/hannaorganic.md\/ru\/hanna-organic\/"},{"@type":"ListItem","position":2,"name":"\u041c\u0430\u0433\u0430\u0437\u0438\u043d","item":"https:\/\/hannaorganic.md\/ru\/shop\/"},{"@type":"ListItem","position":3,"name":"Girls Natural Hair Balm Soft&#038;Silky Mr.SCRUBBER"}]},{"@type":"WebSite","@id":"https:\/\/hannaorganic.md\/ru\/#website","url":"https:\/\/hannaorganic.md\/ru\/","name":"HANNA ORGANIC","description":"Multi-Brand Cosmetic Store","potentialAction":[{"@type":"SearchAction","target":{"@type":"EntryPoint","urlTemplate":"https:\/\/hannaorganic.md\/ru\/?s={search_term_string}"},"query-input":{"@type":"PropertyValueSpecification","valueRequired":true,"valueName":"search_term_string"}}],"inLanguage":"ru-RU"}]}},"_links":{"self":[{"href":"https:\/\/hannaorganic.md\/ru\/wp-json\/wp\/v2\/product\/85156","targetHints":{"allow":["GET"]}}],"collection":[{"href":"https:\/\/hannaorganic.md\/ru\/wp-json\/wp\/v2\/product"}],"about":[{"href":"https:\/\/hannaorganic.md\/ru\/wp-json\/wp\/v2\/types\/product"}],"wp:featuredmedia":[{"embeddable":true,"href":"https:\/\/hannaorganic.md\/ru\/wp-json\/wp\/v2\/media\/85163"}],"wp:attachment":[{"href":"https:\/\/hannaorganic.md\/ru\/wp-json\/wp\/v2\/media?parent=85156"}],"wp:term":[{"taxonomy":"product_brand","embeddable":true,"href":"https:\/\/hannaorganic.md\/ru\/wp-json\/wp\/v2\/product_brand?post=85156"},{"taxonomy":"product_cat","embeddable":true,"href":"https:\/\/hannaorganic.md\/ru\/wp-json\/wp\/v2\/product_cat?post=85156"},{"taxonomy":"product_tag","embeddable":true,"href":"https:\/\/hannaorganic.md\/ru\/wp-json\/wp\/v2\/product_tag?post=85156"}],"curies":[{"name":"wp","href":"https:\/\/api.w.org\/{rel}","templated":true}]}}