{"id":85168,"date":"2025-08-07T15:37:25","date_gmt":"2025-08-07T13:37:25","guid":{"rendered":"https:\/\/hannaorganic.md\/?post_type=product&#038;p=85168"},"modified":"2026-04-30T11:12:11","modified_gmt":"2026-04-30T09:12:11","slug":"girls-natural-hair-spray-softsilky-mr-scrubber","status":"publish","type":"product","link":"https:\/\/hannaorganic.md\/ru\/produs\/girls-natural-hair-spray-softsilky-mr-scrubber\/","title":{"rendered":"Girls Natural Hair Spray Soft&amp;Silky Mr.SCRUBBER"},"content":{"rendered":"<p>Cum func\u021bioneaz\u0103 :<br \/>\n\u2022 hidrolizatul de m\u0103tase \u00eenvele\u0219te p\u0103rul \u0219i previne despicarea v\u00e2rfurilor, re\u021bine umiditatea \u00een interior, face p\u0103rul str\u0103lucitor \u0219i elastic. De asemenea, previne electricitatea static\u0103, protejeaz\u0103 de efectele mediului extern;<br \/>\n\u2022 acidul citric confer\u0103 p\u0103rului str\u0103lucire, neteze\u0219te, \u201e\u00eenchide\u201d solzii p\u0103rului, reduce \u201epufose\u021bea\u201d \u0219i previne r\u0103nirea \u00een timpul piept\u0103n\u0103rii;<br \/>\n\u2022 sucul de aloe vera \u00eent\u0103re\u0219te p\u0103rul \u0219i restaureaz\u0103 v\u00e2rfurile deteriorate;<br \/>\n\u2022 pantenolul elimin\u0103 irita\u021biile, descuamarea, hidrateaz\u0103 \u0219i calmeaz\u0103 scalpul.<\/p>\n<p>Efect :<br \/>\n\u2022 piept\u0103nare u\u0219oar\u0103;<br \/>\n\u2022 hidratare \u0219i str\u0103lucire natural\u0103 a p\u0103rului;<br \/>\n\u2022 protec\u021bie \u00eempotriva electricit\u0103\u021bii statice \u0219i a influen\u021belor mediului.<\/p>\n<p>Ingrediente : Ap\u0103 (Water), M\u0103tase hidrolizat\u0103, Gliceride caprilice\/caprice PEG-6, Esteri de glicereth-8 din ulei de m\u0103sline, Filtrat de lizat de fermenta\u021bie din r\u0103d\u0103cin\u0103 de leuconostoc\/ridiche, Hidroxipropilgluconamid\u0103, Gluconat de hidroxipropilamoniu, Inulin\u0103, Oligozaharid\u0103 alfa-glucan, Suc de frunze de Aloe Barbadensis, Acid citric, Pantenol, Pantolacton\u0103, Acid pantoic, EDTA disodic, Acid citric, Benzoat de sodiu, Sorbat de potasiu, Parfum, Hexametilindanopiran.<\/p>\n<p>Instruc\u021biuni : Pulveriza\u021bi uniform pe p\u0103rul uscat sau umed, evit\u00e2nd zona r\u0103d\u0103cinii. Piept\u0103na\u021bi pentru o distribu\u021bie uniform\u0103. Nu cl\u0103ti\u021bi.<br \/>\nContraindica\u021bii: sensibilitate individual\u0103 la componentele produsului. Evita\u021bi contactul cu ochii. \u00cen caz de contact cu ochii, cl\u0103ti\u021bi imediat cu ap\u0103, dac\u0103 este necesar, consulta\u021bi un medic.<\/p>\n<p>Mililitri : 100<\/p>\n","protected":false},"excerpt":{"rendered":"<p>Descriere :<\/p>\n<p>Spray-ul descurc\u0103tor pentru p\u0103r pentru copii Soft &amp; Silky cu hidrolizat de m\u0103tase v\u0103 permite s\u0103 descurca\u021bi chiar \u0219i cel mai rebel p\u0103r. Elimin\u0103 electricitatea static\u0103, \u00eencre\u021birea, adaug\u0103 str\u0103lucire, netezime \u0219i m\u0103t\u0103sime, \u00eent\u0103re\u0219te structura p\u0103rului p\u00e2n\u0103 la v\u00e2rfuri, \u00eengrije\u0219te \u0219i hidrateaz\u0103.<\/p>\n","protected":false},"featured_media":85173,"template":"","meta":[],"product_brand":[],"product_cat":[101,247,2155,96,92],"product_tag":[1972,1953,1726,660,575,1895,1969,1970,1560],"class_list":{"0":"post-85168","1":"product","2":"type-product","3":"status-publish","4":"has-post-thumbnail","6":"product_cat-par","7":"product_cat-hair-spray","8":"product_cat-kids","9":"product_cat-mrscrubber-md","10":"product_cat-toate-produsele","11":"product_tag-descilcire","12":"product_tag-fetite","13":"product_tag-girls","14":"product_tag-hair","15":"product_tag-mr-scrubber","16":"product_tag-natural","17":"product_tag-par","18":"product_tag-soft","19":"product_tag-spray","21":"first","22":"instock","23":"shipping-taxable","24":"purchasable","25":"product-type-simple"},"yoast_head":"<!-- This site is optimized with the Yoast SEO plugin v27.5 - https:\/\/yoast.com\/product\/yoast-seo-wordpress\/ -->\n<title>Girls Natural Hair Spray Soft&amp;Silky Mr.SCRUBBER - HANNA ORGANIC<\/title>\n<meta name=\"robots\" content=\"index, follow, max-snippet:-1, max-image-preview:large, max-video-preview:-1\" \/>\n<link rel=\"canonical\" href=\"https:\/\/hannaorganic.md\/ru\/produs\/girls-natural-hair-spray-softsilky-mr-scrubber\/\" \/>\n<meta property=\"og:locale\" content=\"ru_RU\" \/>\n<meta property=\"og:type\" content=\"article\" \/>\n<meta property=\"og:title\" content=\"Girls Natural Hair Spray Soft&amp;Silky Mr.SCRUBBER - HANNA ORGANIC\" \/>\n<meta property=\"og:description\" content=\"Descriere :  Spray-ul descurc\u0103tor pentru p\u0103r pentru copii Soft &amp; Silky cu hidrolizat de m\u0103tase v\u0103 permite s\u0103 descurca\u021bi chiar \u0219i cel mai rebel p\u0103r. Elimin\u0103 electricitatea static\u0103, \u00eencre\u021birea, adaug\u0103 str\u0103lucire, netezime \u0219i m\u0103t\u0103sime, \u00eent\u0103re\u0219te structura p\u0103rului p\u00e2n\u0103 la v\u00e2rfuri, \u00eengrije\u0219te \u0219i hidrateaz\u0103.\" \/>\n<meta property=\"og:url\" content=\"https:\/\/hannaorganic.md\/ru\/produs\/girls-natural-hair-spray-softsilky-mr-scrubber\/\" \/>\n<meta property=\"og:site_name\" content=\"HANNA ORGANIC\" \/>\n<meta property=\"article:publisher\" content=\"https:\/\/www.facebook.com\/bluemagic.md\/\" \/>\n<meta property=\"article:modified_time\" content=\"2026-04-30T09:12:11+00:00\" \/>\n<meta property=\"og:image\" content=\"https:\/\/hannaorganic.md\/wp-content\/uploads\/2025\/08\/51D0349D-3CB1-4D96-9723-CBD58987C006.jpeg\" \/>\n\t<meta property=\"og:image:width\" content=\"1179\" \/>\n\t<meta property=\"og:image:height\" content=\"2096\" \/>\n\t<meta property=\"og:image:type\" content=\"image\/jpeg\" \/>\n<meta name=\"twitter:card\" content=\"summary_large_image\" \/>\n<meta name=\"twitter:label1\" content=\"\u041f\u0440\u0438\u043c\u0435\u0440\u043d\u043e\u0435 \u0432\u0440\u0435\u043c\u044f \u0434\u043b\u044f \u0447\u0442\u0435\u043d\u0438\u044f\" \/>\n\t<meta name=\"twitter:data1\" content=\"2 \u043c\u0438\u043d\u0443\u0442\u044b\" \/>\n<script type=\"application\/ld+json\" class=\"yoast-schema-graph\">{\"@context\":\"https:\\\/\\\/schema.org\",\"@graph\":[{\"@type\":\"WebPage\",\"@id\":\"https:\\\/\\\/hannaorganic.md\\\/ru\\\/produs\\\/girls-natural-hair-spray-softsilky-mr-scrubber\\\/\",\"url\":\"https:\\\/\\\/hannaorganic.md\\\/ru\\\/produs\\\/girls-natural-hair-spray-softsilky-mr-scrubber\\\/\",\"name\":\"Girls Natural Hair Spray Soft&amp;Silky Mr.SCRUBBER - HANNA ORGANIC\",\"isPartOf\":{\"@id\":\"https:\\\/\\\/hannaorganic.md\\\/ru\\\/#website\"},\"primaryImageOfPage\":{\"@id\":\"https:\\\/\\\/hannaorganic.md\\\/ru\\\/produs\\\/girls-natural-hair-spray-softsilky-mr-scrubber\\\/#primaryimage\"},\"image\":{\"@id\":\"https:\\\/\\\/hannaorganic.md\\\/ru\\\/produs\\\/girls-natural-hair-spray-softsilky-mr-scrubber\\\/#primaryimage\"},\"thumbnailUrl\":\"https:\\\/\\\/hannaorganic.md\\\/wp-content\\\/uploads\\\/2025\\\/08\\\/51D0349D-3CB1-4D96-9723-CBD58987C006.jpeg\",\"datePublished\":\"2025-08-07T13:37:25+00:00\",\"dateModified\":\"2026-04-30T09:12:11+00:00\",\"breadcrumb\":{\"@id\":\"https:\\\/\\\/hannaorganic.md\\\/ru\\\/produs\\\/girls-natural-hair-spray-softsilky-mr-scrubber\\\/#breadcrumb\"},\"inLanguage\":\"ru-RU\",\"potentialAction\":[{\"@type\":\"ReadAction\",\"target\":[\"https:\\\/\\\/hannaorganic.md\\\/ru\\\/produs\\\/girls-natural-hair-spray-softsilky-mr-scrubber\\\/\"]}]},{\"@type\":\"ImageObject\",\"inLanguage\":\"ru-RU\",\"@id\":\"https:\\\/\\\/hannaorganic.md\\\/ru\\\/produs\\\/girls-natural-hair-spray-softsilky-mr-scrubber\\\/#primaryimage\",\"url\":\"https:\\\/\\\/hannaorganic.md\\\/wp-content\\\/uploads\\\/2025\\\/08\\\/51D0349D-3CB1-4D96-9723-CBD58987C006.jpeg\",\"contentUrl\":\"https:\\\/\\\/hannaorganic.md\\\/wp-content\\\/uploads\\\/2025\\\/08\\\/51D0349D-3CB1-4D96-9723-CBD58987C006.jpeg\",\"width\":1179,\"height\":2096},{\"@type\":\"BreadcrumbList\",\"@id\":\"https:\\\/\\\/hannaorganic.md\\\/ru\\\/produs\\\/girls-natural-hair-spray-softsilky-mr-scrubber\\\/#breadcrumb\",\"itemListElement\":[{\"@type\":\"ListItem\",\"position\":1,\"name\":\"Prima pagin\u0103\",\"item\":\"https:\\\/\\\/hannaorganic.md\\\/ru\\\/hanna-organic\\\/\"},{\"@type\":\"ListItem\",\"position\":2,\"name\":\"\u041c\u0430\u0433\u0430\u0437\u0438\u043d\",\"item\":\"https:\\\/\\\/hannaorganic.md\\\/ru\\\/shop\\\/\"},{\"@type\":\"ListItem\",\"position\":3,\"name\":\"Girls Natural Hair Spray Soft&amp;Silky Mr.SCRUBBER\"}]},{\"@type\":\"WebSite\",\"@id\":\"https:\\\/\\\/hannaorganic.md\\\/ru\\\/#website\",\"url\":\"https:\\\/\\\/hannaorganic.md\\\/ru\\\/\",\"name\":\"HANNA ORGANIC\",\"description\":\"Multi-Brand Cosmetic Store\",\"potentialAction\":[{\"@type\":\"SearchAction\",\"target\":{\"@type\":\"EntryPoint\",\"urlTemplate\":\"https:\\\/\\\/hannaorganic.md\\\/ru\\\/?s={search_term_string}\"},\"query-input\":{\"@type\":\"PropertyValueSpecification\",\"valueRequired\":true,\"valueName\":\"search_term_string\"}}],\"inLanguage\":\"ru-RU\"}]}<\/script>\n<!-- \/ Yoast SEO plugin. -->","yoast_head_json":{"title":"Girls Natural Hair Spray Soft&amp;Silky Mr.SCRUBBER - HANNA ORGANIC","robots":{"index":"index","follow":"follow","max-snippet":"max-snippet:-1","max-image-preview":"max-image-preview:large","max-video-preview":"max-video-preview:-1"},"canonical":"https:\/\/hannaorganic.md\/ru\/produs\/girls-natural-hair-spray-softsilky-mr-scrubber\/","og_locale":"ru_RU","og_type":"article","og_title":"Girls Natural Hair Spray Soft&amp;Silky Mr.SCRUBBER - HANNA ORGANIC","og_description":"Descriere :  Spray-ul descurc\u0103tor pentru p\u0103r pentru copii Soft &amp; Silky cu hidrolizat de m\u0103tase v\u0103 permite s\u0103 descurca\u021bi chiar \u0219i cel mai rebel p\u0103r. Elimin\u0103 electricitatea static\u0103, \u00eencre\u021birea, adaug\u0103 str\u0103lucire, netezime \u0219i m\u0103t\u0103sime, \u00eent\u0103re\u0219te structura p\u0103rului p\u00e2n\u0103 la v\u00e2rfuri, \u00eengrije\u0219te \u0219i hidrateaz\u0103.","og_url":"https:\/\/hannaorganic.md\/ru\/produs\/girls-natural-hair-spray-softsilky-mr-scrubber\/","og_site_name":"HANNA ORGANIC","article_publisher":"https:\/\/www.facebook.com\/bluemagic.md\/","article_modified_time":"2026-04-30T09:12:11+00:00","og_image":[{"width":1179,"height":2096,"url":"https:\/\/hannaorganic.md\/wp-content\/uploads\/2025\/08\/51D0349D-3CB1-4D96-9723-CBD58987C006.jpeg","type":"image\/jpeg"}],"twitter_card":"summary_large_image","twitter_misc":{"\u041f\u0440\u0438\u043c\u0435\u0440\u043d\u043e\u0435 \u0432\u0440\u0435\u043c\u044f \u0434\u043b\u044f \u0447\u0442\u0435\u043d\u0438\u044f":"2 \u043c\u0438\u043d\u0443\u0442\u044b"},"schema":{"@context":"https:\/\/schema.org","@graph":[{"@type":"WebPage","@id":"https:\/\/hannaorganic.md\/ru\/produs\/girls-natural-hair-spray-softsilky-mr-scrubber\/","url":"https:\/\/hannaorganic.md\/ru\/produs\/girls-natural-hair-spray-softsilky-mr-scrubber\/","name":"Girls Natural Hair Spray Soft&amp;Silky Mr.SCRUBBER - HANNA ORGANIC","isPartOf":{"@id":"https:\/\/hannaorganic.md\/ru\/#website"},"primaryImageOfPage":{"@id":"https:\/\/hannaorganic.md\/ru\/produs\/girls-natural-hair-spray-softsilky-mr-scrubber\/#primaryimage"},"image":{"@id":"https:\/\/hannaorganic.md\/ru\/produs\/girls-natural-hair-spray-softsilky-mr-scrubber\/#primaryimage"},"thumbnailUrl":"https:\/\/hannaorganic.md\/wp-content\/uploads\/2025\/08\/51D0349D-3CB1-4D96-9723-CBD58987C006.jpeg","datePublished":"2025-08-07T13:37:25+00:00","dateModified":"2026-04-30T09:12:11+00:00","breadcrumb":{"@id":"https:\/\/hannaorganic.md\/ru\/produs\/girls-natural-hair-spray-softsilky-mr-scrubber\/#breadcrumb"},"inLanguage":"ru-RU","potentialAction":[{"@type":"ReadAction","target":["https:\/\/hannaorganic.md\/ru\/produs\/girls-natural-hair-spray-softsilky-mr-scrubber\/"]}]},{"@type":"ImageObject","inLanguage":"ru-RU","@id":"https:\/\/hannaorganic.md\/ru\/produs\/girls-natural-hair-spray-softsilky-mr-scrubber\/#primaryimage","url":"https:\/\/hannaorganic.md\/wp-content\/uploads\/2025\/08\/51D0349D-3CB1-4D96-9723-CBD58987C006.jpeg","contentUrl":"https:\/\/hannaorganic.md\/wp-content\/uploads\/2025\/08\/51D0349D-3CB1-4D96-9723-CBD58987C006.jpeg","width":1179,"height":2096},{"@type":"BreadcrumbList","@id":"https:\/\/hannaorganic.md\/ru\/produs\/girls-natural-hair-spray-softsilky-mr-scrubber\/#breadcrumb","itemListElement":[{"@type":"ListItem","position":1,"name":"Prima pagin\u0103","item":"https:\/\/hannaorganic.md\/ru\/hanna-organic\/"},{"@type":"ListItem","position":2,"name":"\u041c\u0430\u0433\u0430\u0437\u0438\u043d","item":"https:\/\/hannaorganic.md\/ru\/shop\/"},{"@type":"ListItem","position":3,"name":"Girls Natural Hair Spray Soft&amp;Silky Mr.SCRUBBER"}]},{"@type":"WebSite","@id":"https:\/\/hannaorganic.md\/ru\/#website","url":"https:\/\/hannaorganic.md\/ru\/","name":"HANNA ORGANIC","description":"Multi-Brand Cosmetic Store","potentialAction":[{"@type":"SearchAction","target":{"@type":"EntryPoint","urlTemplate":"https:\/\/hannaorganic.md\/ru\/?s={search_term_string}"},"query-input":{"@type":"PropertyValueSpecification","valueRequired":true,"valueName":"search_term_string"}}],"inLanguage":"ru-RU"}]}},"_links":{"self":[{"href":"https:\/\/hannaorganic.md\/ru\/wp-json\/wp\/v2\/product\/85168","targetHints":{"allow":["GET"]}}],"collection":[{"href":"https:\/\/hannaorganic.md\/ru\/wp-json\/wp\/v2\/product"}],"about":[{"href":"https:\/\/hannaorganic.md\/ru\/wp-json\/wp\/v2\/types\/product"}],"wp:featuredmedia":[{"embeddable":true,"href":"https:\/\/hannaorganic.md\/ru\/wp-json\/wp\/v2\/media\/85173"}],"wp:attachment":[{"href":"https:\/\/hannaorganic.md\/ru\/wp-json\/wp\/v2\/media?parent=85168"}],"wp:term":[{"taxonomy":"product_brand","embeddable":true,"href":"https:\/\/hannaorganic.md\/ru\/wp-json\/wp\/v2\/product_brand?post=85168"},{"taxonomy":"product_cat","embeddable":true,"href":"https:\/\/hannaorganic.md\/ru\/wp-json\/wp\/v2\/product_cat?post=85168"},{"taxonomy":"product_tag","embeddable":true,"href":"https:\/\/hannaorganic.md\/ru\/wp-json\/wp\/v2\/product_tag?post=85168"}],"curies":[{"name":"wp","href":"https:\/\/api.w.org\/{rel}","templated":true}]}}