{"id":85180,"date":"2025-08-07T15:55:57","date_gmt":"2025-08-07T13:55:57","guid":{"rendered":"https:\/\/hannaorganic.md\/?post_type=product&#038;p=85180"},"modified":"2026-04-30T11:11:05","modified_gmt":"2026-04-30T09:11:05","slug":"boys-natural-hair-pomade-barber-junior-mr-scrubber","status":"publish","type":"product","link":"https:\/\/hannaorganic.md\/ru\/produs\/boys-natural-hair-pomade-barber-junior-mr-scrubber\/","title":{"rendered":"Boys Natural Hair Pomade Barber Junior Mr.SCRUBBER"},"content":{"rendered":"<p>Efect :<br \/>\n\u2022 coafarea u\u0219oar\u0103 \u0219i confortabil\u0103 a p\u0103rului;<br \/>\n\u2022 fixarea fiabil\u0103 a coafurii;<br \/>\n\u2022 f\u0103r\u0103 a se lipi \u0219i a se lipi firele de p\u0103r.<\/p>\n<p>Ingrediente : Ap\u0103, Ceteareth-20, PVP, Peg-6 Gliceride Caprilice\/Caprice, Propilen Glicol, Glicerin\u0103, Pantenol, Pantolacton\u0103, Acid Pantoic, Fenoxietanol, Etilhexilglicerin\u0103, Parfum, CI 42090.<\/p>\n<p>Mod de utilizare : Freca\u021bi o cantitate mic\u0103 de produs \u00een palme, aplica\u021bi pe p\u0103rul curat, coafa\u021bi ca de obicei.<br \/>\nContraindica\u021bii: sensibilitate individual\u0103 la componentele produsului. Evita\u021bi contactul cu ochii. \u00cen caz de contact cu ochii, cl\u0103ti\u021bi imediat cu ap\u0103, dac\u0103 este necesar, consulta\u021bi un medic.<\/p>\n<p>Mililitri : 40<\/p>\n","protected":false},"excerpt":{"rendered":"<p>Descriere :<\/p>\n<p>Pomada de coafat pentru copii Barber Junior fixeaz\u0103 \u00een mod fiabil chiar \u0219i cel mai rebel p\u0103r. Produsul ajut\u0103 la crearea unei coafuri elegante, f\u0103r\u0103 a se lipi \u0219i a se lipi \u00een c\u00e2teva minute. Compozi\u021bia con\u021bine glicerin\u0103 \u0219i pantenol, care hidrateaz\u0103 p\u0103rul, \u00eei confer\u0103 rezisten\u021b\u0103 \u0219i str\u0103lucire.<\/p>\n","protected":false},"featured_media":85183,"template":"","meta":[],"product_brand":[],"product_cat":[1557,2155,265,96,92],"product_tag":[1960,1978,1976,1973,1975,1962,660,1974,633,575,1979],"class_list":{"0":"post-85180","1":"product","2":"type-product","3":"status-publish","4":"has-post-thumbnail","6":"product_cat-hair","7":"product_cat-kids","8":"product_cat-man","9":"product_cat-mrscrubber-md","10":"product_cat-toate-produsele","11":"product_tag-1960","12":"product_tag-aranjare","13":"product_tag-baieti","14":"product_tag-barber","15":"product_tag-boys","16":"product_tag-copii","17":"product_tag-hair","18":"product_tag-junior","19":"product_tag-kids","20":"product_tag-mr-scrubber","21":"product_tag-pasta-pentru-par","23":"first","24":"instock","25":"shipping-taxable","26":"purchasable","27":"product-type-simple"},"yoast_head":"<!-- This site is optimized with the Yoast SEO plugin v27.5 - https:\/\/yoast.com\/product\/yoast-seo-wordpress\/ -->\n<title>Boys Natural Hair Pomade Barber Junior Mr.SCRUBBER - HANNA ORGANIC<\/title>\n<meta name=\"robots\" content=\"index, follow, max-snippet:-1, max-image-preview:large, max-video-preview:-1\" \/>\n<link rel=\"canonical\" href=\"https:\/\/hannaorganic.md\/ru\/produs\/boys-natural-hair-pomade-barber-junior-mr-scrubber\/\" \/>\n<meta property=\"og:locale\" content=\"ru_RU\" \/>\n<meta property=\"og:type\" content=\"article\" \/>\n<meta property=\"og:title\" content=\"Boys Natural Hair Pomade Barber Junior Mr.SCRUBBER - HANNA ORGANIC\" \/>\n<meta property=\"og:description\" content=\"Descriere :  Pomada de coafat pentru copii Barber Junior fixeaz\u0103 \u00een mod fiabil chiar \u0219i cel mai rebel p\u0103r. Produsul ajut\u0103 la crearea unei coafuri elegante, f\u0103r\u0103 a se lipi \u0219i a se lipi \u00een c\u00e2teva minute. Compozi\u021bia con\u021bine glicerin\u0103 \u0219i pantenol, care hidrateaz\u0103 p\u0103rul, \u00eei confer\u0103 rezisten\u021b\u0103 \u0219i str\u0103lucire.\" \/>\n<meta property=\"og:url\" content=\"https:\/\/hannaorganic.md\/ru\/produs\/boys-natural-hair-pomade-barber-junior-mr-scrubber\/\" \/>\n<meta property=\"og:site_name\" content=\"HANNA ORGANIC\" \/>\n<meta property=\"article:publisher\" content=\"https:\/\/www.facebook.com\/bluemagic.md\/\" \/>\n<meta property=\"article:modified_time\" content=\"2026-04-30T09:11:05+00:00\" \/>\n<meta property=\"og:image\" content=\"https:\/\/hannaorganic.md\/wp-content\/uploads\/2025\/08\/IMG_3137.jpeg\" \/>\n\t<meta property=\"og:image:width\" content=\"859\" \/>\n\t<meta property=\"og:image:height\" content=\"1014\" \/>\n\t<meta property=\"og:image:type\" content=\"image\/jpeg\" \/>\n<meta name=\"twitter:card\" content=\"summary_large_image\" \/>\n<meta name=\"twitter:label1\" content=\"\u041f\u0440\u0438\u043c\u0435\u0440\u043d\u043e\u0435 \u0432\u0440\u0435\u043c\u044f \u0434\u043b\u044f \u0447\u0442\u0435\u043d\u0438\u044f\" \/>\n\t<meta name=\"twitter:data1\" content=\"1 \u043c\u0438\u043d\u0443\u0442\u0430\" \/>\n<script type=\"application\/ld+json\" class=\"yoast-schema-graph\">{\"@context\":\"https:\\\/\\\/schema.org\",\"@graph\":[{\"@type\":\"WebPage\",\"@id\":\"https:\\\/\\\/hannaorganic.md\\\/ru\\\/produs\\\/boys-natural-hair-pomade-barber-junior-mr-scrubber\\\/\",\"url\":\"https:\\\/\\\/hannaorganic.md\\\/ru\\\/produs\\\/boys-natural-hair-pomade-barber-junior-mr-scrubber\\\/\",\"name\":\"Boys Natural Hair Pomade Barber Junior Mr.SCRUBBER - HANNA ORGANIC\",\"isPartOf\":{\"@id\":\"https:\\\/\\\/hannaorganic.md\\\/ru\\\/#website\"},\"primaryImageOfPage\":{\"@id\":\"https:\\\/\\\/hannaorganic.md\\\/ru\\\/produs\\\/boys-natural-hair-pomade-barber-junior-mr-scrubber\\\/#primaryimage\"},\"image\":{\"@id\":\"https:\\\/\\\/hannaorganic.md\\\/ru\\\/produs\\\/boys-natural-hair-pomade-barber-junior-mr-scrubber\\\/#primaryimage\"},\"thumbnailUrl\":\"https:\\\/\\\/hannaorganic.md\\\/wp-content\\\/uploads\\\/2025\\\/08\\\/IMG_3137.jpeg\",\"datePublished\":\"2025-08-07T13:55:57+00:00\",\"dateModified\":\"2026-04-30T09:11:05+00:00\",\"breadcrumb\":{\"@id\":\"https:\\\/\\\/hannaorganic.md\\\/ru\\\/produs\\\/boys-natural-hair-pomade-barber-junior-mr-scrubber\\\/#breadcrumb\"},\"inLanguage\":\"ru-RU\",\"potentialAction\":[{\"@type\":\"ReadAction\",\"target\":[\"https:\\\/\\\/hannaorganic.md\\\/ru\\\/produs\\\/boys-natural-hair-pomade-barber-junior-mr-scrubber\\\/\"]}]},{\"@type\":\"ImageObject\",\"inLanguage\":\"ru-RU\",\"@id\":\"https:\\\/\\\/hannaorganic.md\\\/ru\\\/produs\\\/boys-natural-hair-pomade-barber-junior-mr-scrubber\\\/#primaryimage\",\"url\":\"https:\\\/\\\/hannaorganic.md\\\/wp-content\\\/uploads\\\/2025\\\/08\\\/IMG_3137.jpeg\",\"contentUrl\":\"https:\\\/\\\/hannaorganic.md\\\/wp-content\\\/uploads\\\/2025\\\/08\\\/IMG_3137.jpeg\",\"width\":859,\"height\":1014},{\"@type\":\"BreadcrumbList\",\"@id\":\"https:\\\/\\\/hannaorganic.md\\\/ru\\\/produs\\\/boys-natural-hair-pomade-barber-junior-mr-scrubber\\\/#breadcrumb\",\"itemListElement\":[{\"@type\":\"ListItem\",\"position\":1,\"name\":\"Prima pagin\u0103\",\"item\":\"https:\\\/\\\/hannaorganic.md\\\/ru\\\/hanna-organic\\\/\"},{\"@type\":\"ListItem\",\"position\":2,\"name\":\"\u041c\u0430\u0433\u0430\u0437\u0438\u043d\",\"item\":\"https:\\\/\\\/hannaorganic.md\\\/ru\\\/shop\\\/\"},{\"@type\":\"ListItem\",\"position\":3,\"name\":\"Boys Natural Hair Pomade Barber Junior Mr.SCRUBBER\"}]},{\"@type\":\"WebSite\",\"@id\":\"https:\\\/\\\/hannaorganic.md\\\/ru\\\/#website\",\"url\":\"https:\\\/\\\/hannaorganic.md\\\/ru\\\/\",\"name\":\"HANNA ORGANIC\",\"description\":\"Multi-Brand Cosmetic Store\",\"potentialAction\":[{\"@type\":\"SearchAction\",\"target\":{\"@type\":\"EntryPoint\",\"urlTemplate\":\"https:\\\/\\\/hannaorganic.md\\\/ru\\\/?s={search_term_string}\"},\"query-input\":{\"@type\":\"PropertyValueSpecification\",\"valueRequired\":true,\"valueName\":\"search_term_string\"}}],\"inLanguage\":\"ru-RU\"}]}<\/script>\n<!-- \/ Yoast SEO plugin. -->","yoast_head_json":{"title":"Boys Natural Hair Pomade Barber Junior Mr.SCRUBBER - HANNA ORGANIC","robots":{"index":"index","follow":"follow","max-snippet":"max-snippet:-1","max-image-preview":"max-image-preview:large","max-video-preview":"max-video-preview:-1"},"canonical":"https:\/\/hannaorganic.md\/ru\/produs\/boys-natural-hair-pomade-barber-junior-mr-scrubber\/","og_locale":"ru_RU","og_type":"article","og_title":"Boys Natural Hair Pomade Barber Junior Mr.SCRUBBER - HANNA ORGANIC","og_description":"Descriere :  Pomada de coafat pentru copii Barber Junior fixeaz\u0103 \u00een mod fiabil chiar \u0219i cel mai rebel p\u0103r. Produsul ajut\u0103 la crearea unei coafuri elegante, f\u0103r\u0103 a se lipi \u0219i a se lipi \u00een c\u00e2teva minute. Compozi\u021bia con\u021bine glicerin\u0103 \u0219i pantenol, care hidrateaz\u0103 p\u0103rul, \u00eei confer\u0103 rezisten\u021b\u0103 \u0219i str\u0103lucire.","og_url":"https:\/\/hannaorganic.md\/ru\/produs\/boys-natural-hair-pomade-barber-junior-mr-scrubber\/","og_site_name":"HANNA ORGANIC","article_publisher":"https:\/\/www.facebook.com\/bluemagic.md\/","article_modified_time":"2026-04-30T09:11:05+00:00","og_image":[{"width":859,"height":1014,"url":"https:\/\/hannaorganic.md\/wp-content\/uploads\/2025\/08\/IMG_3137.jpeg","type":"image\/jpeg"}],"twitter_card":"summary_large_image","twitter_misc":{"\u041f\u0440\u0438\u043c\u0435\u0440\u043d\u043e\u0435 \u0432\u0440\u0435\u043c\u044f \u0434\u043b\u044f \u0447\u0442\u0435\u043d\u0438\u044f":"1 \u043c\u0438\u043d\u0443\u0442\u0430"},"schema":{"@context":"https:\/\/schema.org","@graph":[{"@type":"WebPage","@id":"https:\/\/hannaorganic.md\/ru\/produs\/boys-natural-hair-pomade-barber-junior-mr-scrubber\/","url":"https:\/\/hannaorganic.md\/ru\/produs\/boys-natural-hair-pomade-barber-junior-mr-scrubber\/","name":"Boys Natural Hair Pomade Barber Junior Mr.SCRUBBER - HANNA ORGANIC","isPartOf":{"@id":"https:\/\/hannaorganic.md\/ru\/#website"},"primaryImageOfPage":{"@id":"https:\/\/hannaorganic.md\/ru\/produs\/boys-natural-hair-pomade-barber-junior-mr-scrubber\/#primaryimage"},"image":{"@id":"https:\/\/hannaorganic.md\/ru\/produs\/boys-natural-hair-pomade-barber-junior-mr-scrubber\/#primaryimage"},"thumbnailUrl":"https:\/\/hannaorganic.md\/wp-content\/uploads\/2025\/08\/IMG_3137.jpeg","datePublished":"2025-08-07T13:55:57+00:00","dateModified":"2026-04-30T09:11:05+00:00","breadcrumb":{"@id":"https:\/\/hannaorganic.md\/ru\/produs\/boys-natural-hair-pomade-barber-junior-mr-scrubber\/#breadcrumb"},"inLanguage":"ru-RU","potentialAction":[{"@type":"ReadAction","target":["https:\/\/hannaorganic.md\/ru\/produs\/boys-natural-hair-pomade-barber-junior-mr-scrubber\/"]}]},{"@type":"ImageObject","inLanguage":"ru-RU","@id":"https:\/\/hannaorganic.md\/ru\/produs\/boys-natural-hair-pomade-barber-junior-mr-scrubber\/#primaryimage","url":"https:\/\/hannaorganic.md\/wp-content\/uploads\/2025\/08\/IMG_3137.jpeg","contentUrl":"https:\/\/hannaorganic.md\/wp-content\/uploads\/2025\/08\/IMG_3137.jpeg","width":859,"height":1014},{"@type":"BreadcrumbList","@id":"https:\/\/hannaorganic.md\/ru\/produs\/boys-natural-hair-pomade-barber-junior-mr-scrubber\/#breadcrumb","itemListElement":[{"@type":"ListItem","position":1,"name":"Prima pagin\u0103","item":"https:\/\/hannaorganic.md\/ru\/hanna-organic\/"},{"@type":"ListItem","position":2,"name":"\u041c\u0430\u0433\u0430\u0437\u0438\u043d","item":"https:\/\/hannaorganic.md\/ru\/shop\/"},{"@type":"ListItem","position":3,"name":"Boys Natural Hair Pomade Barber Junior Mr.SCRUBBER"}]},{"@type":"WebSite","@id":"https:\/\/hannaorganic.md\/ru\/#website","url":"https:\/\/hannaorganic.md\/ru\/","name":"HANNA ORGANIC","description":"Multi-Brand Cosmetic Store","potentialAction":[{"@type":"SearchAction","target":{"@type":"EntryPoint","urlTemplate":"https:\/\/hannaorganic.md\/ru\/?s={search_term_string}"},"query-input":{"@type":"PropertyValueSpecification","valueRequired":true,"valueName":"search_term_string"}}],"inLanguage":"ru-RU"}]}},"_links":{"self":[{"href":"https:\/\/hannaorganic.md\/ru\/wp-json\/wp\/v2\/product\/85180","targetHints":{"allow":["GET"]}}],"collection":[{"href":"https:\/\/hannaorganic.md\/ru\/wp-json\/wp\/v2\/product"}],"about":[{"href":"https:\/\/hannaorganic.md\/ru\/wp-json\/wp\/v2\/types\/product"}],"wp:featuredmedia":[{"embeddable":true,"href":"https:\/\/hannaorganic.md\/ru\/wp-json\/wp\/v2\/media\/85183"}],"wp:attachment":[{"href":"https:\/\/hannaorganic.md\/ru\/wp-json\/wp\/v2\/media?parent=85180"}],"wp:term":[{"taxonomy":"product_brand","embeddable":true,"href":"https:\/\/hannaorganic.md\/ru\/wp-json\/wp\/v2\/product_brand?post=85180"},{"taxonomy":"product_cat","embeddable":true,"href":"https:\/\/hannaorganic.md\/ru\/wp-json\/wp\/v2\/product_cat?post=85180"},{"taxonomy":"product_tag","embeddable":true,"href":"https:\/\/hannaorganic.md\/ru\/wp-json\/wp\/v2\/product_tag?post=85180"}],"curies":[{"name":"wp","href":"https:\/\/api.w.org\/{rel}","templated":true}]}}