{"id":85237,"date":"2025-08-07T17:14:17","date_gmt":"2025-08-07T15:14:17","guid":{"rendered":"https:\/\/hannaorganic.md\/?post_type=product&#038;p=85237"},"modified":"2025-08-07T17:16:07","modified_gmt":"2025-08-07T15:16:07","slug":"4d-hyaluronic-acid-hydrating-face-cleansing-gel-mr-scrubber","status":"publish","type":"product","link":"https:\/\/hannaorganic.md\/ru\/produs\/4d-hyaluronic-acid-hydrating-face-cleansing-gel-mr-scrubber\/","title":{"rendered":"4D Hyaluronic Acid Hydrating Face Cleansing Gel Mr.SCRUBBER"},"content":{"rendered":"<p>Cum func\u021bioneaz\u0103 :<br \/>\n\u2022 Acidul hialuronic 4D formeaz\u0103 o re\u021bea tridimensional\u0103 la suprafa\u021ba pielii pentru a re\u021bine umiditatea. Creeaz\u0103 o pelicul\u0103 respirabil\u0103 \u0219i previne pierderea transepidermal\u0103 a umidit\u0103\u021bii, restabile\u0219te \u0219i \u00eent\u0103re\u0219te bariera natural\u0103. Hidrateaz\u0103 straturile superioare ale pielii \u0219i protejeaz\u0103 \u00eempotriva influen\u021belor negative ale mediului;<br \/>\n\u2022 Glicerina hidrateaz\u0103, \u00eent\u0103re\u0219te bariera protectoare a pielii, elimin\u0103 irita\u021biile \u0219i ro\u0219ea\u021ba;<br \/>\n\u2022 Factor natural de hidratare \u2013 este format din aminoacizi (glicin\u0103 \u0219i lizin\u0103), uree \u0219i acizi AHA (malic, tartric, citric, glicolic \u0219i lactic). Aminoacizii \u00eent\u0103resc bariera protectoare a pielii, protejeaz\u0103 \u00eempotriva usc\u0103ciunii, \u00eei cresc elasticitatea. Ureea \u00eenmoaie pielea \u0219i o preg\u0103te\u0219te pentru absorb\u021bia acidului hialuronic. Acizii AHA promoveaz\u0103 regenerarea celulelor pielii, \u00eembun\u0103t\u0103\u021besc textura \u0219i aspectul acesteia.<\/p>\n<p>\u2022 Fitopeptidele \u00eenmoaie \u0219i hidrateaz\u0103 pielea, stimuleaz\u0103 regenerarea acesteia.<\/p>\n<p>Efect :<br \/>\n\u2022 cur\u0103\u021bare bl\u00e2nd\u0103 a tuturor tipurilor de impurit\u0103\u021bi,<br \/>\n\u2022 protec\u021bie \u00eempotriva usc\u0103ciunii \u0219i descuam\u0103rii,<br \/>\n\u2022 \u00eembun\u0103t\u0103\u021birea fermit\u0103\u021bii, tonusului \u0219i elasticit\u0103\u021bii pielii.<\/p>\n<p>Compozi\u021bie : Ap\u0103 [Water], Glicerin\u0103, Cocoil Glutamat de Sodiu, Lauroil \/ Miristoil Metil Glucamid\u0103, Capriloil \/ Caproil Metil Glucamid\u0103, Propilen Glicol, Clorur\u0103 de Sodiu, Acid Sorbic, Xilitilglucozid\u0103, Anhidroxilitol, Xilitol, Gum\u0103 Xantan, Acid Citric, Uree, Glucoz\u0103, Fructoz\u0103, Protein\u0103 de Gr\u00e2u Hidrolizat\u0103, Glutamat de Sodiu, Glicin\u0103, Lizin\u0103, Acid Malic, Acid Tartric, Acid Glicolic, Acid Lactic, PCA de Sodiu, Hidrolizat de Amidon Hidrogenat, Hidroxid de Sodiu, Hidroxid de Potasiu, Hialuronat de Sodiu Crosspolimer, Hialuronat de Sodiu, Hialuronat Acetilat de Sodiu, Hialuronat de Sodiu Hidrolizat, Pentilen Glicol, Etilhexilglicerin\u0103, Acriloildimetiltaurat de Amoniu \/ Acrilat de Carboxietil Crosspolimer, Benzoat de Sodiu, Sorbat de Potasiu Metilcloroizotiazolinon\u0103, Metilizotiazolinon\u0103, Parfum, Ulei de coaj\u0103 de Citrus Aurantium Amara, Hexametilindanopiran, Hexil Cinnamal, CI 17200.<\/p>\n<p>Mod de utilizare : Aplica\u021bi gelul pe fa\u021ba umed\u0103 cu mi\u0219c\u0103ri u\u0219oare de masaj, cl\u0103ti\u021bi cu mult\u0103 ap\u0103. Utiliza\u021bi de dou\u0103 ori pe zi: diminea\u021ba \u0219i seara. Pentru a ob\u021bine un efect maxim, v\u0103 recomand\u0103m s\u0103 utiliza\u021bi un complex de produse din seria 4D Hyaluronic Acid.<\/p>\n<p>Contraindica\u021bii : sensibilitate individual\u0103 la componentele produsului. Evita\u021bi contactul cu ochii. \u00cen caz de contact cu ochii, cl\u0103ti\u021bi imediat cu ap\u0103, dac\u0103 este necesar, consulta\u021bi un medic.<\/p>\n<p>Mililitri : 150<\/p>\n","protected":false},"excerpt":{"rendered":"<p>Descriere :<\/p>\n<p>Gel hidratant pentru sp\u0103lare 4D Hyaluronic Acid cu acid hialuronic 4D \u00eendep\u0103rteaz\u0103 \u00een profunzime \u0219i delicat toate tipurile de murd\u0103rie, nu provoac\u0103 irita\u021bii sau usc\u0103ciune, men\u021bine tenul proasp\u0103t \u0219i \u00eengrijit. \u00cembog\u0103\u021bit cu componente hidratante, gelul previne apari\u021bia descuam\u0103rii sau a disconfortului, men\u021bine echilibrul hidrolipidic.<\/p>\n","protected":false},"featured_media":85240,"template":"","meta":[],"product_brand":[],"product_cat":[100,111,96,92],"product_tag":[1981,1845,1293,1920,852,1986,1796,575,1895],"class_list":{"0":"post-85237","1":"product","2":"type-product","3":"status-publish","4":"has-post-thumbnail","6":"product_cat-fata","7":"product_cat-face-wash","8":"product_cat-mrscrubber-md","9":"product_cat-toate-produsele","10":"product_tag-4d","11":"product_tag-cleansing","12":"product_tag-face","13":"product_tag-fata","14":"product_tag-gel","15":"product_tag-gel-de-curatare","16":"product_tag-hydrating","17":"product_tag-mr-scrubber","18":"product_tag-natural","20":"first","21":"instock","22":"shipping-taxable","23":"purchasable","24":"product-type-simple"},"yoast_head":"<!-- This site is optimized with the Yoast SEO plugin v27.5 - https:\/\/yoast.com\/product\/yoast-seo-wordpress\/ -->\n<title>4D Hyaluronic Acid Hydrating Face Cleansing Gel Mr.SCRUBBER - HANNA ORGANIC<\/title>\n<meta name=\"robots\" content=\"index, follow, max-snippet:-1, max-image-preview:large, max-video-preview:-1\" \/>\n<link rel=\"canonical\" href=\"https:\/\/hannaorganic.md\/ru\/produs\/4d-hyaluronic-acid-hydrating-face-cleansing-gel-mr-scrubber\/\" \/>\n<meta property=\"og:locale\" content=\"ru_RU\" \/>\n<meta property=\"og:type\" content=\"article\" \/>\n<meta property=\"og:title\" content=\"4D Hyaluronic Acid Hydrating Face Cleansing Gel Mr.SCRUBBER - HANNA ORGANIC\" \/>\n<meta property=\"og:description\" content=\"Descriere :  Gel hidratant pentru sp\u0103lare 4D Hyaluronic Acid cu acid hialuronic 4D \u00eendep\u0103rteaz\u0103 \u00een profunzime \u0219i delicat toate tipurile de murd\u0103rie, nu provoac\u0103 irita\u021bii sau usc\u0103ciune, men\u021bine tenul proasp\u0103t \u0219i \u00eengrijit. \u00cembog\u0103\u021bit cu componente hidratante, gelul previne apari\u021bia descuam\u0103rii sau a disconfortului, men\u021bine echilibrul hidrolipidic.\" \/>\n<meta property=\"og:url\" content=\"https:\/\/hannaorganic.md\/ru\/produs\/4d-hyaluronic-acid-hydrating-face-cleansing-gel-mr-scrubber\/\" \/>\n<meta property=\"og:site_name\" content=\"HANNA ORGANIC\" \/>\n<meta property=\"article:publisher\" content=\"https:\/\/www.facebook.com\/bluemagic.md\/\" \/>\n<meta property=\"article:modified_time\" content=\"2025-08-07T15:16:07+00:00\" \/>\n<meta property=\"og:image\" content=\"https:\/\/hannaorganic.md\/wp-content\/uploads\/2025\/08\/IMG_3154.jpeg\" \/>\n\t<meta property=\"og:image:width\" content=\"917\" \/>\n\t<meta property=\"og:image:height\" content=\"1003\" \/>\n\t<meta property=\"og:image:type\" content=\"image\/jpeg\" \/>\n<meta name=\"twitter:card\" content=\"summary_large_image\" \/>\n<meta name=\"twitter:label1\" content=\"\u041f\u0440\u0438\u043c\u0435\u0440\u043d\u043e\u0435 \u0432\u0440\u0435\u043c\u044f \u0434\u043b\u044f \u0447\u0442\u0435\u043d\u0438\u044f\" \/>\n\t<meta name=\"twitter:data1\" content=\"2 \u043c\u0438\u043d\u0443\u0442\u044b\" \/>\n<script type=\"application\/ld+json\" class=\"yoast-schema-graph\">{\"@context\":\"https:\\\/\\\/schema.org\",\"@graph\":[{\"@type\":\"WebPage\",\"@id\":\"https:\\\/\\\/hannaorganic.md\\\/ru\\\/produs\\\/4d-hyaluronic-acid-hydrating-face-cleansing-gel-mr-scrubber\\\/\",\"url\":\"https:\\\/\\\/hannaorganic.md\\\/ru\\\/produs\\\/4d-hyaluronic-acid-hydrating-face-cleansing-gel-mr-scrubber\\\/\",\"name\":\"4D Hyaluronic Acid Hydrating Face Cleansing Gel Mr.SCRUBBER - HANNA ORGANIC\",\"isPartOf\":{\"@id\":\"https:\\\/\\\/hannaorganic.md\\\/ru\\\/#website\"},\"primaryImageOfPage\":{\"@id\":\"https:\\\/\\\/hannaorganic.md\\\/ru\\\/produs\\\/4d-hyaluronic-acid-hydrating-face-cleansing-gel-mr-scrubber\\\/#primaryimage\"},\"image\":{\"@id\":\"https:\\\/\\\/hannaorganic.md\\\/ru\\\/produs\\\/4d-hyaluronic-acid-hydrating-face-cleansing-gel-mr-scrubber\\\/#primaryimage\"},\"thumbnailUrl\":\"https:\\\/\\\/hannaorganic.md\\\/wp-content\\\/uploads\\\/2025\\\/08\\\/IMG_3154.jpeg\",\"datePublished\":\"2025-08-07T15:14:17+00:00\",\"dateModified\":\"2025-08-07T15:16:07+00:00\",\"breadcrumb\":{\"@id\":\"https:\\\/\\\/hannaorganic.md\\\/ru\\\/produs\\\/4d-hyaluronic-acid-hydrating-face-cleansing-gel-mr-scrubber\\\/#breadcrumb\"},\"inLanguage\":\"ru-RU\",\"potentialAction\":[{\"@type\":\"ReadAction\",\"target\":[\"https:\\\/\\\/hannaorganic.md\\\/ru\\\/produs\\\/4d-hyaluronic-acid-hydrating-face-cleansing-gel-mr-scrubber\\\/\"]}]},{\"@type\":\"ImageObject\",\"inLanguage\":\"ru-RU\",\"@id\":\"https:\\\/\\\/hannaorganic.md\\\/ru\\\/produs\\\/4d-hyaluronic-acid-hydrating-face-cleansing-gel-mr-scrubber\\\/#primaryimage\",\"url\":\"https:\\\/\\\/hannaorganic.md\\\/wp-content\\\/uploads\\\/2025\\\/08\\\/IMG_3154.jpeg\",\"contentUrl\":\"https:\\\/\\\/hannaorganic.md\\\/wp-content\\\/uploads\\\/2025\\\/08\\\/IMG_3154.jpeg\",\"width\":917,\"height\":1003},{\"@type\":\"BreadcrumbList\",\"@id\":\"https:\\\/\\\/hannaorganic.md\\\/ru\\\/produs\\\/4d-hyaluronic-acid-hydrating-face-cleansing-gel-mr-scrubber\\\/#breadcrumb\",\"itemListElement\":[{\"@type\":\"ListItem\",\"position\":1,\"name\":\"Prima pagin\u0103\",\"item\":\"https:\\\/\\\/hannaorganic.md\\\/ru\\\/hanna-organic\\\/\"},{\"@type\":\"ListItem\",\"position\":2,\"name\":\"\u041c\u0430\u0433\u0430\u0437\u0438\u043d\",\"item\":\"https:\\\/\\\/hannaorganic.md\\\/ru\\\/shop\\\/\"},{\"@type\":\"ListItem\",\"position\":3,\"name\":\"4D Hyaluronic Acid Hydrating Face Cleansing Gel Mr.SCRUBBER\"}]},{\"@type\":\"WebSite\",\"@id\":\"https:\\\/\\\/hannaorganic.md\\\/ru\\\/#website\",\"url\":\"https:\\\/\\\/hannaorganic.md\\\/ru\\\/\",\"name\":\"HANNA ORGANIC\",\"description\":\"Multi-Brand Cosmetic Store\",\"potentialAction\":[{\"@type\":\"SearchAction\",\"target\":{\"@type\":\"EntryPoint\",\"urlTemplate\":\"https:\\\/\\\/hannaorganic.md\\\/ru\\\/?s={search_term_string}\"},\"query-input\":{\"@type\":\"PropertyValueSpecification\",\"valueRequired\":true,\"valueName\":\"search_term_string\"}}],\"inLanguage\":\"ru-RU\"}]}<\/script>\n<!-- \/ Yoast SEO plugin. -->","yoast_head_json":{"title":"4D Hyaluronic Acid Hydrating Face Cleansing Gel Mr.SCRUBBER - HANNA ORGANIC","robots":{"index":"index","follow":"follow","max-snippet":"max-snippet:-1","max-image-preview":"max-image-preview:large","max-video-preview":"max-video-preview:-1"},"canonical":"https:\/\/hannaorganic.md\/ru\/produs\/4d-hyaluronic-acid-hydrating-face-cleansing-gel-mr-scrubber\/","og_locale":"ru_RU","og_type":"article","og_title":"4D Hyaluronic Acid Hydrating Face Cleansing Gel Mr.SCRUBBER - HANNA ORGANIC","og_description":"Descriere :  Gel hidratant pentru sp\u0103lare 4D Hyaluronic Acid cu acid hialuronic 4D \u00eendep\u0103rteaz\u0103 \u00een profunzime \u0219i delicat toate tipurile de murd\u0103rie, nu provoac\u0103 irita\u021bii sau usc\u0103ciune, men\u021bine tenul proasp\u0103t \u0219i \u00eengrijit. \u00cembog\u0103\u021bit cu componente hidratante, gelul previne apari\u021bia descuam\u0103rii sau a disconfortului, men\u021bine echilibrul hidrolipidic.","og_url":"https:\/\/hannaorganic.md\/ru\/produs\/4d-hyaluronic-acid-hydrating-face-cleansing-gel-mr-scrubber\/","og_site_name":"HANNA ORGANIC","article_publisher":"https:\/\/www.facebook.com\/bluemagic.md\/","article_modified_time":"2025-08-07T15:16:07+00:00","og_image":[{"width":917,"height":1003,"url":"https:\/\/hannaorganic.md\/wp-content\/uploads\/2025\/08\/IMG_3154.jpeg","type":"image\/jpeg"}],"twitter_card":"summary_large_image","twitter_misc":{"\u041f\u0440\u0438\u043c\u0435\u0440\u043d\u043e\u0435 \u0432\u0440\u0435\u043c\u044f \u0434\u043b\u044f \u0447\u0442\u0435\u043d\u0438\u044f":"2 \u043c\u0438\u043d\u0443\u0442\u044b"},"schema":{"@context":"https:\/\/schema.org","@graph":[{"@type":"WebPage","@id":"https:\/\/hannaorganic.md\/ru\/produs\/4d-hyaluronic-acid-hydrating-face-cleansing-gel-mr-scrubber\/","url":"https:\/\/hannaorganic.md\/ru\/produs\/4d-hyaluronic-acid-hydrating-face-cleansing-gel-mr-scrubber\/","name":"4D Hyaluronic Acid Hydrating Face Cleansing Gel Mr.SCRUBBER - HANNA ORGANIC","isPartOf":{"@id":"https:\/\/hannaorganic.md\/ru\/#website"},"primaryImageOfPage":{"@id":"https:\/\/hannaorganic.md\/ru\/produs\/4d-hyaluronic-acid-hydrating-face-cleansing-gel-mr-scrubber\/#primaryimage"},"image":{"@id":"https:\/\/hannaorganic.md\/ru\/produs\/4d-hyaluronic-acid-hydrating-face-cleansing-gel-mr-scrubber\/#primaryimage"},"thumbnailUrl":"https:\/\/hannaorganic.md\/wp-content\/uploads\/2025\/08\/IMG_3154.jpeg","datePublished":"2025-08-07T15:14:17+00:00","dateModified":"2025-08-07T15:16:07+00:00","breadcrumb":{"@id":"https:\/\/hannaorganic.md\/ru\/produs\/4d-hyaluronic-acid-hydrating-face-cleansing-gel-mr-scrubber\/#breadcrumb"},"inLanguage":"ru-RU","potentialAction":[{"@type":"ReadAction","target":["https:\/\/hannaorganic.md\/ru\/produs\/4d-hyaluronic-acid-hydrating-face-cleansing-gel-mr-scrubber\/"]}]},{"@type":"ImageObject","inLanguage":"ru-RU","@id":"https:\/\/hannaorganic.md\/ru\/produs\/4d-hyaluronic-acid-hydrating-face-cleansing-gel-mr-scrubber\/#primaryimage","url":"https:\/\/hannaorganic.md\/wp-content\/uploads\/2025\/08\/IMG_3154.jpeg","contentUrl":"https:\/\/hannaorganic.md\/wp-content\/uploads\/2025\/08\/IMG_3154.jpeg","width":917,"height":1003},{"@type":"BreadcrumbList","@id":"https:\/\/hannaorganic.md\/ru\/produs\/4d-hyaluronic-acid-hydrating-face-cleansing-gel-mr-scrubber\/#breadcrumb","itemListElement":[{"@type":"ListItem","position":1,"name":"Prima pagin\u0103","item":"https:\/\/hannaorganic.md\/ru\/hanna-organic\/"},{"@type":"ListItem","position":2,"name":"\u041c\u0430\u0433\u0430\u0437\u0438\u043d","item":"https:\/\/hannaorganic.md\/ru\/shop\/"},{"@type":"ListItem","position":3,"name":"4D Hyaluronic Acid Hydrating Face Cleansing Gel Mr.SCRUBBER"}]},{"@type":"WebSite","@id":"https:\/\/hannaorganic.md\/ru\/#website","url":"https:\/\/hannaorganic.md\/ru\/","name":"HANNA ORGANIC","description":"Multi-Brand Cosmetic Store","potentialAction":[{"@type":"SearchAction","target":{"@type":"EntryPoint","urlTemplate":"https:\/\/hannaorganic.md\/ru\/?s={search_term_string}"},"query-input":{"@type":"PropertyValueSpecification","valueRequired":true,"valueName":"search_term_string"}}],"inLanguage":"ru-RU"}]}},"_links":{"self":[{"href":"https:\/\/hannaorganic.md\/ru\/wp-json\/wp\/v2\/product\/85237","targetHints":{"allow":["GET"]}}],"collection":[{"href":"https:\/\/hannaorganic.md\/ru\/wp-json\/wp\/v2\/product"}],"about":[{"href":"https:\/\/hannaorganic.md\/ru\/wp-json\/wp\/v2\/types\/product"}],"wp:featuredmedia":[{"embeddable":true,"href":"https:\/\/hannaorganic.md\/ru\/wp-json\/wp\/v2\/media\/85240"}],"wp:attachment":[{"href":"https:\/\/hannaorganic.md\/ru\/wp-json\/wp\/v2\/media?parent=85237"}],"wp:term":[{"taxonomy":"product_brand","embeddable":true,"href":"https:\/\/hannaorganic.md\/ru\/wp-json\/wp\/v2\/product_brand?post=85237"},{"taxonomy":"product_cat","embeddable":true,"href":"https:\/\/hannaorganic.md\/ru\/wp-json\/wp\/v2\/product_cat?post=85237"},{"taxonomy":"product_tag","embeddable":true,"href":"https:\/\/hannaorganic.md\/ru\/wp-json\/wp\/v2\/product_tag?post=85237"}],"curies":[{"name":"wp","href":"https:\/\/api.w.org\/{rel}","templated":true}]}}