{"id":85540,"date":"2025-08-16T17:16:07","date_gmt":"2025-08-16T15:16:07","guid":{"rendered":"https:\/\/hannaorganic.md\/?post_type=product&#038;p=85540"},"modified":"2026-04-18T12:15:07","modified_gmt":"2026-04-18T10:15:07","slug":"body-shimmer-bronze-01-luster-hollyskin","status":"publish","type":"product","link":"https:\/\/hannaorganic.md\/ru\/produs\/body-shimmer-bronze-01-luster-hollyskin\/","title":{"rendered":"Body Shimmer Bronze.01 Luster HOLLYSKIN"},"content":{"rendered":"<p>Nume : HOLLYSKIN Luster Body Shimmer bronze. 01<\/p>\n<p>-Squalanul restabile\u0219te bariera natural\u0103 a pielii, calmeaz\u0103 \u0219i reduce senza\u021bia de usc\u0103ciune.<\/p>\n<p>-Uleiul de avocado \u00eenmoaie, neteze\u0219te, hr\u0103ne\u0219te intens pielea uscat\u0103 \u0219i foarte uscat\u0103, \u00eei \u00eent\u0103re\u0219te bariera protectoare, previne pierderea transepidermal\u0103 a umidit\u0103\u021bii.<\/p>\n<p>Ingrediente : Ap\u0103 (Water), Mic\u0103, Glicerin\u0103, Triglicerid\u0103 caprilic\u0103\/capric\u0103, Copolimer acriloildimetiltaurat de amoniu\/Vp, Propilen glicol, Alcool T-butilic, Squalan, Ulei de Persea Gratissima, EDTA disodic, Fenoxietanol, Etilhexilglicerin\u0103, Parfum, Cumarin\u0103, Limonene, Linalool, CI 77891.<\/p>\n<p>Mod de utilizare : Aplica\u021bi o cantitate mic\u0103 pe corp cu mi\u0219c\u0103ri de masaj. Poate l\u0103sa urme pe haine. Pentru a preveni acest lucru, aplica\u021bi pe zonele expuse ale corpului, a\u0219tepta\u021bi c\u00e2teva minute p\u00e2n\u0103 la absorb\u021bia complet\u0103.<br \/>\nVolum : 150 ml 5.07 fl oz<br \/>\nV\u00e2rst\u0103 : 18+<\/p>\n","protected":false},"excerpt":{"rendered":"<p>Descoper\u0103 noi fa\u021bete ale frumuse\u021bii \u0219i perfec\u021biunii! Particulele str\u0103lucitoare reflectorizante modeleaz\u0103 silueta, subliniaz\u0103 farmecul corpului, ajut\u0103 la str\u0103lucirea \u00een orice zi, pe orice vreme.<\/p>\n<p>Produsul se potrive\u0219te perfect pielii, o hidrateaz\u0103 \u00een profunzime, nuan\u021beaz\u0103 frumos bronzul \u0219i reduce vizibilitatea vergeturilor \u0219i a petelor de v\u00e2rst\u0103, neteze\u0219te toate neregularit\u0103\u021bile, confer\u0103 corpului o str\u0103lucire ame\u021bitoare \u0219i misterioas\u0103 \u0219i o arom\u0103 incredibil\u0103! Sunt permise reziduurile de ingrediente naturale.<\/p>\n","protected":false},"featured_media":85543,"template":"","meta":[],"product_brand":[],"product_cat":[99,253,123,92],"product_tag":[2022,1343,1397,1258,2023,594],"class_list":{"0":"post-85540","1":"product","2":"type-product","3":"status-publish","4":"has-post-thumbnail","6":"product_cat-corp","7":"product_cat-body-shimmer","8":"product_cat-holly-skin","9":"product_cat-toate-produsele","10":"product_tag-avocado-oil","11":"product_tag-body","12":"product_tag-bronze","13":"product_tag-hollyskin","14":"product_tag-luster","15":"product_tag-shimmer","17":"first","18":"instock","19":"shipping-taxable","20":"purchasable","21":"product-type-simple"},"yoast_head":"<!-- This site is optimized with the Yoast SEO plugin v27.5 - https:\/\/yoast.com\/product\/yoast-seo-wordpress\/ -->\n<title>Body Shimmer Bronze.01 Luster HOLLYSKIN - HANNA ORGANIC<\/title>\n<meta name=\"robots\" content=\"index, follow, max-snippet:-1, max-image-preview:large, max-video-preview:-1\" \/>\n<link rel=\"canonical\" href=\"https:\/\/hannaorganic.md\/ru\/produs\/body-shimmer-bronze-01-luster-hollyskin\/\" \/>\n<meta property=\"og:locale\" content=\"ru_RU\" \/>\n<meta property=\"og:type\" content=\"article\" \/>\n<meta property=\"og:title\" content=\"Body Shimmer Bronze.01 Luster HOLLYSKIN - HANNA ORGANIC\" \/>\n<meta property=\"og:description\" content=\"Descoper\u0103 noi fa\u021bete ale frumuse\u021bii \u0219i perfec\u021biunii! Particulele str\u0103lucitoare reflectorizante modeleaz\u0103 silueta, subliniaz\u0103 farmecul corpului, ajut\u0103 la str\u0103lucirea \u00een orice zi, pe orice vreme.  Produsul se potrive\u0219te perfect pielii, o hidrateaz\u0103 \u00een profunzime, nuan\u021beaz\u0103 frumos bronzul \u0219i reduce vizibilitatea vergeturilor \u0219i a petelor de v\u00e2rst\u0103, neteze\u0219te toate neregularit\u0103\u021bile, confer\u0103 corpului o str\u0103lucire ame\u021bitoare \u0219i misterioas\u0103 \u0219i o arom\u0103 incredibil\u0103! Sunt permise reziduurile de ingrediente naturale.\" \/>\n<meta property=\"og:url\" content=\"https:\/\/hannaorganic.md\/ru\/produs\/body-shimmer-bronze-01-luster-hollyskin\/\" \/>\n<meta property=\"og:site_name\" content=\"HANNA ORGANIC\" \/>\n<meta property=\"article:publisher\" content=\"https:\/\/www.facebook.com\/bluemagic.md\/\" \/>\n<meta property=\"article:modified_time\" content=\"2026-04-18T10:15:07+00:00\" \/>\n<meta property=\"og:image\" content=\"https:\/\/hannaorganic.md\/wp-content\/uploads\/2025\/08\/IMG_3587.jpeg\" \/>\n\t<meta property=\"og:image:width\" content=\"1179\" \/>\n\t<meta property=\"og:image:height\" content=\"1699\" \/>\n\t<meta property=\"og:image:type\" content=\"image\/jpeg\" \/>\n<meta name=\"twitter:card\" content=\"summary_large_image\" \/>\n<meta name=\"twitter:label1\" content=\"\u041f\u0440\u0438\u043c\u0435\u0440\u043d\u043e\u0435 \u0432\u0440\u0435\u043c\u044f \u0434\u043b\u044f \u0447\u0442\u0435\u043d\u0438\u044f\" \/>\n\t<meta name=\"twitter:data1\" content=\"1 \u043c\u0438\u043d\u0443\u0442\u0430\" \/>\n<script type=\"application\/ld+json\" class=\"yoast-schema-graph\">{\"@context\":\"https:\\\/\\\/schema.org\",\"@graph\":[{\"@type\":\"WebPage\",\"@id\":\"https:\\\/\\\/hannaorganic.md\\\/ru\\\/produs\\\/body-shimmer-bronze-01-luster-hollyskin\\\/\",\"url\":\"https:\\\/\\\/hannaorganic.md\\\/ru\\\/produs\\\/body-shimmer-bronze-01-luster-hollyskin\\\/\",\"name\":\"Body Shimmer Bronze.01 Luster HOLLYSKIN - HANNA ORGANIC\",\"isPartOf\":{\"@id\":\"https:\\\/\\\/hannaorganic.md\\\/ru\\\/#website\"},\"primaryImageOfPage\":{\"@id\":\"https:\\\/\\\/hannaorganic.md\\\/ru\\\/produs\\\/body-shimmer-bronze-01-luster-hollyskin\\\/#primaryimage\"},\"image\":{\"@id\":\"https:\\\/\\\/hannaorganic.md\\\/ru\\\/produs\\\/body-shimmer-bronze-01-luster-hollyskin\\\/#primaryimage\"},\"thumbnailUrl\":\"https:\\\/\\\/hannaorganic.md\\\/wp-content\\\/uploads\\\/2025\\\/08\\\/IMG_3587.jpeg\",\"datePublished\":\"2025-08-16T15:16:07+00:00\",\"dateModified\":\"2026-04-18T10:15:07+00:00\",\"breadcrumb\":{\"@id\":\"https:\\\/\\\/hannaorganic.md\\\/ru\\\/produs\\\/body-shimmer-bronze-01-luster-hollyskin\\\/#breadcrumb\"},\"inLanguage\":\"ru-RU\",\"potentialAction\":[{\"@type\":\"ReadAction\",\"target\":[\"https:\\\/\\\/hannaorganic.md\\\/ru\\\/produs\\\/body-shimmer-bronze-01-luster-hollyskin\\\/\"]}]},{\"@type\":\"ImageObject\",\"inLanguage\":\"ru-RU\",\"@id\":\"https:\\\/\\\/hannaorganic.md\\\/ru\\\/produs\\\/body-shimmer-bronze-01-luster-hollyskin\\\/#primaryimage\",\"url\":\"https:\\\/\\\/hannaorganic.md\\\/wp-content\\\/uploads\\\/2025\\\/08\\\/IMG_3587.jpeg\",\"contentUrl\":\"https:\\\/\\\/hannaorganic.md\\\/wp-content\\\/uploads\\\/2025\\\/08\\\/IMG_3587.jpeg\",\"width\":1179,\"height\":1699},{\"@type\":\"BreadcrumbList\",\"@id\":\"https:\\\/\\\/hannaorganic.md\\\/ru\\\/produs\\\/body-shimmer-bronze-01-luster-hollyskin\\\/#breadcrumb\",\"itemListElement\":[{\"@type\":\"ListItem\",\"position\":1,\"name\":\"Prima pagin\u0103\",\"item\":\"https:\\\/\\\/hannaorganic.md\\\/ru\\\/hanna-organic\\\/\"},{\"@type\":\"ListItem\",\"position\":2,\"name\":\"\u041c\u0430\u0433\u0430\u0437\u0438\u043d\",\"item\":\"https:\\\/\\\/hannaorganic.md\\\/ru\\\/shop\\\/\"},{\"@type\":\"ListItem\",\"position\":3,\"name\":\"Body Shimmer Bronze.01 Luster HOLLYSKIN\"}]},{\"@type\":\"WebSite\",\"@id\":\"https:\\\/\\\/hannaorganic.md\\\/ru\\\/#website\",\"url\":\"https:\\\/\\\/hannaorganic.md\\\/ru\\\/\",\"name\":\"HANNA ORGANIC\",\"description\":\"Multi-Brand Cosmetic Store\",\"potentialAction\":[{\"@type\":\"SearchAction\",\"target\":{\"@type\":\"EntryPoint\",\"urlTemplate\":\"https:\\\/\\\/hannaorganic.md\\\/ru\\\/?s={search_term_string}\"},\"query-input\":{\"@type\":\"PropertyValueSpecification\",\"valueRequired\":true,\"valueName\":\"search_term_string\"}}],\"inLanguage\":\"ru-RU\"}]}<\/script>\n<!-- \/ Yoast SEO plugin. -->","yoast_head_json":{"title":"Body Shimmer Bronze.01 Luster HOLLYSKIN - HANNA ORGANIC","robots":{"index":"index","follow":"follow","max-snippet":"max-snippet:-1","max-image-preview":"max-image-preview:large","max-video-preview":"max-video-preview:-1"},"canonical":"https:\/\/hannaorganic.md\/ru\/produs\/body-shimmer-bronze-01-luster-hollyskin\/","og_locale":"ru_RU","og_type":"article","og_title":"Body Shimmer Bronze.01 Luster HOLLYSKIN - HANNA ORGANIC","og_description":"Descoper\u0103 noi fa\u021bete ale frumuse\u021bii \u0219i perfec\u021biunii! Particulele str\u0103lucitoare reflectorizante modeleaz\u0103 silueta, subliniaz\u0103 farmecul corpului, ajut\u0103 la str\u0103lucirea \u00een orice zi, pe orice vreme.  Produsul se potrive\u0219te perfect pielii, o hidrateaz\u0103 \u00een profunzime, nuan\u021beaz\u0103 frumos bronzul \u0219i reduce vizibilitatea vergeturilor \u0219i a petelor de v\u00e2rst\u0103, neteze\u0219te toate neregularit\u0103\u021bile, confer\u0103 corpului o str\u0103lucire ame\u021bitoare \u0219i misterioas\u0103 \u0219i o arom\u0103 incredibil\u0103! Sunt permise reziduurile de ingrediente naturale.","og_url":"https:\/\/hannaorganic.md\/ru\/produs\/body-shimmer-bronze-01-luster-hollyskin\/","og_site_name":"HANNA ORGANIC","article_publisher":"https:\/\/www.facebook.com\/bluemagic.md\/","article_modified_time":"2026-04-18T10:15:07+00:00","og_image":[{"width":1179,"height":1699,"url":"https:\/\/hannaorganic.md\/wp-content\/uploads\/2025\/08\/IMG_3587.jpeg","type":"image\/jpeg"}],"twitter_card":"summary_large_image","twitter_misc":{"\u041f\u0440\u0438\u043c\u0435\u0440\u043d\u043e\u0435 \u0432\u0440\u0435\u043c\u044f \u0434\u043b\u044f \u0447\u0442\u0435\u043d\u0438\u044f":"1 \u043c\u0438\u043d\u0443\u0442\u0430"},"schema":{"@context":"https:\/\/schema.org","@graph":[{"@type":"WebPage","@id":"https:\/\/hannaorganic.md\/ru\/produs\/body-shimmer-bronze-01-luster-hollyskin\/","url":"https:\/\/hannaorganic.md\/ru\/produs\/body-shimmer-bronze-01-luster-hollyskin\/","name":"Body Shimmer Bronze.01 Luster HOLLYSKIN - HANNA ORGANIC","isPartOf":{"@id":"https:\/\/hannaorganic.md\/ru\/#website"},"primaryImageOfPage":{"@id":"https:\/\/hannaorganic.md\/ru\/produs\/body-shimmer-bronze-01-luster-hollyskin\/#primaryimage"},"image":{"@id":"https:\/\/hannaorganic.md\/ru\/produs\/body-shimmer-bronze-01-luster-hollyskin\/#primaryimage"},"thumbnailUrl":"https:\/\/hannaorganic.md\/wp-content\/uploads\/2025\/08\/IMG_3587.jpeg","datePublished":"2025-08-16T15:16:07+00:00","dateModified":"2026-04-18T10:15:07+00:00","breadcrumb":{"@id":"https:\/\/hannaorganic.md\/ru\/produs\/body-shimmer-bronze-01-luster-hollyskin\/#breadcrumb"},"inLanguage":"ru-RU","potentialAction":[{"@type":"ReadAction","target":["https:\/\/hannaorganic.md\/ru\/produs\/body-shimmer-bronze-01-luster-hollyskin\/"]}]},{"@type":"ImageObject","inLanguage":"ru-RU","@id":"https:\/\/hannaorganic.md\/ru\/produs\/body-shimmer-bronze-01-luster-hollyskin\/#primaryimage","url":"https:\/\/hannaorganic.md\/wp-content\/uploads\/2025\/08\/IMG_3587.jpeg","contentUrl":"https:\/\/hannaorganic.md\/wp-content\/uploads\/2025\/08\/IMG_3587.jpeg","width":1179,"height":1699},{"@type":"BreadcrumbList","@id":"https:\/\/hannaorganic.md\/ru\/produs\/body-shimmer-bronze-01-luster-hollyskin\/#breadcrumb","itemListElement":[{"@type":"ListItem","position":1,"name":"Prima pagin\u0103","item":"https:\/\/hannaorganic.md\/ru\/hanna-organic\/"},{"@type":"ListItem","position":2,"name":"\u041c\u0430\u0433\u0430\u0437\u0438\u043d","item":"https:\/\/hannaorganic.md\/ru\/shop\/"},{"@type":"ListItem","position":3,"name":"Body Shimmer Bronze.01 Luster HOLLYSKIN"}]},{"@type":"WebSite","@id":"https:\/\/hannaorganic.md\/ru\/#website","url":"https:\/\/hannaorganic.md\/ru\/","name":"HANNA ORGANIC","description":"Multi-Brand Cosmetic Store","potentialAction":[{"@type":"SearchAction","target":{"@type":"EntryPoint","urlTemplate":"https:\/\/hannaorganic.md\/ru\/?s={search_term_string}"},"query-input":{"@type":"PropertyValueSpecification","valueRequired":true,"valueName":"search_term_string"}}],"inLanguage":"ru-RU"}]}},"_links":{"self":[{"href":"https:\/\/hannaorganic.md\/ru\/wp-json\/wp\/v2\/product\/85540","targetHints":{"allow":["GET"]}}],"collection":[{"href":"https:\/\/hannaorganic.md\/ru\/wp-json\/wp\/v2\/product"}],"about":[{"href":"https:\/\/hannaorganic.md\/ru\/wp-json\/wp\/v2\/types\/product"}],"wp:featuredmedia":[{"embeddable":true,"href":"https:\/\/hannaorganic.md\/ru\/wp-json\/wp\/v2\/media\/85543"}],"wp:attachment":[{"href":"https:\/\/hannaorganic.md\/ru\/wp-json\/wp\/v2\/media?parent=85540"}],"wp:term":[{"taxonomy":"product_brand","embeddable":true,"href":"https:\/\/hannaorganic.md\/ru\/wp-json\/wp\/v2\/product_brand?post=85540"},{"taxonomy":"product_cat","embeddable":true,"href":"https:\/\/hannaorganic.md\/ru\/wp-json\/wp\/v2\/product_cat?post=85540"},{"taxonomy":"product_tag","embeddable":true,"href":"https:\/\/hannaorganic.md\/ru\/wp-json\/wp\/v2\/product_tag?post=85540"}],"curies":[{"name":"wp","href":"https:\/\/api.w.org\/{rel}","templated":true}]}}