{"id":85545,"date":"2025-08-16T17:24:04","date_gmt":"2025-08-16T15:24:04","guid":{"rendered":"https:\/\/hannaorganic.md\/?post_type=product&#038;p=85545"},"modified":"2025-08-16T17:24:44","modified_gmt":"2025-08-16T15:24:44","slug":"body-shimmer-spray-pink-luster-hollyskin","status":"publish","type":"product","link":"https:\/\/hannaorganic.md\/ru\/produs\/body-shimmer-spray-pink-luster-hollyskin\/","title":{"rendered":"Body Shimmer Spray Pink Luster HOLLYSKIN"},"content":{"rendered":"<p>Denumire : Spray de corp str\u0103lucitor HOLLYSKIN Luster Pink.<\/p>\n<p>Ingrediente : Ap\u0103 (Water), Ulei de ricin hidrogenat PEG-40, Poliacriloildimetil taurat de sodiu, Glicerin\u0103, Ulei de Cocos Nucifera, Etilhexilglicerin\u0103, Fenoxietanol, Parfum, Pigment.<\/p>\n<p>Instruc\u021biuni : Agita\u021bi \u0219i pulveriza\u021bi pe corpul curat de la o distan\u021b\u0103 de 20-30 cm. Con\u021bine pigment u\u0219or lavabil, poate p\u0103ta hainele.<\/p>\n<p>Tip de ten : gras, mixt, uscat.<\/p>\n<p>Volum : 150 ml 5.07 fl oz<\/p>\n<p>V\u00e2rst\u0103 : 18+<\/p>\n","protected":false},"excerpt":{"rendered":"<p>Spray-ul de corp Luster Shine cu sclipici str\u0103lucitor este u\u0219or de aplicat, acoper\u0103 pielea cu \u201eaur lichid\u201d, \u00ee\u021bi permite s\u0103 str\u0103luce\u0219ti la o petrecere, pe plaj\u0103 \u0219i \u00eentotdeauna. Textura unic\u0103 accentueaz\u0103 bronzul. Uleiurile naturale din compozi\u021bie hidrateaz\u0103 u\u0219or, netezesc \u0219i catifeleaz\u0103 pielea, asigur\u00e2nd o aplicare uniform\u0103 \u0219i confortabil\u0103 a produsului.<\/p>\n","protected":false},"featured_media":85548,"template":"","meta":[],"product_brand":[],"product_cat":[99,578,123,92],"product_tag":[1343,1258,1796,1048,594,1560],"class_list":{"0":"post-85545","1":"product","2":"type-product","3":"status-publish","4":"has-post-thumbnail","6":"product_cat-corp","7":"product_cat-body-spray","8":"product_cat-holly-skin","9":"product_cat-toate-produsele","10":"product_tag-body","11":"product_tag-hollyskin","12":"product_tag-hydrating","13":"product_tag-pink","14":"product_tag-shimmer","15":"product_tag-spray","17":"first","18":"instock","19":"shipping-taxable","20":"purchasable","21":"product-type-simple"},"yoast_head":"<!-- This site is optimized with the Yoast SEO plugin v27.5 - https:\/\/yoast.com\/product\/yoast-seo-wordpress\/ -->\n<title>Body Shimmer Spray Pink Luster HOLLYSKIN - HANNA ORGANIC<\/title>\n<meta name=\"robots\" content=\"index, follow, max-snippet:-1, max-image-preview:large, max-video-preview:-1\" \/>\n<link rel=\"canonical\" href=\"https:\/\/hannaorganic.md\/ru\/produs\/body-shimmer-spray-pink-luster-hollyskin\/\" \/>\n<meta property=\"og:locale\" content=\"ru_RU\" \/>\n<meta property=\"og:type\" content=\"article\" \/>\n<meta property=\"og:title\" content=\"Body Shimmer Spray Pink Luster HOLLYSKIN - HANNA ORGANIC\" \/>\n<meta property=\"og:description\" content=\"Spray-ul de corp Luster Shine cu sclipici str\u0103lucitor este u\u0219or de aplicat, acoper\u0103 pielea cu \u201eaur lichid\u201d, \u00ee\u021bi permite s\u0103 str\u0103luce\u0219ti la o petrecere, pe plaj\u0103 \u0219i \u00eentotdeauna. Textura unic\u0103 accentueaz\u0103 bronzul. Uleiurile naturale din compozi\u021bie hidrateaz\u0103 u\u0219or, netezesc \u0219i catifeleaz\u0103 pielea, asigur\u00e2nd o aplicare uniform\u0103 \u0219i confortabil\u0103 a produsului.\" \/>\n<meta property=\"og:url\" content=\"https:\/\/hannaorganic.md\/ru\/produs\/body-shimmer-spray-pink-luster-hollyskin\/\" \/>\n<meta property=\"og:site_name\" content=\"HANNA ORGANIC\" \/>\n<meta property=\"article:publisher\" content=\"https:\/\/www.facebook.com\/bluemagic.md\/\" \/>\n<meta property=\"article:modified_time\" content=\"2025-08-16T15:24:44+00:00\" \/>\n<meta property=\"og:image\" content=\"https:\/\/hannaorganic.md\/wp-content\/uploads\/2025\/08\/IMG_3589.jpeg\" \/>\n\t<meta property=\"og:image:width\" content=\"1179\" \/>\n\t<meta property=\"og:image:height\" content=\"1709\" \/>\n\t<meta property=\"og:image:type\" content=\"image\/jpeg\" \/>\n<meta name=\"twitter:card\" content=\"summary_large_image\" \/>\n<meta name=\"twitter:label1\" content=\"\u041f\u0440\u0438\u043c\u0435\u0440\u043d\u043e\u0435 \u0432\u0440\u0435\u043c\u044f \u0434\u043b\u044f \u0447\u0442\u0435\u043d\u0438\u044f\" \/>\n\t<meta name=\"twitter:data1\" content=\"1 \u043c\u0438\u043d\u0443\u0442\u0430\" \/>\n<script type=\"application\/ld+json\" class=\"yoast-schema-graph\">{\"@context\":\"https:\\\/\\\/schema.org\",\"@graph\":[{\"@type\":\"WebPage\",\"@id\":\"https:\\\/\\\/hannaorganic.md\\\/ru\\\/produs\\\/body-shimmer-spray-pink-luster-hollyskin\\\/\",\"url\":\"https:\\\/\\\/hannaorganic.md\\\/ru\\\/produs\\\/body-shimmer-spray-pink-luster-hollyskin\\\/\",\"name\":\"Body Shimmer Spray Pink Luster HOLLYSKIN - HANNA ORGANIC\",\"isPartOf\":{\"@id\":\"https:\\\/\\\/hannaorganic.md\\\/ru\\\/#website\"},\"primaryImageOfPage\":{\"@id\":\"https:\\\/\\\/hannaorganic.md\\\/ru\\\/produs\\\/body-shimmer-spray-pink-luster-hollyskin\\\/#primaryimage\"},\"image\":{\"@id\":\"https:\\\/\\\/hannaorganic.md\\\/ru\\\/produs\\\/body-shimmer-spray-pink-luster-hollyskin\\\/#primaryimage\"},\"thumbnailUrl\":\"https:\\\/\\\/hannaorganic.md\\\/wp-content\\\/uploads\\\/2025\\\/08\\\/IMG_3589.jpeg\",\"datePublished\":\"2025-08-16T15:24:04+00:00\",\"dateModified\":\"2025-08-16T15:24:44+00:00\",\"breadcrumb\":{\"@id\":\"https:\\\/\\\/hannaorganic.md\\\/ru\\\/produs\\\/body-shimmer-spray-pink-luster-hollyskin\\\/#breadcrumb\"},\"inLanguage\":\"ru-RU\",\"potentialAction\":[{\"@type\":\"ReadAction\",\"target\":[\"https:\\\/\\\/hannaorganic.md\\\/ru\\\/produs\\\/body-shimmer-spray-pink-luster-hollyskin\\\/\"]}]},{\"@type\":\"ImageObject\",\"inLanguage\":\"ru-RU\",\"@id\":\"https:\\\/\\\/hannaorganic.md\\\/ru\\\/produs\\\/body-shimmer-spray-pink-luster-hollyskin\\\/#primaryimage\",\"url\":\"https:\\\/\\\/hannaorganic.md\\\/wp-content\\\/uploads\\\/2025\\\/08\\\/IMG_3589.jpeg\",\"contentUrl\":\"https:\\\/\\\/hannaorganic.md\\\/wp-content\\\/uploads\\\/2025\\\/08\\\/IMG_3589.jpeg\",\"width\":1179,\"height\":1709},{\"@type\":\"BreadcrumbList\",\"@id\":\"https:\\\/\\\/hannaorganic.md\\\/ru\\\/produs\\\/body-shimmer-spray-pink-luster-hollyskin\\\/#breadcrumb\",\"itemListElement\":[{\"@type\":\"ListItem\",\"position\":1,\"name\":\"Prima pagin\u0103\",\"item\":\"https:\\\/\\\/hannaorganic.md\\\/ru\\\/hanna-organic\\\/\"},{\"@type\":\"ListItem\",\"position\":2,\"name\":\"\u041c\u0430\u0433\u0430\u0437\u0438\u043d\",\"item\":\"https:\\\/\\\/hannaorganic.md\\\/ru\\\/shop\\\/\"},{\"@type\":\"ListItem\",\"position\":3,\"name\":\"Body Shimmer Spray Pink Luster HOLLYSKIN\"}]},{\"@type\":\"WebSite\",\"@id\":\"https:\\\/\\\/hannaorganic.md\\\/ru\\\/#website\",\"url\":\"https:\\\/\\\/hannaorganic.md\\\/ru\\\/\",\"name\":\"HANNA ORGANIC\",\"description\":\"Multi-Brand Cosmetic Store\",\"potentialAction\":[{\"@type\":\"SearchAction\",\"target\":{\"@type\":\"EntryPoint\",\"urlTemplate\":\"https:\\\/\\\/hannaorganic.md\\\/ru\\\/?s={search_term_string}\"},\"query-input\":{\"@type\":\"PropertyValueSpecification\",\"valueRequired\":true,\"valueName\":\"search_term_string\"}}],\"inLanguage\":\"ru-RU\"}]}<\/script>\n<!-- \/ Yoast SEO plugin. -->","yoast_head_json":{"title":"Body Shimmer Spray Pink Luster HOLLYSKIN - HANNA ORGANIC","robots":{"index":"index","follow":"follow","max-snippet":"max-snippet:-1","max-image-preview":"max-image-preview:large","max-video-preview":"max-video-preview:-1"},"canonical":"https:\/\/hannaorganic.md\/ru\/produs\/body-shimmer-spray-pink-luster-hollyskin\/","og_locale":"ru_RU","og_type":"article","og_title":"Body Shimmer Spray Pink Luster HOLLYSKIN - HANNA ORGANIC","og_description":"Spray-ul de corp Luster Shine cu sclipici str\u0103lucitor este u\u0219or de aplicat, acoper\u0103 pielea cu \u201eaur lichid\u201d, \u00ee\u021bi permite s\u0103 str\u0103luce\u0219ti la o petrecere, pe plaj\u0103 \u0219i \u00eentotdeauna. Textura unic\u0103 accentueaz\u0103 bronzul. Uleiurile naturale din compozi\u021bie hidrateaz\u0103 u\u0219or, netezesc \u0219i catifeleaz\u0103 pielea, asigur\u00e2nd o aplicare uniform\u0103 \u0219i confortabil\u0103 a produsului.","og_url":"https:\/\/hannaorganic.md\/ru\/produs\/body-shimmer-spray-pink-luster-hollyskin\/","og_site_name":"HANNA ORGANIC","article_publisher":"https:\/\/www.facebook.com\/bluemagic.md\/","article_modified_time":"2025-08-16T15:24:44+00:00","og_image":[{"width":1179,"height":1709,"url":"https:\/\/hannaorganic.md\/wp-content\/uploads\/2025\/08\/IMG_3589.jpeg","type":"image\/jpeg"}],"twitter_card":"summary_large_image","twitter_misc":{"\u041f\u0440\u0438\u043c\u0435\u0440\u043d\u043e\u0435 \u0432\u0440\u0435\u043c\u044f \u0434\u043b\u044f \u0447\u0442\u0435\u043d\u0438\u044f":"1 \u043c\u0438\u043d\u0443\u0442\u0430"},"schema":{"@context":"https:\/\/schema.org","@graph":[{"@type":"WebPage","@id":"https:\/\/hannaorganic.md\/ru\/produs\/body-shimmer-spray-pink-luster-hollyskin\/","url":"https:\/\/hannaorganic.md\/ru\/produs\/body-shimmer-spray-pink-luster-hollyskin\/","name":"Body Shimmer Spray Pink Luster HOLLYSKIN - HANNA ORGANIC","isPartOf":{"@id":"https:\/\/hannaorganic.md\/ru\/#website"},"primaryImageOfPage":{"@id":"https:\/\/hannaorganic.md\/ru\/produs\/body-shimmer-spray-pink-luster-hollyskin\/#primaryimage"},"image":{"@id":"https:\/\/hannaorganic.md\/ru\/produs\/body-shimmer-spray-pink-luster-hollyskin\/#primaryimage"},"thumbnailUrl":"https:\/\/hannaorganic.md\/wp-content\/uploads\/2025\/08\/IMG_3589.jpeg","datePublished":"2025-08-16T15:24:04+00:00","dateModified":"2025-08-16T15:24:44+00:00","breadcrumb":{"@id":"https:\/\/hannaorganic.md\/ru\/produs\/body-shimmer-spray-pink-luster-hollyskin\/#breadcrumb"},"inLanguage":"ru-RU","potentialAction":[{"@type":"ReadAction","target":["https:\/\/hannaorganic.md\/ru\/produs\/body-shimmer-spray-pink-luster-hollyskin\/"]}]},{"@type":"ImageObject","inLanguage":"ru-RU","@id":"https:\/\/hannaorganic.md\/ru\/produs\/body-shimmer-spray-pink-luster-hollyskin\/#primaryimage","url":"https:\/\/hannaorganic.md\/wp-content\/uploads\/2025\/08\/IMG_3589.jpeg","contentUrl":"https:\/\/hannaorganic.md\/wp-content\/uploads\/2025\/08\/IMG_3589.jpeg","width":1179,"height":1709},{"@type":"BreadcrumbList","@id":"https:\/\/hannaorganic.md\/ru\/produs\/body-shimmer-spray-pink-luster-hollyskin\/#breadcrumb","itemListElement":[{"@type":"ListItem","position":1,"name":"Prima pagin\u0103","item":"https:\/\/hannaorganic.md\/ru\/hanna-organic\/"},{"@type":"ListItem","position":2,"name":"\u041c\u0430\u0433\u0430\u0437\u0438\u043d","item":"https:\/\/hannaorganic.md\/ru\/shop\/"},{"@type":"ListItem","position":3,"name":"Body Shimmer Spray Pink Luster HOLLYSKIN"}]},{"@type":"WebSite","@id":"https:\/\/hannaorganic.md\/ru\/#website","url":"https:\/\/hannaorganic.md\/ru\/","name":"HANNA ORGANIC","description":"Multi-Brand Cosmetic Store","potentialAction":[{"@type":"SearchAction","target":{"@type":"EntryPoint","urlTemplate":"https:\/\/hannaorganic.md\/ru\/?s={search_term_string}"},"query-input":{"@type":"PropertyValueSpecification","valueRequired":true,"valueName":"search_term_string"}}],"inLanguage":"ru-RU"}]}},"_links":{"self":[{"href":"https:\/\/hannaorganic.md\/ru\/wp-json\/wp\/v2\/product\/85545","targetHints":{"allow":["GET"]}}],"collection":[{"href":"https:\/\/hannaorganic.md\/ru\/wp-json\/wp\/v2\/product"}],"about":[{"href":"https:\/\/hannaorganic.md\/ru\/wp-json\/wp\/v2\/types\/product"}],"wp:featuredmedia":[{"embeddable":true,"href":"https:\/\/hannaorganic.md\/ru\/wp-json\/wp\/v2\/media\/85548"}],"wp:attachment":[{"href":"https:\/\/hannaorganic.md\/ru\/wp-json\/wp\/v2\/media?parent=85545"}],"wp:term":[{"taxonomy":"product_brand","embeddable":true,"href":"https:\/\/hannaorganic.md\/ru\/wp-json\/wp\/v2\/product_brand?post=85545"},{"taxonomy":"product_cat","embeddable":true,"href":"https:\/\/hannaorganic.md\/ru\/wp-json\/wp\/v2\/product_cat?post=85545"},{"taxonomy":"product_tag","embeddable":true,"href":"https:\/\/hannaorganic.md\/ru\/wp-json\/wp\/v2\/product_tag?post=85545"}],"curies":[{"name":"wp","href":"https:\/\/api.w.org\/{rel}","templated":true}]}}