{"id":85785,"date":"2025-09-27T10:24:44","date_gmt":"2025-09-27T08:24:44","guid":{"rendered":"https:\/\/hannaorganic.md\/?post_type=product&#038;p=85785"},"modified":"2026-04-18T12:07:44","modified_gmt":"2026-04-18T10:07:44","slug":"solident-whitening-toothpaste-peach-mint-by-mr-scrubber","status":"publish","type":"product","link":"https:\/\/hannaorganic.md\/ru\/produs\/solident-whitening-toothpaste-peach-mint-by-mr-scrubber\/","title":{"rendered":"SOLIDENT Whitening Toothpaste Peach Mint by Mr.SCRUBBER"},"content":{"rendered":"<p>Cum func\u021bioneaz\u0103 :<br \/>\n\u2022 hidroxiapatit\u0103 de calciu \u2013 restabile\u0219te \u0219i umple deteriorarea suprafe\u021bei, cre\u0219te capacitatea natural\u0103 a salivei de a remineraliza structura dentar\u0103, regleaz\u0103 nivelul de aciditate al cavit\u0103\u021bii bucale;<br \/>\n\u2022 granule de celuloz\u0103 \u2013 abraziv 100% natural, care lustruie\u0219te dintele foarte u\u0219or, dar \u0219i eficient, nu deterioreaz\u0103 smal\u021bul dentar la cur\u0103\u021bare, este sigur pentru dentin\u0103 \u2013 nu o \u0219terge \u0219i las\u0103 o senza\u021bie pl\u0103cut\u0103 de cur\u0103\u021benie;<br \/>\n\u2022 extract de alge marine \u2013 spore\u0219te efectul altor ingrediente active, previne formarea biofilmului d\u0103un\u0103tor pe din\u021bi \u0219i apari\u021bia unui miros nepl\u0103cut, reduce riscul de carii, previne \u0219i protejeaz\u0103 \u00eempotriva form\u0103rii pl\u0103cii dentare.<\/p>\n<p>Efect :<br \/>\n\u2022 protejarea smal\u021bului \u00eempotriva deterior\u0103rii,<br \/>\n\u2022 albirea din\u021bilor,<br \/>\n\u2022 reducerea riscului de carii.<\/p>\n<p>Ingrediente : Ap\u0103 (Water), Sorbitol, Glicerin\u0103, Celuloz\u0103, Hidroxiapatit\u0103, Silice, Cocoil Glutamat de sodiu, Gum\u0103 de celuloz\u0103, Ulei de ricin hidrogenat Peg-40, Extract de Codium Fragile, Clorur\u0103 de sodiu, Zaharin\u0103 sodic\u0103, Butilen glicol, Pentilen glicol, Acid citric, Fenoxietanol, Etilhexilglicerin\u0103, Parfum, Anetol, Mentol, Beta-cariofilen\u0103, Terpineol, Vanilin\u0103.<\/p>\n<p>Instruc\u021biuni : Aplica\u021bi o cantitate mic\u0103 de past\u0103 de din\u021bi pe periu\u021b\u0103 \u0219i peria\u021bi suprafa\u021ba din\u021bilor timp de dou\u0103 minute. Cl\u0103ti\u021bi gura cu ap\u0103. Utiliza\u021bi de dou\u0103 ori pe zi, zilnic.<\/p>\n<p>Contraindica\u021bii : sensibilitate individual\u0103 la componentele produsului. ATEN\u021aIE ! Nu \u00eenghi\u021bi\u021bi.<\/p>\n<p>Grame : 90<\/p>\n","protected":false},"excerpt":{"rendered":"<p>Pasta de din\u021bi de albire zilnic\u0103 Solident Peach Mint \u00eendep\u0103rteaz\u0103 complet toate tipurile de murd\u0103rie, lustruie\u0219te u\u0219or, albe\u0219te suprafa\u021ba, are un efect cumulativ. Con\u021bine o component\u0103 natural\u0103 puternic\u0103 \u2013 hidroxiapatit\u0103 de calciu. Ajut\u0103 la \u00eent\u0103rirea smal\u021bului dentar \u0219i protejeaz\u0103 \u00eempotriva cariilor. Formula unic\u0103 a produsului restabile\u0219te, de asemenea, echilibrul acido-bazic al cavit\u0103\u021bii bucale, satureaz\u0103 \u021besuturile cu vitamine \u0219i aminoacizi, \u00eent\u0103re\u0219te gingiile, previne hipersensibilitatea, calmeaz\u0103, promoveaz\u0103 recuperarea rapid\u0103 a microleziunilor.<\/p>\n","protected":false},"featured_media":85788,"template":"","meta":[],"product_brand":[],"product_cat":[2046,196,92],"product_tag":[2055,1834,1699,2047,2053,2054,2052],"class_list":{"0":"post-85785","1":"product","2":"type-product","3":"status-publish","4":"has-post-thumbnail","6":"product_cat-solident","7":"product_cat-teeth","8":"product_cat-toate-produsele","9":"product_tag-mint","10":"product_tag-peach","11":"product_tag-smile","12":"product_tag-solident","13":"product_tag-teeth","14":"product_tag-toothpaste","15":"product_tag-whitening","17":"first","18":"instock","19":"shipping-taxable","20":"purchasable","21":"product-type-simple"},"yoast_head":"<!-- This site is optimized with the Yoast SEO plugin v27.5 - https:\/\/yoast.com\/product\/yoast-seo-wordpress\/ -->\n<title>SOLIDENT Whitening Toothpaste Peach Mint by Mr.SCRUBBER - HANNA ORGANIC<\/title>\n<meta name=\"robots\" content=\"index, follow, max-snippet:-1, max-image-preview:large, max-video-preview:-1\" \/>\n<link rel=\"canonical\" href=\"https:\/\/hannaorganic.md\/ru\/produs\/solident-whitening-toothpaste-peach-mint-by-mr-scrubber\/\" \/>\n<meta property=\"og:locale\" content=\"ru_RU\" \/>\n<meta property=\"og:type\" content=\"article\" \/>\n<meta property=\"og:title\" content=\"SOLIDENT Whitening Toothpaste Peach Mint by Mr.SCRUBBER - HANNA ORGANIC\" \/>\n<meta property=\"og:description\" content=\"Pasta de din\u021bi de albire zilnic\u0103 Solident Peach Mint \u00eendep\u0103rteaz\u0103 complet toate tipurile de murd\u0103rie, lustruie\u0219te u\u0219or, albe\u0219te suprafa\u021ba, are un efect cumulativ. Con\u021bine o component\u0103 natural\u0103 puternic\u0103 \u2013 hidroxiapatit\u0103 de calciu. Ajut\u0103 la \u00eent\u0103rirea smal\u021bului dentar \u0219i protejeaz\u0103 \u00eempotriva cariilor. Formula unic\u0103 a produsului restabile\u0219te, de asemenea, echilibrul acido-bazic al cavit\u0103\u021bii bucale, satureaz\u0103 \u021besuturile cu vitamine \u0219i aminoacizi, \u00eent\u0103re\u0219te gingiile, previne hipersensibilitatea, calmeaz\u0103, promoveaz\u0103 recuperarea rapid\u0103 a microleziunilor.\" \/>\n<meta property=\"og:url\" content=\"https:\/\/hannaorganic.md\/ru\/produs\/solident-whitening-toothpaste-peach-mint-by-mr-scrubber\/\" \/>\n<meta property=\"og:site_name\" content=\"HANNA ORGANIC\" \/>\n<meta property=\"article:publisher\" content=\"https:\/\/www.facebook.com\/bluemagic.md\/\" \/>\n<meta property=\"article:modified_time\" content=\"2026-04-18T10:07:44+00:00\" \/>\n<meta property=\"og:image\" content=\"https:\/\/hannaorganic.md\/wp-content\/uploads\/2025\/09\/IMG_5362.jpeg\" \/>\n\t<meta property=\"og:image:width\" content=\"828\" \/>\n\t<meta property=\"og:image:height\" content=\"988\" \/>\n\t<meta property=\"og:image:type\" content=\"image\/jpeg\" \/>\n<meta name=\"twitter:card\" content=\"summary_large_image\" \/>\n<meta name=\"twitter:label1\" content=\"\u041f\u0440\u0438\u043c\u0435\u0440\u043d\u043e\u0435 \u0432\u0440\u0435\u043c\u044f \u0434\u043b\u044f \u0447\u0442\u0435\u043d\u0438\u044f\" \/>\n\t<meta name=\"twitter:data1\" content=\"2 \u043c\u0438\u043d\u0443\u0442\u044b\" \/>\n<script type=\"application\/ld+json\" class=\"yoast-schema-graph\">{\"@context\":\"https:\\\/\\\/schema.org\",\"@graph\":[{\"@type\":\"WebPage\",\"@id\":\"https:\\\/\\\/hannaorganic.md\\\/ru\\\/produs\\\/solident-whitening-toothpaste-peach-mint-by-mr-scrubber\\\/\",\"url\":\"https:\\\/\\\/hannaorganic.md\\\/ru\\\/produs\\\/solident-whitening-toothpaste-peach-mint-by-mr-scrubber\\\/\",\"name\":\"SOLIDENT Whitening Toothpaste Peach Mint by Mr.SCRUBBER - HANNA ORGANIC\",\"isPartOf\":{\"@id\":\"https:\\\/\\\/hannaorganic.md\\\/ru\\\/#website\"},\"primaryImageOfPage\":{\"@id\":\"https:\\\/\\\/hannaorganic.md\\\/ru\\\/produs\\\/solident-whitening-toothpaste-peach-mint-by-mr-scrubber\\\/#primaryimage\"},\"image\":{\"@id\":\"https:\\\/\\\/hannaorganic.md\\\/ru\\\/produs\\\/solident-whitening-toothpaste-peach-mint-by-mr-scrubber\\\/#primaryimage\"},\"thumbnailUrl\":\"https:\\\/\\\/hannaorganic.md\\\/wp-content\\\/uploads\\\/2025\\\/09\\\/IMG_5362.jpeg\",\"datePublished\":\"2025-09-27T08:24:44+00:00\",\"dateModified\":\"2026-04-18T10:07:44+00:00\",\"breadcrumb\":{\"@id\":\"https:\\\/\\\/hannaorganic.md\\\/ru\\\/produs\\\/solident-whitening-toothpaste-peach-mint-by-mr-scrubber\\\/#breadcrumb\"},\"inLanguage\":\"ru-RU\",\"potentialAction\":[{\"@type\":\"ReadAction\",\"target\":[\"https:\\\/\\\/hannaorganic.md\\\/ru\\\/produs\\\/solident-whitening-toothpaste-peach-mint-by-mr-scrubber\\\/\"]}]},{\"@type\":\"ImageObject\",\"inLanguage\":\"ru-RU\",\"@id\":\"https:\\\/\\\/hannaorganic.md\\\/ru\\\/produs\\\/solident-whitening-toothpaste-peach-mint-by-mr-scrubber\\\/#primaryimage\",\"url\":\"https:\\\/\\\/hannaorganic.md\\\/wp-content\\\/uploads\\\/2025\\\/09\\\/IMG_5362.jpeg\",\"contentUrl\":\"https:\\\/\\\/hannaorganic.md\\\/wp-content\\\/uploads\\\/2025\\\/09\\\/IMG_5362.jpeg\",\"width\":828,\"height\":988},{\"@type\":\"BreadcrumbList\",\"@id\":\"https:\\\/\\\/hannaorganic.md\\\/ru\\\/produs\\\/solident-whitening-toothpaste-peach-mint-by-mr-scrubber\\\/#breadcrumb\",\"itemListElement\":[{\"@type\":\"ListItem\",\"position\":1,\"name\":\"Prima pagin\u0103\",\"item\":\"https:\\\/\\\/hannaorganic.md\\\/ru\\\/hanna-organic\\\/\"},{\"@type\":\"ListItem\",\"position\":2,\"name\":\"\u041c\u0430\u0433\u0430\u0437\u0438\u043d\",\"item\":\"https:\\\/\\\/hannaorganic.md\\\/ru\\\/shop\\\/\"},{\"@type\":\"ListItem\",\"position\":3,\"name\":\"SOLIDENT Whitening Toothpaste Peach Mint by Mr.SCRUBBER\"}]},{\"@type\":\"WebSite\",\"@id\":\"https:\\\/\\\/hannaorganic.md\\\/ru\\\/#website\",\"url\":\"https:\\\/\\\/hannaorganic.md\\\/ru\\\/\",\"name\":\"HANNA ORGANIC\",\"description\":\"Multi-Brand Cosmetic Store\",\"potentialAction\":[{\"@type\":\"SearchAction\",\"target\":{\"@type\":\"EntryPoint\",\"urlTemplate\":\"https:\\\/\\\/hannaorganic.md\\\/ru\\\/?s={search_term_string}\"},\"query-input\":{\"@type\":\"PropertyValueSpecification\",\"valueRequired\":true,\"valueName\":\"search_term_string\"}}],\"inLanguage\":\"ru-RU\"}]}<\/script>\n<!-- \/ Yoast SEO plugin. -->","yoast_head_json":{"title":"SOLIDENT Whitening Toothpaste Peach Mint by Mr.SCRUBBER - HANNA ORGANIC","robots":{"index":"index","follow":"follow","max-snippet":"max-snippet:-1","max-image-preview":"max-image-preview:large","max-video-preview":"max-video-preview:-1"},"canonical":"https:\/\/hannaorganic.md\/ru\/produs\/solident-whitening-toothpaste-peach-mint-by-mr-scrubber\/","og_locale":"ru_RU","og_type":"article","og_title":"SOLIDENT Whitening Toothpaste Peach Mint by Mr.SCRUBBER - HANNA ORGANIC","og_description":"Pasta de din\u021bi de albire zilnic\u0103 Solident Peach Mint \u00eendep\u0103rteaz\u0103 complet toate tipurile de murd\u0103rie, lustruie\u0219te u\u0219or, albe\u0219te suprafa\u021ba, are un efect cumulativ. Con\u021bine o component\u0103 natural\u0103 puternic\u0103 \u2013 hidroxiapatit\u0103 de calciu. Ajut\u0103 la \u00eent\u0103rirea smal\u021bului dentar \u0219i protejeaz\u0103 \u00eempotriva cariilor. Formula unic\u0103 a produsului restabile\u0219te, de asemenea, echilibrul acido-bazic al cavit\u0103\u021bii bucale, satureaz\u0103 \u021besuturile cu vitamine \u0219i aminoacizi, \u00eent\u0103re\u0219te gingiile, previne hipersensibilitatea, calmeaz\u0103, promoveaz\u0103 recuperarea rapid\u0103 a microleziunilor.","og_url":"https:\/\/hannaorganic.md\/ru\/produs\/solident-whitening-toothpaste-peach-mint-by-mr-scrubber\/","og_site_name":"HANNA ORGANIC","article_publisher":"https:\/\/www.facebook.com\/bluemagic.md\/","article_modified_time":"2026-04-18T10:07:44+00:00","og_image":[{"width":828,"height":988,"url":"https:\/\/hannaorganic.md\/wp-content\/uploads\/2025\/09\/IMG_5362.jpeg","type":"image\/jpeg"}],"twitter_card":"summary_large_image","twitter_misc":{"\u041f\u0440\u0438\u043c\u0435\u0440\u043d\u043e\u0435 \u0432\u0440\u0435\u043c\u044f \u0434\u043b\u044f \u0447\u0442\u0435\u043d\u0438\u044f":"2 \u043c\u0438\u043d\u0443\u0442\u044b"},"schema":{"@context":"https:\/\/schema.org","@graph":[{"@type":"WebPage","@id":"https:\/\/hannaorganic.md\/ru\/produs\/solident-whitening-toothpaste-peach-mint-by-mr-scrubber\/","url":"https:\/\/hannaorganic.md\/ru\/produs\/solident-whitening-toothpaste-peach-mint-by-mr-scrubber\/","name":"SOLIDENT Whitening Toothpaste Peach Mint by Mr.SCRUBBER - HANNA ORGANIC","isPartOf":{"@id":"https:\/\/hannaorganic.md\/ru\/#website"},"primaryImageOfPage":{"@id":"https:\/\/hannaorganic.md\/ru\/produs\/solident-whitening-toothpaste-peach-mint-by-mr-scrubber\/#primaryimage"},"image":{"@id":"https:\/\/hannaorganic.md\/ru\/produs\/solident-whitening-toothpaste-peach-mint-by-mr-scrubber\/#primaryimage"},"thumbnailUrl":"https:\/\/hannaorganic.md\/wp-content\/uploads\/2025\/09\/IMG_5362.jpeg","datePublished":"2025-09-27T08:24:44+00:00","dateModified":"2026-04-18T10:07:44+00:00","breadcrumb":{"@id":"https:\/\/hannaorganic.md\/ru\/produs\/solident-whitening-toothpaste-peach-mint-by-mr-scrubber\/#breadcrumb"},"inLanguage":"ru-RU","potentialAction":[{"@type":"ReadAction","target":["https:\/\/hannaorganic.md\/ru\/produs\/solident-whitening-toothpaste-peach-mint-by-mr-scrubber\/"]}]},{"@type":"ImageObject","inLanguage":"ru-RU","@id":"https:\/\/hannaorganic.md\/ru\/produs\/solident-whitening-toothpaste-peach-mint-by-mr-scrubber\/#primaryimage","url":"https:\/\/hannaorganic.md\/wp-content\/uploads\/2025\/09\/IMG_5362.jpeg","contentUrl":"https:\/\/hannaorganic.md\/wp-content\/uploads\/2025\/09\/IMG_5362.jpeg","width":828,"height":988},{"@type":"BreadcrumbList","@id":"https:\/\/hannaorganic.md\/ru\/produs\/solident-whitening-toothpaste-peach-mint-by-mr-scrubber\/#breadcrumb","itemListElement":[{"@type":"ListItem","position":1,"name":"Prima pagin\u0103","item":"https:\/\/hannaorganic.md\/ru\/hanna-organic\/"},{"@type":"ListItem","position":2,"name":"\u041c\u0430\u0433\u0430\u0437\u0438\u043d","item":"https:\/\/hannaorganic.md\/ru\/shop\/"},{"@type":"ListItem","position":3,"name":"SOLIDENT Whitening Toothpaste Peach Mint by Mr.SCRUBBER"}]},{"@type":"WebSite","@id":"https:\/\/hannaorganic.md\/ru\/#website","url":"https:\/\/hannaorganic.md\/ru\/","name":"HANNA ORGANIC","description":"Multi-Brand Cosmetic Store","potentialAction":[{"@type":"SearchAction","target":{"@type":"EntryPoint","urlTemplate":"https:\/\/hannaorganic.md\/ru\/?s={search_term_string}"},"query-input":{"@type":"PropertyValueSpecification","valueRequired":true,"valueName":"search_term_string"}}],"inLanguage":"ru-RU"}]}},"_links":{"self":[{"href":"https:\/\/hannaorganic.md\/ru\/wp-json\/wp\/v2\/product\/85785","targetHints":{"allow":["GET"]}}],"collection":[{"href":"https:\/\/hannaorganic.md\/ru\/wp-json\/wp\/v2\/product"}],"about":[{"href":"https:\/\/hannaorganic.md\/ru\/wp-json\/wp\/v2\/types\/product"}],"wp:featuredmedia":[{"embeddable":true,"href":"https:\/\/hannaorganic.md\/ru\/wp-json\/wp\/v2\/media\/85788"}],"wp:attachment":[{"href":"https:\/\/hannaorganic.md\/ru\/wp-json\/wp\/v2\/media?parent=85785"}],"wp:term":[{"taxonomy":"product_brand","embeddable":true,"href":"https:\/\/hannaorganic.md\/ru\/wp-json\/wp\/v2\/product_brand?post=85785"},{"taxonomy":"product_cat","embeddable":true,"href":"https:\/\/hannaorganic.md\/ru\/wp-json\/wp\/v2\/product_cat?post=85785"},{"taxonomy":"product_tag","embeddable":true,"href":"https:\/\/hannaorganic.md\/ru\/wp-json\/wp\/v2\/product_tag?post=85785"}],"curies":[{"name":"wp","href":"https:\/\/api.w.org\/{rel}","templated":true}]}}