{"id":85801,"date":"2025-10-04T12:43:44","date_gmt":"2025-10-04T10:43:44","guid":{"rendered":"https:\/\/hannaorganic.md\/?post_type=product&#038;p=85801"},"modified":"2025-10-04T12:45:26","modified_gmt":"2025-10-04T10:45:26","slug":"solident-moutwash-watermelon-mint-by-mr-scrubber","status":"publish","type":"product","link":"https:\/\/hannaorganic.md\/ru\/produs\/solident-moutwash-watermelon-mint-by-mr-scrubber\/","title":{"rendered":"SOLIDENT Moutwash Watermelon Mint by Mr.SCRUBBER"},"content":{"rendered":"<p>Cum func\u021bioneaz\u0103 :<\/p>\n<p>\u2022 enzime naturale Lactobacillus \u2013 furnizeaz\u0103 cavit\u0103\u021bii bucale un probiotic \u0219i un prebiotic, care \u00ee\u0219i sporesc reciproc efectul, previn dezvoltarea microflorei patogene, apari\u021bia pl\u0103cii bacteriene \u0219i sus\u021bin microbiomul oral;<br \/>\n\u2022 extract de alge marine \u2013 spore\u0219te efectul altor ingrediente active, previne formarea biofilmului d\u0103un\u0103tor pe din\u021bi \u0219i apari\u021bia unui miros nepl\u0103cut, reduce riscul cariilor, previne \u0219i protejeaz\u0103 \u00eempotriva form\u0103rii pl\u0103cii bacteriene;<br \/>\n\u2022 PAR-uri de origine natural\u0103 pe baz\u0103 de ulei de cocos \u2013 cur\u0103\u021b\u0103 delicat suprafa\u021ba din\u021bilor, nu d\u0103uneaz\u0103 microflorei gurii;<br \/>\n\u2022 acid citric \u2013 stabilizeaz\u0103 nivelul pH-ului cavit\u0103\u021bii bucale;<br \/>\n\u2022 glicerin\u0103 \u2013 hidrateaz\u0103 mucoasa bucal\u0103;<\/p>\n<p>\u2022 mentol \u2013 las\u0103 o senza\u021bie pl\u0103cut\u0103 de prospe\u021bime.<\/p>\n<p>Efect :<br \/>\n\u2022 senza\u021bie de cur\u0103\u021benie \u0219i confort,<br \/>\n\u2022 stabilizarea nivelului pH-ului,<br \/>\n\u2022 protec\u021bie \u00eempotriva pl\u0103cii bacteriene.<\/p>\n<p>Ingrediente : Ap\u0103 (Water), Glicerin\u0103, Xilitol, Propilen Glicol, Ferment Lactobacillus, Extract de Codium Fragile, Butilen Glicol, Pentilen Glicol, Poloxamer 407, Clorur\u0103 de Sodiu, Ulei de Ricin Hidrogenat Peg-40, EDTA Disodic, Acid Citric, Benzoat de Sodiu, Sorbat de Potasiu, Parfum, Arom\u0103, Beta-Cariofilen\u0103, Mentol, Vanilin\u0103, Anetol, BHT.<\/p>\n<p>Instruc\u021biuni : Turna\u021bi 10 ml de produs \u00een capac, cl\u0103ti\u021bi gura timp de 30 de secunde, scuipa\u021bi. Utiliza\u021bi dup\u0103 cum este necesar, utilizarea zilnic\u0103 este posibil\u0103.<\/p>\n<p>Contraindica\u021bii : sensibilitate individual\u0103 la componentele produsului. Evita\u021bi contactul cu ochii. \u00cen caz de contact cu ochii, cl\u0103ti\u021bi cu mult\u0103 ap\u0103, dac\u0103 este necesar, consulta\u021bi un medic. Aten\u021bie! Nu \u00eenghi\u021bi\u021bi! Dac\u0103 exist\u0103 implanturi, plombe, proteze dentare, aparate dentare pe p\u0103r\u021bile vizibile ale denti\u021biei, consulta\u021bi un medic dentist \u00eenainte de a utiliza produsul.<\/p>\n<p>Mililitri : 250<\/p>\n","protected":false},"excerpt":{"rendered":"<p>Apa de gur\u0103 Solident Watermelon Mint cu arom\u0103 de ment\u0103 \u0219i pepene verde \u00eemprosp\u0103teaz\u0103 instantaneu respira\u021bia \u0219i confer\u0103 \u00eencredere, mai ales \u00eenainte de o \u00eent\u00e2lnire sau o \u00eent\u00e2lnire important\u0103. Cur\u0103\u021b\u0103 reziduurile alimentare, normalizeaz\u0103 pH-ul cavit\u0103\u021bii bucale \u0219i previne formarea pl\u0103cii bacteriene. Apa de gur\u0103 este u\u0219or de utilizat pe tot parcursul zilei, dup\u0103 fiecare mas\u0103.<\/p>\n","protected":false},"featured_media":85804,"template":"","meta":[],"product_brand":[],"product_cat":[2046,196,92],"product_tag":[2057,2055,2056,2047,1197],"class_list":{"0":"post-85801","1":"product","2":"type-product","3":"status-publish","4":"has-post-thumbnail","6":"product_cat-solident","7":"product_cat-teeth","8":"product_cat-toate-produsele","9":"product_tag-apa-de-gura","10":"product_tag-mint","11":"product_tag-mouthwash","12":"product_tag-solident","13":"product_tag-watermelon","15":"first","16":"instock","17":"shipping-taxable","18":"purchasable","19":"product-type-simple"},"yoast_head":"<!-- This site is optimized with the Yoast SEO plugin v27.5 - https:\/\/yoast.com\/product\/yoast-seo-wordpress\/ -->\n<title>SOLIDENT Moutwash Watermelon Mint by Mr.SCRUBBER - HANNA ORGANIC<\/title>\n<meta name=\"robots\" content=\"index, follow, max-snippet:-1, max-image-preview:large, max-video-preview:-1\" \/>\n<link rel=\"canonical\" href=\"https:\/\/hannaorganic.md\/ru\/produs\/solident-moutwash-watermelon-mint-by-mr-scrubber\/\" \/>\n<meta property=\"og:locale\" content=\"ru_RU\" \/>\n<meta property=\"og:type\" content=\"article\" \/>\n<meta property=\"og:title\" content=\"SOLIDENT Moutwash Watermelon Mint by Mr.SCRUBBER - HANNA ORGANIC\" \/>\n<meta property=\"og:description\" content=\"Apa de gur\u0103 Solident Watermelon Mint cu arom\u0103 de ment\u0103 \u0219i pepene verde \u00eemprosp\u0103teaz\u0103 instantaneu respira\u021bia \u0219i confer\u0103 \u00eencredere, mai ales \u00eenainte de o \u00eent\u00e2lnire sau o \u00eent\u00e2lnire important\u0103. Cur\u0103\u021b\u0103 reziduurile alimentare, normalizeaz\u0103 pH-ul cavit\u0103\u021bii bucale \u0219i previne formarea pl\u0103cii bacteriene. Apa de gur\u0103 este u\u0219or de utilizat pe tot parcursul zilei, dup\u0103 fiecare mas\u0103.\" \/>\n<meta property=\"og:url\" content=\"https:\/\/hannaorganic.md\/ru\/produs\/solident-moutwash-watermelon-mint-by-mr-scrubber\/\" \/>\n<meta property=\"og:site_name\" content=\"HANNA ORGANIC\" \/>\n<meta property=\"article:publisher\" content=\"https:\/\/www.facebook.com\/bluemagic.md\/\" \/>\n<meta property=\"article:modified_time\" content=\"2025-10-04T10:45:26+00:00\" \/>\n<meta property=\"og:image\" content=\"https:\/\/hannaorganic.md\/wp-content\/uploads\/2025\/10\/IMG_5772.jpeg\" \/>\n\t<meta property=\"og:image:width\" content=\"877\" \/>\n\t<meta property=\"og:image:height\" content=\"1103\" \/>\n\t<meta property=\"og:image:type\" content=\"image\/jpeg\" \/>\n<meta name=\"twitter:card\" content=\"summary_large_image\" \/>\n<meta name=\"twitter:label1\" content=\"\u041f\u0440\u0438\u043c\u0435\u0440\u043d\u043e\u0435 \u0432\u0440\u0435\u043c\u044f \u0434\u043b\u044f \u0447\u0442\u0435\u043d\u0438\u044f\" \/>\n\t<meta name=\"twitter:data1\" content=\"2 \u043c\u0438\u043d\u0443\u0442\u044b\" \/>\n<script type=\"application\/ld+json\" class=\"yoast-schema-graph\">{\"@context\":\"https:\\\/\\\/schema.org\",\"@graph\":[{\"@type\":\"WebPage\",\"@id\":\"https:\\\/\\\/hannaorganic.md\\\/ru\\\/produs\\\/solident-moutwash-watermelon-mint-by-mr-scrubber\\\/\",\"url\":\"https:\\\/\\\/hannaorganic.md\\\/ru\\\/produs\\\/solident-moutwash-watermelon-mint-by-mr-scrubber\\\/\",\"name\":\"SOLIDENT Moutwash Watermelon Mint by Mr.SCRUBBER - HANNA ORGANIC\",\"isPartOf\":{\"@id\":\"https:\\\/\\\/hannaorganic.md\\\/ru\\\/#website\"},\"primaryImageOfPage\":{\"@id\":\"https:\\\/\\\/hannaorganic.md\\\/ru\\\/produs\\\/solident-moutwash-watermelon-mint-by-mr-scrubber\\\/#primaryimage\"},\"image\":{\"@id\":\"https:\\\/\\\/hannaorganic.md\\\/ru\\\/produs\\\/solident-moutwash-watermelon-mint-by-mr-scrubber\\\/#primaryimage\"},\"thumbnailUrl\":\"https:\\\/\\\/hannaorganic.md\\\/wp-content\\\/uploads\\\/2025\\\/10\\\/IMG_5772.jpeg\",\"datePublished\":\"2025-10-04T10:43:44+00:00\",\"dateModified\":\"2025-10-04T10:45:26+00:00\",\"breadcrumb\":{\"@id\":\"https:\\\/\\\/hannaorganic.md\\\/ru\\\/produs\\\/solident-moutwash-watermelon-mint-by-mr-scrubber\\\/#breadcrumb\"},\"inLanguage\":\"ru-RU\",\"potentialAction\":[{\"@type\":\"ReadAction\",\"target\":[\"https:\\\/\\\/hannaorganic.md\\\/ru\\\/produs\\\/solident-moutwash-watermelon-mint-by-mr-scrubber\\\/\"]}]},{\"@type\":\"ImageObject\",\"inLanguage\":\"ru-RU\",\"@id\":\"https:\\\/\\\/hannaorganic.md\\\/ru\\\/produs\\\/solident-moutwash-watermelon-mint-by-mr-scrubber\\\/#primaryimage\",\"url\":\"https:\\\/\\\/hannaorganic.md\\\/wp-content\\\/uploads\\\/2025\\\/10\\\/IMG_5772.jpeg\",\"contentUrl\":\"https:\\\/\\\/hannaorganic.md\\\/wp-content\\\/uploads\\\/2025\\\/10\\\/IMG_5772.jpeg\",\"width\":877,\"height\":1103},{\"@type\":\"BreadcrumbList\",\"@id\":\"https:\\\/\\\/hannaorganic.md\\\/ru\\\/produs\\\/solident-moutwash-watermelon-mint-by-mr-scrubber\\\/#breadcrumb\",\"itemListElement\":[{\"@type\":\"ListItem\",\"position\":1,\"name\":\"Prima pagin\u0103\",\"item\":\"https:\\\/\\\/hannaorganic.md\\\/ru\\\/hanna-organic\\\/\"},{\"@type\":\"ListItem\",\"position\":2,\"name\":\"\u041c\u0430\u0433\u0430\u0437\u0438\u043d\",\"item\":\"https:\\\/\\\/hannaorganic.md\\\/ru\\\/shop\\\/\"},{\"@type\":\"ListItem\",\"position\":3,\"name\":\"SOLIDENT Moutwash Watermelon Mint by Mr.SCRUBBER\"}]},{\"@type\":\"WebSite\",\"@id\":\"https:\\\/\\\/hannaorganic.md\\\/ru\\\/#website\",\"url\":\"https:\\\/\\\/hannaorganic.md\\\/ru\\\/\",\"name\":\"HANNA ORGANIC\",\"description\":\"Multi-Brand Cosmetic Store\",\"potentialAction\":[{\"@type\":\"SearchAction\",\"target\":{\"@type\":\"EntryPoint\",\"urlTemplate\":\"https:\\\/\\\/hannaorganic.md\\\/ru\\\/?s={search_term_string}\"},\"query-input\":{\"@type\":\"PropertyValueSpecification\",\"valueRequired\":true,\"valueName\":\"search_term_string\"}}],\"inLanguage\":\"ru-RU\"}]}<\/script>\n<!-- \/ Yoast SEO plugin. -->","yoast_head_json":{"title":"SOLIDENT Moutwash Watermelon Mint by Mr.SCRUBBER - HANNA ORGANIC","robots":{"index":"index","follow":"follow","max-snippet":"max-snippet:-1","max-image-preview":"max-image-preview:large","max-video-preview":"max-video-preview:-1"},"canonical":"https:\/\/hannaorganic.md\/ru\/produs\/solident-moutwash-watermelon-mint-by-mr-scrubber\/","og_locale":"ru_RU","og_type":"article","og_title":"SOLIDENT Moutwash Watermelon Mint by Mr.SCRUBBER - HANNA ORGANIC","og_description":"Apa de gur\u0103 Solident Watermelon Mint cu arom\u0103 de ment\u0103 \u0219i pepene verde \u00eemprosp\u0103teaz\u0103 instantaneu respira\u021bia \u0219i confer\u0103 \u00eencredere, mai ales \u00eenainte de o \u00eent\u00e2lnire sau o \u00eent\u00e2lnire important\u0103. Cur\u0103\u021b\u0103 reziduurile alimentare, normalizeaz\u0103 pH-ul cavit\u0103\u021bii bucale \u0219i previne formarea pl\u0103cii bacteriene. Apa de gur\u0103 este u\u0219or de utilizat pe tot parcursul zilei, dup\u0103 fiecare mas\u0103.","og_url":"https:\/\/hannaorganic.md\/ru\/produs\/solident-moutwash-watermelon-mint-by-mr-scrubber\/","og_site_name":"HANNA ORGANIC","article_publisher":"https:\/\/www.facebook.com\/bluemagic.md\/","article_modified_time":"2025-10-04T10:45:26+00:00","og_image":[{"width":877,"height":1103,"url":"https:\/\/hannaorganic.md\/wp-content\/uploads\/2025\/10\/IMG_5772.jpeg","type":"image\/jpeg"}],"twitter_card":"summary_large_image","twitter_misc":{"\u041f\u0440\u0438\u043c\u0435\u0440\u043d\u043e\u0435 \u0432\u0440\u0435\u043c\u044f \u0434\u043b\u044f \u0447\u0442\u0435\u043d\u0438\u044f":"2 \u043c\u0438\u043d\u0443\u0442\u044b"},"schema":{"@context":"https:\/\/schema.org","@graph":[{"@type":"WebPage","@id":"https:\/\/hannaorganic.md\/ru\/produs\/solident-moutwash-watermelon-mint-by-mr-scrubber\/","url":"https:\/\/hannaorganic.md\/ru\/produs\/solident-moutwash-watermelon-mint-by-mr-scrubber\/","name":"SOLIDENT Moutwash Watermelon Mint by Mr.SCRUBBER - HANNA ORGANIC","isPartOf":{"@id":"https:\/\/hannaorganic.md\/ru\/#website"},"primaryImageOfPage":{"@id":"https:\/\/hannaorganic.md\/ru\/produs\/solident-moutwash-watermelon-mint-by-mr-scrubber\/#primaryimage"},"image":{"@id":"https:\/\/hannaorganic.md\/ru\/produs\/solident-moutwash-watermelon-mint-by-mr-scrubber\/#primaryimage"},"thumbnailUrl":"https:\/\/hannaorganic.md\/wp-content\/uploads\/2025\/10\/IMG_5772.jpeg","datePublished":"2025-10-04T10:43:44+00:00","dateModified":"2025-10-04T10:45:26+00:00","breadcrumb":{"@id":"https:\/\/hannaorganic.md\/ru\/produs\/solident-moutwash-watermelon-mint-by-mr-scrubber\/#breadcrumb"},"inLanguage":"ru-RU","potentialAction":[{"@type":"ReadAction","target":["https:\/\/hannaorganic.md\/ru\/produs\/solident-moutwash-watermelon-mint-by-mr-scrubber\/"]}]},{"@type":"ImageObject","inLanguage":"ru-RU","@id":"https:\/\/hannaorganic.md\/ru\/produs\/solident-moutwash-watermelon-mint-by-mr-scrubber\/#primaryimage","url":"https:\/\/hannaorganic.md\/wp-content\/uploads\/2025\/10\/IMG_5772.jpeg","contentUrl":"https:\/\/hannaorganic.md\/wp-content\/uploads\/2025\/10\/IMG_5772.jpeg","width":877,"height":1103},{"@type":"BreadcrumbList","@id":"https:\/\/hannaorganic.md\/ru\/produs\/solident-moutwash-watermelon-mint-by-mr-scrubber\/#breadcrumb","itemListElement":[{"@type":"ListItem","position":1,"name":"Prima pagin\u0103","item":"https:\/\/hannaorganic.md\/ru\/hanna-organic\/"},{"@type":"ListItem","position":2,"name":"\u041c\u0430\u0433\u0430\u0437\u0438\u043d","item":"https:\/\/hannaorganic.md\/ru\/shop\/"},{"@type":"ListItem","position":3,"name":"SOLIDENT Moutwash Watermelon Mint by Mr.SCRUBBER"}]},{"@type":"WebSite","@id":"https:\/\/hannaorganic.md\/ru\/#website","url":"https:\/\/hannaorganic.md\/ru\/","name":"HANNA ORGANIC","description":"Multi-Brand Cosmetic Store","potentialAction":[{"@type":"SearchAction","target":{"@type":"EntryPoint","urlTemplate":"https:\/\/hannaorganic.md\/ru\/?s={search_term_string}"},"query-input":{"@type":"PropertyValueSpecification","valueRequired":true,"valueName":"search_term_string"}}],"inLanguage":"ru-RU"}]}},"_links":{"self":[{"href":"https:\/\/hannaorganic.md\/ru\/wp-json\/wp\/v2\/product\/85801","targetHints":{"allow":["GET"]}}],"collection":[{"href":"https:\/\/hannaorganic.md\/ru\/wp-json\/wp\/v2\/product"}],"about":[{"href":"https:\/\/hannaorganic.md\/ru\/wp-json\/wp\/v2\/types\/product"}],"wp:featuredmedia":[{"embeddable":true,"href":"https:\/\/hannaorganic.md\/ru\/wp-json\/wp\/v2\/media\/85804"}],"wp:attachment":[{"href":"https:\/\/hannaorganic.md\/ru\/wp-json\/wp\/v2\/media?parent=85801"}],"wp:term":[{"taxonomy":"product_brand","embeddable":true,"href":"https:\/\/hannaorganic.md\/ru\/wp-json\/wp\/v2\/product_brand?post=85801"},{"taxonomy":"product_cat","embeddable":true,"href":"https:\/\/hannaorganic.md\/ru\/wp-json\/wp\/v2\/product_cat?post=85801"},{"taxonomy":"product_tag","embeddable":true,"href":"https:\/\/hannaorganic.md\/ru\/wp-json\/wp\/v2\/product_tag?post=85801"}],"curies":[{"name":"wp","href":"https:\/\/api.w.org\/{rel}","templated":true}]}}