{"id":85811,"date":"2025-10-04T12:56:53","date_gmt":"2025-10-04T10:56:53","guid":{"rendered":"https:\/\/hannaorganic.md\/?post_type=product&#038;p=85811"},"modified":"2025-10-04T12:59:44","modified_gmt":"2025-10-04T10:59:44","slug":"solident-yellow-medium-toothbrush-by-mr-scrubber","status":"publish","type":"product","link":"https:\/\/hannaorganic.md\/ru\/produs\/solident-yellow-medium-toothbrush-by-mr-scrubber\/","title":{"rendered":"SOLIDENT Yellow Medium Toothbrush by Mr.SCRUBBER"},"content":{"rendered":"","protected":false},"excerpt":{"rendered":"<p>Periu\u021ba de din\u021bi Solident cu duritate medie are peri de \u00eenalt\u0103 calitate, decalate pentru o penetrare mai bun\u0103 \u00een spa\u021biile interdentare. Perii sunt flexibili \u0219i elastici, rotunzi, \u00eendep\u0103rteaz\u0103 eficient placa bacterian\u0103 \u0219i murd\u0103ria de pe suprafa\u021ba din\u021bilor \u0219i nu r\u0103nesc gingiile \u00een timpul cur\u0103\u021b\u0103rii. Se recomand\u0103 schimbarea periu\u021bei cu una nou\u0103 la fiecare 3 luni.<\/p>\n<p>Instruc\u021biuni : Cl\u0103ti\u021bi o periu\u021b\u0103 de din\u021bi nou\u0103 cu ap\u0103 cald\u0103 \u00eenainte de utilizare. \u00cen timpul utiliz\u0103rii, \u021bine\u021bi periu\u021ba \u00een pozi\u021bie vertical\u0103, cu perii \u00een sus.<\/p>\n<p>Aten\u021bie : Doar pentru uz extern.<\/p>\n","protected":false},"featured_media":85814,"template":"","meta":[],"product_brand":[],"product_cat":[2046,196,92],"product_tag":[1936,2058,1698,1654],"class_list":{"0":"post-85811","1":"product","2":"type-product","3":"status-publish","4":"has-post-thumbnail","6":"product_cat-solident","7":"product_cat-teeth","8":"product_cat-toate-produsele","9":"product_tag-medium","10":"product_tag-periuta-de-dinti-solident","11":"product_tag-toothbrush","12":"product_tag-yellow","14":"first","15":"instock","16":"shipping-taxable","17":"purchasable","18":"product-type-simple"},"yoast_head":"<!-- This site is optimized with the Yoast SEO plugin v27.5 - https:\/\/yoast.com\/product\/yoast-seo-wordpress\/ -->\n<title>SOLIDENT Yellow Medium Toothbrush by Mr.SCRUBBER - HANNA ORGANIC<\/title>\n<meta name=\"robots\" content=\"index, follow, max-snippet:-1, max-image-preview:large, max-video-preview:-1\" \/>\n<link rel=\"canonical\" href=\"https:\/\/hannaorganic.md\/ru\/produs\/solident-yellow-medium-toothbrush-by-mr-scrubber\/\" \/>\n<meta property=\"og:locale\" content=\"ru_RU\" \/>\n<meta property=\"og:type\" content=\"article\" \/>\n<meta property=\"og:title\" content=\"SOLIDENT Yellow Medium Toothbrush by Mr.SCRUBBER - HANNA ORGANIC\" \/>\n<meta property=\"og:description\" content=\"Periu\u021ba de din\u021bi Solident cu duritate medie are peri de \u00eenalt\u0103 calitate, decalate pentru o penetrare mai bun\u0103 \u00een spa\u021biile interdentare. Perii sunt flexibili \u0219i elastici, rotunzi, \u00eendep\u0103rteaz\u0103 eficient placa bacterian\u0103 \u0219i murd\u0103ria de pe suprafa\u021ba din\u021bilor \u0219i nu r\u0103nesc gingiile \u00een timpul cur\u0103\u021b\u0103rii. Se recomand\u0103 schimbarea periu\u021bei cu una nou\u0103 la fiecare 3 luni.  Instruc\u021biuni : Cl\u0103ti\u021bi o periu\u021b\u0103 de din\u021bi nou\u0103 cu ap\u0103 cald\u0103 \u00eenainte de utilizare. \u00cen timpul utiliz\u0103rii, \u021bine\u021bi periu\u021ba \u00een pozi\u021bie vertical\u0103, cu perii \u00een sus.  Aten\u021bie : Doar pentru uz extern.\" \/>\n<meta property=\"og:url\" content=\"https:\/\/hannaorganic.md\/ru\/produs\/solident-yellow-medium-toothbrush-by-mr-scrubber\/\" \/>\n<meta property=\"og:site_name\" content=\"HANNA ORGANIC\" \/>\n<meta property=\"article:publisher\" content=\"https:\/\/www.facebook.com\/bluemagic.md\/\" \/>\n<meta property=\"article:modified_time\" content=\"2025-10-04T10:59:44+00:00\" \/>\n<meta property=\"og:image\" content=\"https:\/\/hannaorganic.md\/wp-content\/uploads\/2025\/10\/IMG_5776-1.jpeg\" \/>\n\t<meta property=\"og:image:width\" content=\"770\" \/>\n\t<meta property=\"og:image:height\" content=\"1078\" \/>\n\t<meta property=\"og:image:type\" content=\"image\/jpeg\" \/>\n<meta name=\"twitter:card\" content=\"summary_large_image\" \/>\n<meta name=\"twitter:label1\" content=\"\u041f\u0440\u0438\u043c\u0435\u0440\u043d\u043e\u0435 \u0432\u0440\u0435\u043c\u044f \u0434\u043b\u044f \u0447\u0442\u0435\u043d\u0438\u044f\" \/>\n\t<meta name=\"twitter:data1\" content=\"1 \u043c\u0438\u043d\u0443\u0442\u0430\" \/>\n<script type=\"application\/ld+json\" class=\"yoast-schema-graph\">{\"@context\":\"https:\\\/\\\/schema.org\",\"@graph\":[{\"@type\":\"WebPage\",\"@id\":\"https:\\\/\\\/hannaorganic.md\\\/ru\\\/produs\\\/solident-yellow-medium-toothbrush-by-mr-scrubber\\\/\",\"url\":\"https:\\\/\\\/hannaorganic.md\\\/ru\\\/produs\\\/solident-yellow-medium-toothbrush-by-mr-scrubber\\\/\",\"name\":\"SOLIDENT Yellow Medium Toothbrush by Mr.SCRUBBER - HANNA ORGANIC\",\"isPartOf\":{\"@id\":\"https:\\\/\\\/hannaorganic.md\\\/ru\\\/#website\"},\"primaryImageOfPage\":{\"@id\":\"https:\\\/\\\/hannaorganic.md\\\/ru\\\/produs\\\/solident-yellow-medium-toothbrush-by-mr-scrubber\\\/#primaryimage\"},\"image\":{\"@id\":\"https:\\\/\\\/hannaorganic.md\\\/ru\\\/produs\\\/solident-yellow-medium-toothbrush-by-mr-scrubber\\\/#primaryimage\"},\"thumbnailUrl\":\"https:\\\/\\\/hannaorganic.md\\\/wp-content\\\/uploads\\\/2025\\\/10\\\/IMG_5776-1.jpeg\",\"datePublished\":\"2025-10-04T10:56:53+00:00\",\"dateModified\":\"2025-10-04T10:59:44+00:00\",\"breadcrumb\":{\"@id\":\"https:\\\/\\\/hannaorganic.md\\\/ru\\\/produs\\\/solident-yellow-medium-toothbrush-by-mr-scrubber\\\/#breadcrumb\"},\"inLanguage\":\"ru-RU\",\"potentialAction\":[{\"@type\":\"ReadAction\",\"target\":[\"https:\\\/\\\/hannaorganic.md\\\/ru\\\/produs\\\/solident-yellow-medium-toothbrush-by-mr-scrubber\\\/\"]}]},{\"@type\":\"ImageObject\",\"inLanguage\":\"ru-RU\",\"@id\":\"https:\\\/\\\/hannaorganic.md\\\/ru\\\/produs\\\/solident-yellow-medium-toothbrush-by-mr-scrubber\\\/#primaryimage\",\"url\":\"https:\\\/\\\/hannaorganic.md\\\/wp-content\\\/uploads\\\/2025\\\/10\\\/IMG_5776-1.jpeg\",\"contentUrl\":\"https:\\\/\\\/hannaorganic.md\\\/wp-content\\\/uploads\\\/2025\\\/10\\\/IMG_5776-1.jpeg\",\"width\":770,\"height\":1078},{\"@type\":\"BreadcrumbList\",\"@id\":\"https:\\\/\\\/hannaorganic.md\\\/ru\\\/produs\\\/solident-yellow-medium-toothbrush-by-mr-scrubber\\\/#breadcrumb\",\"itemListElement\":[{\"@type\":\"ListItem\",\"position\":1,\"name\":\"Prima pagin\u0103\",\"item\":\"https:\\\/\\\/hannaorganic.md\\\/ru\\\/hanna-organic\\\/\"},{\"@type\":\"ListItem\",\"position\":2,\"name\":\"\u041c\u0430\u0433\u0430\u0437\u0438\u043d\",\"item\":\"https:\\\/\\\/hannaorganic.md\\\/ru\\\/shop\\\/\"},{\"@type\":\"ListItem\",\"position\":3,\"name\":\"SOLIDENT Yellow Medium Toothbrush by Mr.SCRUBBER\"}]},{\"@type\":\"WebSite\",\"@id\":\"https:\\\/\\\/hannaorganic.md\\\/ru\\\/#website\",\"url\":\"https:\\\/\\\/hannaorganic.md\\\/ru\\\/\",\"name\":\"HANNA ORGANIC\",\"description\":\"Multi-Brand Cosmetic Store\",\"potentialAction\":[{\"@type\":\"SearchAction\",\"target\":{\"@type\":\"EntryPoint\",\"urlTemplate\":\"https:\\\/\\\/hannaorganic.md\\\/ru\\\/?s={search_term_string}\"},\"query-input\":{\"@type\":\"PropertyValueSpecification\",\"valueRequired\":true,\"valueName\":\"search_term_string\"}}],\"inLanguage\":\"ru-RU\"}]}<\/script>\n<!-- \/ Yoast SEO plugin. -->","yoast_head_json":{"title":"SOLIDENT Yellow Medium Toothbrush by Mr.SCRUBBER - HANNA ORGANIC","robots":{"index":"index","follow":"follow","max-snippet":"max-snippet:-1","max-image-preview":"max-image-preview:large","max-video-preview":"max-video-preview:-1"},"canonical":"https:\/\/hannaorganic.md\/ru\/produs\/solident-yellow-medium-toothbrush-by-mr-scrubber\/","og_locale":"ru_RU","og_type":"article","og_title":"SOLIDENT Yellow Medium Toothbrush by Mr.SCRUBBER - HANNA ORGANIC","og_description":"Periu\u021ba de din\u021bi Solident cu duritate medie are peri de \u00eenalt\u0103 calitate, decalate pentru o penetrare mai bun\u0103 \u00een spa\u021biile interdentare. Perii sunt flexibili \u0219i elastici, rotunzi, \u00eendep\u0103rteaz\u0103 eficient placa bacterian\u0103 \u0219i murd\u0103ria de pe suprafa\u021ba din\u021bilor \u0219i nu r\u0103nesc gingiile \u00een timpul cur\u0103\u021b\u0103rii. Se recomand\u0103 schimbarea periu\u021bei cu una nou\u0103 la fiecare 3 luni.  Instruc\u021biuni : Cl\u0103ti\u021bi o periu\u021b\u0103 de din\u021bi nou\u0103 cu ap\u0103 cald\u0103 \u00eenainte de utilizare. \u00cen timpul utiliz\u0103rii, \u021bine\u021bi periu\u021ba \u00een pozi\u021bie vertical\u0103, cu perii \u00een sus.  Aten\u021bie : Doar pentru uz extern.","og_url":"https:\/\/hannaorganic.md\/ru\/produs\/solident-yellow-medium-toothbrush-by-mr-scrubber\/","og_site_name":"HANNA ORGANIC","article_publisher":"https:\/\/www.facebook.com\/bluemagic.md\/","article_modified_time":"2025-10-04T10:59:44+00:00","og_image":[{"width":770,"height":1078,"url":"https:\/\/hannaorganic.md\/wp-content\/uploads\/2025\/10\/IMG_5776-1.jpeg","type":"image\/jpeg"}],"twitter_card":"summary_large_image","twitter_misc":{"\u041f\u0440\u0438\u043c\u0435\u0440\u043d\u043e\u0435 \u0432\u0440\u0435\u043c\u044f \u0434\u043b\u044f \u0447\u0442\u0435\u043d\u0438\u044f":"1 \u043c\u0438\u043d\u0443\u0442\u0430"},"schema":{"@context":"https:\/\/schema.org","@graph":[{"@type":"WebPage","@id":"https:\/\/hannaorganic.md\/ru\/produs\/solident-yellow-medium-toothbrush-by-mr-scrubber\/","url":"https:\/\/hannaorganic.md\/ru\/produs\/solident-yellow-medium-toothbrush-by-mr-scrubber\/","name":"SOLIDENT Yellow Medium Toothbrush by Mr.SCRUBBER - HANNA ORGANIC","isPartOf":{"@id":"https:\/\/hannaorganic.md\/ru\/#website"},"primaryImageOfPage":{"@id":"https:\/\/hannaorganic.md\/ru\/produs\/solident-yellow-medium-toothbrush-by-mr-scrubber\/#primaryimage"},"image":{"@id":"https:\/\/hannaorganic.md\/ru\/produs\/solident-yellow-medium-toothbrush-by-mr-scrubber\/#primaryimage"},"thumbnailUrl":"https:\/\/hannaorganic.md\/wp-content\/uploads\/2025\/10\/IMG_5776-1.jpeg","datePublished":"2025-10-04T10:56:53+00:00","dateModified":"2025-10-04T10:59:44+00:00","breadcrumb":{"@id":"https:\/\/hannaorganic.md\/ru\/produs\/solident-yellow-medium-toothbrush-by-mr-scrubber\/#breadcrumb"},"inLanguage":"ru-RU","potentialAction":[{"@type":"ReadAction","target":["https:\/\/hannaorganic.md\/ru\/produs\/solident-yellow-medium-toothbrush-by-mr-scrubber\/"]}]},{"@type":"ImageObject","inLanguage":"ru-RU","@id":"https:\/\/hannaorganic.md\/ru\/produs\/solident-yellow-medium-toothbrush-by-mr-scrubber\/#primaryimage","url":"https:\/\/hannaorganic.md\/wp-content\/uploads\/2025\/10\/IMG_5776-1.jpeg","contentUrl":"https:\/\/hannaorganic.md\/wp-content\/uploads\/2025\/10\/IMG_5776-1.jpeg","width":770,"height":1078},{"@type":"BreadcrumbList","@id":"https:\/\/hannaorganic.md\/ru\/produs\/solident-yellow-medium-toothbrush-by-mr-scrubber\/#breadcrumb","itemListElement":[{"@type":"ListItem","position":1,"name":"Prima pagin\u0103","item":"https:\/\/hannaorganic.md\/ru\/hanna-organic\/"},{"@type":"ListItem","position":2,"name":"\u041c\u0430\u0433\u0430\u0437\u0438\u043d","item":"https:\/\/hannaorganic.md\/ru\/shop\/"},{"@type":"ListItem","position":3,"name":"SOLIDENT Yellow Medium Toothbrush by Mr.SCRUBBER"}]},{"@type":"WebSite","@id":"https:\/\/hannaorganic.md\/ru\/#website","url":"https:\/\/hannaorganic.md\/ru\/","name":"HANNA ORGANIC","description":"Multi-Brand Cosmetic Store","potentialAction":[{"@type":"SearchAction","target":{"@type":"EntryPoint","urlTemplate":"https:\/\/hannaorganic.md\/ru\/?s={search_term_string}"},"query-input":{"@type":"PropertyValueSpecification","valueRequired":true,"valueName":"search_term_string"}}],"inLanguage":"ru-RU"}]}},"_links":{"self":[{"href":"https:\/\/hannaorganic.md\/ru\/wp-json\/wp\/v2\/product\/85811","targetHints":{"allow":["GET"]}}],"collection":[{"href":"https:\/\/hannaorganic.md\/ru\/wp-json\/wp\/v2\/product"}],"about":[{"href":"https:\/\/hannaorganic.md\/ru\/wp-json\/wp\/v2\/types\/product"}],"wp:featuredmedia":[{"embeddable":true,"href":"https:\/\/hannaorganic.md\/ru\/wp-json\/wp\/v2\/media\/85814"}],"wp:attachment":[{"href":"https:\/\/hannaorganic.md\/ru\/wp-json\/wp\/v2\/media?parent=85811"}],"wp:term":[{"taxonomy":"product_brand","embeddable":true,"href":"https:\/\/hannaorganic.md\/ru\/wp-json\/wp\/v2\/product_brand?post=85811"},{"taxonomy":"product_cat","embeddable":true,"href":"https:\/\/hannaorganic.md\/ru\/wp-json\/wp\/v2\/product_cat?post=85811"},{"taxonomy":"product_tag","embeddable":true,"href":"https:\/\/hannaorganic.md\/ru\/wp-json\/wp\/v2\/product_tag?post=85811"}],"curies":[{"name":"wp","href":"https:\/\/api.w.org\/{rel}","templated":true}]}}