{"id":85829,"date":"2025-10-04T13:47:28","date_gmt":"2025-10-04T11:47:28","guid":{"rendered":"https:\/\/hannaorganic.md\/?post_type=product&#038;p=85829"},"modified":"2025-10-04T13:48:44","modified_gmt":"2025-10-04T11:48:44","slug":"solident-peach-mint-travel-kit-by-mr-scrubber","status":"publish","type":"product","link":"https:\/\/hannaorganic.md\/ru\/produs\/solident-peach-mint-travel-kit-by-mr-scrubber\/","title":{"rendered":"SOLIDENT Peach Mint Travel Kit by Mr.SCRUBBER"},"content":{"rendered":"","protected":false},"excerpt":{"rendered":"<p>Trusa cosmetic\u0103 pentru setul de c\u0103l\u0103torie este o op\u021biune convenabil\u0103 pentru aventurile \u0219i c\u0103l\u0103toriile tale, astfel \u00eenc\u00e2t \u00eengrijirea oral\u0103 s\u0103 fie mereu la \u00eendem\u00e2n\u0103. Trusa cosmetic\u0103 este destul de compact\u0103, a\u0219a c\u0103 o po\u021bi \u00eenc\u0103pea cu u\u0219urin\u021b\u0103 \u00eentr-o geant\u0103 mic\u0103 sau \u00eentr-un rucsac. Ia-o cu tine pentru confort \u00een orice situa\u021bie.<\/p>\n<p>Con\u021binut set :<\/p>\n<p>\u2022 Geant\u0103 cosmetic\u0103 Solident;<br \/>\n\u2022 Periu\u021b\u0103 de din\u021bi Solident, duritate medie, roz;<br \/>\n\u2022 Past\u0103 de din\u021bi Solident pentru albire zilnic\u0103, ment\u0103 original\u0103 \/ ment\u0103, 25 ml;<br \/>\n\u2022 Past\u0103 de din\u021bi Solident pentru albire zilnic\u0103, ment\u0103 piersic\u0103 \/ ment\u0103-piersic\u0103, 25 ml.<\/p>\n","protected":false},"featured_media":85830,"template":"","meta":[],"product_brand":[],"product_cat":[2046,196],"product_tag":[2062,2060,2047,1698,2054,2061],"class_list":{"0":"post-85829","1":"product","2":"type-product","3":"status-publish","4":"has-post-thumbnail","6":"product_cat-solident","7":"product_cat-teeth","8":"product_tag-pasta-de-dinti","9":"product_tag-periuta-dinti","10":"product_tag-solident","11":"product_tag-toothbrush","12":"product_tag-toothpaste","13":"product_tag-travel-set","15":"first","16":"instock","17":"shipping-taxable","18":"purchasable","19":"product-type-simple"},"yoast_head":"<!-- This site is optimized with the Yoast SEO plugin v27.5 - https:\/\/yoast.com\/product\/yoast-seo-wordpress\/ -->\n<title>SOLIDENT Peach Mint Travel Kit by Mr.SCRUBBER - HANNA ORGANIC<\/title>\n<meta name=\"robots\" content=\"index, follow, max-snippet:-1, max-image-preview:large, max-video-preview:-1\" \/>\n<link rel=\"canonical\" href=\"https:\/\/hannaorganic.md\/ru\/produs\/solident-peach-mint-travel-kit-by-mr-scrubber\/\" \/>\n<meta property=\"og:locale\" content=\"ru_RU\" \/>\n<meta property=\"og:type\" content=\"article\" \/>\n<meta property=\"og:title\" content=\"SOLIDENT Peach Mint Travel Kit by Mr.SCRUBBER - HANNA ORGANIC\" \/>\n<meta property=\"og:description\" content=\"Trusa cosmetic\u0103 pentru setul de c\u0103l\u0103torie este o op\u021biune convenabil\u0103 pentru aventurile \u0219i c\u0103l\u0103toriile tale, astfel \u00eenc\u00e2t \u00eengrijirea oral\u0103 s\u0103 fie mereu la \u00eendem\u00e2n\u0103. Trusa cosmetic\u0103 este destul de compact\u0103, a\u0219a c\u0103 o po\u021bi \u00eenc\u0103pea cu u\u0219urin\u021b\u0103 \u00eentr-o geant\u0103 mic\u0103 sau \u00eentr-un rucsac. Ia-o cu tine pentru confort \u00een orice situa\u021bie.  Con\u021binut set :  \u2022 Geant\u0103 cosmetic\u0103 Solident; \u2022 Periu\u021b\u0103 de din\u021bi Solident, duritate medie, roz; \u2022 Past\u0103 de din\u021bi Solident pentru albire zilnic\u0103, ment\u0103 original\u0103 \/ ment\u0103, 25 ml; \u2022 Past\u0103 de din\u021bi Solident pentru albire zilnic\u0103, ment\u0103 piersic\u0103 \/ ment\u0103-piersic\u0103, 25 ml.\" \/>\n<meta property=\"og:url\" content=\"https:\/\/hannaorganic.md\/ru\/produs\/solident-peach-mint-travel-kit-by-mr-scrubber\/\" \/>\n<meta property=\"og:site_name\" content=\"HANNA ORGANIC\" \/>\n<meta property=\"article:publisher\" content=\"https:\/\/www.facebook.com\/bluemagic.md\/\" \/>\n<meta property=\"article:modified_time\" content=\"2025-10-04T11:48:44+00:00\" \/>\n<meta property=\"og:image\" content=\"https:\/\/hannaorganic.md\/wp-content\/uploads\/2025\/10\/IMG_5782.jpeg\" \/>\n\t<meta property=\"og:image:width\" content=\"992\" \/>\n\t<meta property=\"og:image:height\" content=\"1381\" \/>\n\t<meta property=\"og:image:type\" content=\"image\/jpeg\" \/>\n<meta name=\"twitter:card\" content=\"summary_large_image\" \/>\n<meta name=\"twitter:label1\" content=\"\u041f\u0440\u0438\u043c\u0435\u0440\u043d\u043e\u0435 \u0432\u0440\u0435\u043c\u044f \u0434\u043b\u044f \u0447\u0442\u0435\u043d\u0438\u044f\" \/>\n\t<meta name=\"twitter:data1\" content=\"1 \u043c\u0438\u043d\u0443\u0442\u0430\" \/>\n<script type=\"application\/ld+json\" class=\"yoast-schema-graph\">{\"@context\":\"https:\\\/\\\/schema.org\",\"@graph\":[{\"@type\":\"WebPage\",\"@id\":\"https:\\\/\\\/hannaorganic.md\\\/ru\\\/produs\\\/solident-peach-mint-travel-kit-by-mr-scrubber\\\/\",\"url\":\"https:\\\/\\\/hannaorganic.md\\\/ru\\\/produs\\\/solident-peach-mint-travel-kit-by-mr-scrubber\\\/\",\"name\":\"SOLIDENT Peach Mint Travel Kit by Mr.SCRUBBER - HANNA ORGANIC\",\"isPartOf\":{\"@id\":\"https:\\\/\\\/hannaorganic.md\\\/ru\\\/#website\"},\"primaryImageOfPage\":{\"@id\":\"https:\\\/\\\/hannaorganic.md\\\/ru\\\/produs\\\/solident-peach-mint-travel-kit-by-mr-scrubber\\\/#primaryimage\"},\"image\":{\"@id\":\"https:\\\/\\\/hannaorganic.md\\\/ru\\\/produs\\\/solident-peach-mint-travel-kit-by-mr-scrubber\\\/#primaryimage\"},\"thumbnailUrl\":\"https:\\\/\\\/hannaorganic.md\\\/wp-content\\\/uploads\\\/2025\\\/10\\\/IMG_5782.jpeg\",\"datePublished\":\"2025-10-04T11:47:28+00:00\",\"dateModified\":\"2025-10-04T11:48:44+00:00\",\"breadcrumb\":{\"@id\":\"https:\\\/\\\/hannaorganic.md\\\/ru\\\/produs\\\/solident-peach-mint-travel-kit-by-mr-scrubber\\\/#breadcrumb\"},\"inLanguage\":\"ru-RU\",\"potentialAction\":[{\"@type\":\"ReadAction\",\"target\":[\"https:\\\/\\\/hannaorganic.md\\\/ru\\\/produs\\\/solident-peach-mint-travel-kit-by-mr-scrubber\\\/\"]}]},{\"@type\":\"ImageObject\",\"inLanguage\":\"ru-RU\",\"@id\":\"https:\\\/\\\/hannaorganic.md\\\/ru\\\/produs\\\/solident-peach-mint-travel-kit-by-mr-scrubber\\\/#primaryimage\",\"url\":\"https:\\\/\\\/hannaorganic.md\\\/wp-content\\\/uploads\\\/2025\\\/10\\\/IMG_5782.jpeg\",\"contentUrl\":\"https:\\\/\\\/hannaorganic.md\\\/wp-content\\\/uploads\\\/2025\\\/10\\\/IMG_5782.jpeg\",\"width\":992,\"height\":1381},{\"@type\":\"BreadcrumbList\",\"@id\":\"https:\\\/\\\/hannaorganic.md\\\/ru\\\/produs\\\/solident-peach-mint-travel-kit-by-mr-scrubber\\\/#breadcrumb\",\"itemListElement\":[{\"@type\":\"ListItem\",\"position\":1,\"name\":\"Prima pagin\u0103\",\"item\":\"https:\\\/\\\/hannaorganic.md\\\/ru\\\/hanna-organic\\\/\"},{\"@type\":\"ListItem\",\"position\":2,\"name\":\"\u041c\u0430\u0433\u0430\u0437\u0438\u043d\",\"item\":\"https:\\\/\\\/hannaorganic.md\\\/ru\\\/shop\\\/\"},{\"@type\":\"ListItem\",\"position\":3,\"name\":\"SOLIDENT Peach Mint Travel Kit by Mr.SCRUBBER\"}]},{\"@type\":\"WebSite\",\"@id\":\"https:\\\/\\\/hannaorganic.md\\\/ru\\\/#website\",\"url\":\"https:\\\/\\\/hannaorganic.md\\\/ru\\\/\",\"name\":\"HANNA ORGANIC\",\"description\":\"Multi-Brand Cosmetic Store\",\"potentialAction\":[{\"@type\":\"SearchAction\",\"target\":{\"@type\":\"EntryPoint\",\"urlTemplate\":\"https:\\\/\\\/hannaorganic.md\\\/ru\\\/?s={search_term_string}\"},\"query-input\":{\"@type\":\"PropertyValueSpecification\",\"valueRequired\":true,\"valueName\":\"search_term_string\"}}],\"inLanguage\":\"ru-RU\"}]}<\/script>\n<!-- \/ Yoast SEO plugin. -->","yoast_head_json":{"title":"SOLIDENT Peach Mint Travel Kit by Mr.SCRUBBER - HANNA ORGANIC","robots":{"index":"index","follow":"follow","max-snippet":"max-snippet:-1","max-image-preview":"max-image-preview:large","max-video-preview":"max-video-preview:-1"},"canonical":"https:\/\/hannaorganic.md\/ru\/produs\/solident-peach-mint-travel-kit-by-mr-scrubber\/","og_locale":"ru_RU","og_type":"article","og_title":"SOLIDENT Peach Mint Travel Kit by Mr.SCRUBBER - HANNA ORGANIC","og_description":"Trusa cosmetic\u0103 pentru setul de c\u0103l\u0103torie este o op\u021biune convenabil\u0103 pentru aventurile \u0219i c\u0103l\u0103toriile tale, astfel \u00eenc\u00e2t \u00eengrijirea oral\u0103 s\u0103 fie mereu la \u00eendem\u00e2n\u0103. Trusa cosmetic\u0103 este destul de compact\u0103, a\u0219a c\u0103 o po\u021bi \u00eenc\u0103pea cu u\u0219urin\u021b\u0103 \u00eentr-o geant\u0103 mic\u0103 sau \u00eentr-un rucsac. Ia-o cu tine pentru confort \u00een orice situa\u021bie.  Con\u021binut set :  \u2022 Geant\u0103 cosmetic\u0103 Solident; \u2022 Periu\u021b\u0103 de din\u021bi Solident, duritate medie, roz; \u2022 Past\u0103 de din\u021bi Solident pentru albire zilnic\u0103, ment\u0103 original\u0103 \/ ment\u0103, 25 ml; \u2022 Past\u0103 de din\u021bi Solident pentru albire zilnic\u0103, ment\u0103 piersic\u0103 \/ ment\u0103-piersic\u0103, 25 ml.","og_url":"https:\/\/hannaorganic.md\/ru\/produs\/solident-peach-mint-travel-kit-by-mr-scrubber\/","og_site_name":"HANNA ORGANIC","article_publisher":"https:\/\/www.facebook.com\/bluemagic.md\/","article_modified_time":"2025-10-04T11:48:44+00:00","og_image":[{"width":992,"height":1381,"url":"https:\/\/hannaorganic.md\/wp-content\/uploads\/2025\/10\/IMG_5782.jpeg","type":"image\/jpeg"}],"twitter_card":"summary_large_image","twitter_misc":{"\u041f\u0440\u0438\u043c\u0435\u0440\u043d\u043e\u0435 \u0432\u0440\u0435\u043c\u044f \u0434\u043b\u044f \u0447\u0442\u0435\u043d\u0438\u044f":"1 \u043c\u0438\u043d\u0443\u0442\u0430"},"schema":{"@context":"https:\/\/schema.org","@graph":[{"@type":"WebPage","@id":"https:\/\/hannaorganic.md\/ru\/produs\/solident-peach-mint-travel-kit-by-mr-scrubber\/","url":"https:\/\/hannaorganic.md\/ru\/produs\/solident-peach-mint-travel-kit-by-mr-scrubber\/","name":"SOLIDENT Peach Mint Travel Kit by Mr.SCRUBBER - HANNA ORGANIC","isPartOf":{"@id":"https:\/\/hannaorganic.md\/ru\/#website"},"primaryImageOfPage":{"@id":"https:\/\/hannaorganic.md\/ru\/produs\/solident-peach-mint-travel-kit-by-mr-scrubber\/#primaryimage"},"image":{"@id":"https:\/\/hannaorganic.md\/ru\/produs\/solident-peach-mint-travel-kit-by-mr-scrubber\/#primaryimage"},"thumbnailUrl":"https:\/\/hannaorganic.md\/wp-content\/uploads\/2025\/10\/IMG_5782.jpeg","datePublished":"2025-10-04T11:47:28+00:00","dateModified":"2025-10-04T11:48:44+00:00","breadcrumb":{"@id":"https:\/\/hannaorganic.md\/ru\/produs\/solident-peach-mint-travel-kit-by-mr-scrubber\/#breadcrumb"},"inLanguage":"ru-RU","potentialAction":[{"@type":"ReadAction","target":["https:\/\/hannaorganic.md\/ru\/produs\/solident-peach-mint-travel-kit-by-mr-scrubber\/"]}]},{"@type":"ImageObject","inLanguage":"ru-RU","@id":"https:\/\/hannaorganic.md\/ru\/produs\/solident-peach-mint-travel-kit-by-mr-scrubber\/#primaryimage","url":"https:\/\/hannaorganic.md\/wp-content\/uploads\/2025\/10\/IMG_5782.jpeg","contentUrl":"https:\/\/hannaorganic.md\/wp-content\/uploads\/2025\/10\/IMG_5782.jpeg","width":992,"height":1381},{"@type":"BreadcrumbList","@id":"https:\/\/hannaorganic.md\/ru\/produs\/solident-peach-mint-travel-kit-by-mr-scrubber\/#breadcrumb","itemListElement":[{"@type":"ListItem","position":1,"name":"Prima pagin\u0103","item":"https:\/\/hannaorganic.md\/ru\/hanna-organic\/"},{"@type":"ListItem","position":2,"name":"\u041c\u0430\u0433\u0430\u0437\u0438\u043d","item":"https:\/\/hannaorganic.md\/ru\/shop\/"},{"@type":"ListItem","position":3,"name":"SOLIDENT Peach Mint Travel Kit by Mr.SCRUBBER"}]},{"@type":"WebSite","@id":"https:\/\/hannaorganic.md\/ru\/#website","url":"https:\/\/hannaorganic.md\/ru\/","name":"HANNA ORGANIC","description":"Multi-Brand Cosmetic Store","potentialAction":[{"@type":"SearchAction","target":{"@type":"EntryPoint","urlTemplate":"https:\/\/hannaorganic.md\/ru\/?s={search_term_string}"},"query-input":{"@type":"PropertyValueSpecification","valueRequired":true,"valueName":"search_term_string"}}],"inLanguage":"ru-RU"}]}},"_links":{"self":[{"href":"https:\/\/hannaorganic.md\/ru\/wp-json\/wp\/v2\/product\/85829","targetHints":{"allow":["GET"]}}],"collection":[{"href":"https:\/\/hannaorganic.md\/ru\/wp-json\/wp\/v2\/product"}],"about":[{"href":"https:\/\/hannaorganic.md\/ru\/wp-json\/wp\/v2\/types\/product"}],"wp:featuredmedia":[{"embeddable":true,"href":"https:\/\/hannaorganic.md\/ru\/wp-json\/wp\/v2\/media\/85830"}],"wp:attachment":[{"href":"https:\/\/hannaorganic.md\/ru\/wp-json\/wp\/v2\/media?parent=85829"}],"wp:term":[{"taxonomy":"product_brand","embeddable":true,"href":"https:\/\/hannaorganic.md\/ru\/wp-json\/wp\/v2\/product_brand?post=85829"},{"taxonomy":"product_cat","embeddable":true,"href":"https:\/\/hannaorganic.md\/ru\/wp-json\/wp\/v2\/product_cat?post=85829"},{"taxonomy":"product_tag","embeddable":true,"href":"https:\/\/hannaorganic.md\/ru\/wp-json\/wp\/v2\/product_tag?post=85829"}],"curies":[{"name":"wp","href":"https:\/\/api.w.org\/{rel}","templated":true}]}}