{"id":85967,"date":"2025-11-15T16:42:02","date_gmt":"2025-11-15T14:42:02","guid":{"rendered":"https:\/\/hannaorganic.md\/?post_type=product&#038;p=85967"},"modified":"2026-04-18T12:02:35","modified_gmt":"2026-04-18T10:02:35","slug":"%d0%bd%d0%b0%d0%b1%d0%be%d1%80-%d0%bc%d1%83%d0%b6%d1%81%d0%ba%d0%b8%d1%85-%d0%bf%d1%80%d0%b8%d0%bd%d0%b0%d0%b4%d0%bb%d0%b5%d0%b6%d0%bd%d0%be%d1%81%d1%82%d0%b5%d0%b9-%d1%81-%d0%b0%d1%80%d0%be%d0%bc","status":"publish","type":"product","link":"https:\/\/hannaorganic.md\/ru\/produs\/%d0%bd%d0%b0%d0%b1%d0%be%d1%80-%d0%bc%d1%83%d0%b6%d1%81%d0%ba%d0%b8%d1%85-%d0%bf%d1%80%d0%b8%d0%bd%d0%b0%d0%b4%d0%bb%d0%b5%d0%b6%d0%bd%d0%be%d1%81%d1%82%d0%b5%d0%b9-%d1%81-%d0%b0%d1%80%d0%be%d0%bc\/","title":{"rendered":"\u041d\u0430\u0431\u043e\u0440 \u0434\u043b\u044f \u0443\u0445\u043e\u0434\u0430 \u0437\u0430 \u0442\u0435\u043b\u043e\u043c \u0434\u043b\u044f \u043c\u0443\u0436\u0447\u0438\u043d \u0441 \u0430\u0440\u043e\u043c\u0430\u0442\u043e\u043c \u0432\u0435\u0442\u0438\u0432\u0435\u0440\u0430 Mr. SCRUBBER"},"content":{"rendered":"","protected":false},"excerpt":{"rendered":"<p>Setul parfumat Vetiver pentru rutina de \u00eengrijire masculin\u0103 are o arom\u0103 profund\u0103, cu note pronun\u021bate de fum, subtile note de mu\u0219chi \u0219i piele.<\/p>\n<p>Con\u021bine un complex de produse pentru corp \u0219i p\u0103r care te vor ajuta s\u0103 ar\u0103\u021bi \u00eencrez\u0103tor \u0219i s\u0103 te sim\u021bi proasp\u0103t pe tot parcursul zilei.<\/p>\n<p>\u00cen set :<\/p>\n<p>\u2022 \u0218ampon 2 \u00een 1 Vetiver pentru corp \u0219i p\u0103r, 300 ml<\/p>\n<p>\u2022 Ap\u0103 de colonie dup\u0103 du\u0219 Vetiver, aftershave, 100 ml<\/p>\n<p>\u2022 Gel de ras Vetiver d-pantenol, 100 ml<\/p>\n<p>\u2022 Crem\u0103 aftershave Vetiver, 100 ml<\/p>\n<p>\u2022 Sponge de baie pentru b\u0103rba\u021bi<\/p>\n","protected":false},"featured_media":85968,"template":"","meta":[],"product_brand":[],"product_cat":[245,265,96,363,92],"product_tag":[2136,2143,2138,2140,2137,2141,2142,2139],"class_list":{"0":"post-85967","1":"product","2":"type-product","3":"status-publish","4":"has-post-thumbnail","6":"product_cat-gift-box","7":"product_cat-man","8":"product_cat-mrscrubber-md","9":"product_cat-seturi-cadou","10":"product_cat-toate-produsele","11":"product_tag-23-","12":"product_tag-2143","13":"product_tag-2138","14":"product_tag-2140","15":"product_tag-2137","16":"product_tag-2141","17":"product_tag-2142","18":"product_tag-2139","20":"first","21":"instock","22":"shipping-taxable","23":"purchasable","24":"product-type-simple"},"yoast_head":"<!-- This site is optimized with the Yoast SEO plugin v27.5 - https:\/\/yoast.com\/product\/yoast-seo-wordpress\/ -->\n<title>\u041d\u0430\u0431\u043e\u0440 \u0434\u043b\u044f \u0443\u0445\u043e\u0434\u0430 \u0437\u0430 \u0442\u0435\u043b\u043e\u043c \u0434\u043b\u044f \u043c\u0443\u0436\u0447\u0438\u043d \u0441 \u0430\u0440\u043e\u043c\u0430\u0442\u043e\u043c \u0432\u0435\u0442\u0438\u0432\u0435\u0440\u0430 Mr. SCRUBBER - HANNA ORGANIC<\/title>\n<meta name=\"robots\" content=\"index, follow, max-snippet:-1, max-image-preview:large, max-video-preview:-1\" \/>\n<link rel=\"canonical\" href=\"https:\/\/hannaorganic.md\/ru\/produs\/%d0%bd%d0%b0%d0%b1%d0%be%d1%80-%d0%bc%d1%83%d0%b6%d1%81%d0%ba%d0%b8%d1%85-%d0%bf%d1%80%d0%b8%d0%bd%d0%b0%d0%b4%d0%bb%d0%b5%d0%b6%d0%bd%d0%be%d1%81%d1%82%d0%b5%d0%b9-%d1%81-%d0%b0%d1%80%d0%be%d0%bc\/\" \/>\n<meta property=\"og:locale\" content=\"ru_RU\" \/>\n<meta property=\"og:type\" content=\"article\" \/>\n<meta property=\"og:title\" content=\"\u041d\u0430\u0431\u043e\u0440 \u0434\u043b\u044f \u0443\u0445\u043e\u0434\u0430 \u0437\u0430 \u0442\u0435\u043b\u043e\u043c \u0434\u043b\u044f \u043c\u0443\u0436\u0447\u0438\u043d \u0441 \u0430\u0440\u043e\u043c\u0430\u0442\u043e\u043c \u0432\u0435\u0442\u0438\u0432\u0435\u0440\u0430 Mr. SCRUBBER - HANNA ORGANIC\" \/>\n<meta property=\"og:description\" content=\"Setul parfumat Vetiver pentru rutina de \u00eengrijire masculin\u0103 are o arom\u0103 profund\u0103, cu note pronun\u021bate de fum, subtile note de mu\u0219chi \u0219i piele.  Con\u021bine un complex de produse pentru corp \u0219i p\u0103r care te vor ajuta s\u0103 ar\u0103\u021bi \u00eencrez\u0103tor \u0219i s\u0103 te sim\u021bi proasp\u0103t pe tot parcursul zilei.  \u00cen set :  \u2022 \u0218ampon 2 \u00een 1 Vetiver pentru corp \u0219i p\u0103r, 300 ml  \u2022 Ap\u0103 de colonie dup\u0103 du\u0219 Vetiver, aftershave, 100 ml  \u2022 Gel de ras Vetiver d-pantenol, 100 ml  \u2022 Crem\u0103 aftershave Vetiver, 100 ml  \u2022 Sponge de baie pentru b\u0103rba\u021bi\" \/>\n<meta property=\"og:url\" content=\"https:\/\/hannaorganic.md\/ru\/produs\/%d0%bd%d0%b0%d0%b1%d0%be%d1%80-%d0%bc%d1%83%d0%b6%d1%81%d0%ba%d0%b8%d1%85-%d0%bf%d1%80%d0%b8%d0%bd%d0%b0%d0%b4%d0%bb%d0%b5%d0%b6%d0%bd%d0%be%d1%81%d1%82%d0%b5%d0%b9-%d1%81-%d0%b0%d1%80%d0%be%d0%bc\/\" \/>\n<meta property=\"og:site_name\" content=\"HANNA ORGANIC\" \/>\n<meta property=\"article:publisher\" content=\"https:\/\/www.facebook.com\/bluemagic.md\/\" \/>\n<meta property=\"article:modified_time\" content=\"2026-04-18T10:02:35+00:00\" \/>\n<meta property=\"og:image\" content=\"https:\/\/hannaorganic.md\/wp-content\/uploads\/2025\/11\/IMG_8298.jpeg\" \/>\n\t<meta property=\"og:image:width\" content=\"881\" \/>\n\t<meta property=\"og:image:height\" content=\"1059\" \/>\n\t<meta property=\"og:image:type\" content=\"image\/jpeg\" \/>\n<meta name=\"twitter:card\" content=\"summary_large_image\" \/>\n<script type=\"application\/ld+json\" class=\"yoast-schema-graph\">{\"@context\":\"https:\\\/\\\/schema.org\",\"@graph\":[{\"@type\":\"WebPage\",\"@id\":\"https:\\\/\\\/hannaorganic.md\\\/ru\\\/produs\\\/%d0%bd%d0%b0%d0%b1%d0%be%d1%80-%d0%bc%d1%83%d0%b6%d1%81%d0%ba%d0%b8%d1%85-%d0%bf%d1%80%d0%b8%d0%bd%d0%b0%d0%b4%d0%bb%d0%b5%d0%b6%d0%bd%d0%be%d1%81%d1%82%d0%b5%d0%b9-%d1%81-%d0%b0%d1%80%d0%be%d0%bc\\\/\",\"url\":\"https:\\\/\\\/hannaorganic.md\\\/ru\\\/produs\\\/%d0%bd%d0%b0%d0%b1%d0%be%d1%80-%d0%bc%d1%83%d0%b6%d1%81%d0%ba%d0%b8%d1%85-%d0%bf%d1%80%d0%b8%d0%bd%d0%b0%d0%b4%d0%bb%d0%b5%d0%b6%d0%bd%d0%be%d1%81%d1%82%d0%b5%d0%b9-%d1%81-%d0%b0%d1%80%d0%be%d0%bc\\\/\",\"name\":\"\u041d\u0430\u0431\u043e\u0440 \u0434\u043b\u044f \u0443\u0445\u043e\u0434\u0430 \u0437\u0430 \u0442\u0435\u043b\u043e\u043c \u0434\u043b\u044f \u043c\u0443\u0436\u0447\u0438\u043d \u0441 \u0430\u0440\u043e\u043c\u0430\u0442\u043e\u043c \u0432\u0435\u0442\u0438\u0432\u0435\u0440\u0430 Mr. SCRUBBER - HANNA ORGANIC\",\"isPartOf\":{\"@id\":\"https:\\\/\\\/hannaorganic.md\\\/ru\\\/#website\"},\"primaryImageOfPage\":{\"@id\":\"https:\\\/\\\/hannaorganic.md\\\/ru\\\/produs\\\/%d0%bd%d0%b0%d0%b1%d0%be%d1%80-%d0%bc%d1%83%d0%b6%d1%81%d0%ba%d0%b8%d1%85-%d0%bf%d1%80%d0%b8%d0%bd%d0%b0%d0%b4%d0%bb%d0%b5%d0%b6%d0%bd%d0%be%d1%81%d1%82%d0%b5%d0%b9-%d1%81-%d0%b0%d1%80%d0%be%d0%bc\\\/#primaryimage\"},\"image\":{\"@id\":\"https:\\\/\\\/hannaorganic.md\\\/ru\\\/produs\\\/%d0%bd%d0%b0%d0%b1%d0%be%d1%80-%d0%bc%d1%83%d0%b6%d1%81%d0%ba%d0%b8%d1%85-%d0%bf%d1%80%d0%b8%d0%bd%d0%b0%d0%b4%d0%bb%d0%b5%d0%b6%d0%bd%d0%be%d1%81%d1%82%d0%b5%d0%b9-%d1%81-%d0%b0%d1%80%d0%be%d0%bc\\\/#primaryimage\"},\"thumbnailUrl\":\"https:\\\/\\\/hannaorganic.md\\\/wp-content\\\/uploads\\\/2025\\\/11\\\/IMG_8298.jpeg\",\"datePublished\":\"2025-11-15T14:42:02+00:00\",\"dateModified\":\"2026-04-18T10:02:35+00:00\",\"breadcrumb\":{\"@id\":\"https:\\\/\\\/hannaorganic.md\\\/ru\\\/produs\\\/%d0%bd%d0%b0%d0%b1%d0%be%d1%80-%d0%bc%d1%83%d0%b6%d1%81%d0%ba%d0%b8%d1%85-%d0%bf%d1%80%d0%b8%d0%bd%d0%b0%d0%b4%d0%bb%d0%b5%d0%b6%d0%bd%d0%be%d1%81%d1%82%d0%b5%d0%b9-%d1%81-%d0%b0%d1%80%d0%be%d0%bc\\\/#breadcrumb\"},\"inLanguage\":\"ru-RU\",\"potentialAction\":[{\"@type\":\"ReadAction\",\"target\":[\"https:\\\/\\\/hannaorganic.md\\\/ru\\\/produs\\\/%d0%bd%d0%b0%d0%b1%d0%be%d1%80-%d0%bc%d1%83%d0%b6%d1%81%d0%ba%d0%b8%d1%85-%d0%bf%d1%80%d0%b8%d0%bd%d0%b0%d0%b4%d0%bb%d0%b5%d0%b6%d0%bd%d0%be%d1%81%d1%82%d0%b5%d0%b9-%d1%81-%d0%b0%d1%80%d0%be%d0%bc\\\/\"]}]},{\"@type\":\"ImageObject\",\"inLanguage\":\"ru-RU\",\"@id\":\"https:\\\/\\\/hannaorganic.md\\\/ru\\\/produs\\\/%d0%bd%d0%b0%d0%b1%d0%be%d1%80-%d0%bc%d1%83%d0%b6%d1%81%d0%ba%d0%b8%d1%85-%d0%bf%d1%80%d0%b8%d0%bd%d0%b0%d0%b4%d0%bb%d0%b5%d0%b6%d0%bd%d0%be%d1%81%d1%82%d0%b5%d0%b9-%d1%81-%d0%b0%d1%80%d0%be%d0%bc\\\/#primaryimage\",\"url\":\"https:\\\/\\\/hannaorganic.md\\\/wp-content\\\/uploads\\\/2025\\\/11\\\/IMG_8298.jpeg\",\"contentUrl\":\"https:\\\/\\\/hannaorganic.md\\\/wp-content\\\/uploads\\\/2025\\\/11\\\/IMG_8298.jpeg\",\"width\":881,\"height\":1059},{\"@type\":\"BreadcrumbList\",\"@id\":\"https:\\\/\\\/hannaorganic.md\\\/ru\\\/produs\\\/%d0%bd%d0%b0%d0%b1%d0%be%d1%80-%d0%bc%d1%83%d0%b6%d1%81%d0%ba%d0%b8%d1%85-%d0%bf%d1%80%d0%b8%d0%bd%d0%b0%d0%b4%d0%bb%d0%b5%d0%b6%d0%bd%d0%be%d1%81%d1%82%d0%b5%d0%b9-%d1%81-%d0%b0%d1%80%d0%be%d0%bc\\\/#breadcrumb\",\"itemListElement\":[{\"@type\":\"ListItem\",\"position\":1,\"name\":\"Prima pagin\u0103\",\"item\":\"https:\\\/\\\/hannaorganic.md\\\/ru\\\/hanna-organic\\\/\"},{\"@type\":\"ListItem\",\"position\":2,\"name\":\"\u041c\u0430\u0433\u0430\u0437\u0438\u043d\",\"item\":\"https:\\\/\\\/hannaorganic.md\\\/ru\\\/shop\\\/\"},{\"@type\":\"ListItem\",\"position\":3,\"name\":\"\u041d\u0430\u0431\u043e\u0440 \u0434\u043b\u044f \u0443\u0445\u043e\u0434\u0430 \u0437\u0430 \u0442\u0435\u043b\u043e\u043c \u0434\u043b\u044f \u043c\u0443\u0436\u0447\u0438\u043d \u0441 \u0430\u0440\u043e\u043c\u0430\u0442\u043e\u043c \u0432\u0435\u0442\u0438\u0432\u0435\u0440\u0430 Mr. SCRUBBER\"}]},{\"@type\":\"WebSite\",\"@id\":\"https:\\\/\\\/hannaorganic.md\\\/ru\\\/#website\",\"url\":\"https:\\\/\\\/hannaorganic.md\\\/ru\\\/\",\"name\":\"HANNA ORGANIC\",\"description\":\"Multi-Brand Cosmetic Store\",\"potentialAction\":[{\"@type\":\"SearchAction\",\"target\":{\"@type\":\"EntryPoint\",\"urlTemplate\":\"https:\\\/\\\/hannaorganic.md\\\/ru\\\/?s={search_term_string}\"},\"query-input\":{\"@type\":\"PropertyValueSpecification\",\"valueRequired\":true,\"valueName\":\"search_term_string\"}}],\"inLanguage\":\"ru-RU\"}]}<\/script>\n<!-- \/ Yoast SEO plugin. -->","yoast_head_json":{"title":"\u041d\u0430\u0431\u043e\u0440 \u0434\u043b\u044f \u0443\u0445\u043e\u0434\u0430 \u0437\u0430 \u0442\u0435\u043b\u043e\u043c \u0434\u043b\u044f \u043c\u0443\u0436\u0447\u0438\u043d \u0441 \u0430\u0440\u043e\u043c\u0430\u0442\u043e\u043c \u0432\u0435\u0442\u0438\u0432\u0435\u0440\u0430 Mr. SCRUBBER - HANNA ORGANIC","robots":{"index":"index","follow":"follow","max-snippet":"max-snippet:-1","max-image-preview":"max-image-preview:large","max-video-preview":"max-video-preview:-1"},"canonical":"https:\/\/hannaorganic.md\/ru\/produs\/%d0%bd%d0%b0%d0%b1%d0%be%d1%80-%d0%bc%d1%83%d0%b6%d1%81%d0%ba%d0%b8%d1%85-%d0%bf%d1%80%d0%b8%d0%bd%d0%b0%d0%b4%d0%bb%d0%b5%d0%b6%d0%bd%d0%be%d1%81%d1%82%d0%b5%d0%b9-%d1%81-%d0%b0%d1%80%d0%be%d0%bc\/","og_locale":"ru_RU","og_type":"article","og_title":"\u041d\u0430\u0431\u043e\u0440 \u0434\u043b\u044f \u0443\u0445\u043e\u0434\u0430 \u0437\u0430 \u0442\u0435\u043b\u043e\u043c \u0434\u043b\u044f \u043c\u0443\u0436\u0447\u0438\u043d \u0441 \u0430\u0440\u043e\u043c\u0430\u0442\u043e\u043c \u0432\u0435\u0442\u0438\u0432\u0435\u0440\u0430 Mr. SCRUBBER - HANNA ORGANIC","og_description":"Setul parfumat Vetiver pentru rutina de \u00eengrijire masculin\u0103 are o arom\u0103 profund\u0103, cu note pronun\u021bate de fum, subtile note de mu\u0219chi \u0219i piele.  Con\u021bine un complex de produse pentru corp \u0219i p\u0103r care te vor ajuta s\u0103 ar\u0103\u021bi \u00eencrez\u0103tor \u0219i s\u0103 te sim\u021bi proasp\u0103t pe tot parcursul zilei.  \u00cen set :  \u2022 \u0218ampon 2 \u00een 1 Vetiver pentru corp \u0219i p\u0103r, 300 ml  \u2022 Ap\u0103 de colonie dup\u0103 du\u0219 Vetiver, aftershave, 100 ml  \u2022 Gel de ras Vetiver d-pantenol, 100 ml  \u2022 Crem\u0103 aftershave Vetiver, 100 ml  \u2022 Sponge de baie pentru b\u0103rba\u021bi","og_url":"https:\/\/hannaorganic.md\/ru\/produs\/%d0%bd%d0%b0%d0%b1%d0%be%d1%80-%d0%bc%d1%83%d0%b6%d1%81%d0%ba%d0%b8%d1%85-%d0%bf%d1%80%d0%b8%d0%bd%d0%b0%d0%b4%d0%bb%d0%b5%d0%b6%d0%bd%d0%be%d1%81%d1%82%d0%b5%d0%b9-%d1%81-%d0%b0%d1%80%d0%be%d0%bc\/","og_site_name":"HANNA ORGANIC","article_publisher":"https:\/\/www.facebook.com\/bluemagic.md\/","article_modified_time":"2026-04-18T10:02:35+00:00","og_image":[{"width":881,"height":1059,"url":"https:\/\/hannaorganic.md\/wp-content\/uploads\/2025\/11\/IMG_8298.jpeg","type":"image\/jpeg"}],"twitter_card":"summary_large_image","schema":{"@context":"https:\/\/schema.org","@graph":[{"@type":"WebPage","@id":"https:\/\/hannaorganic.md\/ru\/produs\/%d0%bd%d0%b0%d0%b1%d0%be%d1%80-%d0%bc%d1%83%d0%b6%d1%81%d0%ba%d0%b8%d1%85-%d0%bf%d1%80%d0%b8%d0%bd%d0%b0%d0%b4%d0%bb%d0%b5%d0%b6%d0%bd%d0%be%d1%81%d1%82%d0%b5%d0%b9-%d1%81-%d0%b0%d1%80%d0%be%d0%bc\/","url":"https:\/\/hannaorganic.md\/ru\/produs\/%d0%bd%d0%b0%d0%b1%d0%be%d1%80-%d0%bc%d1%83%d0%b6%d1%81%d0%ba%d0%b8%d1%85-%d0%bf%d1%80%d0%b8%d0%bd%d0%b0%d0%b4%d0%bb%d0%b5%d0%b6%d0%bd%d0%be%d1%81%d1%82%d0%b5%d0%b9-%d1%81-%d0%b0%d1%80%d0%be%d0%bc\/","name":"\u041d\u0430\u0431\u043e\u0440 \u0434\u043b\u044f \u0443\u0445\u043e\u0434\u0430 \u0437\u0430 \u0442\u0435\u043b\u043e\u043c \u0434\u043b\u044f \u043c\u0443\u0436\u0447\u0438\u043d \u0441 \u0430\u0440\u043e\u043c\u0430\u0442\u043e\u043c \u0432\u0435\u0442\u0438\u0432\u0435\u0440\u0430 Mr. SCRUBBER - HANNA ORGANIC","isPartOf":{"@id":"https:\/\/hannaorganic.md\/ru\/#website"},"primaryImageOfPage":{"@id":"https:\/\/hannaorganic.md\/ru\/produs\/%d0%bd%d0%b0%d0%b1%d0%be%d1%80-%d0%bc%d1%83%d0%b6%d1%81%d0%ba%d0%b8%d1%85-%d0%bf%d1%80%d0%b8%d0%bd%d0%b0%d0%b4%d0%bb%d0%b5%d0%b6%d0%bd%d0%be%d1%81%d1%82%d0%b5%d0%b9-%d1%81-%d0%b0%d1%80%d0%be%d0%bc\/#primaryimage"},"image":{"@id":"https:\/\/hannaorganic.md\/ru\/produs\/%d0%bd%d0%b0%d0%b1%d0%be%d1%80-%d0%bc%d1%83%d0%b6%d1%81%d0%ba%d0%b8%d1%85-%d0%bf%d1%80%d0%b8%d0%bd%d0%b0%d0%b4%d0%bb%d0%b5%d0%b6%d0%bd%d0%be%d1%81%d1%82%d0%b5%d0%b9-%d1%81-%d0%b0%d1%80%d0%be%d0%bc\/#primaryimage"},"thumbnailUrl":"https:\/\/hannaorganic.md\/wp-content\/uploads\/2025\/11\/IMG_8298.jpeg","datePublished":"2025-11-15T14:42:02+00:00","dateModified":"2026-04-18T10:02:35+00:00","breadcrumb":{"@id":"https:\/\/hannaorganic.md\/ru\/produs\/%d0%bd%d0%b0%d0%b1%d0%be%d1%80-%d0%bc%d1%83%d0%b6%d1%81%d0%ba%d0%b8%d1%85-%d0%bf%d1%80%d0%b8%d0%bd%d0%b0%d0%b4%d0%bb%d0%b5%d0%b6%d0%bd%d0%be%d1%81%d1%82%d0%b5%d0%b9-%d1%81-%d0%b0%d1%80%d0%be%d0%bc\/#breadcrumb"},"inLanguage":"ru-RU","potentialAction":[{"@type":"ReadAction","target":["https:\/\/hannaorganic.md\/ru\/produs\/%d0%bd%d0%b0%d0%b1%d0%be%d1%80-%d0%bc%d1%83%d0%b6%d1%81%d0%ba%d0%b8%d1%85-%d0%bf%d1%80%d0%b8%d0%bd%d0%b0%d0%b4%d0%bb%d0%b5%d0%b6%d0%bd%d0%be%d1%81%d1%82%d0%b5%d0%b9-%d1%81-%d0%b0%d1%80%d0%be%d0%bc\/"]}]},{"@type":"ImageObject","inLanguage":"ru-RU","@id":"https:\/\/hannaorganic.md\/ru\/produs\/%d0%bd%d0%b0%d0%b1%d0%be%d1%80-%d0%bc%d1%83%d0%b6%d1%81%d0%ba%d0%b8%d1%85-%d0%bf%d1%80%d0%b8%d0%bd%d0%b0%d0%b4%d0%bb%d0%b5%d0%b6%d0%bd%d0%be%d1%81%d1%82%d0%b5%d0%b9-%d1%81-%d0%b0%d1%80%d0%be%d0%bc\/#primaryimage","url":"https:\/\/hannaorganic.md\/wp-content\/uploads\/2025\/11\/IMG_8298.jpeg","contentUrl":"https:\/\/hannaorganic.md\/wp-content\/uploads\/2025\/11\/IMG_8298.jpeg","width":881,"height":1059},{"@type":"BreadcrumbList","@id":"https:\/\/hannaorganic.md\/ru\/produs\/%d0%bd%d0%b0%d0%b1%d0%be%d1%80-%d0%bc%d1%83%d0%b6%d1%81%d0%ba%d0%b8%d1%85-%d0%bf%d1%80%d0%b8%d0%bd%d0%b0%d0%b4%d0%bb%d0%b5%d0%b6%d0%bd%d0%be%d1%81%d1%82%d0%b5%d0%b9-%d1%81-%d0%b0%d1%80%d0%be%d0%bc\/#breadcrumb","itemListElement":[{"@type":"ListItem","position":1,"name":"Prima pagin\u0103","item":"https:\/\/hannaorganic.md\/ru\/hanna-organic\/"},{"@type":"ListItem","position":2,"name":"\u041c\u0430\u0433\u0430\u0437\u0438\u043d","item":"https:\/\/hannaorganic.md\/ru\/shop\/"},{"@type":"ListItem","position":3,"name":"\u041d\u0430\u0431\u043e\u0440 \u0434\u043b\u044f \u0443\u0445\u043e\u0434\u0430 \u0437\u0430 \u0442\u0435\u043b\u043e\u043c \u0434\u043b\u044f \u043c\u0443\u0436\u0447\u0438\u043d \u0441 \u0430\u0440\u043e\u043c\u0430\u0442\u043e\u043c \u0432\u0435\u0442\u0438\u0432\u0435\u0440\u0430 Mr. SCRUBBER"}]},{"@type":"WebSite","@id":"https:\/\/hannaorganic.md\/ru\/#website","url":"https:\/\/hannaorganic.md\/ru\/","name":"HANNA ORGANIC","description":"Multi-Brand Cosmetic Store","potentialAction":[{"@type":"SearchAction","target":{"@type":"EntryPoint","urlTemplate":"https:\/\/hannaorganic.md\/ru\/?s={search_term_string}"},"query-input":{"@type":"PropertyValueSpecification","valueRequired":true,"valueName":"search_term_string"}}],"inLanguage":"ru-RU"}]}},"_links":{"self":[{"href":"https:\/\/hannaorganic.md\/ru\/wp-json\/wp\/v2\/product\/85967","targetHints":{"allow":["GET"]}}],"collection":[{"href":"https:\/\/hannaorganic.md\/ru\/wp-json\/wp\/v2\/product"}],"about":[{"href":"https:\/\/hannaorganic.md\/ru\/wp-json\/wp\/v2\/types\/product"}],"wp:featuredmedia":[{"embeddable":true,"href":"https:\/\/hannaorganic.md\/ru\/wp-json\/wp\/v2\/media\/85968"}],"wp:attachment":[{"href":"https:\/\/hannaorganic.md\/ru\/wp-json\/wp\/v2\/media?parent=85967"}],"wp:term":[{"taxonomy":"product_brand","embeddable":true,"href":"https:\/\/hannaorganic.md\/ru\/wp-json\/wp\/v2\/product_brand?post=85967"},{"taxonomy":"product_cat","embeddable":true,"href":"https:\/\/hannaorganic.md\/ru\/wp-json\/wp\/v2\/product_cat?post=85967"},{"taxonomy":"product_tag","embeddable":true,"href":"https:\/\/hannaorganic.md\/ru\/wp-json\/wp\/v2\/product_tag?post=85967"}],"curies":[{"name":"wp","href":"https:\/\/api.w.org\/{rel}","templated":true}]}}