{"id":861,"date":"2019-05-16T14:44:53","date_gmt":"2019-05-16T12:44:53","guid":{"rendered":"https:\/\/hannaorganic.md\/?post_type=product&#038;p=861"},"modified":"2025-03-07T10:55:47","modified_gmt":"2025-03-07T08:55:47","slug":"pore-minimizing-clay-mask-mr-scrubber","status":"publish","type":"product","link":"https:\/\/hannaorganic.md\/ru\/produs\/pore-minimizing-clay-mask-mr-scrubber\/","title":{"rendered":"Pore Minimizing Clay Mask Mr.SCRUBBER"},"content":{"rendered":"<h4><strong>RU<\/strong> \u041c\u0430\u0441\u043a\u0430 \u0434\u043b\u044f \u043c\u0430\u043a\u0441\u0438\u043c\u0430\u043b\u044c\u043d\u043e\u0433\u043e \u043e\u0447\u0438\u0449\u0435\u043d\u0438\u044f \u0438 \u0441\u0443\u0436\u0435\u043d\u0438\u044f \u043f\u043e\u0440 Pore Minimizing Clay Mask Mr.SCRUBBER<\/h4>\n<table class=\"product-features__table\">\n<tbody>\n<tr class=\"product-features__row\">\n<th class=\"product-features__cell product-features__cell--h\">\u0421\u043f\u043e\u0441\u043e\u0431 \u0438\u0441\u043f\u043e\u043b\u044c\u0437\u043e\u0432\u0430\u043d\u0438\u044f<\/th>\n<td class=\"product-features__cell\">\u041d\u0430\u043d\u0435\u0441\u0442\u0438 \u043c\u0430\u0441\u043a\u0443 \u0440\u0430\u0432\u043d\u043e\u043c\u0435\u0440\u043d\u044b\u043c \u0441\u043b\u043e\u0435\u043c \u0442\u043e\u043b\u0449\u0438\u043d\u043e\u0439 1-2 \u043c\u043c \u043d\u0430 \u043e\u0447\u0438\u0449\u0435\u043d\u043d\u0443\u044e \u043a\u043e\u0436\u0443 \u043b\u0438\u0446\u0430, \u0448\u0435\u0438 \u0438 \u0434\u0435\u043a\u043e\u043b\u044c\u0442\u0435. \u0427\u0435\u0440\u0435\u0437 10-15 \u043c\u0438\u043d\u0443\u0442 \u0443\u0434\u0430\u043b\u0438\u0442\u044c \u0435\u0435 \u043e\u0441\u0442\u0430\u0442\u043a\u0438 \u043a\u043e\u0441\u043c\u0435\u0442\u0438\u0447\u0435\u0441\u043a\u043e\u0439 \u0441\u0430\u043b\u0444\u0435\u0442\u043a\u043e\u0439, \u0432\u0430\u0442\u043d\u044b\u043c \u0434\u0438\u0441\u043a\u043e\u043c \u0438\u043b\u0438 \u0441\u043c\u044b\u0442\u044c \u0432\u043e\u0434\u043e\u0439.<\/td>\n<\/tr>\n<tr class=\"product-features__row\">\n<th class=\"product-features__cell product-features__cell--h\">\u0421\u043e\u0441\u0442\u0430\u0432<\/th>\n<td class=\"product-features__cell\">White clay, Rice germ extract, Extract of grains of rice, Wheat and barley, Lemon extract, Vitamin E.<\/td>\n<\/tr>\n<tr class=\"product-features__row\">\n<th class=\"product-features__cell product-features__cell--h\">\u041e\u0431\u044a\u0435\u043c<\/th>\n<td class=\"product-features__cell\">150 \u0433\u0440<\/td>\n<\/tr>\n<tr class=\"product-features__row\">\n<th class=\"product-features__cell product-features__cell--h\">\u0412\u043e\u0437\u0440\u0430\u0441\u0442<\/th>\n<td class=\"product-features__cell\">18+<\/td>\n<\/tr>\n<tr class=\"product-features__row\">\n<th class=\"product-features__cell product-features__cell--h\">\u0412\u0438\u0434<\/th>\n<td class=\"product-features__cell\">\u041c\u0430\u0441\u043a\u0430<\/td>\n<\/tr>\n<\/tbody>\n<\/table>\n<h4><strong>RO<br \/>\nIngrediente masca de argil\u0103 cu lamaie:<\/strong><\/h4>\n<ul>\n<li><strong>caolinul<\/strong>\u2013 regleaz\u0103 produc\u021bia de sebum, detoxific\u0103; remineralizant; cur\u0103\u021b\u0103 delicat tenul<\/li>\n<li><strong>extractul din germeni de gr\u00e2u<\/strong>\u00a0\u2013 hr\u0103ne\u0219te \u0219i regenereaz\u0103 celulele; antioxidant<\/li>\n<li><strong>extractul din boabe de orez<\/strong>\u00a0&#8212; amelioreaz\u0103 circula\u021bia sangvin\u0103, atenueaz\u0103 ro\u0219ea\u021ba, irita\u021biile<\/li>\n<li><strong>extract de l\u0103m\u00e2ie<\/strong>\u00a0&#8212; combate excesul de sebum, astringent<\/li>\n<li><strong>vitamina E<\/strong>\u00a0\u2013 emolient\u0103, d\u0103 un aspect catifelat<\/li>\n<\/ul>\n<h4><strong>Mod de folosire masca de argil\u0103 \u00een cinci pa\u0219i:<\/strong><\/h4>\n<ol>\n<li>Cur\u0103\u021b\u0103 bine tenul \u00een prealabil.<\/li>\n<li>\u00centr-un vas nemetalic, pune 2 linguri de pudr\u0103 din plic \u0219i adaug\u0103 progresiv ap\u0103 cald\u0103 amestec\u00e2nd cu o spatul\u0103 de lemn sau plastic p\u00e2n\u0103 ce ob\u021bii o consisten\u021b\u0103 cremoas\u0103. Aplic\u0103 masca \u00eentr-un strat uniform de 1-2 mm<strong>,<\/strong>evit\u00e2nd zona ochilor \u0219i a gurii. Nu neglija g\u00e2tul \u0219i decolteul. Con\u021binutul unui plic ajunge pentru 5 tratamente faciale sau pentru 3 cu g\u00e2t \u0219i decolteu.<\/li>\n<li>Las\u0103 masca s\u0103 ac\u021bioneze timp de 20 p\u00e2n\u0103 la maximum 30 de minute*, iar \u00eentre timp, relaxeaz\u0103-te. \u0218i poate \u00ee\u021bi faci un selfie \u0219i ni-l trimi\u021bi la\u00a0<a href=\"https:\/\/www.instagram.com\/mr.scrubbermoldova\/\">@mr.scrubbermoldova<\/a>. Arat\u0103-le tuturor c\u0103 tu \u0219tii cel mai bine ce-i trebuie tenului t\u0103u, \u0219i c\u0103 totul e at\u00e2t de simplu \u0219i de pl\u0103cut!<\/li>\n<li>\u00cendep\u0103rteaz\u0103 masca cu un prosop cosmetic, vat\u0103 sau cu un tampon demachiant, f\u0103c\u00e2nd mi\u0219c\u0103ri delicate, ca la masaj. Cl\u0103te\u0219te cu ap\u0103 c\u0103ldu\u021b\u0103 din bel\u0219ug.<\/li>\n<li>Aplic\u0103 apoi un strat sub\u021bire de crem\u0103 hidratant\u0103, emolient\u0103.<\/li>\n<\/ol>\n<p><strong><em>Recomand\u0103ri<\/em><\/strong><br \/>\nUtilizeaz\u0103 regulat, de 1 &#8212; 2 ori pe s\u0103pt\u0103m\u00e2n\u0103.<br \/>\n*Dac\u0103 ai o piele sensibil\u0103 nu l\u0103sa masca s\u0103 se usuce pe fa\u021b\u0103. Cur\u0103\u021b-o mai repede.<br \/>\nPo\u021bi folosi concomitent \u0219i un\u00a0<a href=\"https:\/\/www.mrscrubber.eu\/scrub-buze\"><strong>scrub de buze<\/strong><\/a>. Nu e un lux!<\/p>\n<p><strong>Aten\u021bie!<\/strong><\/p>\n<ul>\n<li>Produsul este valabil 12 luni de la data indicat\u0103 pe ambalaj \u0219i \u00ee\u0219i p\u0103streaz\u0103 calit\u0103\u021bile intacte timp de trei luni de la data primei folosiri.<\/li>\n<li>Dup\u0103 deschidere, \u00eenchide plicul etan\u0219 \u0219i depoziteaz\u0103-l \u00een loc uscat, la o temperatur\u0103 \u00eentre +5 \u0219i +25 C.<\/li>\n<li>Nu uita s\u0103 testezi mai \u00eent\u00e2i produsul pentru a evita riscul (extrem de rar) de reac\u021bie alergic\u0103.<\/li>\n<\/ul>\n","protected":false},"excerpt":{"rendered":"<p><strong>RO <\/strong>Masca pentru ten gras cu puncte negre \u0219i tendin\u021b\u0103 spre acnee sau cuperoz\u0103,\u00a0Pore minimizing Clay Mask,\u00a0\u00ee\u021bi vine \u00een \u00eent\u00e2mpinare cu un set complex de ingrediente care desfund\u0103 porii, \u00eendep\u0103rteaz\u0103 excesul de sebum, toxinele, celulele moarte \u0219i reziduurile depuse pe piele, tonific\u0103 tenul \u0219i are un dublu efect: antiinflamator \u0219i de reducere a porilor prea dilata\u021bi. O combina\u021bie inedit\u0103 de argil\u0103 alb\u0103, extract din germeni de gr\u00e2ne, extract de l\u0103m\u00e2ie \u0219i vitamina E.<\/p>\n<p><strong>RU<\/strong> \u041c\u0430\u0441\u043a\u0430 \u044d\u0444\u0444\u0435\u043a\u0442\u0438\u0432\u043d\u043e \u0443\u0441\u0442\u0440\u0430\u043d\u044f\u0435\u0442 \u0436\u0438\u0440\u043d\u044b\u0439 \u0431\u043b\u0435\u0441\u043a \u0438 \u043a\u043e\u043d\u0442\u0440\u043e\u043b\u0438\u0440\u0443\u0435\u0442 \u0441\u0435\u043a\u0440\u0435\u0446\u0438\u044e \u043a\u043e\u0436\u043d\u043e\u0433\u043e \u0441\u0430\u043b\u0430. \u042d\u043a\u0441\u0442\u0440\u0430\u043a\u0442 \u043b\u0438\u043c\u043e\u043d\u0430 \u043e\u0441\u0432\u0435\u0436\u0430\u0435\u0442 \u0438 \u043e\u0431\u043b\u0430\u0434\u0430\u0435\u0442 \u0434\u0435\u0437\u0438\u043d\u0444\u0438\u0446\u0438\u0440\u0443\u044e\u0449\u0438\u043c \u0434\u0435\u0439\u0441\u0442\u0432\u0438\u0435\u043c, \u0431\u043e\u0440\u0435\u0442\u0441\u044f \u0441 \u0432\u044b\u0441\u044b\u043f\u0430\u043d\u0438\u044f\u043c\u0438 \u0438 \u0447\u0435\u0440\u043d\u044b\u043c\u0438 \u0442\u043e\u0447\u043a\u0430\u043c\u0438. \u0421\u0443\u0445\u0438\u0435 \u043f\u043e\u043b\u043d\u043e\u0441\u0442\u044c\u044e \u043d\u0430\u0442\u0443\u0440\u0430\u043b\u044c\u043d\u044b\u0435 \u043c\u0430\u0441\u043a\u0438 \u0435\u0444\u0444\u0435\u043a\u0442\u0438\u0432\u043d\u043e \u043e\u0447\u0438\u0449\u0430\u044e\u0442 \u0438 \u0443\u0432\u043b\u0430\u0436\u043d\u044f\u044e\u0442 \u043a\u043e\u0436\u0443. \u041e\u043d\u0438 \u043d\u0435 \u0442\u0440\u0435\u0431\u043e\u0432\u0430\u0442\u0435\u043b\u044c\u043d\u044b \u043a \u0443\u0441\u043b\u043e\u0432\u0438\u044f\u043c \u0445\u0440\u0430\u043d\u0435\u043d\u0438\u044f, \u0430 \u043f\u0440\u0438\u0433\u043e\u0442\u043e\u0432\u043b\u0435\u043d\u0438\u0435 \u0437\u0430\u0439\u043c\u0435\u0442 \u043d\u0435 \u0431\u043e\u043b\u0435\u0435 \u043d\u0435\u0441\u043a\u043e\u043b\u044c\u043a\u0438\u0445 \u043c\u0438\u043d\u0443\u0442.<\/p>\n<p>&nbsp;<\/p>\n","protected":false},"featured_media":862,"template":"","meta":[],"product_brand":[],"product_cat":[100,103,96,92],"product_tag":[],"class_list":{"0":"post-861","1":"product","2":"type-product","3":"status-publish","4":"has-post-thumbnail","6":"product_cat-fata","7":"product_cat-face-mask","8":"product_cat-mrscrubber-md","9":"product_cat-toate-produsele","11":"first","12":"instock","13":"shipping-taxable","14":"purchasable","15":"product-type-simple"},"yoast_head":"<!-- This site is optimized with the Yoast SEO plugin v27.5 - https:\/\/yoast.com\/product\/yoast-seo-wordpress\/ -->\n<title>Pore Minimizing Clay Mask Mr.SCRUBBER - HANNA ORGANIC<\/title>\n<meta name=\"robots\" content=\"index, follow, max-snippet:-1, max-image-preview:large, max-video-preview:-1\" \/>\n<link rel=\"canonical\" href=\"https:\/\/hannaorganic.md\/ru\/produs\/pore-minimizing-clay-mask-mr-scrubber\/\" \/>\n<meta property=\"og:locale\" content=\"ru_RU\" \/>\n<meta property=\"og:type\" content=\"article\" \/>\n<meta property=\"og:title\" content=\"Pore Minimizing Clay Mask Mr.SCRUBBER - HANNA ORGANIC\" \/>\n<meta property=\"og:description\" content=\"RO Masca pentru ten gras cu puncte negre \u0219i tendin\u021b\u0103 spre acnee sau cuperoz\u0103,\u00a0Pore minimizing Clay Mask,\u00a0\u00ee\u021bi vine \u00een \u00eent\u00e2mpinare cu un set complex de ingrediente care desfund\u0103 porii, \u00eendep\u0103rteaz\u0103 excesul de sebum, toxinele, celulele moarte \u0219i reziduurile depuse pe piele, tonific\u0103 tenul \u0219i are un dublu efect: antiinflamator \u0219i de reducere a porilor prea dilata\u021bi. O combina\u021bie inedit\u0103 de argil\u0103 alb\u0103, extract din germeni de gr\u00e2ne, extract de l\u0103m\u00e2ie \u0219i vitamina E.  RU \u041c\u0430\u0441\u043a\u0430 \u044d\u0444\u0444\u0435\u043a\u0442\u0438\u0432\u043d\u043e \u0443\u0441\u0442\u0440\u0430\u043d\u044f\u0435\u0442 \u0436\u0438\u0440\u043d\u044b\u0439 \u0431\u043b\u0435\u0441\u043a \u0438 \u043a\u043e\u043d\u0442\u0440\u043e\u043b\u0438\u0440\u0443\u0435\u0442 \u0441\u0435\u043a\u0440\u0435\u0446\u0438\u044e \u043a\u043e\u0436\u043d\u043e\u0433\u043e \u0441\u0430\u043b\u0430. \u042d\u043a\u0441\u0442\u0440\u0430\u043a\u0442 \u043b\u0438\u043c\u043e\u043d\u0430 \u043e\u0441\u0432\u0435\u0436\u0430\u0435\u0442 \u0438 \u043e\u0431\u043b\u0430\u0434\u0430\u0435\u0442 \u0434\u0435\u0437\u0438\u043d\u0444\u0438\u0446\u0438\u0440\u0443\u044e\u0449\u0438\u043c \u0434\u0435\u0439\u0441\u0442\u0432\u0438\u0435\u043c, \u0431\u043e\u0440\u0435\u0442\u0441\u044f \u0441 \u0432\u044b\u0441\u044b\u043f\u0430\u043d\u0438\u044f\u043c\u0438 \u0438 \u0447\u0435\u0440\u043d\u044b\u043c\u0438 \u0442\u043e\u0447\u043a\u0430\u043c\u0438. \u0421\u0443\u0445\u0438\u0435 \u043f\u043e\u043b\u043d\u043e\u0441\u0442\u044c\u044e \u043d\u0430\u0442\u0443\u0440\u0430\u043b\u044c\u043d\u044b\u0435 \u043c\u0430\u0441\u043a\u0438 \u0435\u0444\u0444\u0435\u043a\u0442\u0438\u0432\u043d\u043e \u043e\u0447\u0438\u0449\u0430\u044e\u0442 \u0438 \u0443\u0432\u043b\u0430\u0436\u043d\u044f\u044e\u0442 \u043a\u043e\u0436\u0443. \u041e\u043d\u0438 \u043d\u0435 \u0442\u0440\u0435\u0431\u043e\u0432\u0430\u0442\u0435\u043b\u044c\u043d\u044b \u043a \u0443\u0441\u043b\u043e\u0432\u0438\u044f\u043c \u0445\u0440\u0430\u043d\u0435\u043d\u0438\u044f, \u0430 \u043f\u0440\u0438\u0433\u043e\u0442\u043e\u0432\u043b\u0435\u043d\u0438\u0435 \u0437\u0430\u0439\u043c\u0435\u0442 \u043d\u0435 \u0431\u043e\u043b\u0435\u0435 \u043d\u0435\u0441\u043a\u043e\u043b\u044c\u043a\u0438\u0445 \u043c\u0438\u043d\u0443\u0442.  &nbsp;\" \/>\n<meta property=\"og:url\" content=\"https:\/\/hannaorganic.md\/ru\/produs\/pore-minimizing-clay-mask-mr-scrubber\/\" \/>\n<meta property=\"og:site_name\" content=\"HANNA ORGANIC\" \/>\n<meta property=\"article:publisher\" content=\"https:\/\/www.facebook.com\/bluemagic.md\/\" \/>\n<meta property=\"article:modified_time\" content=\"2025-03-07T08:55:47+00:00\" \/>\n<meta property=\"og:image\" content=\"https:\/\/hannaorganic.md\/wp-content\/uploads\/2019\/05\/maska-dlya-litsa-suzhaushchaya-pory-mr.-scrubber-pore-minimizing-clay-mask-18703375688551.jpg\" \/>\n\t<meta property=\"og:image:width\" content=\"1200\" \/>\n\t<meta property=\"og:image:height\" content=\"1800\" \/>\n\t<meta property=\"og:image:type\" content=\"image\/jpeg\" \/>\n<meta name=\"twitter:card\" content=\"summary_large_image\" \/>\n<meta name=\"twitter:label1\" content=\"\u041f\u0440\u0438\u043c\u0435\u0440\u043d\u043e\u0435 \u0432\u0440\u0435\u043c\u044f \u0434\u043b\u044f \u0447\u0442\u0435\u043d\u0438\u044f\" \/>\n\t<meta name=\"twitter:data1\" content=\"2 \u043c\u0438\u043d\u0443\u0442\u044b\" \/>\n<script type=\"application\/ld+json\" class=\"yoast-schema-graph\">{\"@context\":\"https:\\\/\\\/schema.org\",\"@graph\":[{\"@type\":\"WebPage\",\"@id\":\"https:\\\/\\\/hannaorganic.md\\\/ru\\\/produs\\\/pore-minimizing-clay-mask-mr-scrubber\\\/\",\"url\":\"https:\\\/\\\/hannaorganic.md\\\/ru\\\/produs\\\/pore-minimizing-clay-mask-mr-scrubber\\\/\",\"name\":\"Pore Minimizing Clay Mask Mr.SCRUBBER - HANNA ORGANIC\",\"isPartOf\":{\"@id\":\"https:\\\/\\\/hannaorganic.md\\\/ru\\\/#website\"},\"primaryImageOfPage\":{\"@id\":\"https:\\\/\\\/hannaorganic.md\\\/ru\\\/produs\\\/pore-minimizing-clay-mask-mr-scrubber\\\/#primaryimage\"},\"image\":{\"@id\":\"https:\\\/\\\/hannaorganic.md\\\/ru\\\/produs\\\/pore-minimizing-clay-mask-mr-scrubber\\\/#primaryimage\"},\"thumbnailUrl\":\"https:\\\/\\\/hannaorganic.md\\\/wp-content\\\/uploads\\\/2019\\\/05\\\/maska-dlya-litsa-suzhaushchaya-pory-mr.-scrubber-pore-minimizing-clay-mask-18703375688551.jpg\",\"datePublished\":\"2019-05-16T12:44:53+00:00\",\"dateModified\":\"2025-03-07T08:55:47+00:00\",\"breadcrumb\":{\"@id\":\"https:\\\/\\\/hannaorganic.md\\\/ru\\\/produs\\\/pore-minimizing-clay-mask-mr-scrubber\\\/#breadcrumb\"},\"inLanguage\":\"ru-RU\",\"potentialAction\":[{\"@type\":\"ReadAction\",\"target\":[\"https:\\\/\\\/hannaorganic.md\\\/ru\\\/produs\\\/pore-minimizing-clay-mask-mr-scrubber\\\/\"]}]},{\"@type\":\"ImageObject\",\"inLanguage\":\"ru-RU\",\"@id\":\"https:\\\/\\\/hannaorganic.md\\\/ru\\\/produs\\\/pore-minimizing-clay-mask-mr-scrubber\\\/#primaryimage\",\"url\":\"https:\\\/\\\/hannaorganic.md\\\/wp-content\\\/uploads\\\/2019\\\/05\\\/maska-dlya-litsa-suzhaushchaya-pory-mr.-scrubber-pore-minimizing-clay-mask-18703375688551.jpg\",\"contentUrl\":\"https:\\\/\\\/hannaorganic.md\\\/wp-content\\\/uploads\\\/2019\\\/05\\\/maska-dlya-litsa-suzhaushchaya-pory-mr.-scrubber-pore-minimizing-clay-mask-18703375688551.jpg\",\"width\":1200,\"height\":1800},{\"@type\":\"BreadcrumbList\",\"@id\":\"https:\\\/\\\/hannaorganic.md\\\/ru\\\/produs\\\/pore-minimizing-clay-mask-mr-scrubber\\\/#breadcrumb\",\"itemListElement\":[{\"@type\":\"ListItem\",\"position\":1,\"name\":\"Prima pagin\u0103\",\"item\":\"https:\\\/\\\/hannaorganic.md\\\/ru\\\/hanna-organic\\\/\"},{\"@type\":\"ListItem\",\"position\":2,\"name\":\"\u041c\u0430\u0433\u0430\u0437\u0438\u043d\",\"item\":\"https:\\\/\\\/hannaorganic.md\\\/ru\\\/shop\\\/\"},{\"@type\":\"ListItem\",\"position\":3,\"name\":\"Pore Minimizing Clay Mask Mr.SCRUBBER\"}]},{\"@type\":\"WebSite\",\"@id\":\"https:\\\/\\\/hannaorganic.md\\\/ru\\\/#website\",\"url\":\"https:\\\/\\\/hannaorganic.md\\\/ru\\\/\",\"name\":\"HANNA ORGANIC\",\"description\":\"Multi-Brand Cosmetic Store\",\"potentialAction\":[{\"@type\":\"SearchAction\",\"target\":{\"@type\":\"EntryPoint\",\"urlTemplate\":\"https:\\\/\\\/hannaorganic.md\\\/ru\\\/?s={search_term_string}\"},\"query-input\":{\"@type\":\"PropertyValueSpecification\",\"valueRequired\":true,\"valueName\":\"search_term_string\"}}],\"inLanguage\":\"ru-RU\"}]}<\/script>\n<!-- \/ Yoast SEO plugin. -->","yoast_head_json":{"title":"Pore Minimizing Clay Mask Mr.SCRUBBER - HANNA ORGANIC","robots":{"index":"index","follow":"follow","max-snippet":"max-snippet:-1","max-image-preview":"max-image-preview:large","max-video-preview":"max-video-preview:-1"},"canonical":"https:\/\/hannaorganic.md\/ru\/produs\/pore-minimizing-clay-mask-mr-scrubber\/","og_locale":"ru_RU","og_type":"article","og_title":"Pore Minimizing Clay Mask Mr.SCRUBBER - HANNA ORGANIC","og_description":"RO Masca pentru ten gras cu puncte negre \u0219i tendin\u021b\u0103 spre acnee sau cuperoz\u0103,\u00a0Pore minimizing Clay Mask,\u00a0\u00ee\u021bi vine \u00een \u00eent\u00e2mpinare cu un set complex de ingrediente care desfund\u0103 porii, \u00eendep\u0103rteaz\u0103 excesul de sebum, toxinele, celulele moarte \u0219i reziduurile depuse pe piele, tonific\u0103 tenul \u0219i are un dublu efect: antiinflamator \u0219i de reducere a porilor prea dilata\u021bi. O combina\u021bie inedit\u0103 de argil\u0103 alb\u0103, extract din germeni de gr\u00e2ne, extract de l\u0103m\u00e2ie \u0219i vitamina E.  RU \u041c\u0430\u0441\u043a\u0430 \u044d\u0444\u0444\u0435\u043a\u0442\u0438\u0432\u043d\u043e \u0443\u0441\u0442\u0440\u0430\u043d\u044f\u0435\u0442 \u0436\u0438\u0440\u043d\u044b\u0439 \u0431\u043b\u0435\u0441\u043a \u0438 \u043a\u043e\u043d\u0442\u0440\u043e\u043b\u0438\u0440\u0443\u0435\u0442 \u0441\u0435\u043a\u0440\u0435\u0446\u0438\u044e \u043a\u043e\u0436\u043d\u043e\u0433\u043e \u0441\u0430\u043b\u0430. \u042d\u043a\u0441\u0442\u0440\u0430\u043a\u0442 \u043b\u0438\u043c\u043e\u043d\u0430 \u043e\u0441\u0432\u0435\u0436\u0430\u0435\u0442 \u0438 \u043e\u0431\u043b\u0430\u0434\u0430\u0435\u0442 \u0434\u0435\u0437\u0438\u043d\u0444\u0438\u0446\u0438\u0440\u0443\u044e\u0449\u0438\u043c \u0434\u0435\u0439\u0441\u0442\u0432\u0438\u0435\u043c, \u0431\u043e\u0440\u0435\u0442\u0441\u044f \u0441 \u0432\u044b\u0441\u044b\u043f\u0430\u043d\u0438\u044f\u043c\u0438 \u0438 \u0447\u0435\u0440\u043d\u044b\u043c\u0438 \u0442\u043e\u0447\u043a\u0430\u043c\u0438. \u0421\u0443\u0445\u0438\u0435 \u043f\u043e\u043b\u043d\u043e\u0441\u0442\u044c\u044e \u043d\u0430\u0442\u0443\u0440\u0430\u043b\u044c\u043d\u044b\u0435 \u043c\u0430\u0441\u043a\u0438 \u0435\u0444\u0444\u0435\u043a\u0442\u0438\u0432\u043d\u043e \u043e\u0447\u0438\u0449\u0430\u044e\u0442 \u0438 \u0443\u0432\u043b\u0430\u0436\u043d\u044f\u044e\u0442 \u043a\u043e\u0436\u0443. \u041e\u043d\u0438 \u043d\u0435 \u0442\u0440\u0435\u0431\u043e\u0432\u0430\u0442\u0435\u043b\u044c\u043d\u044b \u043a \u0443\u0441\u043b\u043e\u0432\u0438\u044f\u043c \u0445\u0440\u0430\u043d\u0435\u043d\u0438\u044f, \u0430 \u043f\u0440\u0438\u0433\u043e\u0442\u043e\u0432\u043b\u0435\u043d\u0438\u0435 \u0437\u0430\u0439\u043c\u0435\u0442 \u043d\u0435 \u0431\u043e\u043b\u0435\u0435 \u043d\u0435\u0441\u043a\u043e\u043b\u044c\u043a\u0438\u0445 \u043c\u0438\u043d\u0443\u0442.  &nbsp;","og_url":"https:\/\/hannaorganic.md\/ru\/produs\/pore-minimizing-clay-mask-mr-scrubber\/","og_site_name":"HANNA ORGANIC","article_publisher":"https:\/\/www.facebook.com\/bluemagic.md\/","article_modified_time":"2025-03-07T08:55:47+00:00","og_image":[{"width":1200,"height":1800,"url":"https:\/\/hannaorganic.md\/wp-content\/uploads\/2019\/05\/maska-dlya-litsa-suzhaushchaya-pory-mr.-scrubber-pore-minimizing-clay-mask-18703375688551.jpg","type":"image\/jpeg"}],"twitter_card":"summary_large_image","twitter_misc":{"\u041f\u0440\u0438\u043c\u0435\u0440\u043d\u043e\u0435 \u0432\u0440\u0435\u043c\u044f \u0434\u043b\u044f \u0447\u0442\u0435\u043d\u0438\u044f":"2 \u043c\u0438\u043d\u0443\u0442\u044b"},"schema":{"@context":"https:\/\/schema.org","@graph":[{"@type":"WebPage","@id":"https:\/\/hannaorganic.md\/ru\/produs\/pore-minimizing-clay-mask-mr-scrubber\/","url":"https:\/\/hannaorganic.md\/ru\/produs\/pore-minimizing-clay-mask-mr-scrubber\/","name":"Pore Minimizing Clay Mask Mr.SCRUBBER - HANNA ORGANIC","isPartOf":{"@id":"https:\/\/hannaorganic.md\/ru\/#website"},"primaryImageOfPage":{"@id":"https:\/\/hannaorganic.md\/ru\/produs\/pore-minimizing-clay-mask-mr-scrubber\/#primaryimage"},"image":{"@id":"https:\/\/hannaorganic.md\/ru\/produs\/pore-minimizing-clay-mask-mr-scrubber\/#primaryimage"},"thumbnailUrl":"https:\/\/hannaorganic.md\/wp-content\/uploads\/2019\/05\/maska-dlya-litsa-suzhaushchaya-pory-mr.-scrubber-pore-minimizing-clay-mask-18703375688551.jpg","datePublished":"2019-05-16T12:44:53+00:00","dateModified":"2025-03-07T08:55:47+00:00","breadcrumb":{"@id":"https:\/\/hannaorganic.md\/ru\/produs\/pore-minimizing-clay-mask-mr-scrubber\/#breadcrumb"},"inLanguage":"ru-RU","potentialAction":[{"@type":"ReadAction","target":["https:\/\/hannaorganic.md\/ru\/produs\/pore-minimizing-clay-mask-mr-scrubber\/"]}]},{"@type":"ImageObject","inLanguage":"ru-RU","@id":"https:\/\/hannaorganic.md\/ru\/produs\/pore-minimizing-clay-mask-mr-scrubber\/#primaryimage","url":"https:\/\/hannaorganic.md\/wp-content\/uploads\/2019\/05\/maska-dlya-litsa-suzhaushchaya-pory-mr.-scrubber-pore-minimizing-clay-mask-18703375688551.jpg","contentUrl":"https:\/\/hannaorganic.md\/wp-content\/uploads\/2019\/05\/maska-dlya-litsa-suzhaushchaya-pory-mr.-scrubber-pore-minimizing-clay-mask-18703375688551.jpg","width":1200,"height":1800},{"@type":"BreadcrumbList","@id":"https:\/\/hannaorganic.md\/ru\/produs\/pore-minimizing-clay-mask-mr-scrubber\/#breadcrumb","itemListElement":[{"@type":"ListItem","position":1,"name":"Prima pagin\u0103","item":"https:\/\/hannaorganic.md\/ru\/hanna-organic\/"},{"@type":"ListItem","position":2,"name":"\u041c\u0430\u0433\u0430\u0437\u0438\u043d","item":"https:\/\/hannaorganic.md\/ru\/shop\/"},{"@type":"ListItem","position":3,"name":"Pore Minimizing Clay Mask Mr.SCRUBBER"}]},{"@type":"WebSite","@id":"https:\/\/hannaorganic.md\/ru\/#website","url":"https:\/\/hannaorganic.md\/ru\/","name":"HANNA ORGANIC","description":"Multi-Brand Cosmetic Store","potentialAction":[{"@type":"SearchAction","target":{"@type":"EntryPoint","urlTemplate":"https:\/\/hannaorganic.md\/ru\/?s={search_term_string}"},"query-input":{"@type":"PropertyValueSpecification","valueRequired":true,"valueName":"search_term_string"}}],"inLanguage":"ru-RU"}]}},"_links":{"self":[{"href":"https:\/\/hannaorganic.md\/ru\/wp-json\/wp\/v2\/product\/861","targetHints":{"allow":["GET"]}}],"collection":[{"href":"https:\/\/hannaorganic.md\/ru\/wp-json\/wp\/v2\/product"}],"about":[{"href":"https:\/\/hannaorganic.md\/ru\/wp-json\/wp\/v2\/types\/product"}],"wp:featuredmedia":[{"embeddable":true,"href":"https:\/\/hannaorganic.md\/ru\/wp-json\/wp\/v2\/media\/862"}],"wp:attachment":[{"href":"https:\/\/hannaorganic.md\/ru\/wp-json\/wp\/v2\/media?parent=861"}],"wp:term":[{"taxonomy":"product_brand","embeddable":true,"href":"https:\/\/hannaorganic.md\/ru\/wp-json\/wp\/v2\/product_brand?post=861"},{"taxonomy":"product_cat","embeddable":true,"href":"https:\/\/hannaorganic.md\/ru\/wp-json\/wp\/v2\/product_cat?post=861"},{"taxonomy":"product_tag","embeddable":true,"href":"https:\/\/hannaorganic.md\/ru\/wp-json\/wp\/v2\/product_tag?post=861"}],"curies":[{"name":"wp","href":"https:\/\/api.w.org\/{rel}","templated":true}]}}