{"id":86185,"date":"2025-11-17T14:40:46","date_gmt":"2025-11-17T12:40:46","guid":{"rendered":"https:\/\/hannaorganic.md\/?post_type=product&#038;p=86185"},"modified":"2025-11-17T14:43:05","modified_gmt":"2025-11-17T12:43:05","slug":"peptide-lip-oil-010-honey-glow-hollyskin","status":"publish","type":"product","link":"https:\/\/hannaorganic.md\/ru\/produs\/peptide-lip-oil-010-honey-glow-hollyskin\/","title":{"rendered":"Peptide Lip Oil 010.Honey Glow HOLLYSKIN"},"content":{"rendered":"<p>Denumire : Ulei hidratant pentru buze HOLLYSKIN So Lips. Ulei de buze cu peptide 010. Honey Glow.<\/p>\n<p>Compozi\u021bie: Poliizobuten\u0103 hidrogenat\u0103, Triglicerid\u0103 caprilic\u0103\/capric\u0103, Laurat de izoamil, Cocoat de izoamil, Ulei vegetal, Ulei din s\u00e2mburi de Prunus Persica, Ulei din semin\u021be de Vitis Vinifera, Ulei din semin\u021be de Macadamia Integrifolia, Ulei de Persea Gratissima, Unt de Butyrospermum Parkii, Ulei din s\u00e2mburi de Argania Spinosa, Acetat de tocoferil, Izohexadecan, Copolimer etilen\u0103\/propilen\u0103\/stiren, Copolimer butilen\u0103\/etilen\u0103\/stiren, Hialuronat de sodiu, Gum\u0103 xantan, Fenoxietanol, Tripeptid\u0103-1, Pentaeritritil, Clorur\u0103 de sodiu, Sulfat de sodiu, Triheptanoin\u0103. Arom\u0103, CI 45410:2.<\/p>\n<p>Mod de utilizare : Distribui\u021bi o cantitate mic\u0103 de ulei pe suprafa\u021ba buzelor cu un aplicator. Repeta\u021bi procedura dup\u0103 cum este necesar.<\/p>\n<p>Volum : 4 ml \/ 0.14 fl oz.<\/p>\n<p>V\u00e2rst\u0103 18+<\/p>\n","protected":false},"excerpt":{"rendered":"<p>Ulei hidratant pentru buze So Lips. Ulei de buze cu peptide 010. Honey Glow \u2013 o combina\u021bie de str\u0103lucire, confort \u0219i \u00eengrijire activ\u0103 \u00eentr-un singur produs. Datorit\u0103 texturii sale u\u0219oare, produsul se aplic\u0103 uniform, nu se lipe\u0219te \u0219i ofer\u0103 buzelor o str\u0103lucire seduc\u0103toare. Compozi\u021bia include un complex de uleiuri naturale: semin\u021be de piersic\u0103, semin\u021be de struguri, macadamia, avocado, argan \u0219i shea. Acestea hr\u0103nesc, hidrateaz\u0103 \u0219i restaureaz\u0103 intens pielea delicat\u0103 a buzelor \u0219i protejeaz\u0103 \u00eempotriva usc\u0103ciunii \u0219i descuam\u0103rii.<\/p>\n<p>Aroma Honey Glow este o atmosfer\u0103 cald\u0103, \u00eenv\u0103luitoare, de miere delicat\u0103, cu nuan\u021be florale delicate. Seam\u0103n\u0103 cu lumina soarelui pe piele, aroma unei zile proaspete de mai \u0219i o not\u0103 dulce de confort. Ideal pentru cei care iubesc aromele calde, feminine, cu un sunet profund, dar delicat.<\/p>\n","protected":false},"featured_media":86188,"template":"","meta":[],"product_brand":[],"product_cat":[100,123,204,92],"product_tag":[2114,1258,2115,1796,1221,1406,2105],"class_list":{"0":"post-86185","1":"product","2":"type-product","3":"status-publish","4":"has-post-thumbnail","6":"product_cat-fata","7":"product_cat-holly-skin","8":"product_cat-lips","9":"product_cat-toate-produsele","10":"product_tag-2114","11":"product_tag-hollyskin","12":"product_tag-honey-glow","13":"product_tag-hydrating","14":"product_tag-lips","15":"product_tag-oil","16":"product_tag-peptide","18":"first","19":"instock","20":"shipping-taxable","21":"purchasable","22":"product-type-simple"},"yoast_head":"<!-- This site is optimized with the Yoast SEO plugin v27.5 - https:\/\/yoast.com\/product\/yoast-seo-wordpress\/ -->\n<title>Peptide Lip Oil 010.Honey Glow HOLLYSKIN - HANNA ORGANIC<\/title>\n<meta name=\"robots\" content=\"index, follow, max-snippet:-1, max-image-preview:large, max-video-preview:-1\" \/>\n<link rel=\"canonical\" href=\"https:\/\/hannaorganic.md\/ru\/produs\/peptide-lip-oil-010-honey-glow-hollyskin\/\" \/>\n<meta property=\"og:locale\" content=\"ru_RU\" \/>\n<meta property=\"og:type\" content=\"article\" \/>\n<meta property=\"og:title\" content=\"Peptide Lip Oil 010.Honey Glow HOLLYSKIN - HANNA ORGANIC\" \/>\n<meta property=\"og:description\" content=\"Ulei hidratant pentru buze So Lips. Ulei de buze cu peptide 010. Honey Glow \u2013 o combina\u021bie de str\u0103lucire, confort \u0219i \u00eengrijire activ\u0103 \u00eentr-un singur produs. Datorit\u0103 texturii sale u\u0219oare, produsul se aplic\u0103 uniform, nu se lipe\u0219te \u0219i ofer\u0103 buzelor o str\u0103lucire seduc\u0103toare. Compozi\u021bia include un complex de uleiuri naturale: semin\u021be de piersic\u0103, semin\u021be de struguri, macadamia, avocado, argan \u0219i shea. Acestea hr\u0103nesc, hidrateaz\u0103 \u0219i restaureaz\u0103 intens pielea delicat\u0103 a buzelor \u0219i protejeaz\u0103 \u00eempotriva usc\u0103ciunii \u0219i descuam\u0103rii.  Aroma Honey Glow este o atmosfer\u0103 cald\u0103, \u00eenv\u0103luitoare, de miere delicat\u0103, cu nuan\u021be florale delicate. Seam\u0103n\u0103 cu lumina soarelui pe piele, aroma unei zile proaspete de mai \u0219i o not\u0103 dulce de confort. Ideal pentru cei care iubesc aromele calde, feminine, cu un sunet profund, dar delicat.\" \/>\n<meta property=\"og:url\" content=\"https:\/\/hannaorganic.md\/ru\/produs\/peptide-lip-oil-010-honey-glow-hollyskin\/\" \/>\n<meta property=\"og:site_name\" content=\"HANNA ORGANIC\" \/>\n<meta property=\"article:publisher\" content=\"https:\/\/www.facebook.com\/bluemagic.md\/\" \/>\n<meta property=\"article:modified_time\" content=\"2025-11-17T12:43:05+00:00\" \/>\n<meta property=\"og:image\" content=\"https:\/\/hannaorganic.md\/wp-content\/uploads\/2025\/11\/IMG_8436.jpeg\" \/>\n\t<meta property=\"og:image:width\" content=\"1179\" \/>\n\t<meta property=\"og:image:height\" content=\"1705\" \/>\n\t<meta property=\"og:image:type\" content=\"image\/jpeg\" \/>\n<meta name=\"twitter:card\" content=\"summary_large_image\" \/>\n<meta name=\"twitter:label1\" content=\"\u041f\u0440\u0438\u043c\u0435\u0440\u043d\u043e\u0435 \u0432\u0440\u0435\u043c\u044f \u0434\u043b\u044f \u0447\u0442\u0435\u043d\u0438\u044f\" \/>\n\t<meta name=\"twitter:data1\" content=\"1 \u043c\u0438\u043d\u0443\u0442\u0430\" \/>\n<script type=\"application\/ld+json\" class=\"yoast-schema-graph\">{\"@context\":\"https:\\\/\\\/schema.org\",\"@graph\":[{\"@type\":\"WebPage\",\"@id\":\"https:\\\/\\\/hannaorganic.md\\\/ru\\\/produs\\\/peptide-lip-oil-010-honey-glow-hollyskin\\\/\",\"url\":\"https:\\\/\\\/hannaorganic.md\\\/ru\\\/produs\\\/peptide-lip-oil-010-honey-glow-hollyskin\\\/\",\"name\":\"Peptide Lip Oil 010.Honey Glow HOLLYSKIN - HANNA ORGANIC\",\"isPartOf\":{\"@id\":\"https:\\\/\\\/hannaorganic.md\\\/ru\\\/#website\"},\"primaryImageOfPage\":{\"@id\":\"https:\\\/\\\/hannaorganic.md\\\/ru\\\/produs\\\/peptide-lip-oil-010-honey-glow-hollyskin\\\/#primaryimage\"},\"image\":{\"@id\":\"https:\\\/\\\/hannaorganic.md\\\/ru\\\/produs\\\/peptide-lip-oil-010-honey-glow-hollyskin\\\/#primaryimage\"},\"thumbnailUrl\":\"https:\\\/\\\/hannaorganic.md\\\/wp-content\\\/uploads\\\/2025\\\/11\\\/IMG_8436.jpeg\",\"datePublished\":\"2025-11-17T12:40:46+00:00\",\"dateModified\":\"2025-11-17T12:43:05+00:00\",\"breadcrumb\":{\"@id\":\"https:\\\/\\\/hannaorganic.md\\\/ru\\\/produs\\\/peptide-lip-oil-010-honey-glow-hollyskin\\\/#breadcrumb\"},\"inLanguage\":\"ru-RU\",\"potentialAction\":[{\"@type\":\"ReadAction\",\"target\":[\"https:\\\/\\\/hannaorganic.md\\\/ru\\\/produs\\\/peptide-lip-oil-010-honey-glow-hollyskin\\\/\"]}]},{\"@type\":\"ImageObject\",\"inLanguage\":\"ru-RU\",\"@id\":\"https:\\\/\\\/hannaorganic.md\\\/ru\\\/produs\\\/peptide-lip-oil-010-honey-glow-hollyskin\\\/#primaryimage\",\"url\":\"https:\\\/\\\/hannaorganic.md\\\/wp-content\\\/uploads\\\/2025\\\/11\\\/IMG_8436.jpeg\",\"contentUrl\":\"https:\\\/\\\/hannaorganic.md\\\/wp-content\\\/uploads\\\/2025\\\/11\\\/IMG_8436.jpeg\",\"width\":1179,\"height\":1705},{\"@type\":\"BreadcrumbList\",\"@id\":\"https:\\\/\\\/hannaorganic.md\\\/ru\\\/produs\\\/peptide-lip-oil-010-honey-glow-hollyskin\\\/#breadcrumb\",\"itemListElement\":[{\"@type\":\"ListItem\",\"position\":1,\"name\":\"Prima pagin\u0103\",\"item\":\"https:\\\/\\\/hannaorganic.md\\\/ru\\\/hanna-organic\\\/\"},{\"@type\":\"ListItem\",\"position\":2,\"name\":\"\u041c\u0430\u0433\u0430\u0437\u0438\u043d\",\"item\":\"https:\\\/\\\/hannaorganic.md\\\/ru\\\/shop\\\/\"},{\"@type\":\"ListItem\",\"position\":3,\"name\":\"Peptide Lip Oil 010.Honey Glow HOLLYSKIN\"}]},{\"@type\":\"WebSite\",\"@id\":\"https:\\\/\\\/hannaorganic.md\\\/ru\\\/#website\",\"url\":\"https:\\\/\\\/hannaorganic.md\\\/ru\\\/\",\"name\":\"HANNA ORGANIC\",\"description\":\"Multi-Brand Cosmetic Store\",\"potentialAction\":[{\"@type\":\"SearchAction\",\"target\":{\"@type\":\"EntryPoint\",\"urlTemplate\":\"https:\\\/\\\/hannaorganic.md\\\/ru\\\/?s={search_term_string}\"},\"query-input\":{\"@type\":\"PropertyValueSpecification\",\"valueRequired\":true,\"valueName\":\"search_term_string\"}}],\"inLanguage\":\"ru-RU\"}]}<\/script>\n<!-- \/ Yoast SEO plugin. -->","yoast_head_json":{"title":"Peptide Lip Oil 010.Honey Glow HOLLYSKIN - HANNA ORGANIC","robots":{"index":"index","follow":"follow","max-snippet":"max-snippet:-1","max-image-preview":"max-image-preview:large","max-video-preview":"max-video-preview:-1"},"canonical":"https:\/\/hannaorganic.md\/ru\/produs\/peptide-lip-oil-010-honey-glow-hollyskin\/","og_locale":"ru_RU","og_type":"article","og_title":"Peptide Lip Oil 010.Honey Glow HOLLYSKIN - HANNA ORGANIC","og_description":"Ulei hidratant pentru buze So Lips. Ulei de buze cu peptide 010. Honey Glow \u2013 o combina\u021bie de str\u0103lucire, confort \u0219i \u00eengrijire activ\u0103 \u00eentr-un singur produs. Datorit\u0103 texturii sale u\u0219oare, produsul se aplic\u0103 uniform, nu se lipe\u0219te \u0219i ofer\u0103 buzelor o str\u0103lucire seduc\u0103toare. Compozi\u021bia include un complex de uleiuri naturale: semin\u021be de piersic\u0103, semin\u021be de struguri, macadamia, avocado, argan \u0219i shea. Acestea hr\u0103nesc, hidrateaz\u0103 \u0219i restaureaz\u0103 intens pielea delicat\u0103 a buzelor \u0219i protejeaz\u0103 \u00eempotriva usc\u0103ciunii \u0219i descuam\u0103rii.  Aroma Honey Glow este o atmosfer\u0103 cald\u0103, \u00eenv\u0103luitoare, de miere delicat\u0103, cu nuan\u021be florale delicate. Seam\u0103n\u0103 cu lumina soarelui pe piele, aroma unei zile proaspete de mai \u0219i o not\u0103 dulce de confort. Ideal pentru cei care iubesc aromele calde, feminine, cu un sunet profund, dar delicat.","og_url":"https:\/\/hannaorganic.md\/ru\/produs\/peptide-lip-oil-010-honey-glow-hollyskin\/","og_site_name":"HANNA ORGANIC","article_publisher":"https:\/\/www.facebook.com\/bluemagic.md\/","article_modified_time":"2025-11-17T12:43:05+00:00","og_image":[{"width":1179,"height":1705,"url":"https:\/\/hannaorganic.md\/wp-content\/uploads\/2025\/11\/IMG_8436.jpeg","type":"image\/jpeg"}],"twitter_card":"summary_large_image","twitter_misc":{"\u041f\u0440\u0438\u043c\u0435\u0440\u043d\u043e\u0435 \u0432\u0440\u0435\u043c\u044f \u0434\u043b\u044f \u0447\u0442\u0435\u043d\u0438\u044f":"1 \u043c\u0438\u043d\u0443\u0442\u0430"},"schema":{"@context":"https:\/\/schema.org","@graph":[{"@type":"WebPage","@id":"https:\/\/hannaorganic.md\/ru\/produs\/peptide-lip-oil-010-honey-glow-hollyskin\/","url":"https:\/\/hannaorganic.md\/ru\/produs\/peptide-lip-oil-010-honey-glow-hollyskin\/","name":"Peptide Lip Oil 010.Honey Glow HOLLYSKIN - HANNA ORGANIC","isPartOf":{"@id":"https:\/\/hannaorganic.md\/ru\/#website"},"primaryImageOfPage":{"@id":"https:\/\/hannaorganic.md\/ru\/produs\/peptide-lip-oil-010-honey-glow-hollyskin\/#primaryimage"},"image":{"@id":"https:\/\/hannaorganic.md\/ru\/produs\/peptide-lip-oil-010-honey-glow-hollyskin\/#primaryimage"},"thumbnailUrl":"https:\/\/hannaorganic.md\/wp-content\/uploads\/2025\/11\/IMG_8436.jpeg","datePublished":"2025-11-17T12:40:46+00:00","dateModified":"2025-11-17T12:43:05+00:00","breadcrumb":{"@id":"https:\/\/hannaorganic.md\/ru\/produs\/peptide-lip-oil-010-honey-glow-hollyskin\/#breadcrumb"},"inLanguage":"ru-RU","potentialAction":[{"@type":"ReadAction","target":["https:\/\/hannaorganic.md\/ru\/produs\/peptide-lip-oil-010-honey-glow-hollyskin\/"]}]},{"@type":"ImageObject","inLanguage":"ru-RU","@id":"https:\/\/hannaorganic.md\/ru\/produs\/peptide-lip-oil-010-honey-glow-hollyskin\/#primaryimage","url":"https:\/\/hannaorganic.md\/wp-content\/uploads\/2025\/11\/IMG_8436.jpeg","contentUrl":"https:\/\/hannaorganic.md\/wp-content\/uploads\/2025\/11\/IMG_8436.jpeg","width":1179,"height":1705},{"@type":"BreadcrumbList","@id":"https:\/\/hannaorganic.md\/ru\/produs\/peptide-lip-oil-010-honey-glow-hollyskin\/#breadcrumb","itemListElement":[{"@type":"ListItem","position":1,"name":"Prima pagin\u0103","item":"https:\/\/hannaorganic.md\/ru\/hanna-organic\/"},{"@type":"ListItem","position":2,"name":"\u041c\u0430\u0433\u0430\u0437\u0438\u043d","item":"https:\/\/hannaorganic.md\/ru\/shop\/"},{"@type":"ListItem","position":3,"name":"Peptide Lip Oil 010.Honey Glow HOLLYSKIN"}]},{"@type":"WebSite","@id":"https:\/\/hannaorganic.md\/ru\/#website","url":"https:\/\/hannaorganic.md\/ru\/","name":"HANNA ORGANIC","description":"Multi-Brand Cosmetic Store","potentialAction":[{"@type":"SearchAction","target":{"@type":"EntryPoint","urlTemplate":"https:\/\/hannaorganic.md\/ru\/?s={search_term_string}"},"query-input":{"@type":"PropertyValueSpecification","valueRequired":true,"valueName":"search_term_string"}}],"inLanguage":"ru-RU"}]}},"_links":{"self":[{"href":"https:\/\/hannaorganic.md\/ru\/wp-json\/wp\/v2\/product\/86185","targetHints":{"allow":["GET"]}}],"collection":[{"href":"https:\/\/hannaorganic.md\/ru\/wp-json\/wp\/v2\/product"}],"about":[{"href":"https:\/\/hannaorganic.md\/ru\/wp-json\/wp\/v2\/types\/product"}],"wp:featuredmedia":[{"embeddable":true,"href":"https:\/\/hannaorganic.md\/ru\/wp-json\/wp\/v2\/media\/86188"}],"wp:attachment":[{"href":"https:\/\/hannaorganic.md\/ru\/wp-json\/wp\/v2\/media?parent=86185"}],"wp:term":[{"taxonomy":"product_brand","embeddable":true,"href":"https:\/\/hannaorganic.md\/ru\/wp-json\/wp\/v2\/product_brand?post=86185"},{"taxonomy":"product_cat","embeddable":true,"href":"https:\/\/hannaorganic.md\/ru\/wp-json\/wp\/v2\/product_cat?post=86185"},{"taxonomy":"product_tag","embeddable":true,"href":"https:\/\/hannaorganic.md\/ru\/wp-json\/wp\/v2\/product_tag?post=86185"}],"curies":[{"name":"wp","href":"https:\/\/api.w.org\/{rel}","templated":true}]}}