{"id":86198,"date":"2025-11-25T16:13:24","date_gmt":"2025-11-25T14:13:24","guid":{"rendered":"https:\/\/hannaorganic.md\/?post_type=product&#038;p=86198"},"modified":"2026-04-30T11:07:48","modified_gmt":"2026-04-30T09:07:48","slug":"solident-junior-moutwash-fluoride-240-ppm-6-years-banana-250-ml","status":"publish","type":"product","link":"https:\/\/hannaorganic.md\/ru\/produs\/solident-junior-moutwash-fluoride-240-ppm-6-years-banana-250-ml\/","title":{"rendered":"SOLIDENT Junior Moutwash Fluoride 240 ppm 6+ years Banana 250 ml"},"content":{"rendered":"<p>Cum func\u021bioneaz\u0103 :<\/p>\n<p>\u2022 fluorur\u0103 (240 ppm) &#8212; satureaz\u0103 \u021besuturile dentare cu minerale, stimuleaz\u0103 procesul de remineralizare a smal\u021bului, face din\u021bii mai rezisten\u021bi la carii;<br \/>\n\u2022 xilitol &#8212; ajut\u0103 la evitarea pl\u0103cii bacteriene, normalizeaz\u0103 nivelul pH-ului.<br \/>\n\u2022 extract de r\u0103d\u0103cin\u0103 de lemn dulce &#8212; are efect antiinflamator, \u00eengrije\u0219te starea gingiilor;<br \/>\n\u2022 extract de centella asiatica &#8212; calmeaz\u0103 mucoasa \u0219i promoveaz\u0103 restaurarea microleziunilor;<br \/>\n\u2022 extract de ceai verde &#8212; un antioxidant natural, protejeaz\u0103 \u00eempotriva bacteriilor;<br \/>\n\u2022 extracte de mu\u0219e\u021bel, salvie, rozmarin, scutellarie Baikal \u2013 \u00eengrijesc complet gingiile, reduc inflama\u021bia \u0219i irita\u021bia.<\/p>\n<p>Efect :<br \/>\n\u2022 \u00eengrijire pl\u0103cut\u0103 cu arom\u0103 de banan\u0103;<br \/>\n\u2022 \u00eent\u0103re\u0219te smal\u021bul \u0219i protejeaz\u0103 \u00eempotriva cariilor;<br \/>\n\u2022 calmeaz\u0103 mucoasa bucal\u0103 f\u0103r\u0103 irita\u021bii.<\/p>\n<p>Ingrediente : Ap\u0103 (Water), Glicerin\u0103, Xilitol, Propilen Glicol, Fluorur\u0103 de sodiu (240 ppm), Poloxamer 407, Extract de r\u0103d\u0103cin\u0103 de Glycyrrhiza Glabra, Extract de frunze de Centella Asiatica, Extract de frunze de Camellia Sinensis, Extract de r\u0103d\u0103cin\u0103 de Polygonum Cuspidatum, Extract de flori de Chamomilla Recutita, Extract de r\u0103d\u0103cin\u0103 de Scutellaria Baicalensis, Extract de Salvia Officinalis, Extract de frunze de Rosmarinus Officinalis, Benzoat de sodiu, Sorbat de potasiu, Acid citric, EDTA disodic, Propanediol, Arom\u0103.<\/p>\n<p>Instruc\u021biuni : Cl\u0103ti\u021bi gura timp de 30 de secunde, scuipa\u021bi. Utiliza\u021bi dup\u0103 cum este necesar, zilnic, sub supravegherea unui adult.<br \/>\nContraindica\u021bii: sensibilitate individual\u0103 la componentele produsului. Aten\u021bie! Nu \u00eenghi\u021bi\u021bi, evita\u021bi contactul cu ochii.<\/p>\n<p>Mililitri : 250<\/p>\n","protected":false},"excerpt":{"rendered":"<p>Apa de gur\u0103 pentru copii Solident Junior cu fluorur\u0103 240 ppm este conceput\u0103 pentru a ajuta copiii s\u0103-\u0219i formeze un obicei s\u0103n\u0103tos de a-\u0219i \u00eengriji din\u021bii cu pl\u0103cere. Con\u021bine fluorur\u0103 (240 ppm), care \u00eent\u0103re\u0219te eficient smal\u021bul \u0219i creeaz\u0103 o barier\u0103 fiabil\u0103 \u00eempotriva cariilor. \u0218i datorit\u0103 unui complex de opt extracte naturale, produsul \u00eengrije\u0219te cu aten\u021bie mucoasa, are un efect antiseptic \u0219i antioxidant. Aroma u\u0219oar\u0103 de banan\u0103 face procesul pl\u0103cut \u0219i \u00eei motiveaz\u0103 pe copii s\u0103 foloseasc\u0103 cl\u0103tirea \u00een mod regulat.<\/p>\n","protected":false},"featured_media":86202,"template":"","meta":[],"product_brand":[],"product_cat":[2155,2046,196,92],"product_tag":[2117,2057,1879,633,2056,2119,2118,2047],"class_list":{"0":"post-86198","1":"product","2":"type-product","3":"status-publish","4":"has-post-thumbnail","6":"product_cat-kids","7":"product_cat-solident","8":"product_cat-teeth","9":"product_cat-toate-produsele","10":"product_tag-6years","11":"product_tag-apa-de-gura","12":"product_tag-banana","13":"product_tag-kids","14":"product_tag-mouthwash","15":"product_tag-no-alcohol","16":"product_tag-no-sugar","17":"product_tag-solident","19":"first","20":"instock","21":"shipping-taxable","22":"purchasable","23":"product-type-simple"},"yoast_head":"<!-- This site is optimized with the Yoast SEO plugin v27.5 - https:\/\/yoast.com\/product\/yoast-seo-wordpress\/ -->\n<title>SOLIDENT Junior Moutwash Fluoride 240 ppm 6+ years Banana 250 ml - HANNA ORGANIC<\/title>\n<meta name=\"robots\" content=\"index, follow, max-snippet:-1, max-image-preview:large, max-video-preview:-1\" \/>\n<link rel=\"canonical\" href=\"https:\/\/hannaorganic.md\/ru\/produs\/solident-junior-moutwash-fluoride-240-ppm-6-years-banana-250-ml\/\" \/>\n<meta property=\"og:locale\" content=\"ru_RU\" \/>\n<meta property=\"og:type\" content=\"article\" \/>\n<meta property=\"og:title\" content=\"SOLIDENT Junior Moutwash Fluoride 240 ppm 6+ years Banana 250 ml - HANNA ORGANIC\" \/>\n<meta property=\"og:description\" content=\"Apa de gur\u0103 pentru copii Solident Junior cu fluorur\u0103 240 ppm este conceput\u0103 pentru a ajuta copiii s\u0103-\u0219i formeze un obicei s\u0103n\u0103tos de a-\u0219i \u00eengriji din\u021bii cu pl\u0103cere. Con\u021bine fluorur\u0103 (240 ppm), care \u00eent\u0103re\u0219te eficient smal\u021bul \u0219i creeaz\u0103 o barier\u0103 fiabil\u0103 \u00eempotriva cariilor. \u0218i datorit\u0103 unui complex de opt extracte naturale, produsul \u00eengrije\u0219te cu aten\u021bie mucoasa, are un efect antiseptic \u0219i antioxidant. Aroma u\u0219oar\u0103 de banan\u0103 face procesul pl\u0103cut \u0219i \u00eei motiveaz\u0103 pe copii s\u0103 foloseasc\u0103 cl\u0103tirea \u00een mod regulat.\" \/>\n<meta property=\"og:url\" content=\"https:\/\/hannaorganic.md\/ru\/produs\/solident-junior-moutwash-fluoride-240-ppm-6-years-banana-250-ml\/\" \/>\n<meta property=\"og:site_name\" content=\"HANNA ORGANIC\" \/>\n<meta property=\"article:publisher\" content=\"https:\/\/www.facebook.com\/bluemagic.md\/\" \/>\n<meta property=\"article:modified_time\" content=\"2026-04-30T09:07:48+00:00\" \/>\n<meta property=\"og:image\" content=\"https:\/\/hannaorganic.md\/wp-content\/uploads\/2025\/11\/IMG_8850.jpeg\" \/>\n\t<meta property=\"og:image:width\" content=\"760\" \/>\n\t<meta property=\"og:image:height\" content=\"911\" \/>\n\t<meta property=\"og:image:type\" content=\"image\/jpeg\" \/>\n<meta name=\"twitter:card\" content=\"summary_large_image\" \/>\n<meta name=\"twitter:label1\" content=\"\u041f\u0440\u0438\u043c\u0435\u0440\u043d\u043e\u0435 \u0432\u0440\u0435\u043c\u044f \u0434\u043b\u044f \u0447\u0442\u0435\u043d\u0438\u044f\" \/>\n\t<meta name=\"twitter:data1\" content=\"2 \u043c\u0438\u043d\u0443\u0442\u044b\" \/>\n<script type=\"application\/ld+json\" class=\"yoast-schema-graph\">{\"@context\":\"https:\\\/\\\/schema.org\",\"@graph\":[{\"@type\":\"WebPage\",\"@id\":\"https:\\\/\\\/hannaorganic.md\\\/ru\\\/produs\\\/solident-junior-moutwash-fluoride-240-ppm-6-years-banana-250-ml\\\/\",\"url\":\"https:\\\/\\\/hannaorganic.md\\\/ru\\\/produs\\\/solident-junior-moutwash-fluoride-240-ppm-6-years-banana-250-ml\\\/\",\"name\":\"SOLIDENT Junior Moutwash Fluoride 240 ppm 6+ years Banana 250 ml - HANNA ORGANIC\",\"isPartOf\":{\"@id\":\"https:\\\/\\\/hannaorganic.md\\\/ru\\\/#website\"},\"primaryImageOfPage\":{\"@id\":\"https:\\\/\\\/hannaorganic.md\\\/ru\\\/produs\\\/solident-junior-moutwash-fluoride-240-ppm-6-years-banana-250-ml\\\/#primaryimage\"},\"image\":{\"@id\":\"https:\\\/\\\/hannaorganic.md\\\/ru\\\/produs\\\/solident-junior-moutwash-fluoride-240-ppm-6-years-banana-250-ml\\\/#primaryimage\"},\"thumbnailUrl\":\"https:\\\/\\\/hannaorganic.md\\\/wp-content\\\/uploads\\\/2025\\\/11\\\/IMG_8850.jpeg\",\"datePublished\":\"2025-11-25T14:13:24+00:00\",\"dateModified\":\"2026-04-30T09:07:48+00:00\",\"breadcrumb\":{\"@id\":\"https:\\\/\\\/hannaorganic.md\\\/ru\\\/produs\\\/solident-junior-moutwash-fluoride-240-ppm-6-years-banana-250-ml\\\/#breadcrumb\"},\"inLanguage\":\"ru-RU\",\"potentialAction\":[{\"@type\":\"ReadAction\",\"target\":[\"https:\\\/\\\/hannaorganic.md\\\/ru\\\/produs\\\/solident-junior-moutwash-fluoride-240-ppm-6-years-banana-250-ml\\\/\"]}]},{\"@type\":\"ImageObject\",\"inLanguage\":\"ru-RU\",\"@id\":\"https:\\\/\\\/hannaorganic.md\\\/ru\\\/produs\\\/solident-junior-moutwash-fluoride-240-ppm-6-years-banana-250-ml\\\/#primaryimage\",\"url\":\"https:\\\/\\\/hannaorganic.md\\\/wp-content\\\/uploads\\\/2025\\\/11\\\/IMG_8850.jpeg\",\"contentUrl\":\"https:\\\/\\\/hannaorganic.md\\\/wp-content\\\/uploads\\\/2025\\\/11\\\/IMG_8850.jpeg\",\"width\":760,\"height\":911},{\"@type\":\"BreadcrumbList\",\"@id\":\"https:\\\/\\\/hannaorganic.md\\\/ru\\\/produs\\\/solident-junior-moutwash-fluoride-240-ppm-6-years-banana-250-ml\\\/#breadcrumb\",\"itemListElement\":[{\"@type\":\"ListItem\",\"position\":1,\"name\":\"Prima pagin\u0103\",\"item\":\"https:\\\/\\\/hannaorganic.md\\\/ru\\\/hanna-organic\\\/\"},{\"@type\":\"ListItem\",\"position\":2,\"name\":\"\u041c\u0430\u0433\u0430\u0437\u0438\u043d\",\"item\":\"https:\\\/\\\/hannaorganic.md\\\/ru\\\/shop\\\/\"},{\"@type\":\"ListItem\",\"position\":3,\"name\":\"SOLIDENT Junior Moutwash Fluoride 240 ppm 6+ years Banana 250 ml\"}]},{\"@type\":\"WebSite\",\"@id\":\"https:\\\/\\\/hannaorganic.md\\\/ru\\\/#website\",\"url\":\"https:\\\/\\\/hannaorganic.md\\\/ru\\\/\",\"name\":\"HANNA ORGANIC\",\"description\":\"Multi-Brand Cosmetic Store\",\"potentialAction\":[{\"@type\":\"SearchAction\",\"target\":{\"@type\":\"EntryPoint\",\"urlTemplate\":\"https:\\\/\\\/hannaorganic.md\\\/ru\\\/?s={search_term_string}\"},\"query-input\":{\"@type\":\"PropertyValueSpecification\",\"valueRequired\":true,\"valueName\":\"search_term_string\"}}],\"inLanguage\":\"ru-RU\"}]}<\/script>\n<!-- \/ Yoast SEO plugin. -->","yoast_head_json":{"title":"SOLIDENT Junior Moutwash Fluoride 240 ppm 6+ years Banana 250 ml - HANNA ORGANIC","robots":{"index":"index","follow":"follow","max-snippet":"max-snippet:-1","max-image-preview":"max-image-preview:large","max-video-preview":"max-video-preview:-1"},"canonical":"https:\/\/hannaorganic.md\/ru\/produs\/solident-junior-moutwash-fluoride-240-ppm-6-years-banana-250-ml\/","og_locale":"ru_RU","og_type":"article","og_title":"SOLIDENT Junior Moutwash Fluoride 240 ppm 6+ years Banana 250 ml - HANNA ORGANIC","og_description":"Apa de gur\u0103 pentru copii Solident Junior cu fluorur\u0103 240 ppm este conceput\u0103 pentru a ajuta copiii s\u0103-\u0219i formeze un obicei s\u0103n\u0103tos de a-\u0219i \u00eengriji din\u021bii cu pl\u0103cere. Con\u021bine fluorur\u0103 (240 ppm), care \u00eent\u0103re\u0219te eficient smal\u021bul \u0219i creeaz\u0103 o barier\u0103 fiabil\u0103 \u00eempotriva cariilor. \u0218i datorit\u0103 unui complex de opt extracte naturale, produsul \u00eengrije\u0219te cu aten\u021bie mucoasa, are un efect antiseptic \u0219i antioxidant. Aroma u\u0219oar\u0103 de banan\u0103 face procesul pl\u0103cut \u0219i \u00eei motiveaz\u0103 pe copii s\u0103 foloseasc\u0103 cl\u0103tirea \u00een mod regulat.","og_url":"https:\/\/hannaorganic.md\/ru\/produs\/solident-junior-moutwash-fluoride-240-ppm-6-years-banana-250-ml\/","og_site_name":"HANNA ORGANIC","article_publisher":"https:\/\/www.facebook.com\/bluemagic.md\/","article_modified_time":"2026-04-30T09:07:48+00:00","og_image":[{"width":760,"height":911,"url":"https:\/\/hannaorganic.md\/wp-content\/uploads\/2025\/11\/IMG_8850.jpeg","type":"image\/jpeg"}],"twitter_card":"summary_large_image","twitter_misc":{"\u041f\u0440\u0438\u043c\u0435\u0440\u043d\u043e\u0435 \u0432\u0440\u0435\u043c\u044f \u0434\u043b\u044f \u0447\u0442\u0435\u043d\u0438\u044f":"2 \u043c\u0438\u043d\u0443\u0442\u044b"},"schema":{"@context":"https:\/\/schema.org","@graph":[{"@type":"WebPage","@id":"https:\/\/hannaorganic.md\/ru\/produs\/solident-junior-moutwash-fluoride-240-ppm-6-years-banana-250-ml\/","url":"https:\/\/hannaorganic.md\/ru\/produs\/solident-junior-moutwash-fluoride-240-ppm-6-years-banana-250-ml\/","name":"SOLIDENT Junior Moutwash Fluoride 240 ppm 6+ years Banana 250 ml - HANNA ORGANIC","isPartOf":{"@id":"https:\/\/hannaorganic.md\/ru\/#website"},"primaryImageOfPage":{"@id":"https:\/\/hannaorganic.md\/ru\/produs\/solident-junior-moutwash-fluoride-240-ppm-6-years-banana-250-ml\/#primaryimage"},"image":{"@id":"https:\/\/hannaorganic.md\/ru\/produs\/solident-junior-moutwash-fluoride-240-ppm-6-years-banana-250-ml\/#primaryimage"},"thumbnailUrl":"https:\/\/hannaorganic.md\/wp-content\/uploads\/2025\/11\/IMG_8850.jpeg","datePublished":"2025-11-25T14:13:24+00:00","dateModified":"2026-04-30T09:07:48+00:00","breadcrumb":{"@id":"https:\/\/hannaorganic.md\/ru\/produs\/solident-junior-moutwash-fluoride-240-ppm-6-years-banana-250-ml\/#breadcrumb"},"inLanguage":"ru-RU","potentialAction":[{"@type":"ReadAction","target":["https:\/\/hannaorganic.md\/ru\/produs\/solident-junior-moutwash-fluoride-240-ppm-6-years-banana-250-ml\/"]}]},{"@type":"ImageObject","inLanguage":"ru-RU","@id":"https:\/\/hannaorganic.md\/ru\/produs\/solident-junior-moutwash-fluoride-240-ppm-6-years-banana-250-ml\/#primaryimage","url":"https:\/\/hannaorganic.md\/wp-content\/uploads\/2025\/11\/IMG_8850.jpeg","contentUrl":"https:\/\/hannaorganic.md\/wp-content\/uploads\/2025\/11\/IMG_8850.jpeg","width":760,"height":911},{"@type":"BreadcrumbList","@id":"https:\/\/hannaorganic.md\/ru\/produs\/solident-junior-moutwash-fluoride-240-ppm-6-years-banana-250-ml\/#breadcrumb","itemListElement":[{"@type":"ListItem","position":1,"name":"Prima pagin\u0103","item":"https:\/\/hannaorganic.md\/ru\/hanna-organic\/"},{"@type":"ListItem","position":2,"name":"\u041c\u0430\u0433\u0430\u0437\u0438\u043d","item":"https:\/\/hannaorganic.md\/ru\/shop\/"},{"@type":"ListItem","position":3,"name":"SOLIDENT Junior Moutwash Fluoride 240 ppm 6+ years Banana 250 ml"}]},{"@type":"WebSite","@id":"https:\/\/hannaorganic.md\/ru\/#website","url":"https:\/\/hannaorganic.md\/ru\/","name":"HANNA ORGANIC","description":"Multi-Brand Cosmetic Store","potentialAction":[{"@type":"SearchAction","target":{"@type":"EntryPoint","urlTemplate":"https:\/\/hannaorganic.md\/ru\/?s={search_term_string}"},"query-input":{"@type":"PropertyValueSpecification","valueRequired":true,"valueName":"search_term_string"}}],"inLanguage":"ru-RU"}]}},"_links":{"self":[{"href":"https:\/\/hannaorganic.md\/ru\/wp-json\/wp\/v2\/product\/86198","targetHints":{"allow":["GET"]}}],"collection":[{"href":"https:\/\/hannaorganic.md\/ru\/wp-json\/wp\/v2\/product"}],"about":[{"href":"https:\/\/hannaorganic.md\/ru\/wp-json\/wp\/v2\/types\/product"}],"wp:featuredmedia":[{"embeddable":true,"href":"https:\/\/hannaorganic.md\/ru\/wp-json\/wp\/v2\/media\/86202"}],"wp:attachment":[{"href":"https:\/\/hannaorganic.md\/ru\/wp-json\/wp\/v2\/media?parent=86198"}],"wp:term":[{"taxonomy":"product_brand","embeddable":true,"href":"https:\/\/hannaorganic.md\/ru\/wp-json\/wp\/v2\/product_brand?post=86198"},{"taxonomy":"product_cat","embeddable":true,"href":"https:\/\/hannaorganic.md\/ru\/wp-json\/wp\/v2\/product_cat?post=86198"},{"taxonomy":"product_tag","embeddable":true,"href":"https:\/\/hannaorganic.md\/ru\/wp-json\/wp\/v2\/product_tag?post=86198"}],"curies":[{"name":"wp","href":"https:\/\/api.w.org\/{rel}","templated":true}]}}