{"id":86222,"date":"2025-11-25T16:40:16","date_gmt":"2025-11-25T14:40:16","guid":{"rendered":"https:\/\/hannaorganic.md\/?post_type=product&#038;p=86222"},"modified":"2026-04-30T11:07:46","modified_gmt":"2026-04-30T09:07:46","slug":"solident-junior-toothpaste-fluoride-1450-ppm-6-years-berry-mix","status":"publish","type":"product","link":"https:\/\/hannaorganic.md\/ru\/produs\/solident-junior-toothpaste-fluoride-1450-ppm-6-years-berry-mix\/","title":{"rendered":"SOLIDENT Junior Toothpaste Fluoride 1450 ppm 6+ years Berry Mix"},"content":{"rendered":"<p>Cum func\u021bioneaz\u0103 :<br \/>\n\u2022 fluorur\u0103 &#8212; \u00eent\u0103re\u0219te smal\u021bul dentar, previne cariile \u0219i promoveaz\u0103 remineralizarea.<br \/>\n\u2022 provitamina B5 (pantenol) &#8212; calmeaz\u0103 mucoasa, amelioreaz\u0103 irita\u021biile, hidrateaz\u0103 \u0219i restaureaz\u0103 \u021besuturile.<br \/>\n\u2022 vitamina E (tocoferol) &#8212; protejeaz\u0103 \u00eempotriva deterior\u0103rii, men\u021bine s\u0103n\u0103tatea gingiilor.<br \/>\n\u2022 un complex de extracte naturale din plante &#8212; calmeaz\u0103, amelioreaz\u0103 inflama\u021bia \u0219i \u00eengrije\u0219te mucoasele sensibile.<\/p>\n<p>Efect :<br \/>\n\u2022 din\u021bii sunt puternici, netezi \u0219i str\u0103lucitori \u00een mod natural,<br \/>\n\u2022 smal\u021bul este protejat de deteriorare \u0219i carii,<br \/>\n\u2022 mucoasa este hidratat\u0103, calmat\u0103 \u0219i \u00eentr-o stare confortabil\u0103,<br \/>\n\u2022 o experien\u021b\u0103 pl\u0103cut\u0103 de \u00eengrijire dentar\u0103 zilnic\u0103.<\/p>\n<p>Ingrediente : Ap\u0103 (Water), Sorbitol, Glicerin\u0103, Propanediol, Celuloz\u0103, Silice, Izomalt, Cocoil Glutamat de Sodiu, Gum\u0103 Xantan, Caragenan, Fluorur\u0103 de Sodiu (1450 ppm), Pantenol, Pantolacton\u0103, Acid Pantoic, Zaharin\u0103 Sodic\u0103, Clorur\u0103 de Sodiu, Acid Citric, Acetat de Tocoferil, Fenoxietanol, Etilhexilglicerin\u0103, Arom\u0103, CI 42090, CI 17200.<\/p>\n<p>Instruc\u021biuni : Aplica\u021bi o cantitate mic\u0103 de past\u0103 de din\u021bi, de m\u0103rimea unui bob de maz\u0103re, pe periu\u021b\u0103 \u0219i peria\u021bi suprafa\u021ba din\u021bilor timp de dou\u0103 minute. Cl\u0103ti\u021bi gura cu ap\u0103. Utiliza\u021bi de dou\u0103 ori pe zi, zilnic, sub supravegherea unui adult.<\/p>\n<p>Contraindica\u021bii : sensibilitate individual\u0103 la componentele produsului. Aten\u021bie ! Nu \u00eenghi\u021bi\u021bi, evita\u021bi contactul cu ochii.<\/p>\n<p>Mililitri : 50<\/p>\n","protected":false},"excerpt":{"rendered":"<p>Pasta de din\u021bi pentru copii Solident Junior cu fluorur\u0103 1450 ppm este conceput\u0103 pentru o \u00eengrijire dentar\u0103 atent\u0103 \u0219i eficient\u0103 a copiilor cu v\u00e2rsta cuprins\u0103 \u00eentre 6 \u0219i 12 ani. Cur\u0103\u021b\u0103 delicat \u0219i temeinic cavitatea bucal\u0103, lustruie\u0219te delicat din\u021bii \u0219i \u00eei ajut\u0103 s\u0103 se men\u021bin\u0103 puternici \u0219i albi ca z\u0103pada. Datorit\u0103 formulei echilibrate, pasta nu numai c\u0103 men\u021bine igiena, dar face \u0219i \u00eengrijirea zilnic\u0103 pl\u0103cut\u0103 datorit\u0103 aromei sale delicate.<\/p>\n","protected":false},"featured_media":86227,"template":"","meta":[],"product_brand":[],"product_cat":[2155,2046,196,92],"product_tag":[2121,2120,1974,2047,2054],"class_list":{"0":"post-86222","1":"product","2":"type-product","3":"status-publish","4":"has-post-thumbnail","6":"product_cat-kids","7":"product_cat-solident","8":"product_cat-teeth","9":"product_cat-toate-produsele","10":"product_tag-6-years","11":"product_tag-berry-mix","12":"product_tag-junior","13":"product_tag-solident","14":"product_tag-toothpaste","16":"first","17":"instock","18":"shipping-taxable","19":"purchasable","20":"product-type-simple"},"yoast_head":"<!-- This site is optimized with the Yoast SEO plugin v27.5 - https:\/\/yoast.com\/product\/yoast-seo-wordpress\/ -->\n<title>SOLIDENT Junior Toothpaste Fluoride 1450 ppm 6+ years Berry Mix - HANNA ORGANIC<\/title>\n<meta name=\"robots\" content=\"index, follow, max-snippet:-1, max-image-preview:large, max-video-preview:-1\" \/>\n<link rel=\"canonical\" href=\"https:\/\/hannaorganic.md\/ru\/produs\/solident-junior-toothpaste-fluoride-1450-ppm-6-years-berry-mix\/\" \/>\n<meta property=\"og:locale\" content=\"ru_RU\" \/>\n<meta property=\"og:type\" content=\"article\" \/>\n<meta property=\"og:title\" content=\"SOLIDENT Junior Toothpaste Fluoride 1450 ppm 6+ years Berry Mix - HANNA ORGANIC\" \/>\n<meta property=\"og:description\" content=\"Pasta de din\u021bi pentru copii Solident Junior cu fluorur\u0103 1450 ppm este conceput\u0103 pentru o \u00eengrijire dentar\u0103 atent\u0103 \u0219i eficient\u0103 a copiilor cu v\u00e2rsta cuprins\u0103 \u00eentre 6 \u0219i 12 ani. Cur\u0103\u021b\u0103 delicat \u0219i temeinic cavitatea bucal\u0103, lustruie\u0219te delicat din\u021bii \u0219i \u00eei ajut\u0103 s\u0103 se men\u021bin\u0103 puternici \u0219i albi ca z\u0103pada. Datorit\u0103 formulei echilibrate, pasta nu numai c\u0103 men\u021bine igiena, dar face \u0219i \u00eengrijirea zilnic\u0103 pl\u0103cut\u0103 datorit\u0103 aromei sale delicate.\" \/>\n<meta property=\"og:url\" content=\"https:\/\/hannaorganic.md\/ru\/produs\/solident-junior-toothpaste-fluoride-1450-ppm-6-years-berry-mix\/\" \/>\n<meta property=\"og:site_name\" content=\"HANNA ORGANIC\" \/>\n<meta property=\"article:publisher\" content=\"https:\/\/www.facebook.com\/bluemagic.md\/\" \/>\n<meta property=\"article:modified_time\" content=\"2026-04-30T09:07:46+00:00\" \/>\n<meta property=\"og:image\" content=\"https:\/\/hannaorganic.md\/wp-content\/uploads\/2025\/11\/IMG_8856-1.jpeg\" \/>\n\t<meta property=\"og:image:width\" content=\"861\" \/>\n\t<meta property=\"og:image:height\" content=\"1026\" \/>\n\t<meta property=\"og:image:type\" content=\"image\/jpeg\" \/>\n<meta name=\"twitter:card\" content=\"summary_large_image\" \/>\n<meta name=\"twitter:label1\" content=\"\u041f\u0440\u0438\u043c\u0435\u0440\u043d\u043e\u0435 \u0432\u0440\u0435\u043c\u044f \u0434\u043b\u044f \u0447\u0442\u0435\u043d\u0438\u044f\" \/>\n\t<meta name=\"twitter:data1\" content=\"2 \u043c\u0438\u043d\u0443\u0442\u044b\" \/>\n<script type=\"application\/ld+json\" class=\"yoast-schema-graph\">{\"@context\":\"https:\\\/\\\/schema.org\",\"@graph\":[{\"@type\":\"WebPage\",\"@id\":\"https:\\\/\\\/hannaorganic.md\\\/ru\\\/produs\\\/solident-junior-toothpaste-fluoride-1450-ppm-6-years-berry-mix\\\/\",\"url\":\"https:\\\/\\\/hannaorganic.md\\\/ru\\\/produs\\\/solident-junior-toothpaste-fluoride-1450-ppm-6-years-berry-mix\\\/\",\"name\":\"SOLIDENT Junior Toothpaste Fluoride 1450 ppm 6+ years Berry Mix - HANNA ORGANIC\",\"isPartOf\":{\"@id\":\"https:\\\/\\\/hannaorganic.md\\\/ru\\\/#website\"},\"primaryImageOfPage\":{\"@id\":\"https:\\\/\\\/hannaorganic.md\\\/ru\\\/produs\\\/solident-junior-toothpaste-fluoride-1450-ppm-6-years-berry-mix\\\/#primaryimage\"},\"image\":{\"@id\":\"https:\\\/\\\/hannaorganic.md\\\/ru\\\/produs\\\/solident-junior-toothpaste-fluoride-1450-ppm-6-years-berry-mix\\\/#primaryimage\"},\"thumbnailUrl\":\"https:\\\/\\\/hannaorganic.md\\\/wp-content\\\/uploads\\\/2025\\\/11\\\/IMG_8856-1.jpeg\",\"datePublished\":\"2025-11-25T14:40:16+00:00\",\"dateModified\":\"2026-04-30T09:07:46+00:00\",\"breadcrumb\":{\"@id\":\"https:\\\/\\\/hannaorganic.md\\\/ru\\\/produs\\\/solident-junior-toothpaste-fluoride-1450-ppm-6-years-berry-mix\\\/#breadcrumb\"},\"inLanguage\":\"ru-RU\",\"potentialAction\":[{\"@type\":\"ReadAction\",\"target\":[\"https:\\\/\\\/hannaorganic.md\\\/ru\\\/produs\\\/solident-junior-toothpaste-fluoride-1450-ppm-6-years-berry-mix\\\/\"]}]},{\"@type\":\"ImageObject\",\"inLanguage\":\"ru-RU\",\"@id\":\"https:\\\/\\\/hannaorganic.md\\\/ru\\\/produs\\\/solident-junior-toothpaste-fluoride-1450-ppm-6-years-berry-mix\\\/#primaryimage\",\"url\":\"https:\\\/\\\/hannaorganic.md\\\/wp-content\\\/uploads\\\/2025\\\/11\\\/IMG_8856-1.jpeg\",\"contentUrl\":\"https:\\\/\\\/hannaorganic.md\\\/wp-content\\\/uploads\\\/2025\\\/11\\\/IMG_8856-1.jpeg\",\"width\":861,\"height\":1026},{\"@type\":\"BreadcrumbList\",\"@id\":\"https:\\\/\\\/hannaorganic.md\\\/ru\\\/produs\\\/solident-junior-toothpaste-fluoride-1450-ppm-6-years-berry-mix\\\/#breadcrumb\",\"itemListElement\":[{\"@type\":\"ListItem\",\"position\":1,\"name\":\"Prima pagin\u0103\",\"item\":\"https:\\\/\\\/hannaorganic.md\\\/ru\\\/hanna-organic\\\/\"},{\"@type\":\"ListItem\",\"position\":2,\"name\":\"\u041c\u0430\u0433\u0430\u0437\u0438\u043d\",\"item\":\"https:\\\/\\\/hannaorganic.md\\\/ru\\\/shop\\\/\"},{\"@type\":\"ListItem\",\"position\":3,\"name\":\"SOLIDENT Junior Toothpaste Fluoride 1450 ppm 6+ years Berry Mix\"}]},{\"@type\":\"WebSite\",\"@id\":\"https:\\\/\\\/hannaorganic.md\\\/ru\\\/#website\",\"url\":\"https:\\\/\\\/hannaorganic.md\\\/ru\\\/\",\"name\":\"HANNA ORGANIC\",\"description\":\"Multi-Brand Cosmetic Store\",\"potentialAction\":[{\"@type\":\"SearchAction\",\"target\":{\"@type\":\"EntryPoint\",\"urlTemplate\":\"https:\\\/\\\/hannaorganic.md\\\/ru\\\/?s={search_term_string}\"},\"query-input\":{\"@type\":\"PropertyValueSpecification\",\"valueRequired\":true,\"valueName\":\"search_term_string\"}}],\"inLanguage\":\"ru-RU\"}]}<\/script>\n<!-- \/ Yoast SEO plugin. -->","yoast_head_json":{"title":"SOLIDENT Junior Toothpaste Fluoride 1450 ppm 6+ years Berry Mix - HANNA ORGANIC","robots":{"index":"index","follow":"follow","max-snippet":"max-snippet:-1","max-image-preview":"max-image-preview:large","max-video-preview":"max-video-preview:-1"},"canonical":"https:\/\/hannaorganic.md\/ru\/produs\/solident-junior-toothpaste-fluoride-1450-ppm-6-years-berry-mix\/","og_locale":"ru_RU","og_type":"article","og_title":"SOLIDENT Junior Toothpaste Fluoride 1450 ppm 6+ years Berry Mix - HANNA ORGANIC","og_description":"Pasta de din\u021bi pentru copii Solident Junior cu fluorur\u0103 1450 ppm este conceput\u0103 pentru o \u00eengrijire dentar\u0103 atent\u0103 \u0219i eficient\u0103 a copiilor cu v\u00e2rsta cuprins\u0103 \u00eentre 6 \u0219i 12 ani. Cur\u0103\u021b\u0103 delicat \u0219i temeinic cavitatea bucal\u0103, lustruie\u0219te delicat din\u021bii \u0219i \u00eei ajut\u0103 s\u0103 se men\u021bin\u0103 puternici \u0219i albi ca z\u0103pada. Datorit\u0103 formulei echilibrate, pasta nu numai c\u0103 men\u021bine igiena, dar face \u0219i \u00eengrijirea zilnic\u0103 pl\u0103cut\u0103 datorit\u0103 aromei sale delicate.","og_url":"https:\/\/hannaorganic.md\/ru\/produs\/solident-junior-toothpaste-fluoride-1450-ppm-6-years-berry-mix\/","og_site_name":"HANNA ORGANIC","article_publisher":"https:\/\/www.facebook.com\/bluemagic.md\/","article_modified_time":"2026-04-30T09:07:46+00:00","og_image":[{"width":861,"height":1026,"url":"https:\/\/hannaorganic.md\/wp-content\/uploads\/2025\/11\/IMG_8856-1.jpeg","type":"image\/jpeg"}],"twitter_card":"summary_large_image","twitter_misc":{"\u041f\u0440\u0438\u043c\u0435\u0440\u043d\u043e\u0435 \u0432\u0440\u0435\u043c\u044f \u0434\u043b\u044f \u0447\u0442\u0435\u043d\u0438\u044f":"2 \u043c\u0438\u043d\u0443\u0442\u044b"},"schema":{"@context":"https:\/\/schema.org","@graph":[{"@type":"WebPage","@id":"https:\/\/hannaorganic.md\/ru\/produs\/solident-junior-toothpaste-fluoride-1450-ppm-6-years-berry-mix\/","url":"https:\/\/hannaorganic.md\/ru\/produs\/solident-junior-toothpaste-fluoride-1450-ppm-6-years-berry-mix\/","name":"SOLIDENT Junior Toothpaste Fluoride 1450 ppm 6+ years Berry Mix - HANNA ORGANIC","isPartOf":{"@id":"https:\/\/hannaorganic.md\/ru\/#website"},"primaryImageOfPage":{"@id":"https:\/\/hannaorganic.md\/ru\/produs\/solident-junior-toothpaste-fluoride-1450-ppm-6-years-berry-mix\/#primaryimage"},"image":{"@id":"https:\/\/hannaorganic.md\/ru\/produs\/solident-junior-toothpaste-fluoride-1450-ppm-6-years-berry-mix\/#primaryimage"},"thumbnailUrl":"https:\/\/hannaorganic.md\/wp-content\/uploads\/2025\/11\/IMG_8856-1.jpeg","datePublished":"2025-11-25T14:40:16+00:00","dateModified":"2026-04-30T09:07:46+00:00","breadcrumb":{"@id":"https:\/\/hannaorganic.md\/ru\/produs\/solident-junior-toothpaste-fluoride-1450-ppm-6-years-berry-mix\/#breadcrumb"},"inLanguage":"ru-RU","potentialAction":[{"@type":"ReadAction","target":["https:\/\/hannaorganic.md\/ru\/produs\/solident-junior-toothpaste-fluoride-1450-ppm-6-years-berry-mix\/"]}]},{"@type":"ImageObject","inLanguage":"ru-RU","@id":"https:\/\/hannaorganic.md\/ru\/produs\/solident-junior-toothpaste-fluoride-1450-ppm-6-years-berry-mix\/#primaryimage","url":"https:\/\/hannaorganic.md\/wp-content\/uploads\/2025\/11\/IMG_8856-1.jpeg","contentUrl":"https:\/\/hannaorganic.md\/wp-content\/uploads\/2025\/11\/IMG_8856-1.jpeg","width":861,"height":1026},{"@type":"BreadcrumbList","@id":"https:\/\/hannaorganic.md\/ru\/produs\/solident-junior-toothpaste-fluoride-1450-ppm-6-years-berry-mix\/#breadcrumb","itemListElement":[{"@type":"ListItem","position":1,"name":"Prima pagin\u0103","item":"https:\/\/hannaorganic.md\/ru\/hanna-organic\/"},{"@type":"ListItem","position":2,"name":"\u041c\u0430\u0433\u0430\u0437\u0438\u043d","item":"https:\/\/hannaorganic.md\/ru\/shop\/"},{"@type":"ListItem","position":3,"name":"SOLIDENT Junior Toothpaste Fluoride 1450 ppm 6+ years Berry Mix"}]},{"@type":"WebSite","@id":"https:\/\/hannaorganic.md\/ru\/#website","url":"https:\/\/hannaorganic.md\/ru\/","name":"HANNA ORGANIC","description":"Multi-Brand Cosmetic Store","potentialAction":[{"@type":"SearchAction","target":{"@type":"EntryPoint","urlTemplate":"https:\/\/hannaorganic.md\/ru\/?s={search_term_string}"},"query-input":{"@type":"PropertyValueSpecification","valueRequired":true,"valueName":"search_term_string"}}],"inLanguage":"ru-RU"}]}},"_links":{"self":[{"href":"https:\/\/hannaorganic.md\/ru\/wp-json\/wp\/v2\/product\/86222","targetHints":{"allow":["GET"]}}],"collection":[{"href":"https:\/\/hannaorganic.md\/ru\/wp-json\/wp\/v2\/product"}],"about":[{"href":"https:\/\/hannaorganic.md\/ru\/wp-json\/wp\/v2\/types\/product"}],"wp:featuredmedia":[{"embeddable":true,"href":"https:\/\/hannaorganic.md\/ru\/wp-json\/wp\/v2\/media\/86227"}],"wp:attachment":[{"href":"https:\/\/hannaorganic.md\/ru\/wp-json\/wp\/v2\/media?parent=86222"}],"wp:term":[{"taxonomy":"product_brand","embeddable":true,"href":"https:\/\/hannaorganic.md\/ru\/wp-json\/wp\/v2\/product_brand?post=86222"},{"taxonomy":"product_cat","embeddable":true,"href":"https:\/\/hannaorganic.md\/ru\/wp-json\/wp\/v2\/product_cat?post=86222"},{"taxonomy":"product_tag","embeddable":true,"href":"https:\/\/hannaorganic.md\/ru\/wp-json\/wp\/v2\/product_tag?post=86222"}],"curies":[{"name":"wp","href":"https:\/\/api.w.org\/{rel}","templated":true}]}}