{"id":86234,"date":"2025-11-25T16:59:55","date_gmt":"2025-11-25T14:59:55","guid":{"rendered":"https:\/\/hannaorganic.md\/?post_type=product&#038;p=86234"},"modified":"2026-04-30T11:07:45","modified_gmt":"2026-04-30T09:07:45","slug":"solident-baby-toothpaste-no-fluoride-0-years-strawberry","status":"publish","type":"product","link":"https:\/\/hannaorganic.md\/ru\/produs\/solident-baby-toothpaste-no-fluoride-0-years-strawberry\/","title":{"rendered":"SOLIDENT Baby Toothpaste No Fluoride 0+ years Strawberry"},"content":{"rendered":"<p>Cum func\u021bioneaz\u0103 :<\/p>\n<p>\u2022 hidroxiapatit\u0103 de calciu &#8212; restaureaz\u0103 \u0219i umple deteriorarea superficial\u0103, cre\u0219te capacitatea natural\u0103 a salivei de a remineraliza structura dentar\u0103, regleaz\u0103 nivelul de aciditate din cavitatea bucal\u0103;<br \/>\n\u2022 extract de r\u0103d\u0103cin\u0103 de lemn dulce &#8212; are efect antiinflamator, \u00eengrije\u0219te starea gingiilor;<br \/>\n\u2022 extract de centella asiatica &#8212; calmeaz\u0103 mucoasa \u0219i promoveaz\u0103 restaurarea microleziunilor;<br \/>\n\u2022 extract de ceai verde &#8212; un antioxidant natural, protejeaz\u0103 \u00eempotriva bacteriilor;<br \/>\n\u2022 extracte de mu\u0219e\u021bel, salvie, rozmarin \u0219i scutellaria Baikal &#8212; \u00eengrijesc complet gingiile, reduc inflama\u021bia \u0219i irita\u021bia;<br \/>\n\u2022 glicerin\u0103 \u0219i sorbitol &#8212; hidrateaz\u0103 mucoasa, previn usc\u0103ciunea \u0219i disconfortul.<\/p>\n<p>Efect :<br \/>\n\u2022 cur\u0103\u021bare bl\u00e2nd\u0103 \u0219i delicat\u0103 a din\u021bilor de lapte,<br \/>\n\u2022 protec\u021bie \u00eempotriva pl\u0103cii bacteriene \u0219i a cariilor,<br \/>\n\u2022 \u00eent\u0103rirea smal\u021bului \u0219i men\u021binerea albului natural al din\u021bilor,<br \/>\n\u2022 hidratare \u0219i \u00eengrijire a gingiilor \u0219i a mucoaselor,<br \/>\n\u2022 arom\u0103 pl\u0103cut\u0103 pentru o introducere u\u0219oar\u0103 \u00een ritualul zilnic.<\/p>\n<p>Ingrediente : Ap\u0103 (Water), Sorbitol, Glicerin\u0103, Silice, Izomalt, Propanediol, Cocoil Glutamat de Sodiu, Hidroxiapatit\u0103, Arom\u0103, Gum\u0103 Xantan, Caragenan, Zaharin\u0103 Sodic\u0103, Clorur\u0103 de Sodiu, Acid Citric, Extract de R\u0103d\u0103cin\u0103 de Glycyrrhiza Glabra, Extract de Frunze de Centella Asiatica, Extract de Frunze de Camellia Sinensis, Extract de R\u0103d\u0103cin\u0103 de Polygonum Cuspidatum, Extract de Flori de Chamomilla Recutita, Extract de R\u0103d\u0103cin\u0103 de Scutellaria Baicalensis, Extract de Salvia Officinalis, Extract de Frunze de Rosmarinus Officinalis, Fenoxietanol, Etilhexilglicerin\u0103, CI 17200.<\/p>\n<p>Instruc\u021biuni de utilizare : Aplica\u021bi o cantitate mic\u0103 de past\u0103 de din\u021bi pe periu\u021b\u0103 \u0219i peria\u021bi suprafa\u021ba din\u021bilor timp de dou\u0103 minute. Cl\u0103ti\u021bi gura cu ap\u0103. Utiliza\u021bi de dou\u0103 ori pe zi, zilnic, sub supravegherea unui adult.<\/p>\n<p>Contraindica\u021bii : sensibilitate individual\u0103 la componentele produsului. Aten\u021bie! Nu \u00eenghi\u021bi\u021bi, evita\u021bi contactul cu ochii.<\/p>\n<p>Mililitri : 30<\/p>\n","protected":false},"excerpt":{"rendered":"<p>Pasta de din\u021bi pentru copii Solident Baby f\u0103r\u0103 fluor este special conceput\u0103 pentru primii pa\u0219i ai bebelu\u0219ului \u00een \u00eengrijirea z\u00e2mbetului. Cur\u0103\u021b\u0103 delicat \u0219i temeinic cavitatea bucal\u0103, obi\u0219nuie\u0219te copilul \u00een siguran\u021b\u0103 cu igiena zilnic\u0103, are grij\u0103 de din\u021bii de lapte \u0219i \u00eei men\u021bine albi ca z\u0103pada. Aroma delicat\u0103 face procedurile zilnice pl\u0103cute \u0219i u\u0219oare, transform\u00e2nd periajul din\u021bilor \u00eentr-un ritual util.<\/p>\n","protected":false},"featured_media":86239,"template":"","meta":[],"product_brand":[],"product_cat":[2155,2046,196,92],"product_tag":[2123,1616,2125,2124,2062,2047,839,2054],"class_list":{"0":"post-86234","1":"product","2":"type-product","3":"status-publish","4":"has-post-thumbnail","6":"product_cat-kids","7":"product_cat-solident","8":"product_cat-teeth","9":"product_cat-toate-produsele","10":"product_tag-0years","11":"product_tag-baby","12":"product_tag-bebelusi","13":"product_tag-mouth","14":"product_tag-pasta-de-dinti","15":"product_tag-solident","16":"product_tag-strawberry","17":"product_tag-toothpaste","19":"first","20":"instock","21":"shipping-taxable","22":"purchasable","23":"product-type-simple"},"yoast_head":"<!-- This site is optimized with the Yoast SEO plugin v27.5 - https:\/\/yoast.com\/product\/yoast-seo-wordpress\/ -->\n<title>SOLIDENT Baby Toothpaste No Fluoride 0+ years Strawberry - HANNA ORGANIC<\/title>\n<meta name=\"robots\" content=\"index, follow, max-snippet:-1, max-image-preview:large, max-video-preview:-1\" \/>\n<link rel=\"canonical\" href=\"https:\/\/hannaorganic.md\/ru\/produs\/solident-baby-toothpaste-no-fluoride-0-years-strawberry\/\" \/>\n<meta property=\"og:locale\" content=\"ru_RU\" \/>\n<meta property=\"og:type\" content=\"article\" \/>\n<meta property=\"og:title\" content=\"SOLIDENT Baby Toothpaste No Fluoride 0+ years Strawberry - HANNA ORGANIC\" \/>\n<meta property=\"og:description\" content=\"Pasta de din\u021bi pentru copii Solident Baby f\u0103r\u0103 fluor este special conceput\u0103 pentru primii pa\u0219i ai bebelu\u0219ului \u00een \u00eengrijirea z\u00e2mbetului. Cur\u0103\u021b\u0103 delicat \u0219i temeinic cavitatea bucal\u0103, obi\u0219nuie\u0219te copilul \u00een siguran\u021b\u0103 cu igiena zilnic\u0103, are grij\u0103 de din\u021bii de lapte \u0219i \u00eei men\u021bine albi ca z\u0103pada. Aroma delicat\u0103 face procedurile zilnice pl\u0103cute \u0219i u\u0219oare, transform\u00e2nd periajul din\u021bilor \u00eentr-un ritual util.\" \/>\n<meta property=\"og:url\" content=\"https:\/\/hannaorganic.md\/ru\/produs\/solident-baby-toothpaste-no-fluoride-0-years-strawberry\/\" \/>\n<meta property=\"og:site_name\" content=\"HANNA ORGANIC\" \/>\n<meta property=\"article:publisher\" content=\"https:\/\/www.facebook.com\/bluemagic.md\/\" \/>\n<meta property=\"article:modified_time\" content=\"2026-04-30T09:07:45+00:00\" \/>\n<meta property=\"og:image\" content=\"https:\/\/hannaorganic.md\/wp-content\/uploads\/2025\/11\/IMG_8861-1.jpeg\" \/>\n\t<meta property=\"og:image:width\" content=\"802\" \/>\n\t<meta property=\"og:image:height\" content=\"958\" \/>\n\t<meta property=\"og:image:type\" content=\"image\/jpeg\" \/>\n<meta name=\"twitter:card\" content=\"summary_large_image\" \/>\n<meta name=\"twitter:label1\" content=\"\u041f\u0440\u0438\u043c\u0435\u0440\u043d\u043e\u0435 \u0432\u0440\u0435\u043c\u044f \u0434\u043b\u044f \u0447\u0442\u0435\u043d\u0438\u044f\" \/>\n\t<meta name=\"twitter:data1\" content=\"2 \u043c\u0438\u043d\u0443\u0442\u044b\" \/>\n<script type=\"application\/ld+json\" class=\"yoast-schema-graph\">{\"@context\":\"https:\\\/\\\/schema.org\",\"@graph\":[{\"@type\":\"WebPage\",\"@id\":\"https:\\\/\\\/hannaorganic.md\\\/ru\\\/produs\\\/solident-baby-toothpaste-no-fluoride-0-years-strawberry\\\/\",\"url\":\"https:\\\/\\\/hannaorganic.md\\\/ru\\\/produs\\\/solident-baby-toothpaste-no-fluoride-0-years-strawberry\\\/\",\"name\":\"SOLIDENT Baby Toothpaste No Fluoride 0+ years Strawberry - HANNA ORGANIC\",\"isPartOf\":{\"@id\":\"https:\\\/\\\/hannaorganic.md\\\/ru\\\/#website\"},\"primaryImageOfPage\":{\"@id\":\"https:\\\/\\\/hannaorganic.md\\\/ru\\\/produs\\\/solident-baby-toothpaste-no-fluoride-0-years-strawberry\\\/#primaryimage\"},\"image\":{\"@id\":\"https:\\\/\\\/hannaorganic.md\\\/ru\\\/produs\\\/solident-baby-toothpaste-no-fluoride-0-years-strawberry\\\/#primaryimage\"},\"thumbnailUrl\":\"https:\\\/\\\/hannaorganic.md\\\/wp-content\\\/uploads\\\/2025\\\/11\\\/IMG_8861-1.jpeg\",\"datePublished\":\"2025-11-25T14:59:55+00:00\",\"dateModified\":\"2026-04-30T09:07:45+00:00\",\"breadcrumb\":{\"@id\":\"https:\\\/\\\/hannaorganic.md\\\/ru\\\/produs\\\/solident-baby-toothpaste-no-fluoride-0-years-strawberry\\\/#breadcrumb\"},\"inLanguage\":\"ru-RU\",\"potentialAction\":[{\"@type\":\"ReadAction\",\"target\":[\"https:\\\/\\\/hannaorganic.md\\\/ru\\\/produs\\\/solident-baby-toothpaste-no-fluoride-0-years-strawberry\\\/\"]}]},{\"@type\":\"ImageObject\",\"inLanguage\":\"ru-RU\",\"@id\":\"https:\\\/\\\/hannaorganic.md\\\/ru\\\/produs\\\/solident-baby-toothpaste-no-fluoride-0-years-strawberry\\\/#primaryimage\",\"url\":\"https:\\\/\\\/hannaorganic.md\\\/wp-content\\\/uploads\\\/2025\\\/11\\\/IMG_8861-1.jpeg\",\"contentUrl\":\"https:\\\/\\\/hannaorganic.md\\\/wp-content\\\/uploads\\\/2025\\\/11\\\/IMG_8861-1.jpeg\",\"width\":802,\"height\":958},{\"@type\":\"BreadcrumbList\",\"@id\":\"https:\\\/\\\/hannaorganic.md\\\/ru\\\/produs\\\/solident-baby-toothpaste-no-fluoride-0-years-strawberry\\\/#breadcrumb\",\"itemListElement\":[{\"@type\":\"ListItem\",\"position\":1,\"name\":\"Prima pagin\u0103\",\"item\":\"https:\\\/\\\/hannaorganic.md\\\/ru\\\/hanna-organic\\\/\"},{\"@type\":\"ListItem\",\"position\":2,\"name\":\"\u041c\u0430\u0433\u0430\u0437\u0438\u043d\",\"item\":\"https:\\\/\\\/hannaorganic.md\\\/ru\\\/shop\\\/\"},{\"@type\":\"ListItem\",\"position\":3,\"name\":\"SOLIDENT Baby Toothpaste No Fluoride 0+ years Strawberry\"}]},{\"@type\":\"WebSite\",\"@id\":\"https:\\\/\\\/hannaorganic.md\\\/ru\\\/#website\",\"url\":\"https:\\\/\\\/hannaorganic.md\\\/ru\\\/\",\"name\":\"HANNA ORGANIC\",\"description\":\"Multi-Brand Cosmetic Store\",\"potentialAction\":[{\"@type\":\"SearchAction\",\"target\":{\"@type\":\"EntryPoint\",\"urlTemplate\":\"https:\\\/\\\/hannaorganic.md\\\/ru\\\/?s={search_term_string}\"},\"query-input\":{\"@type\":\"PropertyValueSpecification\",\"valueRequired\":true,\"valueName\":\"search_term_string\"}}],\"inLanguage\":\"ru-RU\"}]}<\/script>\n<!-- \/ Yoast SEO plugin. -->","yoast_head_json":{"title":"SOLIDENT Baby Toothpaste No Fluoride 0+ years Strawberry - HANNA ORGANIC","robots":{"index":"index","follow":"follow","max-snippet":"max-snippet:-1","max-image-preview":"max-image-preview:large","max-video-preview":"max-video-preview:-1"},"canonical":"https:\/\/hannaorganic.md\/ru\/produs\/solident-baby-toothpaste-no-fluoride-0-years-strawberry\/","og_locale":"ru_RU","og_type":"article","og_title":"SOLIDENT Baby Toothpaste No Fluoride 0+ years Strawberry - HANNA ORGANIC","og_description":"Pasta de din\u021bi pentru copii Solident Baby f\u0103r\u0103 fluor este special conceput\u0103 pentru primii pa\u0219i ai bebelu\u0219ului \u00een \u00eengrijirea z\u00e2mbetului. Cur\u0103\u021b\u0103 delicat \u0219i temeinic cavitatea bucal\u0103, obi\u0219nuie\u0219te copilul \u00een siguran\u021b\u0103 cu igiena zilnic\u0103, are grij\u0103 de din\u021bii de lapte \u0219i \u00eei men\u021bine albi ca z\u0103pada. Aroma delicat\u0103 face procedurile zilnice pl\u0103cute \u0219i u\u0219oare, transform\u00e2nd periajul din\u021bilor \u00eentr-un ritual util.","og_url":"https:\/\/hannaorganic.md\/ru\/produs\/solident-baby-toothpaste-no-fluoride-0-years-strawberry\/","og_site_name":"HANNA ORGANIC","article_publisher":"https:\/\/www.facebook.com\/bluemagic.md\/","article_modified_time":"2026-04-30T09:07:45+00:00","og_image":[{"width":802,"height":958,"url":"https:\/\/hannaorganic.md\/wp-content\/uploads\/2025\/11\/IMG_8861-1.jpeg","type":"image\/jpeg"}],"twitter_card":"summary_large_image","twitter_misc":{"\u041f\u0440\u0438\u043c\u0435\u0440\u043d\u043e\u0435 \u0432\u0440\u0435\u043c\u044f \u0434\u043b\u044f \u0447\u0442\u0435\u043d\u0438\u044f":"2 \u043c\u0438\u043d\u0443\u0442\u044b"},"schema":{"@context":"https:\/\/schema.org","@graph":[{"@type":"WebPage","@id":"https:\/\/hannaorganic.md\/ru\/produs\/solident-baby-toothpaste-no-fluoride-0-years-strawberry\/","url":"https:\/\/hannaorganic.md\/ru\/produs\/solident-baby-toothpaste-no-fluoride-0-years-strawberry\/","name":"SOLIDENT Baby Toothpaste No Fluoride 0+ years Strawberry - HANNA ORGANIC","isPartOf":{"@id":"https:\/\/hannaorganic.md\/ru\/#website"},"primaryImageOfPage":{"@id":"https:\/\/hannaorganic.md\/ru\/produs\/solident-baby-toothpaste-no-fluoride-0-years-strawberry\/#primaryimage"},"image":{"@id":"https:\/\/hannaorganic.md\/ru\/produs\/solident-baby-toothpaste-no-fluoride-0-years-strawberry\/#primaryimage"},"thumbnailUrl":"https:\/\/hannaorganic.md\/wp-content\/uploads\/2025\/11\/IMG_8861-1.jpeg","datePublished":"2025-11-25T14:59:55+00:00","dateModified":"2026-04-30T09:07:45+00:00","breadcrumb":{"@id":"https:\/\/hannaorganic.md\/ru\/produs\/solident-baby-toothpaste-no-fluoride-0-years-strawberry\/#breadcrumb"},"inLanguage":"ru-RU","potentialAction":[{"@type":"ReadAction","target":["https:\/\/hannaorganic.md\/ru\/produs\/solident-baby-toothpaste-no-fluoride-0-years-strawberry\/"]}]},{"@type":"ImageObject","inLanguage":"ru-RU","@id":"https:\/\/hannaorganic.md\/ru\/produs\/solident-baby-toothpaste-no-fluoride-0-years-strawberry\/#primaryimage","url":"https:\/\/hannaorganic.md\/wp-content\/uploads\/2025\/11\/IMG_8861-1.jpeg","contentUrl":"https:\/\/hannaorganic.md\/wp-content\/uploads\/2025\/11\/IMG_8861-1.jpeg","width":802,"height":958},{"@type":"BreadcrumbList","@id":"https:\/\/hannaorganic.md\/ru\/produs\/solident-baby-toothpaste-no-fluoride-0-years-strawberry\/#breadcrumb","itemListElement":[{"@type":"ListItem","position":1,"name":"Prima pagin\u0103","item":"https:\/\/hannaorganic.md\/ru\/hanna-organic\/"},{"@type":"ListItem","position":2,"name":"\u041c\u0430\u0433\u0430\u0437\u0438\u043d","item":"https:\/\/hannaorganic.md\/ru\/shop\/"},{"@type":"ListItem","position":3,"name":"SOLIDENT Baby Toothpaste No Fluoride 0+ years Strawberry"}]},{"@type":"WebSite","@id":"https:\/\/hannaorganic.md\/ru\/#website","url":"https:\/\/hannaorganic.md\/ru\/","name":"HANNA ORGANIC","description":"Multi-Brand Cosmetic Store","potentialAction":[{"@type":"SearchAction","target":{"@type":"EntryPoint","urlTemplate":"https:\/\/hannaorganic.md\/ru\/?s={search_term_string}"},"query-input":{"@type":"PropertyValueSpecification","valueRequired":true,"valueName":"search_term_string"}}],"inLanguage":"ru-RU"}]}},"_links":{"self":[{"href":"https:\/\/hannaorganic.md\/ru\/wp-json\/wp\/v2\/product\/86234","targetHints":{"allow":["GET"]}}],"collection":[{"href":"https:\/\/hannaorganic.md\/ru\/wp-json\/wp\/v2\/product"}],"about":[{"href":"https:\/\/hannaorganic.md\/ru\/wp-json\/wp\/v2\/types\/product"}],"wp:featuredmedia":[{"embeddable":true,"href":"https:\/\/hannaorganic.md\/ru\/wp-json\/wp\/v2\/media\/86239"}],"wp:attachment":[{"href":"https:\/\/hannaorganic.md\/ru\/wp-json\/wp\/v2\/media?parent=86234"}],"wp:term":[{"taxonomy":"product_brand","embeddable":true,"href":"https:\/\/hannaorganic.md\/ru\/wp-json\/wp\/v2\/product_brand?post=86234"},{"taxonomy":"product_cat","embeddable":true,"href":"https:\/\/hannaorganic.md\/ru\/wp-json\/wp\/v2\/product_cat?post=86234"},{"taxonomy":"product_tag","embeddable":true,"href":"https:\/\/hannaorganic.md\/ru\/wp-json\/wp\/v2\/product_tag?post=86234"}],"curies":[{"name":"wp","href":"https:\/\/api.w.org\/{rel}","templated":true}]}}