{"id":86241,"date":"2025-11-25T17:07:45","date_gmt":"2025-11-25T15:07:45","guid":{"rendered":"https:\/\/hannaorganic.md\/?post_type=product&#038;p=86241"},"modified":"2026-04-14T19:57:20","modified_gmt":"2026-04-14T17:57:20","slug":"solident-gold-infused-mouth-spray-10-ml","status":"publish","type":"product","link":"https:\/\/hannaorganic.md\/ru\/produs\/solident-gold-infused-mouth-spray-10-ml\/","title":{"rendered":"SOLIDENT Gold-Infused Mouth Spray 10 ml"},"content":{"rendered":"<p>Cum func\u021bioneaz\u0103 :<\/p>\n<p>\u2022 aurul coloidal este o component\u0103 inovatoare care nu numai c\u0103 adaug\u0103 lux \u00eengrijirii, dar are \u0219i un efect puternic. Datorit\u0103 propriet\u0103\u021bilor sale antiinflamatorii, ajut\u0103 la reducerea irita\u021biei gingiilor \u0219i la calmarea mucoasei orale. Are un efect antibacterian natural, care reduce riscul de carii, combate microbii \u0219i respira\u021bia ur\u00e2t mirositoare. \u00cen combina\u021bie cu alte ingrediente active ale pastei, aurul coloidal \u00eembun\u0103t\u0103\u021be\u0219te starea smal\u021bului \u0219i \u00eei ofer\u0103 o protec\u021bie suplimentar\u0103;<\/p>\n<p>\u2022 glicerin\u0103 &#8212; hidrateaz\u0103 mucoasa oral\u0103;<br \/>\n\u2022 mentol &#8212; las\u0103 o senza\u021bie confortabil\u0103 de prospe\u021bime;<br \/>\n\u2022 ulei de frunze de ment\u0103 crea\u021b\u0103 &#8212; are un efect antiseptic u\u0219or, elimin\u0103 mirosurile nepl\u0103cute, creeaz\u0103 o senza\u021bie de cur\u0103\u021benie \u0219i r\u0103coare;<br \/>\n\u2022 ulei de eucalipt \u2013 ajut\u0103 la reducerea num\u0103rului de bacterii d\u0103un\u0103toare din cavitatea bucal\u0103, ajut\u0103 la reducerea inflama\u021biei \u0219i irita\u021biei gingiilor, spore\u0219te efectul de prospe\u021bime \u0219i cur\u0103\u021benie.<\/p>\n<p>Efect :<br \/>\n\u2022 senza\u021bie confortabil\u0103 de prospe\u021bime;<br \/>\n\u2022 r\u0103coare pl\u0103cut\u0103;<br \/>\n\u2022 calmare a mucoasei.<\/p>\n<p>Ingrediente : Ap\u0103 (Aqua), Propanediol, Glicerin\u0103, Xilitol, Poloxamer 407, Arom\u0103, Zaharin\u0103 sodic\u0103, Acid citric, Benzoat de sodiu, Sorbat de potasiu, Ulei de frunze de Mentha Spicata, Ulei de Eucalyptus Globulus, Anetol, Beta-cariofilen\u0103, Aur coloidal, Mentol, Vanilin\u0103, Mic\u0103, CI 77891, CI 77491.<\/p>\n<p>Instruc\u021biuni de utilizare : Pulveriza\u021bi \u00een gur\u0103, dup\u0103 cum este necesar.<\/p>\n<p>Contraindica\u021bii : sensibilitate individual\u0103 la componentele produsului. Evita\u021bi contactul cu ochii. \u00cen caz de contact cu ochii, cl\u0103ti\u021bi cu mult\u0103 ap\u0103, dac\u0103 este necesar, consulta\u021bi un medic. A nu se l\u0103sa la \u00eendem\u00e2na copiilor.<\/p>\n<p>Mililitri : 10<\/p>\n","protected":false},"excerpt":{"rendered":"<p>Spray-ul bucal Solident Gold-Infused cu aur coloidal \u00eemprosp\u0103teaz\u0103 instantaneu respira\u021bia, ofer\u0103 o senza\u021bie de prospe\u021bime \u0219i \u00eencredere de lung\u0103 durat\u0103. Formula hidrateaz\u0103 mucoasa, sus\u021bine microbiomul natural \u0219i ofer\u0103 confort. Aurul coloidal calmeaz\u0103 mucoasele sensibile \u0219i transform\u0103 \u00eengrijirea zilnic\u0103 \u00eentr-un ritual pl\u0103cut.<\/p>\n","protected":false},"featured_media":86246,"template":"","meta":[],"product_brand":[],"product_cat":[2046,196,92],"product_tag":[946,1394,2126,2124,2047,1560,2127],"class_list":{"0":"post-86241","1":"product","2":"type-product","3":"status-publish","4":"has-post-thumbnail","6":"product_cat-solident","7":"product_cat-teeth","8":"product_cat-toate-produsele","9":"product_tag-fresh","10":"product_tag-gold","11":"product_tag-infused","12":"product_tag-mouth","13":"product_tag-solident","14":"product_tag-spray","15":"product_tag-spray-pentru-gura","17":"first","18":"instock","19":"shipping-taxable","20":"purchasable","21":"product-type-simple"},"yoast_head":"<!-- This site is optimized with the Yoast SEO plugin v27.5 - https:\/\/yoast.com\/product\/yoast-seo-wordpress\/ -->\n<title>SOLIDENT Gold-Infused Mouth Spray 10 ml - HANNA ORGANIC<\/title>\n<meta name=\"robots\" content=\"index, follow, max-snippet:-1, max-image-preview:large, max-video-preview:-1\" \/>\n<link rel=\"canonical\" href=\"https:\/\/hannaorganic.md\/ru\/produs\/solident-gold-infused-mouth-spray-10-ml\/\" \/>\n<meta property=\"og:locale\" content=\"ru_RU\" \/>\n<meta property=\"og:type\" content=\"article\" \/>\n<meta property=\"og:title\" content=\"SOLIDENT Gold-Infused Mouth Spray 10 ml - HANNA ORGANIC\" \/>\n<meta property=\"og:description\" content=\"Spray-ul bucal Solident Gold-Infused cu aur coloidal \u00eemprosp\u0103teaz\u0103 instantaneu respira\u021bia, ofer\u0103 o senza\u021bie de prospe\u021bime \u0219i \u00eencredere de lung\u0103 durat\u0103. Formula hidrateaz\u0103 mucoasa, sus\u021bine microbiomul natural \u0219i ofer\u0103 confort. Aurul coloidal calmeaz\u0103 mucoasele sensibile \u0219i transform\u0103 \u00eengrijirea zilnic\u0103 \u00eentr-un ritual pl\u0103cut.\" \/>\n<meta property=\"og:url\" content=\"https:\/\/hannaorganic.md\/ru\/produs\/solident-gold-infused-mouth-spray-10-ml\/\" \/>\n<meta property=\"og:site_name\" content=\"HANNA ORGANIC\" \/>\n<meta property=\"article:publisher\" content=\"https:\/\/www.facebook.com\/bluemagic.md\/\" \/>\n<meta property=\"article:modified_time\" content=\"2026-04-14T17:57:20+00:00\" \/>\n<meta property=\"og:image\" content=\"https:\/\/hannaorganic.md\/wp-content\/uploads\/2025\/11\/IMG_8863.jpeg\" \/>\n\t<meta property=\"og:image:width\" content=\"775\" \/>\n\t<meta property=\"og:image:height\" content=\"928\" \/>\n\t<meta property=\"og:image:type\" content=\"image\/jpeg\" \/>\n<meta name=\"twitter:card\" content=\"summary_large_image\" \/>\n<meta name=\"twitter:label1\" content=\"\u041f\u0440\u0438\u043c\u0435\u0440\u043d\u043e\u0435 \u0432\u0440\u0435\u043c\u044f \u0434\u043b\u044f \u0447\u0442\u0435\u043d\u0438\u044f\" \/>\n\t<meta name=\"twitter:data1\" content=\"2 \u043c\u0438\u043d\u0443\u0442\u044b\" \/>\n<script type=\"application\/ld+json\" class=\"yoast-schema-graph\">{\"@context\":\"https:\\\/\\\/schema.org\",\"@graph\":[{\"@type\":\"WebPage\",\"@id\":\"https:\\\/\\\/hannaorganic.md\\\/ru\\\/produs\\\/solident-gold-infused-mouth-spray-10-ml\\\/\",\"url\":\"https:\\\/\\\/hannaorganic.md\\\/ru\\\/produs\\\/solident-gold-infused-mouth-spray-10-ml\\\/\",\"name\":\"SOLIDENT Gold-Infused Mouth Spray 10 ml - HANNA ORGANIC\",\"isPartOf\":{\"@id\":\"https:\\\/\\\/hannaorganic.md\\\/ru\\\/#website\"},\"primaryImageOfPage\":{\"@id\":\"https:\\\/\\\/hannaorganic.md\\\/ru\\\/produs\\\/solident-gold-infused-mouth-spray-10-ml\\\/#primaryimage\"},\"image\":{\"@id\":\"https:\\\/\\\/hannaorganic.md\\\/ru\\\/produs\\\/solident-gold-infused-mouth-spray-10-ml\\\/#primaryimage\"},\"thumbnailUrl\":\"https:\\\/\\\/hannaorganic.md\\\/wp-content\\\/uploads\\\/2025\\\/11\\\/IMG_8863.jpeg\",\"datePublished\":\"2025-11-25T15:07:45+00:00\",\"dateModified\":\"2026-04-14T17:57:20+00:00\",\"breadcrumb\":{\"@id\":\"https:\\\/\\\/hannaorganic.md\\\/ru\\\/produs\\\/solident-gold-infused-mouth-spray-10-ml\\\/#breadcrumb\"},\"inLanguage\":\"ru-RU\",\"potentialAction\":[{\"@type\":\"ReadAction\",\"target\":[\"https:\\\/\\\/hannaorganic.md\\\/ru\\\/produs\\\/solident-gold-infused-mouth-spray-10-ml\\\/\"]}]},{\"@type\":\"ImageObject\",\"inLanguage\":\"ru-RU\",\"@id\":\"https:\\\/\\\/hannaorganic.md\\\/ru\\\/produs\\\/solident-gold-infused-mouth-spray-10-ml\\\/#primaryimage\",\"url\":\"https:\\\/\\\/hannaorganic.md\\\/wp-content\\\/uploads\\\/2025\\\/11\\\/IMG_8863.jpeg\",\"contentUrl\":\"https:\\\/\\\/hannaorganic.md\\\/wp-content\\\/uploads\\\/2025\\\/11\\\/IMG_8863.jpeg\",\"width\":775,\"height\":928},{\"@type\":\"BreadcrumbList\",\"@id\":\"https:\\\/\\\/hannaorganic.md\\\/ru\\\/produs\\\/solident-gold-infused-mouth-spray-10-ml\\\/#breadcrumb\",\"itemListElement\":[{\"@type\":\"ListItem\",\"position\":1,\"name\":\"Prima pagin\u0103\",\"item\":\"https:\\\/\\\/hannaorganic.md\\\/ru\\\/hanna-organic\\\/\"},{\"@type\":\"ListItem\",\"position\":2,\"name\":\"\u041c\u0430\u0433\u0430\u0437\u0438\u043d\",\"item\":\"https:\\\/\\\/hannaorganic.md\\\/ru\\\/shop\\\/\"},{\"@type\":\"ListItem\",\"position\":3,\"name\":\"SOLIDENT Gold-Infused Mouth Spray 10 ml\"}]},{\"@type\":\"WebSite\",\"@id\":\"https:\\\/\\\/hannaorganic.md\\\/ru\\\/#website\",\"url\":\"https:\\\/\\\/hannaorganic.md\\\/ru\\\/\",\"name\":\"HANNA ORGANIC\",\"description\":\"Multi-Brand Cosmetic Store\",\"potentialAction\":[{\"@type\":\"SearchAction\",\"target\":{\"@type\":\"EntryPoint\",\"urlTemplate\":\"https:\\\/\\\/hannaorganic.md\\\/ru\\\/?s={search_term_string}\"},\"query-input\":{\"@type\":\"PropertyValueSpecification\",\"valueRequired\":true,\"valueName\":\"search_term_string\"}}],\"inLanguage\":\"ru-RU\"}]}<\/script>\n<!-- \/ Yoast SEO plugin. -->","yoast_head_json":{"title":"SOLIDENT Gold-Infused Mouth Spray 10 ml - HANNA ORGANIC","robots":{"index":"index","follow":"follow","max-snippet":"max-snippet:-1","max-image-preview":"max-image-preview:large","max-video-preview":"max-video-preview:-1"},"canonical":"https:\/\/hannaorganic.md\/ru\/produs\/solident-gold-infused-mouth-spray-10-ml\/","og_locale":"ru_RU","og_type":"article","og_title":"SOLIDENT Gold-Infused Mouth Spray 10 ml - HANNA ORGANIC","og_description":"Spray-ul bucal Solident Gold-Infused cu aur coloidal \u00eemprosp\u0103teaz\u0103 instantaneu respira\u021bia, ofer\u0103 o senza\u021bie de prospe\u021bime \u0219i \u00eencredere de lung\u0103 durat\u0103. Formula hidrateaz\u0103 mucoasa, sus\u021bine microbiomul natural \u0219i ofer\u0103 confort. Aurul coloidal calmeaz\u0103 mucoasele sensibile \u0219i transform\u0103 \u00eengrijirea zilnic\u0103 \u00eentr-un ritual pl\u0103cut.","og_url":"https:\/\/hannaorganic.md\/ru\/produs\/solident-gold-infused-mouth-spray-10-ml\/","og_site_name":"HANNA ORGANIC","article_publisher":"https:\/\/www.facebook.com\/bluemagic.md\/","article_modified_time":"2026-04-14T17:57:20+00:00","og_image":[{"width":775,"height":928,"url":"https:\/\/hannaorganic.md\/wp-content\/uploads\/2025\/11\/IMG_8863.jpeg","type":"image\/jpeg"}],"twitter_card":"summary_large_image","twitter_misc":{"\u041f\u0440\u0438\u043c\u0435\u0440\u043d\u043e\u0435 \u0432\u0440\u0435\u043c\u044f \u0434\u043b\u044f \u0447\u0442\u0435\u043d\u0438\u044f":"2 \u043c\u0438\u043d\u0443\u0442\u044b"},"schema":{"@context":"https:\/\/schema.org","@graph":[{"@type":"WebPage","@id":"https:\/\/hannaorganic.md\/ru\/produs\/solident-gold-infused-mouth-spray-10-ml\/","url":"https:\/\/hannaorganic.md\/ru\/produs\/solident-gold-infused-mouth-spray-10-ml\/","name":"SOLIDENT Gold-Infused Mouth Spray 10 ml - HANNA ORGANIC","isPartOf":{"@id":"https:\/\/hannaorganic.md\/ru\/#website"},"primaryImageOfPage":{"@id":"https:\/\/hannaorganic.md\/ru\/produs\/solident-gold-infused-mouth-spray-10-ml\/#primaryimage"},"image":{"@id":"https:\/\/hannaorganic.md\/ru\/produs\/solident-gold-infused-mouth-spray-10-ml\/#primaryimage"},"thumbnailUrl":"https:\/\/hannaorganic.md\/wp-content\/uploads\/2025\/11\/IMG_8863.jpeg","datePublished":"2025-11-25T15:07:45+00:00","dateModified":"2026-04-14T17:57:20+00:00","breadcrumb":{"@id":"https:\/\/hannaorganic.md\/ru\/produs\/solident-gold-infused-mouth-spray-10-ml\/#breadcrumb"},"inLanguage":"ru-RU","potentialAction":[{"@type":"ReadAction","target":["https:\/\/hannaorganic.md\/ru\/produs\/solident-gold-infused-mouth-spray-10-ml\/"]}]},{"@type":"ImageObject","inLanguage":"ru-RU","@id":"https:\/\/hannaorganic.md\/ru\/produs\/solident-gold-infused-mouth-spray-10-ml\/#primaryimage","url":"https:\/\/hannaorganic.md\/wp-content\/uploads\/2025\/11\/IMG_8863.jpeg","contentUrl":"https:\/\/hannaorganic.md\/wp-content\/uploads\/2025\/11\/IMG_8863.jpeg","width":775,"height":928},{"@type":"BreadcrumbList","@id":"https:\/\/hannaorganic.md\/ru\/produs\/solident-gold-infused-mouth-spray-10-ml\/#breadcrumb","itemListElement":[{"@type":"ListItem","position":1,"name":"Prima pagin\u0103","item":"https:\/\/hannaorganic.md\/ru\/hanna-organic\/"},{"@type":"ListItem","position":2,"name":"\u041c\u0430\u0433\u0430\u0437\u0438\u043d","item":"https:\/\/hannaorganic.md\/ru\/shop\/"},{"@type":"ListItem","position":3,"name":"SOLIDENT Gold-Infused Mouth Spray 10 ml"}]},{"@type":"WebSite","@id":"https:\/\/hannaorganic.md\/ru\/#website","url":"https:\/\/hannaorganic.md\/ru\/","name":"HANNA ORGANIC","description":"Multi-Brand Cosmetic Store","potentialAction":[{"@type":"SearchAction","target":{"@type":"EntryPoint","urlTemplate":"https:\/\/hannaorganic.md\/ru\/?s={search_term_string}"},"query-input":{"@type":"PropertyValueSpecification","valueRequired":true,"valueName":"search_term_string"}}],"inLanguage":"ru-RU"}]}},"_links":{"self":[{"href":"https:\/\/hannaorganic.md\/ru\/wp-json\/wp\/v2\/product\/86241","targetHints":{"allow":["GET"]}}],"collection":[{"href":"https:\/\/hannaorganic.md\/ru\/wp-json\/wp\/v2\/product"}],"about":[{"href":"https:\/\/hannaorganic.md\/ru\/wp-json\/wp\/v2\/types\/product"}],"wp:featuredmedia":[{"embeddable":true,"href":"https:\/\/hannaorganic.md\/ru\/wp-json\/wp\/v2\/media\/86246"}],"wp:attachment":[{"href":"https:\/\/hannaorganic.md\/ru\/wp-json\/wp\/v2\/media?parent=86241"}],"wp:term":[{"taxonomy":"product_brand","embeddable":true,"href":"https:\/\/hannaorganic.md\/ru\/wp-json\/wp\/v2\/product_brand?post=86241"},{"taxonomy":"product_cat","embeddable":true,"href":"https:\/\/hannaorganic.md\/ru\/wp-json\/wp\/v2\/product_cat?post=86241"},{"taxonomy":"product_tag","embeddable":true,"href":"https:\/\/hannaorganic.md\/ru\/wp-json\/wp\/v2\/product_tag?post=86241"}],"curies":[{"name":"wp","href":"https:\/\/api.w.org\/{rel}","templated":true}]}}