{"id":86286,"date":"2026-01-03T15:47:36","date_gmt":"2026-01-03T13:47:36","guid":{"rendered":"https:\/\/hannaorganic.md\/?post_type=product&#038;p=86286"},"modified":"2026-01-03T15:53:31","modified_gmt":"2026-01-03T13:53:31","slug":"elixir-keratin-hair-care-gift-box-mr-scrubber","status":"publish","type":"product","link":"https:\/\/hannaorganic.md\/ru\/produs\/elixir-keratin-hair-care-gift-box-mr-scrubber\/","title":{"rendered":"Elixir Keratin Hair Care Gift Box Mr.SCRUBBER"},"content":{"rendered":"<ul>\n<li>\u0218amponul f\u0103r\u0103 componente agresive \u00eendep\u0103rteaz\u0103 cu bl\u00e2nde\u021be toate tipurile de murd\u0103rie, ofer\u0103 \u00eengrijirea necesar\u0103 datorit\u0103 con\u021binutului de ulei de ricin \u0219i keratin\u0103, \u00eei restaureaz\u0103 structura din interior.<\/li>\n<li>Scrubul pentru scalp efectueaz\u0103 un peeling delicat al zonei r\u0103d\u0103cinii, \u00eendep\u0103rteaz\u0103 celulele moarte \u0219i activeaz\u0103 cre\u0219terea p\u0103rului. \u00cembun\u0103t\u0103\u021be\u0219te circula\u021bia s\u00e2ngelui \u0219i nutri\u021bia foliculilor de p\u0103r, cre\u0219te semnificativ eficien\u021ba \u00eengrijirii ulterioare.<\/li>\n<li>Masca cu keratin\u0103, proteine \u200b\u200bde m\u0103tase \u0219i uleiuri naturale hr\u0103ne\u0219te p\u0103rul \u00een profunzime, \u00eel face perfect neted \u0219i str\u0103lucitor, elimin\u0103 probleme precum \u00eencurc\u0103turile \u0219i aspectul tern, previne deteriorarea p\u0103rului \u00een timpul piept\u0103n\u0103rii.<\/li>\n<li>Uleiul de cre\u0219tere a p\u0103rului p\u0103trunde \u00een foliculul de p\u0103r, previne c\u0103derea p\u0103rului \u0219i accelereaz\u0103 cre\u0219terea acestuia. Prin utilizare regulat\u0103, ingredientele active ajut\u0103 la trezirea bulbilor \u201eadormi\u021bi\u201d, cresc semnificativ densitatea p\u0103rului.<\/li>\n<li>Spray-ul de protec\u021bie termic\u0103 pentru p\u0103r Elixir Keratin este conceput pentru toate tipurile de p\u0103r \u0219i este potrivit pentru utilizare zilnic\u0103. Previne uscarea excesiv\u0103 la coafarea cu un cle\u0219te fierbinte sau cu un usc\u0103tor de p\u0103r, men\u021bine umiditatea \u00een interiorul p\u0103rului pe vreme cald\u0103. Tehnologia unic\u0103 \u00eenv\u0103luie \u0219i neteze\u0219te p\u0103rul, elimin\u0103 \u00eencre\u021birea, previne despicarea v\u00e2rfurilor, men\u021bine moliciunea, netezimea \u0219i m\u0103t\u0103sia.<\/li>\n<\/ul>\n<p>Setul include:<br \/>\n\u2022 Exfoliant pentru p\u0103r \u0219i scalp Elixir Keratin, 100 ml;<br \/>\n\u2022 \u0218ampon pentru p\u0103r Elixir Keratin, 250 ml;<br \/>\n\u2022 Masc\u0103 de regenerare a p\u0103rului Elixir Keratin, 250 ml;<br \/>\n\u2022 Ulei pentru cre\u0219terea p\u0103rului Elixir Keratin, 50 ml;<br \/>\n\u2022 Protec\u021bie termic\u0103 pentru p\u0103r Elixir Keratin, 150 ml.<\/p>\n","protected":false},"excerpt":{"rendered":"<p>\u00cengrijire SPA la domiciliu pentru un p\u0103r perfect. Pentru a-\u021bi face p\u0103rul des, s\u0103n\u0103tos \u0219i cu o str\u0103lucire incredibil\u0103, sunt suficiente doar cinci produse din seria Elixir Keratin.<\/p>\n","protected":false},"featured_media":86290,"template":"","meta":[],"product_brand":[],"product_cat":[245,96,363,92],"product_tag":[1610,2134,899,2131,660,2133,2132,1294,575,1229,2130,574],"class_list":{"0":"post-86286","1":"product","2":"type-product","3":"status-publish","4":"has-post-thumbnail","6":"product_cat-gift-box","7":"product_cat-mrscrubber-md","8":"product_cat-seturi-cadou","9":"product_cat-toate-produsele","10":"product_tag-birthday","11":"product_tag-christmas-present","12":"product_tag-gift-box","13":"product_tag-hai-scrub","14":"product_tag-hair","15":"product_tag-hair-growth-drops","16":"product_tag-hair-thermal-protection-spray","17":"product_tag-mask","18":"product_tag-mr-scrubber","19":"product_tag-present","20":"product_tag-set-cadiu","21":"product_tag-shampoo","23":"first","24":"instock","25":"sale","26":"shipping-taxable","27":"purchasable","28":"product-type-simple"},"yoast_head":"<!-- This site is optimized with the Yoast SEO plugin v27.5 - https:\/\/yoast.com\/product\/yoast-seo-wordpress\/ -->\n<title>Elixir Keratin Hair Care Gift Box Mr.SCRUBBER - HANNA ORGANIC<\/title>\n<meta name=\"robots\" content=\"index, follow, max-snippet:-1, max-image-preview:large, max-video-preview:-1\" \/>\n<link rel=\"canonical\" href=\"https:\/\/hannaorganic.md\/ru\/produs\/elixir-keratin-hair-care-gift-box-mr-scrubber\/\" \/>\n<meta property=\"og:locale\" content=\"ru_RU\" \/>\n<meta property=\"og:type\" content=\"article\" \/>\n<meta property=\"og:title\" content=\"Elixir Keratin Hair Care Gift Box Mr.SCRUBBER - HANNA ORGANIC\" \/>\n<meta property=\"og:description\" content=\"\u00cengrijire SPA la domiciliu pentru un p\u0103r perfect. Pentru a-\u021bi face p\u0103rul des, s\u0103n\u0103tos \u0219i cu o str\u0103lucire incredibil\u0103, sunt suficiente doar cinci produse din seria Elixir Keratin.\" \/>\n<meta property=\"og:url\" content=\"https:\/\/hannaorganic.md\/ru\/produs\/elixir-keratin-hair-care-gift-box-mr-scrubber\/\" \/>\n<meta property=\"og:site_name\" content=\"HANNA ORGANIC\" \/>\n<meta property=\"article:publisher\" content=\"https:\/\/www.facebook.com\/bluemagic.md\/\" \/>\n<meta property=\"article:modified_time\" content=\"2026-01-03T13:53:31+00:00\" \/>\n<meta property=\"og:image\" content=\"https:\/\/hannaorganic.md\/wp-content\/uploads\/2026\/01\/IMG_0373.jpeg\" \/>\n\t<meta property=\"og:image:width\" content=\"990\" \/>\n\t<meta property=\"og:image:height\" content=\"1048\" \/>\n\t<meta property=\"og:image:type\" content=\"image\/jpeg\" \/>\n<meta name=\"twitter:card\" content=\"summary_large_image\" \/>\n<meta name=\"twitter:label1\" content=\"\u041f\u0440\u0438\u043c\u0435\u0440\u043d\u043e\u0435 \u0432\u0440\u0435\u043c\u044f \u0434\u043b\u044f \u0447\u0442\u0435\u043d\u0438\u044f\" \/>\n\t<meta name=\"twitter:data1\" content=\"2 \u043c\u0438\u043d\u0443\u0442\u044b\" \/>\n<script type=\"application\/ld+json\" class=\"yoast-schema-graph\">{\"@context\":\"https:\\\/\\\/schema.org\",\"@graph\":[{\"@type\":\"WebPage\",\"@id\":\"https:\\\/\\\/hannaorganic.md\\\/ru\\\/produs\\\/elixir-keratin-hair-care-gift-box-mr-scrubber\\\/\",\"url\":\"https:\\\/\\\/hannaorganic.md\\\/ru\\\/produs\\\/elixir-keratin-hair-care-gift-box-mr-scrubber\\\/\",\"name\":\"Elixir Keratin Hair Care Gift Box Mr.SCRUBBER - HANNA ORGANIC\",\"isPartOf\":{\"@id\":\"https:\\\/\\\/hannaorganic.md\\\/ru\\\/#website\"},\"primaryImageOfPage\":{\"@id\":\"https:\\\/\\\/hannaorganic.md\\\/ru\\\/produs\\\/elixir-keratin-hair-care-gift-box-mr-scrubber\\\/#primaryimage\"},\"image\":{\"@id\":\"https:\\\/\\\/hannaorganic.md\\\/ru\\\/produs\\\/elixir-keratin-hair-care-gift-box-mr-scrubber\\\/#primaryimage\"},\"thumbnailUrl\":\"https:\\\/\\\/hannaorganic.md\\\/wp-content\\\/uploads\\\/2026\\\/01\\\/IMG_0373.jpeg\",\"datePublished\":\"2026-01-03T13:47:36+00:00\",\"dateModified\":\"2026-01-03T13:53:31+00:00\",\"breadcrumb\":{\"@id\":\"https:\\\/\\\/hannaorganic.md\\\/ru\\\/produs\\\/elixir-keratin-hair-care-gift-box-mr-scrubber\\\/#breadcrumb\"},\"inLanguage\":\"ru-RU\",\"potentialAction\":[{\"@type\":\"ReadAction\",\"target\":[\"https:\\\/\\\/hannaorganic.md\\\/ru\\\/produs\\\/elixir-keratin-hair-care-gift-box-mr-scrubber\\\/\"]}]},{\"@type\":\"ImageObject\",\"inLanguage\":\"ru-RU\",\"@id\":\"https:\\\/\\\/hannaorganic.md\\\/ru\\\/produs\\\/elixir-keratin-hair-care-gift-box-mr-scrubber\\\/#primaryimage\",\"url\":\"https:\\\/\\\/hannaorganic.md\\\/wp-content\\\/uploads\\\/2026\\\/01\\\/IMG_0373.jpeg\",\"contentUrl\":\"https:\\\/\\\/hannaorganic.md\\\/wp-content\\\/uploads\\\/2026\\\/01\\\/IMG_0373.jpeg\",\"width\":990,\"height\":1048},{\"@type\":\"BreadcrumbList\",\"@id\":\"https:\\\/\\\/hannaorganic.md\\\/ru\\\/produs\\\/elixir-keratin-hair-care-gift-box-mr-scrubber\\\/#breadcrumb\",\"itemListElement\":[{\"@type\":\"ListItem\",\"position\":1,\"name\":\"Prima pagin\u0103\",\"item\":\"https:\\\/\\\/hannaorganic.md\\\/ru\\\/hanna-organic\\\/\"},{\"@type\":\"ListItem\",\"position\":2,\"name\":\"\u041c\u0430\u0433\u0430\u0437\u0438\u043d\",\"item\":\"https:\\\/\\\/hannaorganic.md\\\/ru\\\/shop\\\/\"},{\"@type\":\"ListItem\",\"position\":3,\"name\":\"Elixir Keratin Hair Care Gift Box Mr.SCRUBBER\"}]},{\"@type\":\"WebSite\",\"@id\":\"https:\\\/\\\/hannaorganic.md\\\/ru\\\/#website\",\"url\":\"https:\\\/\\\/hannaorganic.md\\\/ru\\\/\",\"name\":\"HANNA ORGANIC\",\"description\":\"Multi-Brand Cosmetic Store\",\"potentialAction\":[{\"@type\":\"SearchAction\",\"target\":{\"@type\":\"EntryPoint\",\"urlTemplate\":\"https:\\\/\\\/hannaorganic.md\\\/ru\\\/?s={search_term_string}\"},\"query-input\":{\"@type\":\"PropertyValueSpecification\",\"valueRequired\":true,\"valueName\":\"search_term_string\"}}],\"inLanguage\":\"ru-RU\"}]}<\/script>\n<!-- \/ Yoast SEO plugin. -->","yoast_head_json":{"title":"Elixir Keratin Hair Care Gift Box Mr.SCRUBBER - HANNA ORGANIC","robots":{"index":"index","follow":"follow","max-snippet":"max-snippet:-1","max-image-preview":"max-image-preview:large","max-video-preview":"max-video-preview:-1"},"canonical":"https:\/\/hannaorganic.md\/ru\/produs\/elixir-keratin-hair-care-gift-box-mr-scrubber\/","og_locale":"ru_RU","og_type":"article","og_title":"Elixir Keratin Hair Care Gift Box Mr.SCRUBBER - HANNA ORGANIC","og_description":"\u00cengrijire SPA la domiciliu pentru un p\u0103r perfect. Pentru a-\u021bi face p\u0103rul des, s\u0103n\u0103tos \u0219i cu o str\u0103lucire incredibil\u0103, sunt suficiente doar cinci produse din seria Elixir Keratin.","og_url":"https:\/\/hannaorganic.md\/ru\/produs\/elixir-keratin-hair-care-gift-box-mr-scrubber\/","og_site_name":"HANNA ORGANIC","article_publisher":"https:\/\/www.facebook.com\/bluemagic.md\/","article_modified_time":"2026-01-03T13:53:31+00:00","og_image":[{"width":990,"height":1048,"url":"https:\/\/hannaorganic.md\/wp-content\/uploads\/2026\/01\/IMG_0373.jpeg","type":"image\/jpeg"}],"twitter_card":"summary_large_image","twitter_misc":{"\u041f\u0440\u0438\u043c\u0435\u0440\u043d\u043e\u0435 \u0432\u0440\u0435\u043c\u044f \u0434\u043b\u044f \u0447\u0442\u0435\u043d\u0438\u044f":"2 \u043c\u0438\u043d\u0443\u0442\u044b"},"schema":{"@context":"https:\/\/schema.org","@graph":[{"@type":"WebPage","@id":"https:\/\/hannaorganic.md\/ru\/produs\/elixir-keratin-hair-care-gift-box-mr-scrubber\/","url":"https:\/\/hannaorganic.md\/ru\/produs\/elixir-keratin-hair-care-gift-box-mr-scrubber\/","name":"Elixir Keratin Hair Care Gift Box Mr.SCRUBBER - HANNA ORGANIC","isPartOf":{"@id":"https:\/\/hannaorganic.md\/ru\/#website"},"primaryImageOfPage":{"@id":"https:\/\/hannaorganic.md\/ru\/produs\/elixir-keratin-hair-care-gift-box-mr-scrubber\/#primaryimage"},"image":{"@id":"https:\/\/hannaorganic.md\/ru\/produs\/elixir-keratin-hair-care-gift-box-mr-scrubber\/#primaryimage"},"thumbnailUrl":"https:\/\/hannaorganic.md\/wp-content\/uploads\/2026\/01\/IMG_0373.jpeg","datePublished":"2026-01-03T13:47:36+00:00","dateModified":"2026-01-03T13:53:31+00:00","breadcrumb":{"@id":"https:\/\/hannaorganic.md\/ru\/produs\/elixir-keratin-hair-care-gift-box-mr-scrubber\/#breadcrumb"},"inLanguage":"ru-RU","potentialAction":[{"@type":"ReadAction","target":["https:\/\/hannaorganic.md\/ru\/produs\/elixir-keratin-hair-care-gift-box-mr-scrubber\/"]}]},{"@type":"ImageObject","inLanguage":"ru-RU","@id":"https:\/\/hannaorganic.md\/ru\/produs\/elixir-keratin-hair-care-gift-box-mr-scrubber\/#primaryimage","url":"https:\/\/hannaorganic.md\/wp-content\/uploads\/2026\/01\/IMG_0373.jpeg","contentUrl":"https:\/\/hannaorganic.md\/wp-content\/uploads\/2026\/01\/IMG_0373.jpeg","width":990,"height":1048},{"@type":"BreadcrumbList","@id":"https:\/\/hannaorganic.md\/ru\/produs\/elixir-keratin-hair-care-gift-box-mr-scrubber\/#breadcrumb","itemListElement":[{"@type":"ListItem","position":1,"name":"Prima pagin\u0103","item":"https:\/\/hannaorganic.md\/ru\/hanna-organic\/"},{"@type":"ListItem","position":2,"name":"\u041c\u0430\u0433\u0430\u0437\u0438\u043d","item":"https:\/\/hannaorganic.md\/ru\/shop\/"},{"@type":"ListItem","position":3,"name":"Elixir Keratin Hair Care Gift Box Mr.SCRUBBER"}]},{"@type":"WebSite","@id":"https:\/\/hannaorganic.md\/ru\/#website","url":"https:\/\/hannaorganic.md\/ru\/","name":"HANNA ORGANIC","description":"Multi-Brand Cosmetic Store","potentialAction":[{"@type":"SearchAction","target":{"@type":"EntryPoint","urlTemplate":"https:\/\/hannaorganic.md\/ru\/?s={search_term_string}"},"query-input":{"@type":"PropertyValueSpecification","valueRequired":true,"valueName":"search_term_string"}}],"inLanguage":"ru-RU"}]}},"_links":{"self":[{"href":"https:\/\/hannaorganic.md\/ru\/wp-json\/wp\/v2\/product\/86286","targetHints":{"allow":["GET"]}}],"collection":[{"href":"https:\/\/hannaorganic.md\/ru\/wp-json\/wp\/v2\/product"}],"about":[{"href":"https:\/\/hannaorganic.md\/ru\/wp-json\/wp\/v2\/types\/product"}],"wp:featuredmedia":[{"embeddable":true,"href":"https:\/\/hannaorganic.md\/ru\/wp-json\/wp\/v2\/media\/86290"}],"wp:attachment":[{"href":"https:\/\/hannaorganic.md\/ru\/wp-json\/wp\/v2\/media?parent=86286"}],"wp:term":[{"taxonomy":"product_brand","embeddable":true,"href":"https:\/\/hannaorganic.md\/ru\/wp-json\/wp\/v2\/product_brand?post=86286"},{"taxonomy":"product_cat","embeddable":true,"href":"https:\/\/hannaorganic.md\/ru\/wp-json\/wp\/v2\/product_cat?post=86286"},{"taxonomy":"product_tag","embeddable":true,"href":"https:\/\/hannaorganic.md\/ru\/wp-json\/wp\/v2\/product_tag?post=86286"}],"curies":[{"name":"wp","href":"https:\/\/api.w.org\/{rel}","templated":true}]}}